{"id":853,"date":"2020-12-15T15:19:14","date_gmt":"2020-12-15T14:19:14","guid":{"rendered":"https:\/\/www.comverga.com\/pol\/?page_id=853"},"modified":"2021-03-17T17:29:41","modified_gmt":"2021-03-17T16:29:41","slug":"opieka-medyczna","status":"publish","type":"page","link":"https:\/\/new.comverga.com\/pol\/branze\/opieka-medyczna\/","title":{"rendered":"Opieka medyczna"},"content":{"rendered":"\t\t<div data-elementor-type=\"wp-page\" data-elementor-id=\"853\" class=\"elementor elementor-853\">\n\t\t\t\t\t\t\t\t\t<section class=\"elementor-section elementor-top-section elementor-element elementor-element-61429b63 elementor-section-stretched elementor-section-boxed elementor-section-height-default elementor-section-height-default\" data-id=\"61429b63\" data-element_type=\"section\" data-settings=\"{&quot;stretch_section&quot;:&quot;section-stretched&quot;,&quot;background_background&quot;:&quot;classic&quot;}\">\n\t\t\t\t\t\t<div class=\"elementor-container elementor-column-gap-default\">\n\t\t\t\t\t<div class=\"elementor-column elementor-col-100 elementor-top-column elementor-element elementor-element-6f361380\" data-id=\"6f361380\" data-element_type=\"column\">\n\t\t\t<div class=\"elementor-widget-wrap elementor-element-populated\">\n\t\t\t\t\t\t\t\t<div class=\"elementor-element elementor-element-b5b33fb elementor-widget elementor-widget-heading\" data-id=\"b5b33fb\" data-element_type=\"widget\" data-widget_type=\"heading.default\">\n\t\t\t\t<div class=\"elementor-widget-container\">\n\t\t\t<h2 class=\"elementor-heading-title elementor-size-large\">Postaw na zdrow\u0105 komunikacj\u0119<\/h2>\t\t<\/div>\n\t\t\t\t<\/div>\n\t\t\t\t<div class=\"elementor-element elementor-element-0c4ae0e elementor-widget-divider--view-line elementor-widget elementor-widget-divider\" data-id=\"0c4ae0e\" data-element_type=\"widget\" data-widget_type=\"divider.default\">\n\t\t\t\t<div class=\"elementor-widget-container\">\n\t\t\t\t\t<div class=\"elementor-divider\">\n\t\t\t<span class=\"elementor-divider-separator\">\n\t\t\t\t\t\t<\/span>\n\t\t<\/div>\n\t\t\t\t<\/div>\n\t\t\t\t<\/div>\n\t\t\t\t<div class=\"elementor-element elementor-element-f3ad457 elementor-widget elementor-widget-text-editor\" data-id=\"f3ad457\" data-element_type=\"widget\" data-widget_type=\"text-editor.default\">\n\t\t\t\t<div class=\"elementor-widget-container\">\n\t\t\t\t\t\t\t<!-- wp:paragraph -->\n<p>Oferujemy rozwi\u0105zania dedykowane dla szeroko rozumianego sektora ochrony zdrowia. Liczne projekty prowadzone w ostatnich latach przez nasz\u0105 firm\u0119 pozwoli\u0142y nam na wypracowanie bogatej oferty produkt\u00f3w kierowanych do podmiot\u00f3w, kt\u00f3re \u015bwiadcz\u0105 us\u0142ugi medyczne i ceni\u0105 sobie dobry kontakt z pacjentem. Umo\u017cliwiamy kompleksow\u0105 obs\u0142ug\u0119 du\u017cych grup medycznych, pojedynczych szpitali, a tak\u017ce mniejszych gabinet\u00f3w i przychodni .<\/p>\n<!-- \/wp:paragraph --><!-- wp:paragraph -->\n<p>Z bogatego pakietu naszych produkt\u00f3w, w obszarze ochrony zdrowia najlepiej sprawdzaj\u0105 si\u0119: us\u0142uga mProfi oraz sprofilowane rozwi\u0105zania szyte na miar\u0119.<\/p>\n<!-- \/wp:paragraph --><!-- wp:heading -->\n<h2>Mo\u017cliwo\u015bci, jakie daj\u0105 nasze us\u0142ugi:<\/h2>\n<!-- \/wp:heading --><!-- wp:list -->\n<ul>\n<li>Sprawdzona komunikacja jedno i dwukierunkowa na linii plac\u00f3wka medyczna &#8211; pacjent<\/li>\n<li>Obs\u0142uga kalendarza wizyt (potwierdzanie, przek\u0142adnie i odwo\u0142ywanie wizyt)<\/li>\n<li>Zbieranie opinii oraz przeprowadzanie ankiet w\u015br\u00f3d pacjent\u00f3w<\/li>\n<li>Wysy\u0142anie pojedynczych komunikat\u00f3w o charakterze marketingowym np. zni\u017cki, ale tak\u017ce eksperckim np. porady medyczne<\/li>\n<li>Mo\u017cliwo\u015b\u0107 pe\u0142nej integracji z posiadanymi przez plac\u00f3wki systemami do rezerwacji wizyt<\/li>\n<\/ul>\n<!-- \/wp:list --><!-- wp:heading \/--><!-- wp:list \/-->\t\t\t\t\t\t<\/div>\n\t\t\t\t<\/div>\n\t\t\t\t\t<\/div>\n\t\t<\/div>\n\t\t\t\t\t\t\t<\/div>\n\t\t<\/section>\n\t\t\t\t<section class=\"elementor-section elementor-top-section elementor-element elementor-element-7f6e066 elementor-section-stretched elementor-section-boxed elementor-section-height-default elementor-section-height-default\" data-id=\"7f6e066\" data-element_type=\"section\" data-settings=\"{&quot;stretch_section&quot;:&quot;section-stretched&quot;}\">\n\t\t\t\t\t\t<div class=\"elementor-container elementor-column-gap-default\">\n\t\t\t\t\t<div class=\"elementor-column elementor-col-50 elementor-top-column elementor-element elementor-element-5de63ca\" data-id=\"5de63ca\" data-element_type=\"column\">\n\t\t\t<div class=\"elementor-widget-wrap elementor-element-populated\">\n\t\t\t\t\t\t\t\t<div class=\"elementor-element elementor-element-a66c482 premium-title-center premium-title-color elementor-widget elementor-widget-premium-addon-title\" data-id=\"a66c482\" data-element_type=\"widget\" data-widget_type=\"premium-addon-title.default\">\n\t\t\t\t<div class=\"elementor-widget-container\">\n\t\t\t\r\n\t\t<div class=\"premium-title-container style3\">\r\n\t\t\t<h2 class=\"premium-title-header premium-title-style3\">\r\n\t\t\t\t\r\n\t\t\t\t\r\n\t\t\t\t\t\t\t\t\t\t\t\t<span class=\"premium-title-text\" >\r\n\t\t\t\t\tUs\u0142ugi\t\t\t\t<\/span>\r\n\t\t\t\t\t\r\n\t\t\t\t\t\t\t\t\t\t\t<\/h2>\r\n\t\t<\/div>\r\n\r\n\t\t\t\t<\/div>\n\t\t\t\t<\/div>\n\t\t\t\t<div class=\"elementor-element elementor-element-7152c28 elementor-widget elementor-widget-text-editor\" data-id=\"7152c28\" data-element_type=\"widget\" data-widget_type=\"text-editor.default\">\n\t\t\t\t<div class=\"elementor-widget-container\">\n\t\t\t\t\t\t\t<ul>\n<li>Szyte na miar\u0119<\/li>\n<li>Gotowe rozwi\u0105zania mProfi<\/li>\n<li>Aplikacje mobilne<\/li>\n<\/ul>\t\t\t\t\t\t<\/div>\n\t\t\t\t<\/div>\n\t\t\t\t\t<\/div>\n\t\t<\/div>\n\t\t\t\t<div class=\"elementor-column elementor-col-50 elementor-top-column elementor-element elementor-element-dab38e2\" data-id=\"dab38e2\" data-element_type=\"column\">\n\t\t\t<div class=\"elementor-widget-wrap elementor-element-populated\">\n\t\t\t\t\t\t\t\t<div class=\"elementor-element elementor-element-a93003c premium-title-center premium-title-color elementor-widget elementor-widget-premium-addon-title\" data-id=\"a93003c\" data-element_type=\"widget\" data-widget_type=\"premium-addon-title.default\">\n\t\t\t\t<div class=\"elementor-widget-container\">\n\t\t\t\r\n\t\t<div class=\"premium-title-container style3\">\r\n\t\t\t<h2 class=\"premium-title-header premium-title-style3\">\r\n\t\t\t\t\r\n\t\t\t\t\r\n\t\t\t\t\t\t\t\t\t\t\t\t<span class=\"premium-title-text\" >\r\n\t\t\t\t\tZaufali nam\t\t\t\t<\/span>\r\n\t\t\t\t\t\r\n\t\t\t\t\t\t\t\t\t\t\t<\/h2>\r\n\t\t<\/div>\r\n\r\n\t\t\t\t<\/div>\n\t\t\t\t<\/div>\n\t\t\t\t<div class=\"elementor-element elementor-element-dc1d246 elementor-widget elementor-widget-text-editor\" data-id=\"dc1d246\" data-element_type=\"widget\" data-widget_type=\"text-editor.default\">\n\t\t\t\t<div class=\"elementor-widget-container\">\n\t\t\t\t\t\t\t<ul>\n<li>Lux Med &#8211; Case Study<\/li>\n<li>Medicover<\/li>\n<li>Centrum Damiana<\/li>\n<\/ul>\t\t\t\t\t\t<\/div>\n\t\t\t\t<\/div>\n\t\t\t\t\t<\/div>\n\t\t<\/div>\n\t\t\t\t\t\t\t<\/div>\n\t\t<\/section>\n\t\t\t\t\t\t\t<\/div>\n\t\t","protected":false},"excerpt":{"rendered":"<p>Postaw na zdrow\u0105 komunikacj\u0119 Oferujemy rozwi\u0105zania dedykowane dla szeroko rozumianego sektora ochrony zdrowia. Liczne projekty prowadzone w ostatnich latach przez nasz\u0105 firm\u0119 pozwoli\u0142y nam na wypracowanie bogatej oferty produkt\u00f3w kierowanych do podmiot\u00f3w, kt\u00f3re \u015bwiadcz\u0105 us\u0142ugi medyczne i ceni\u0105 sobie dobry kontakt z pacjentem. Umo\u017cliwiamy kompleksow\u0105 obs\u0142ug\u0119 du\u017cych grup medycznych, pojedynczych szpitali, a tak\u017ce mniejszych gabinet\u00f3w [&hellip;]<\/p>\n","protected":false},"author":1,"featured_media":854,"parent":348,"menu_order":4,"comment_status":"closed","ping_status":"closed","template":"","meta":{"footnotes":""},"yoast_head":"<!-- This site is optimized with the Yoast SEO plugin v21.8 - https:\/\/yoast.com\/wordpress\/plugins\/seo\/ -->\n<title>Opieka medyczna - COMVERGA Poland<\/title>\n<meta name=\"robots\" content=\"index, follow, max-snippet:-1, max-image-preview:large, max-video-preview:-1\" \/>\n<link rel=\"canonical\" href=\"https:\/\/new.comverga.com\/pol\/branze\/opieka-medyczna\/\" \/>\n<meta property=\"og:locale\" content=\"en_US\" \/>\n<meta property=\"og:type\" content=\"article\" \/>\n<meta property=\"og:title\" content=\"Opieka medyczna - COMVERGA Poland\" \/>\n<meta property=\"og:description\" content=\"Postaw na zdrow\u0105 komunikacj\u0119 Oferujemy rozwi\u0105zania dedykowane dla szeroko rozumianego sektora ochrony zdrowia. Liczne projekty prowadzone w ostatnich latach przez nasz\u0105 firm\u0119 pozwoli\u0142y nam na wypracowanie bogatej oferty produkt\u00f3w kierowanych do podmiot\u00f3w, kt\u00f3re \u015bwiadcz\u0105 us\u0142ugi medyczne i ceni\u0105 sobie dobry kontakt z pacjentem. Umo\u017cliwiamy kompleksow\u0105 obs\u0142ug\u0119 du\u017cych grup medycznych, pojedynczych szpitali, a tak\u017ce mniejszych gabinet\u00f3w [&hellip;]\" \/>\n<meta property=\"og:url\" content=\"https:\/\/new.comverga.com\/pol\/branze\/opieka-medyczna\/\" \/>\n<meta property=\"og:site_name\" content=\"COMVERGA Poland\" \/>\n<meta property=\"article:modified_time\" content=\"2021-03-17T16:29:41+00:00\" \/>\n<meta property=\"og:image\" content=\"https:\/\/new.comverga.com\/pol\/wp-content\/uploads\/sites\/2\/2020\/12\/opieka-medyczna.jpg\" \/>\n\t<meta property=\"og:image:width\" content=\"1920\" \/>\n\t<meta property=\"og:image:height\" content=\"620\" \/>\n\t<meta property=\"og:image:type\" content=\"image\/jpeg\" \/>\n<meta name=\"twitter:card\" content=\"summary_large_image\" \/>\n<meta name=\"twitter:label1\" content=\"Est. reading time\" \/>\n\t<meta name=\"twitter:data1\" content=\"1 minute\" \/>\n<script type=\"application\/ld+json\" class=\"yoast-schema-graph\">{\"@context\":\"https:\/\/schema.org\",\"@graph\":[{\"@type\":\"WebPage\",\"@id\":\"https:\/\/new.comverga.com\/pol\/branze\/opieka-medyczna\/\",\"url\":\"https:\/\/new.comverga.com\/pol\/branze\/opieka-medyczna\/\",\"name\":\"Opieka medyczna - COMVERGA Poland\",\"isPartOf\":{\"@id\":\"https:\/\/new.comverga.com\/pol\/#website\"},\"datePublished\":\"2020-12-15T14:19:14+00:00\",\"dateModified\":\"2021-03-17T16:29:41+00:00\",\"breadcrumb\":{\"@id\":\"https:\/\/new.comverga.com\/pol\/branze\/opieka-medyczna\/#breadcrumb\"},\"inLanguage\":\"en-US\",\"potentialAction\":[{\"@type\":\"ReadAction\",\"target\":[\"https:\/\/new.comverga.com\/pol\/branze\/opieka-medyczna\/\"]}]},{\"@type\":\"BreadcrumbList\",\"@id\":\"https:\/\/new.comverga.com\/pol\/branze\/opieka-medyczna\/#breadcrumb\",\"itemListElement\":[{\"@type\":\"ListItem\",\"position\":1,\"name\":\"Bran\u017ce\",\"item\":\"https:\/\/new.comverga.com\/pol\/branze\/\"},{\"@type\":\"ListItem\",\"position\":2,\"name\":\"Opieka medyczna\"}]},{\"@type\":\"WebSite\",\"@id\":\"https:\/\/new.comverga.com\/pol\/#website\",\"url\":\"https:\/\/new.comverga.com\/pol\/\",\"name\":\"COMVERGA Poland\",\"description\":\"Comverga Poland\",\"publisher\":{\"@id\":\"https:\/\/new.comverga.com\/pol\/#organization\"},\"potentialAction\":[{\"@type\":\"SearchAction\",\"target\":{\"@type\":\"EntryPoint\",\"urlTemplate\":\"https:\/\/new.comverga.com\/pol\/?s={search_term_string}\"},\"query-input\":\"required name=search_term_string\"}],\"inLanguage\":\"en-US\"},{\"@type\":\"Organization\",\"@id\":\"https:\/\/new.comverga.com\/pol\/#organization\",\"name\":\"COMVERGA Poland\",\"url\":\"https:\/\/new.comverga.com\/pol\/\",\"logo\":{\"@type\":\"ImageObject\",\"inLanguage\":\"en-US\",\"@id\":\"https:\/\/new.comverga.com\/pol\/#\/schema\/logo\/image\/\",\"url\":\"https:\/\/new.comverga.com\/pol\/wp-content\/uploads\/sites\/2\/2020\/11\/Comverga_CC.png\",\"contentUrl\":\"https:\/\/new.comverga.com\/pol\/wp-content\/uploads\/sites\/2\/2020\/11\/Comverga_CC.png\",\"width\":800,\"height\":800,\"caption\":\"COMVERGA Poland\"},\"image\":{\"@id\":\"https:\/\/new.comverga.com\/pol\/#\/schema\/logo\/image\/\"}}]}<\/script>\n<!-- \/ Yoast SEO plugin. -->","yoast_head_json":{"title":"Opieka medyczna - COMVERGA Poland","robots":{"index":"index","follow":"follow","max-snippet":"max-snippet:-1","max-image-preview":"max-image-preview:large","max-video-preview":"max-video-preview:-1"},"canonical":"https:\/\/new.comverga.com\/pol\/branze\/opieka-medyczna\/","og_locale":"en_US","og_type":"article","og_title":"Opieka medyczna - COMVERGA Poland","og_description":"Postaw na zdrow\u0105 komunikacj\u0119 Oferujemy rozwi\u0105zania dedykowane dla szeroko rozumianego sektora ochrony zdrowia. Liczne projekty prowadzone w ostatnich latach przez nasz\u0105 firm\u0119 pozwoli\u0142y nam na wypracowanie bogatej oferty produkt\u00f3w kierowanych do podmiot\u00f3w, kt\u00f3re \u015bwiadcz\u0105 us\u0142ugi medyczne i ceni\u0105 sobie dobry kontakt z pacjentem. Umo\u017cliwiamy kompleksow\u0105 obs\u0142ug\u0119 du\u017cych grup medycznych, pojedynczych szpitali, a tak\u017ce mniejszych gabinet\u00f3w [&hellip;]","og_url":"https:\/\/new.comverga.com\/pol\/branze\/opieka-medyczna\/","og_site_name":"COMVERGA Poland","article_modified_time":"2021-03-17T16:29:41+00:00","og_image":[{"width":1920,"height":620,"url":"https:\/\/new.comverga.com\/pol\/wp-content\/uploads\/sites\/2\/2020\/12\/opieka-medyczna.jpg","type":"image\/jpeg"}],"twitter_card":"summary_large_image","twitter_misc":{"Est. reading time":"1 minute"},"schema":{"@context":"https:\/\/schema.org","@graph":[{"@type":"WebPage","@id":"https:\/\/new.comverga.com\/pol\/branze\/opieka-medyczna\/","url":"https:\/\/new.comverga.com\/pol\/branze\/opieka-medyczna\/","name":"Opieka medyczna - COMVERGA Poland","isPartOf":{"@id":"https:\/\/new.comverga.com\/pol\/#website"},"datePublished":"2020-12-15T14:19:14+00:00","dateModified":"2021-03-17T16:29:41+00:00","breadcrumb":{"@id":"https:\/\/new.comverga.com\/pol\/branze\/opieka-medyczna\/#breadcrumb"},"inLanguage":"en-US","potentialAction":[{"@type":"ReadAction","target":["https:\/\/new.comverga.com\/pol\/branze\/opieka-medyczna\/"]}]},{"@type":"BreadcrumbList","@id":"https:\/\/new.comverga.com\/pol\/branze\/opieka-medyczna\/#breadcrumb","itemListElement":[{"@type":"ListItem","position":1,"name":"Bran\u017ce","item":"https:\/\/new.comverga.com\/pol\/branze\/"},{"@type":"ListItem","position":2,"name":"Opieka medyczna"}]},{"@type":"WebSite","@id":"https:\/\/new.comverga.com\/pol\/#website","url":"https:\/\/new.comverga.com\/pol\/","name":"COMVERGA Poland","description":"Comverga Poland","publisher":{"@id":"https:\/\/new.comverga.com\/pol\/#organization"},"potentialAction":[{"@type":"SearchAction","target":{"@type":"EntryPoint","urlTemplate":"https:\/\/new.comverga.com\/pol\/?s={search_term_string}"},"query-input":"required name=search_term_string"}],"inLanguage":"en-US"},{"@type":"Organization","@id":"https:\/\/new.comverga.com\/pol\/#organization","name":"COMVERGA Poland","url":"https:\/\/new.comverga.com\/pol\/","logo":{"@type":"ImageObject","inLanguage":"en-US","@id":"https:\/\/new.comverga.com\/pol\/#\/schema\/logo\/image\/","url":"https:\/\/new.comverga.com\/pol\/wp-content\/uploads\/sites\/2\/2020\/11\/Comverga_CC.png","contentUrl":"https:\/\/new.comverga.com\/pol\/wp-content\/uploads\/sites\/2\/2020\/11\/Comverga_CC.png","width":800,"height":800,"caption":"COMVERGA Poland"},"image":{"@id":"https:\/\/new.comverga.com\/pol\/#\/schema\/logo\/image\/"}}]}},"_links":{"self":[{"href":"https:\/\/new.comverga.com\/pol\/wp-json\/wp\/v2\/pages\/853"}],"collection":[{"href":"https:\/\/new.comverga.com\/pol\/wp-json\/wp\/v2\/pages"}],"about":[{"href":"https:\/\/new.comverga.com\/pol\/wp-json\/wp\/v2\/types\/page"}],"author":[{"embeddable":true,"href":"https:\/\/new.comverga.com\/pol\/wp-json\/wp\/v2\/users\/1"}],"replies":[{"embeddable":true,"href":"https:\/\/new.comverga.com\/pol\/wp-json\/wp\/v2\/comments?post=853"}],"version-history":[{"count":11,"href":"https:\/\/new.comverga.com\/pol\/wp-json\/wp\/v2\/pages\/853\/revisions"}],"predecessor-version":[{"id":2079,"href":"https:\/\/new.comverga.com\/pol\/wp-json\/wp\/v2\/pages\/853\/revisions\/2079"}],"up":[{"embeddable":true,"href":"https:\/\/new.comverga.com\/pol\/wp-json\/wp\/v2\/pages\/348"}],"wp:featuredmedia":[{"embeddable":true,"href":"https:\/\/new.comverga.com\/pol\/wp-json\/wp\/v2\/media\/854"}],"wp:attachment":[{"href":"https:\/\/new.comverga.com\/pol\/wp-json\/wp\/v2\/media?parent=853"}],"curies":[{"name":"wp","href":"https:\/\/api.w.org\/{rel}","templated":true}]}}