{"id":829,"date":"2020-12-15T13:35:39","date_gmt":"2020-12-15T12:35:39","guid":{"rendered":"https:\/\/www.comverga.com\/pol\/?page_id=829"},"modified":"2021-02-03T12:14:46","modified_gmt":"2021-02-03T11:14:46","slug":"administracja","status":"publish","type":"page","link":"https:\/\/new.comverga.com\/pol\/branze\/administracja\/","title":{"rendered":"Administracja"},"content":{"rendered":"\t\t<div data-elementor-type=\"wp-page\" data-elementor-id=\"829\" class=\"elementor elementor-829\">\n\t\t\t\t\t\t\t\t\t<section class=\"elementor-section elementor-top-section elementor-element elementor-element-346f3f57 elementor-section-stretched elementor-section-boxed elementor-section-height-default elementor-section-height-default\" data-id=\"346f3f57\" data-element_type=\"section\" data-settings=\"{&quot;stretch_section&quot;:&quot;section-stretched&quot;,&quot;background_background&quot;:&quot;classic&quot;}\">\n\t\t\t\t\t\t<div class=\"elementor-container elementor-column-gap-default\">\n\t\t\t\t\t<div class=\"elementor-column elementor-col-100 elementor-top-column elementor-element elementor-element-15852ae2\" data-id=\"15852ae2\" data-element_type=\"column\">\n\t\t\t<div class=\"elementor-widget-wrap elementor-element-populated\">\n\t\t\t\t\t\t\t\t<div class=\"elementor-element elementor-element-b1de15a elementor-widget elementor-widget-heading\" data-id=\"b1de15a\" data-element_type=\"widget\" data-widget_type=\"heading.default\">\n\t\t\t\t<div class=\"elementor-widget-container\">\n\t\t\t<h2 class=\"elementor-heading-title elementor-size-large\">W s\u0142u\u017cbie administracji publicznej<\/h2>\t\t<\/div>\n\t\t\t\t<\/div>\n\t\t\t\t<div class=\"elementor-element elementor-element-bb3c6ff elementor-widget-divider--view-line elementor-widget elementor-widget-divider\" data-id=\"bb3c6ff\" data-element_type=\"widget\" data-widget_type=\"divider.default\">\n\t\t\t\t<div class=\"elementor-widget-container\">\n\t\t\t\t\t<div class=\"elementor-divider\">\n\t\t\t<span class=\"elementor-divider-separator\">\n\t\t\t\t\t\t<\/span>\n\t\t<\/div>\n\t\t\t\t<\/div>\n\t\t\t\t<\/div>\n\t\t\t\t<div class=\"elementor-element elementor-element-62bffdc elementor-widget elementor-widget-text-editor\" data-id=\"62bffdc\" data-element_type=\"widget\" data-widget_type=\"text-editor.default\">\n\t\t\t\t<div class=\"elementor-widget-container\">\n\t\t\t\t\t\t\t<p>Nasza firma aktywnie w\u0142\u0105cza si\u0119 w rozw\u00f3j spo\u0142ecze\u0144stwa informacyjnego. Kluczowym elementem budowy nowoczesnego pa\u0144stwa jest \u015bwiadczenie us\u0142ug publicznych przy wsparciu nowoczesnych rozwi\u0105za\u0144 telekomunikacyjnych.<\/p>\n<p>Od 2012 roku posiadamy certyfikat GIODO, potwierdzaj\u0105cy nasze kompetencje w zakresie ochrony danych osobowych.<\/p>\n<p><strong>Najcz\u0119\u015bciej wykorzystywanym rozwi\u0105zaniem jest us\u0142uga mProfi, kt\u00f3ra zapewnia:<\/strong><\/p>\n<ul>\n<li>Dotarcie z informacj\u0105 do szerokiego grona os\u00f3b ka\u017cdej spo\u0142eczno\u015bci lokalnej.<\/li>\n<li>Wysok\u0105 skuteczno\u015b\u0107 komunikatu, kt\u00f3ry mo\u017ce by\u0107 nadawany zar\u00f3wno na telefony kom\u00f3rkowe jak i telefony stacjonarne &#8211; popularne w mniejszych miastach.<\/li>\n<li>Integracj\u0119 spo\u0142eczno\u015bci lokalnej dzi\u0119ki regularnie wysy\u0142anym informacjom na temat aktualnych wydarze\u0144 w danym mie\u015bcie, gminie lub regionie.<\/li>\n<li>Promocj\u0119 wydarze\u0144 kulturalnych oraz sportowych, a tym samym zwi\u0119kszanie frekwencji.<\/li>\n<li>Zwi\u0119kszenie wygody oraz poziomu bezpiecze\u0144stwa mieszka\u0144c\u00f3w dzi\u0119ki dora\u017anym komunikatom o utrudnieniach w danym miejscu lub o nadchodz\u0105cych zagro\u017ceniach.<\/li>\n<\/ul>\n<p><strong>Wybrane modu\u0142y us\u0142ugi mProfi pozwalaj\u0105 urz\u0119dom na:<\/strong><\/p>\n<ul>\n<li>Budowanie bazy petent\u00f3w\/klient\u00f3w<\/li>\n<li>Obs\u0142ug\u0119 codziennych kontakt\u00f3w z petentami<\/li>\n<li>Przesy\u0142anie komunikat\u00f3w alarmowych<\/li>\n<li>Obs\u0142ug\u0119 g\u0142osowa\u0144 lub konkurs\u00f3w podczas wydarze\u0144 promuj\u0105cych miasto lub gmin\u0119<\/li>\n<li>i wiele innych\u2026<\/li>\n<\/ul>\n<p>W ramach us\u0142ugi mProfi udost\u0119pniamy r\u00f3wnie\u017c dedykowan\u0105 aplikacj\u0119 na smartfony, kt\u00f3ra umo\u017cliwia sprawn\u0105 realizacj\u0119 powy\u017cszych us\u0142ug. Opr\u00f3cz popularnej us\u0142ugi mProfi oferujmy administracji mo\u017cliwo\u015b\u0107 tworzenia system\u00f3w dedykowanych oraz us\u0142ug szytych na miar\u0119.<\/p>\t\t\t\t\t\t<\/div>\n\t\t\t\t<\/div>\n\t\t\t\t\t<\/div>\n\t\t<\/div>\n\t\t\t\t\t\t\t<\/div>\n\t\t<\/section>\n\t\t\t\t<section class=\"elementor-section elementor-top-section elementor-element elementor-element-7b8495a elementor-section-stretched elementor-section-boxed elementor-section-height-default elementor-section-height-default\" data-id=\"7b8495a\" data-element_type=\"section\" data-settings=\"{&quot;stretch_section&quot;:&quot;section-stretched&quot;}\">\n\t\t\t\t\t\t<div class=\"elementor-container elementor-column-gap-default\">\n\t\t\t\t\t<div class=\"elementor-column elementor-col-50 elementor-top-column elementor-element elementor-element-bcde066\" data-id=\"bcde066\" data-element_type=\"column\">\n\t\t\t<div class=\"elementor-widget-wrap elementor-element-populated\">\n\t\t\t\t\t\t\t\t<div class=\"elementor-element elementor-element-1654a99 premium-title-center premium-title-color elementor-widget elementor-widget-premium-addon-title\" data-id=\"1654a99\" data-element_type=\"widget\" data-widget_type=\"premium-addon-title.default\">\n\t\t\t\t<div class=\"elementor-widget-container\">\n\t\t\t\r\n\t\t<div class=\"premium-title-container style3\">\r\n\t\t\t<h2 class=\"premium-title-header premium-title-style3\">\r\n\t\t\t\t\r\n\t\t\t\t\r\n\t\t\t\t\t\t\t\t\t\t\t\t<span class=\"premium-title-text\" >\r\n\t\t\t\t\tUs\u0142ugi\t\t\t\t<\/span>\r\n\t\t\t\t\t\r\n\t\t\t\t\t\t\t\t\t\t\t<\/h2>\r\n\t\t<\/div>\r\n\r\n\t\t\t\t<\/div>\n\t\t\t\t<\/div>\n\t\t\t\t<div class=\"elementor-element elementor-element-c0f8a58 elementor-widget elementor-widget-text-editor\" data-id=\"c0f8a58\" data-element_type=\"widget\" data-widget_type=\"text-editor.default\">\n\t\t\t\t<div class=\"elementor-widget-container\">\n\t\t\t\t\t\t\t<ul>\n<li>Szyte na miar\u0119<\/li>\n<li>Gotowe rozwi\u0105zania mProfi<\/li>\n<li>Aplikacje mobilne<\/li>\n<\/ul>\t\t\t\t\t\t<\/div>\n\t\t\t\t<\/div>\n\t\t\t\t\t<\/div>\n\t\t<\/div>\n\t\t\t\t<div class=\"elementor-column elementor-col-50 elementor-top-column elementor-element elementor-element-19a83c0\" data-id=\"19a83c0\" data-element_type=\"column\">\n\t\t\t<div class=\"elementor-widget-wrap elementor-element-populated\">\n\t\t\t\t\t\t\t\t<div class=\"elementor-element elementor-element-c02ca89 premium-title-center premium-title-color elementor-widget elementor-widget-premium-addon-title\" data-id=\"c02ca89\" data-element_type=\"widget\" data-widget_type=\"premium-addon-title.default\">\n\t\t\t\t<div class=\"elementor-widget-container\">\n\t\t\t\r\n\t\t<div class=\"premium-title-container style3\">\r\n\t\t\t<h2 class=\"premium-title-header premium-title-style3\">\r\n\t\t\t\t\r\n\t\t\t\t\r\n\t\t\t\t\t\t\t\t\t\t\t\t<span class=\"premium-title-text\" >\r\n\t\t\t\t\tZaufali nam\t\t\t\t<\/span>\r\n\t\t\t\t\t\r\n\t\t\t\t\t\t\t\t\t\t\t<\/h2>\r\n\t\t<\/div>\r\n\r\n\t\t\t\t<\/div>\n\t\t\t\t<\/div>\n\t\t\t\t<div class=\"elementor-element elementor-element-a09352c elementor-widget elementor-widget-text-editor\" data-id=\"a09352c\" data-element_type=\"widget\" data-widget_type=\"text-editor.default\">\n\t\t\t\t<div class=\"elementor-widget-container\">\n\t\t\t\t\t\t\t<ul>\n<li>Urz\u0105d Lesznowola<\/li>\n<li>Poczta Polska<\/li>\n<li>Urz\u0105d Gminy Ursyn\u00f3w<\/li>\n<\/ul>\t\t\t\t\t\t<\/div>\n\t\t\t\t<\/div>\n\t\t\t\t\t<\/div>\n\t\t<\/div>\n\t\t\t\t\t\t\t<\/div>\n\t\t<\/section>\n\t\t\t\t\t\t\t<\/div>\n\t\t","protected":false},"excerpt":{"rendered":"<p>W s\u0142u\u017cbie administracji publicznej Nasza firma aktywnie w\u0142\u0105cza si\u0119 w rozw\u00f3j spo\u0142ecze\u0144stwa informacyjnego. Kluczowym elementem budowy nowoczesnego pa\u0144stwa jest \u015bwiadczenie us\u0142ug publicznych przy wsparciu nowoczesnych rozwi\u0105za\u0144 telekomunikacyjnych. Od 2012 roku posiadamy certyfikat GIODO, potwierdzaj\u0105cy nasze kompetencje w zakresie ochrony danych osobowych. Najcz\u0119\u015bciej wykorzystywanym rozwi\u0105zaniem jest us\u0142uga mProfi, kt\u00f3ra zapewnia: Dotarcie z informacj\u0105 do szerokiego grona [&hellip;]<\/p>\n","protected":false},"author":1,"featured_media":830,"parent":348,"menu_order":0,"comment_status":"closed","ping_status":"closed","template":"","meta":{"footnotes":""},"yoast_head":"<!-- This site is optimized with the Yoast SEO plugin v21.8 - https:\/\/yoast.com\/wordpress\/plugins\/seo\/ -->\n<title>Administracja - COMVERGA Poland<\/title>\n<meta name=\"robots\" content=\"index, follow, max-snippet:-1, max-image-preview:large, max-video-preview:-1\" \/>\n<link rel=\"canonical\" href=\"https:\/\/new.comverga.com\/pol\/branze\/administracja\/\" \/>\n<meta property=\"og:locale\" content=\"en_US\" \/>\n<meta property=\"og:type\" content=\"article\" \/>\n<meta property=\"og:title\" content=\"Administracja - COMVERGA Poland\" \/>\n<meta property=\"og:description\" content=\"W s\u0142u\u017cbie administracji publicznej Nasza firma aktywnie w\u0142\u0105cza si\u0119 w rozw\u00f3j spo\u0142ecze\u0144stwa informacyjnego. Kluczowym elementem budowy nowoczesnego pa\u0144stwa jest \u015bwiadczenie us\u0142ug publicznych przy wsparciu nowoczesnych rozwi\u0105za\u0144 telekomunikacyjnych. Od 2012 roku posiadamy certyfikat GIODO, potwierdzaj\u0105cy nasze kompetencje w zakresie ochrony danych osobowych. Najcz\u0119\u015bciej wykorzystywanym rozwi\u0105zaniem jest us\u0142uga mProfi, kt\u00f3ra zapewnia: Dotarcie z informacj\u0105 do szerokiego grona [&hellip;]\" \/>\n<meta property=\"og:url\" content=\"https:\/\/new.comverga.com\/pol\/branze\/administracja\/\" \/>\n<meta property=\"og:site_name\" content=\"COMVERGA Poland\" \/>\n<meta property=\"article:modified_time\" content=\"2021-02-03T11:14:46+00:00\" \/>\n<meta property=\"og:image\" content=\"https:\/\/new.comverga.com\/pol\/wp-content\/uploads\/sites\/2\/2020\/12\/administracja.jpg\" \/>\n\t<meta property=\"og:image:width\" content=\"1920\" \/>\n\t<meta property=\"og:image:height\" content=\"620\" \/>\n\t<meta property=\"og:image:type\" content=\"image\/jpeg\" \/>\n<meta name=\"twitter:card\" content=\"summary_large_image\" \/>\n<meta name=\"twitter:label1\" content=\"Est. reading time\" \/>\n\t<meta name=\"twitter:data1\" content=\"1 minute\" \/>\n<script type=\"application\/ld+json\" class=\"yoast-schema-graph\">{\"@context\":\"https:\/\/schema.org\",\"@graph\":[{\"@type\":\"WebPage\",\"@id\":\"https:\/\/new.comverga.com\/pol\/branze\/administracja\/\",\"url\":\"https:\/\/new.comverga.com\/pol\/branze\/administracja\/\",\"name\":\"Administracja - COMVERGA Poland\",\"isPartOf\":{\"@id\":\"https:\/\/new.comverga.com\/pol\/#website\"},\"datePublished\":\"2020-12-15T12:35:39+00:00\",\"dateModified\":\"2021-02-03T11:14:46+00:00\",\"breadcrumb\":{\"@id\":\"https:\/\/new.comverga.com\/pol\/branze\/administracja\/#breadcrumb\"},\"inLanguage\":\"en-US\",\"potentialAction\":[{\"@type\":\"ReadAction\",\"target\":[\"https:\/\/new.comverga.com\/pol\/branze\/administracja\/\"]}]},{\"@type\":\"BreadcrumbList\",\"@id\":\"https:\/\/new.comverga.com\/pol\/branze\/administracja\/#breadcrumb\",\"itemListElement\":[{\"@type\":\"ListItem\",\"position\":1,\"name\":\"Bran\u017ce\",\"item\":\"https:\/\/new.comverga.com\/pol\/branze\/\"},{\"@type\":\"ListItem\",\"position\":2,\"name\":\"Administracja\"}]},{\"@type\":\"WebSite\",\"@id\":\"https:\/\/new.comverga.com\/pol\/#website\",\"url\":\"https:\/\/new.comverga.com\/pol\/\",\"name\":\"COMVERGA Poland\",\"description\":\"Comverga Poland\",\"publisher\":{\"@id\":\"https:\/\/new.comverga.com\/pol\/#organization\"},\"potentialAction\":[{\"@type\":\"SearchAction\",\"target\":{\"@type\":\"EntryPoint\",\"urlTemplate\":\"https:\/\/new.comverga.com\/pol\/?s={search_term_string}\"},\"query-input\":\"required name=search_term_string\"}],\"inLanguage\":\"en-US\"},{\"@type\":\"Organization\",\"@id\":\"https:\/\/new.comverga.com\/pol\/#organization\",\"name\":\"COMVERGA Poland\",\"url\":\"https:\/\/new.comverga.com\/pol\/\",\"logo\":{\"@type\":\"ImageObject\",\"inLanguage\":\"en-US\",\"@id\":\"https:\/\/new.comverga.com\/pol\/#\/schema\/logo\/image\/\",\"url\":\"https:\/\/new.comverga.com\/pol\/wp-content\/uploads\/sites\/2\/2020\/11\/Comverga_CC.png\",\"contentUrl\":\"https:\/\/new.comverga.com\/pol\/wp-content\/uploads\/sites\/2\/2020\/11\/Comverga_CC.png\",\"width\":800,\"height\":800,\"caption\":\"COMVERGA Poland\"},\"image\":{\"@id\":\"https:\/\/new.comverga.com\/pol\/#\/schema\/logo\/image\/\"}}]}<\/script>\n<!-- \/ Yoast SEO plugin. -->","yoast_head_json":{"title":"Administracja - COMVERGA Poland","robots":{"index":"index","follow":"follow","max-snippet":"max-snippet:-1","max-image-preview":"max-image-preview:large","max-video-preview":"max-video-preview:-1"},"canonical":"https:\/\/new.comverga.com\/pol\/branze\/administracja\/","og_locale":"en_US","og_type":"article","og_title":"Administracja - COMVERGA Poland","og_description":"W s\u0142u\u017cbie administracji publicznej Nasza firma aktywnie w\u0142\u0105cza si\u0119 w rozw\u00f3j spo\u0142ecze\u0144stwa informacyjnego. Kluczowym elementem budowy nowoczesnego pa\u0144stwa jest \u015bwiadczenie us\u0142ug publicznych przy wsparciu nowoczesnych rozwi\u0105za\u0144 telekomunikacyjnych. Od 2012 roku posiadamy certyfikat GIODO, potwierdzaj\u0105cy nasze kompetencje w zakresie ochrony danych osobowych. Najcz\u0119\u015bciej wykorzystywanym rozwi\u0105zaniem jest us\u0142uga mProfi, kt\u00f3ra zapewnia: Dotarcie z informacj\u0105 do szerokiego grona [&hellip;]","og_url":"https:\/\/new.comverga.com\/pol\/branze\/administracja\/","og_site_name":"COMVERGA Poland","article_modified_time":"2021-02-03T11:14:46+00:00","og_image":[{"width":1920,"height":620,"url":"https:\/\/new.comverga.com\/pol\/wp-content\/uploads\/sites\/2\/2020\/12\/administracja.jpg","type":"image\/jpeg"}],"twitter_card":"summary_large_image","twitter_misc":{"Est. reading time":"1 minute"},"schema":{"@context":"https:\/\/schema.org","@graph":[{"@type":"WebPage","@id":"https:\/\/new.comverga.com\/pol\/branze\/administracja\/","url":"https:\/\/new.comverga.com\/pol\/branze\/administracja\/","name":"Administracja - COMVERGA Poland","isPartOf":{"@id":"https:\/\/new.comverga.com\/pol\/#website"},"datePublished":"2020-12-15T12:35:39+00:00","dateModified":"2021-02-03T11:14:46+00:00","breadcrumb":{"@id":"https:\/\/new.comverga.com\/pol\/branze\/administracja\/#breadcrumb"},"inLanguage":"en-US","potentialAction":[{"@type":"ReadAction","target":["https:\/\/new.comverga.com\/pol\/branze\/administracja\/"]}]},{"@type":"BreadcrumbList","@id":"https:\/\/new.comverga.com\/pol\/branze\/administracja\/#breadcrumb","itemListElement":[{"@type":"ListItem","position":1,"name":"Bran\u017ce","item":"https:\/\/new.comverga.com\/pol\/branze\/"},{"@type":"ListItem","position":2,"name":"Administracja"}]},{"@type":"WebSite","@id":"https:\/\/new.comverga.com\/pol\/#website","url":"https:\/\/new.comverga.com\/pol\/","name":"COMVERGA Poland","description":"Comverga Poland","publisher":{"@id":"https:\/\/new.comverga.com\/pol\/#organization"},"potentialAction":[{"@type":"SearchAction","target":{"@type":"EntryPoint","urlTemplate":"https:\/\/new.comverga.com\/pol\/?s={search_term_string}"},"query-input":"required name=search_term_string"}],"inLanguage":"en-US"},{"@type":"Organization","@id":"https:\/\/new.comverga.com\/pol\/#organization","name":"COMVERGA Poland","url":"https:\/\/new.comverga.com\/pol\/","logo":{"@type":"ImageObject","inLanguage":"en-US","@id":"https:\/\/new.comverga.com\/pol\/#\/schema\/logo\/image\/","url":"https:\/\/new.comverga.com\/pol\/wp-content\/uploads\/sites\/2\/2020\/11\/Comverga_CC.png","contentUrl":"https:\/\/new.comverga.com\/pol\/wp-content\/uploads\/sites\/2\/2020\/11\/Comverga_CC.png","width":800,"height":800,"caption":"COMVERGA Poland"},"image":{"@id":"https:\/\/new.comverga.com\/pol\/#\/schema\/logo\/image\/"}}]}},"_links":{"self":[{"href":"https:\/\/new.comverga.com\/pol\/wp-json\/wp\/v2\/pages\/829"}],"collection":[{"href":"https:\/\/new.comverga.com\/pol\/wp-json\/wp\/v2\/pages"}],"about":[{"href":"https:\/\/new.comverga.com\/pol\/wp-json\/wp\/v2\/types\/page"}],"author":[{"embeddable":true,"href":"https:\/\/new.comverga.com\/pol\/wp-json\/wp\/v2\/users\/1"}],"replies":[{"embeddable":true,"href":"https:\/\/new.comverga.com\/pol\/wp-json\/wp\/v2\/comments?post=829"}],"version-history":[{"count":12,"href":"https:\/\/new.comverga.com\/pol\/wp-json\/wp\/v2\/pages\/829\/revisions"}],"predecessor-version":[{"id":1922,"href":"https:\/\/new.comverga.com\/pol\/wp-json\/wp\/v2\/pages\/829\/revisions\/1922"}],"up":[{"embeddable":true,"href":"https:\/\/new.comverga.com\/pol\/wp-json\/wp\/v2\/pages\/348"}],"wp:featuredmedia":[{"embeddable":true,"href":"https:\/\/new.comverga.com\/pol\/wp-json\/wp\/v2\/media\/830"}],"wp:attachment":[{"href":"https:\/\/new.comverga.com\/pol\/wp-json\/wp\/v2\/media?parent=829"}],"curies":[{"name":"wp","href":"https:\/\/api.w.org\/{rel}","templated":true}]}}