{"id":636,"date":"2020-11-30T06:44:04","date_gmt":"2020-11-30T05:44:04","guid":{"rendered":"https:\/\/www.comverga.com\/pol\/?page_id=636"},"modified":"2021-02-01T14:11:52","modified_gmt":"2021-02-01T13:11:52","slug":"number-verification","status":"publish","type":"page","link":"https:\/\/new.comverga.com\/pol\/uslugi\/rozzwiazania\/number-verification\/","title":{"rendered":"Sprawdzanie numer\u00f3w"},"content":{"rendered":"\t\t<div data-elementor-type=\"wp-page\" data-elementor-id=\"636\" class=\"elementor elementor-636\">\n\t\t\t\t\t\t\t\t\t<section class=\"elementor-section elementor-top-section elementor-element elementor-element-4e390da7 elementor-section-stretched elementor-section-boxed elementor-section-height-default elementor-section-height-default\" data-id=\"4e390da7\" data-element_type=\"section\" data-settings=\"{&quot;stretch_section&quot;:&quot;section-stretched&quot;,&quot;background_background&quot;:&quot;classic&quot;}\">\n\t\t\t\t\t\t<div class=\"elementor-container elementor-column-gap-default\">\n\t\t\t\t\t<div class=\"elementor-column elementor-col-100 elementor-top-column elementor-element elementor-element-7b9cd579\" data-id=\"7b9cd579\" data-element_type=\"column\">\n\t\t\t<div class=\"elementor-widget-wrap elementor-element-populated\">\n\t\t\t\t\t\t\t\t<div class=\"elementor-element elementor-element-6a68638f elementor-widget elementor-widget-text-editor\" data-id=\"6a68638f\" data-element_type=\"widget\" data-widget_type=\"text-editor.default\">\n\t\t\t\t<div class=\"elementor-widget-container\">\n\t\t\t\t\t\t\t<!-- wp:paragraph -->\n<p>Us\u0142uga Sprawdzania Numer\u00f3w jest u\u017cywana w procesie weryfikacji baz numer\u00f3w kom\u00f3rkowych. Za jej pomoc\u0105 mo\u017cliwe jest potwierdzenie informacji og\u00f3lnych dotycz\u0105cych samego numeru, jak np. przynale\u017cno\u015b\u0107 do danej sieci kom\u00f3rkowej, oraz informacji szczeg\u00f3\u0142owych takich jak nazwa sieci, do kt\u00f3rej numer jest zalogowany, status aktywno\u015bci numeru, itp. Trzecim aspektem jest zweryfikowanie chwilowej aktywno\u015bci i dost\u0119pno\u015bci numeru- na poziomie jego osi\u0105galno\u015bci i zaj\u0119to\u015bci.<\/p>\n<!-- \/wp:paragraph -->\n\n<!-- wp:paragraph -->\n<p>W zale\u017cno\u015bci od rodzaju oczekiwanych informacji, proponujemy nast\u0119puj\u0105ce opcje us\u0142ugi Sprawdzania Numeru:<\/p>\n<!-- \/wp:paragraph -->\n\n<!-- wp:list -->\n<ul><li>Sprawdzenie BASIC<\/li><li>Sprawdzenie PROFI<\/li><li>Sprawdzenie TELCO<\/li><\/ul>\n<!-- \/wp:list -->\n\n<!-- wp:paragraph -->\n<p>* pakiet BASIC korzysta z baz danych numer\u00f3w przeniesionych i pozwala jedynie na okre\u015blenie sieci docelowej, do kt\u00f3rej dany typ numer nale\u017cy. Informacja ta nie mo\u017ce by\u0107 interpretowana jako wskazanie na zarejestrowanie danego numeru w sieci lub jego aktywno\u015bci.<\/p>\n<!-- \/wp:paragraph -->\n\n<!-- wp:paragraph -->\n<p>* pakiet PROFI korzysta z zapyta\u0144 do rejestr\u00f3w HLR operator\u00f3w kom\u00f3rkowych. Dzi\u0119ki temu pozyskane informacje maj\u0105 charakter aktualny i pozwalaj\u0105 okre\u015bli\u0107 jego po\u0142o\u017cenie (kraj), poprawno\u015b\u0107 i pewne aspekty aktywno\u015bci (zalogowany do sieci, itp.)<\/p>\n<!-- \/wp:paragraph -->\n\n<!-- wp:paragraph -->\n<p>* pakiet TELCO anga\u017cuje konkretne us\u0142ugi telekomunikacyjne w celu sprawdzenia jako\u015bci numeru. Ta forma doskonale sprawdza si\u0119 do weryfikacji statusu numeru i jego dost\u0119pno\u015bci w sieci telekomunikacyjnej.<\/p>\n<!-- \/wp:paragraph -->\t\t\t\t\t\t<\/div>\n\t\t\t\t<\/div>\n\t\t\t\t\t<\/div>\n\t\t<\/div>\n\t\t\t\t\t\t\t<\/div>\n\t\t<\/section>\n\t\t\t\t\t\t\t<\/div>\n\t\t","protected":false},"excerpt":{"rendered":"<p>Us\u0142uga Sprawdzania Numer\u00f3w jest u\u017cywana w procesie weryfikacji baz numer\u00f3w kom\u00f3rkowych. Za jej pomoc\u0105 mo\u017cliwe jest potwierdzenie informacji og\u00f3lnych dotycz\u0105cych samego numeru, jak np. przynale\u017cno\u015b\u0107 do danej sieci kom\u00f3rkowej, oraz informacji szczeg\u00f3\u0142owych takich jak nazwa sieci, do kt\u00f3rej numer jest zalogowany, status aktywno\u015bci numeru, itp. Trzecim aspektem jest zweryfikowanie chwilowej aktywno\u015bci i dost\u0119pno\u015bci numeru- na [&hellip;]<\/p>\n","protected":false},"author":1,"featured_media":50,"parent":249,"menu_order":7,"comment_status":"closed","ping_status":"closed","template":"","meta":{"footnotes":""},"yoast_head":"<!-- This site is optimized with the Yoast SEO plugin v21.8 - https:\/\/yoast.com\/wordpress\/plugins\/seo\/ -->\n<title>Sprawdzanie numer\u00f3w - COMVERGA Poland<\/title>\n<meta name=\"robots\" content=\"index, follow, max-snippet:-1, max-image-preview:large, max-video-preview:-1\" \/>\n<link rel=\"canonical\" href=\"https:\/\/new.comverga.com\/pol\/uslugi\/rozzwiazania\/number-verification\/\" \/>\n<meta property=\"og:locale\" content=\"en_US\" \/>\n<meta property=\"og:type\" content=\"article\" \/>\n<meta property=\"og:title\" content=\"Sprawdzanie numer\u00f3w - COMVERGA Poland\" \/>\n<meta property=\"og:description\" content=\"Us\u0142uga Sprawdzania Numer\u00f3w jest u\u017cywana w procesie weryfikacji baz numer\u00f3w kom\u00f3rkowych. Za jej pomoc\u0105 mo\u017cliwe jest potwierdzenie informacji og\u00f3lnych dotycz\u0105cych samego numeru, jak np. przynale\u017cno\u015b\u0107 do danej sieci kom\u00f3rkowej, oraz informacji szczeg\u00f3\u0142owych takich jak nazwa sieci, do kt\u00f3rej numer jest zalogowany, status aktywno\u015bci numeru, itp. Trzecim aspektem jest zweryfikowanie chwilowej aktywno\u015bci i dost\u0119pno\u015bci numeru- na [&hellip;]\" \/>\n<meta property=\"og:url\" content=\"https:\/\/new.comverga.com\/pol\/uslugi\/rozzwiazania\/number-verification\/\" \/>\n<meta property=\"og:site_name\" content=\"COMVERGA Poland\" \/>\n<meta property=\"article:modified_time\" content=\"2021-02-01T13:11:52+00:00\" \/>\n<meta property=\"og:image\" content=\"https:\/\/new.comverga.com\/pol\/wp-content\/uploads\/sites\/2\/2020\/11\/sprawdzanie-numerow-1.jpg\" \/>\n\t<meta property=\"og:image:width\" content=\"1920\" \/>\n\t<meta property=\"og:image:height\" content=\"620\" \/>\n\t<meta property=\"og:image:type\" content=\"image\/jpeg\" \/>\n<meta name=\"twitter:card\" content=\"summary_large_image\" \/>\n<meta name=\"twitter:label1\" content=\"Est. reading time\" \/>\n\t<meta name=\"twitter:data1\" content=\"1 minute\" \/>\n<script type=\"application\/ld+json\" class=\"yoast-schema-graph\">{\"@context\":\"https:\/\/schema.org\",\"@graph\":[{\"@type\":\"WebPage\",\"@id\":\"https:\/\/new.comverga.com\/pol\/uslugi\/rozzwiazania\/number-verification\/\",\"url\":\"https:\/\/new.comverga.com\/pol\/uslugi\/rozzwiazania\/number-verification\/\",\"name\":\"Sprawdzanie numer\u00f3w - COMVERGA Poland\",\"isPartOf\":{\"@id\":\"https:\/\/new.comverga.com\/pol\/#website\"},\"datePublished\":\"2020-11-30T05:44:04+00:00\",\"dateModified\":\"2021-02-01T13:11:52+00:00\",\"breadcrumb\":{\"@id\":\"https:\/\/new.comverga.com\/pol\/uslugi\/rozzwiazania\/number-verification\/#breadcrumb\"},\"inLanguage\":\"en-US\",\"potentialAction\":[{\"@type\":\"ReadAction\",\"target\":[\"https:\/\/new.comverga.com\/pol\/uslugi\/rozzwiazania\/number-verification\/\"]}]},{\"@type\":\"BreadcrumbList\",\"@id\":\"https:\/\/new.comverga.com\/pol\/uslugi\/rozzwiazania\/number-verification\/#breadcrumb\",\"itemListElement\":[{\"@type\":\"ListItem\",\"position\":1,\"name\":\"Us\u0142ugi\",\"item\":\"https:\/\/new.comverga.com\/pol\/uslugi\/\"},{\"@type\":\"ListItem\",\"position\":2,\"name\":\"Rozwi\u0105zania informatyczne i telekomunikacyjne\",\"item\":\"https:\/\/new.comverga.com\/pol\/uslugi\/rozzwiazania\/\"},{\"@type\":\"ListItem\",\"position\":3,\"name\":\"Sprawdzanie numer\u00f3w\"}]},{\"@type\":\"WebSite\",\"@id\":\"https:\/\/new.comverga.com\/pol\/#website\",\"url\":\"https:\/\/new.comverga.com\/pol\/\",\"name\":\"COMVERGA Poland\",\"description\":\"Comverga Poland\",\"publisher\":{\"@id\":\"https:\/\/new.comverga.com\/pol\/#organization\"},\"potentialAction\":[{\"@type\":\"SearchAction\",\"target\":{\"@type\":\"EntryPoint\",\"urlTemplate\":\"https:\/\/new.comverga.com\/pol\/?s={search_term_string}\"},\"query-input\":\"required name=search_term_string\"}],\"inLanguage\":\"en-US\"},{\"@type\":\"Organization\",\"@id\":\"https:\/\/new.comverga.com\/pol\/#organization\",\"name\":\"COMVERGA Poland\",\"url\":\"https:\/\/new.comverga.com\/pol\/\",\"logo\":{\"@type\":\"ImageObject\",\"inLanguage\":\"en-US\",\"@id\":\"https:\/\/new.comverga.com\/pol\/#\/schema\/logo\/image\/\",\"url\":\"https:\/\/new.comverga.com\/pol\/wp-content\/uploads\/sites\/2\/2020\/11\/Comverga_CC.png\",\"contentUrl\":\"https:\/\/new.comverga.com\/pol\/wp-content\/uploads\/sites\/2\/2020\/11\/Comverga_CC.png\",\"width\":800,\"height\":800,\"caption\":\"COMVERGA Poland\"},\"image\":{\"@id\":\"https:\/\/new.comverga.com\/pol\/#\/schema\/logo\/image\/\"}}]}<\/script>\n<!-- \/ Yoast SEO plugin. -->","yoast_head_json":{"title":"Sprawdzanie numer\u00f3w - COMVERGA Poland","robots":{"index":"index","follow":"follow","max-snippet":"max-snippet:-1","max-image-preview":"max-image-preview:large","max-video-preview":"max-video-preview:-1"},"canonical":"https:\/\/new.comverga.com\/pol\/uslugi\/rozzwiazania\/number-verification\/","og_locale":"en_US","og_type":"article","og_title":"Sprawdzanie numer\u00f3w - COMVERGA Poland","og_description":"Us\u0142uga Sprawdzania Numer\u00f3w jest u\u017cywana w procesie weryfikacji baz numer\u00f3w kom\u00f3rkowych. Za jej pomoc\u0105 mo\u017cliwe jest potwierdzenie informacji og\u00f3lnych dotycz\u0105cych samego numeru, jak np. przynale\u017cno\u015b\u0107 do danej sieci kom\u00f3rkowej, oraz informacji szczeg\u00f3\u0142owych takich jak nazwa sieci, do kt\u00f3rej numer jest zalogowany, status aktywno\u015bci numeru, itp. Trzecim aspektem jest zweryfikowanie chwilowej aktywno\u015bci i dost\u0119pno\u015bci numeru- na [&hellip;]","og_url":"https:\/\/new.comverga.com\/pol\/uslugi\/rozzwiazania\/number-verification\/","og_site_name":"COMVERGA Poland","article_modified_time":"2021-02-01T13:11:52+00:00","og_image":[{"width":1920,"height":620,"url":"https:\/\/new.comverga.com\/pol\/wp-content\/uploads\/sites\/2\/2020\/11\/sprawdzanie-numerow-1.jpg","type":"image\/jpeg"}],"twitter_card":"summary_large_image","twitter_misc":{"Est. reading time":"1 minute"},"schema":{"@context":"https:\/\/schema.org","@graph":[{"@type":"WebPage","@id":"https:\/\/new.comverga.com\/pol\/uslugi\/rozzwiazania\/number-verification\/","url":"https:\/\/new.comverga.com\/pol\/uslugi\/rozzwiazania\/number-verification\/","name":"Sprawdzanie numer\u00f3w - COMVERGA Poland","isPartOf":{"@id":"https:\/\/new.comverga.com\/pol\/#website"},"datePublished":"2020-11-30T05:44:04+00:00","dateModified":"2021-02-01T13:11:52+00:00","breadcrumb":{"@id":"https:\/\/new.comverga.com\/pol\/uslugi\/rozzwiazania\/number-verification\/#breadcrumb"},"inLanguage":"en-US","potentialAction":[{"@type":"ReadAction","target":["https:\/\/new.comverga.com\/pol\/uslugi\/rozzwiazania\/number-verification\/"]}]},{"@type":"BreadcrumbList","@id":"https:\/\/new.comverga.com\/pol\/uslugi\/rozzwiazania\/number-verification\/#breadcrumb","itemListElement":[{"@type":"ListItem","position":1,"name":"Us\u0142ugi","item":"https:\/\/new.comverga.com\/pol\/uslugi\/"},{"@type":"ListItem","position":2,"name":"Rozwi\u0105zania informatyczne i telekomunikacyjne","item":"https:\/\/new.comverga.com\/pol\/uslugi\/rozzwiazania\/"},{"@type":"ListItem","position":3,"name":"Sprawdzanie numer\u00f3w"}]},{"@type":"WebSite","@id":"https:\/\/new.comverga.com\/pol\/#website","url":"https:\/\/new.comverga.com\/pol\/","name":"COMVERGA Poland","description":"Comverga Poland","publisher":{"@id":"https:\/\/new.comverga.com\/pol\/#organization"},"potentialAction":[{"@type":"SearchAction","target":{"@type":"EntryPoint","urlTemplate":"https:\/\/new.comverga.com\/pol\/?s={search_term_string}"},"query-input":"required name=search_term_string"}],"inLanguage":"en-US"},{"@type":"Organization","@id":"https:\/\/new.comverga.com\/pol\/#organization","name":"COMVERGA Poland","url":"https:\/\/new.comverga.com\/pol\/","logo":{"@type":"ImageObject","inLanguage":"en-US","@id":"https:\/\/new.comverga.com\/pol\/#\/schema\/logo\/image\/","url":"https:\/\/new.comverga.com\/pol\/wp-content\/uploads\/sites\/2\/2020\/11\/Comverga_CC.png","contentUrl":"https:\/\/new.comverga.com\/pol\/wp-content\/uploads\/sites\/2\/2020\/11\/Comverga_CC.png","width":800,"height":800,"caption":"COMVERGA Poland"},"image":{"@id":"https:\/\/new.comverga.com\/pol\/#\/schema\/logo\/image\/"}}]}},"_links":{"self":[{"href":"https:\/\/new.comverga.com\/pol\/wp-json\/wp\/v2\/pages\/636"}],"collection":[{"href":"https:\/\/new.comverga.com\/pol\/wp-json\/wp\/v2\/pages"}],"about":[{"href":"https:\/\/new.comverga.com\/pol\/wp-json\/wp\/v2\/types\/page"}],"author":[{"embeddable":true,"href":"https:\/\/new.comverga.com\/pol\/wp-json\/wp\/v2\/users\/1"}],"replies":[{"embeddable":true,"href":"https:\/\/new.comverga.com\/pol\/wp-json\/wp\/v2\/comments?post=636"}],"version-history":[{"count":7,"href":"https:\/\/new.comverga.com\/pol\/wp-json\/wp\/v2\/pages\/636\/revisions"}],"predecessor-version":[{"id":1877,"href":"https:\/\/new.comverga.com\/pol\/wp-json\/wp\/v2\/pages\/636\/revisions\/1877"}],"up":[{"embeddable":true,"href":"https:\/\/new.comverga.com\/pol\/wp-json\/wp\/v2\/pages\/249"}],"wp:featuredmedia":[{"embeddable":true,"href":"https:\/\/new.comverga.com\/pol\/wp-json\/wp\/v2\/media\/50"}],"wp:attachment":[{"href":"https:\/\/new.comverga.com\/pol\/wp-json\/wp\/v2\/media?parent=636"}],"curies":[{"name":"wp","href":"https:\/\/api.w.org\/{rel}","templated":true}]}}