{"id":627,"date":"2020-11-30T06:28:40","date_gmt":"2020-11-30T05:28:40","guid":{"rendered":"https:\/\/www.comverga.com\/pol\/?page_id=627"},"modified":"2021-02-01T14:09:50","modified_gmt":"2021-02-01T13:09:50","slug":"training-booking-system","status":"publish","type":"page","link":"https:\/\/new.comverga.com\/pol\/uslugi\/rozzwiazania\/training-booking-system\/","title":{"rendered":"System rezerwacji szkole\u0144"},"content":{"rendered":"\t\t<div data-elementor-type=\"wp-page\" data-elementor-id=\"627\" class=\"elementor elementor-627\">\n\t\t\t\t\t\t\t\t\t<section class=\"elementor-section elementor-top-section elementor-element elementor-element-122624a4 elementor-section-stretched elementor-section-boxed elementor-section-height-default elementor-section-height-default\" data-id=\"122624a4\" data-element_type=\"section\" data-settings=\"{&quot;stretch_section&quot;:&quot;section-stretched&quot;,&quot;background_background&quot;:&quot;classic&quot;}\">\n\t\t\t\t\t\t<div class=\"elementor-container elementor-column-gap-default\">\n\t\t\t\t\t<div class=\"elementor-column elementor-col-100 elementor-top-column elementor-element elementor-element-430c586d\" data-id=\"430c586d\" data-element_type=\"column\">\n\t\t\t<div class=\"elementor-widget-wrap elementor-element-populated\">\n\t\t\t\t\t\t\t\t<div class=\"elementor-element elementor-element-499da862 elementor-widget elementor-widget-text-editor\" data-id=\"499da862\" data-element_type=\"widget\" data-widget_type=\"text-editor.default\">\n\t\t\t\t<div class=\"elementor-widget-container\">\n\t\t\t\t\t\t\t<!-- wp:paragraph -->\n<p>System Rezerwacji Szkole\u0144 s\u0142u\u017cy do automatycznej rejestracji uczestnik\u00f3w szkole\u0144 z wykorzystaniem dwukierunkowej komunikacji SMS.<\/p>\n<!-- \/wp:paragraph --><!-- wp:paragraph -->\n<h4>SRS pozwala administratorowi mi\u0119dzy innymi na:<\/h4>\n<!-- \/wp:paragraph --><!-- wp:list -->\n<ul>\n<li>definiowanie tre\u015bci zaprosze\u0144,<\/li>\n<li>okre\u015blanie termin\u00f3w szkole\u0144<\/li>\n<li>wyb\u00f3r lokalizacji szkolenia oraz<\/li>\n<li>liczb\u0119 dost\u0119pnych miejsc dla wybranej lokalizacji i szkolenia.<\/li>\n<\/ul>\n<!-- \/wp:list --><!-- wp:paragraph -->\n<p>System sam czuwa nad zarejestrowaniem tylko tylu uczestnik\u00f3w ile jest przewidzinych dla nich miesjc. Osoby, kt\u00f3rym nie uda\u0142o si\u0119 zapisa\u0107 na wybrany termin ze wzgl\u0119du na wyczerpanie puli miejsc, zostan\u0105 automatycznie o tym poinformowane i mog\u0105 ponowi\u0107 pr\u00f3b\u0119 zapisu na inny dost\u0119pny termin. Us\u0142uga dost\u0119pna jest z poziomu przegl\u0105darki WWW po bezpiecznym zalogowaniu si\u0119.<br \/>Serwis SRS umo\u017cliwia wysy\u0142anie zaprosze\u0144 SMS wed\u0142ug zdefiniowanego wcze\u015bniej scenariusza do kontakt\u00f3w, kt\u00f3rych numery telefon\u00f3w zosta\u0142y zaimportowane za po\u015brednictwem prostego pliku CSV.<\/p>\n<!-- \/wp:paragraph -->\t\t\t\t\t\t<\/div>\n\t\t\t\t<\/div>\n\t\t\t\t\t<\/div>\n\t\t<\/div>\n\t\t\t\t\t\t\t<\/div>\n\t\t<\/section>\n\t\t\t\t\t\t\t<\/div>\n\t\t","protected":false},"excerpt":{"rendered":"<p>System Rezerwacji Szkole\u0144 s\u0142u\u017cy do automatycznej rejestracji uczestnik\u00f3w szkole\u0144 z wykorzystaniem dwukierunkowej komunikacji SMS. SRS pozwala administratorowi mi\u0119dzy innymi na: definiowanie tre\u015bci zaprosze\u0144, okre\u015blanie termin\u00f3w szkole\u0144 wyb\u00f3r lokalizacji szkolenia oraz liczb\u0119 dost\u0119pnych miejsc dla wybranej lokalizacji i szkolenia. System sam czuwa nad zarejestrowaniem tylko tylu uczestnik\u00f3w ile jest przewidzinych dla nich miesjc. Osoby, kt\u00f3rym nie [&hellip;]<\/p>\n","protected":false},"author":1,"featured_media":142,"parent":249,"menu_order":5,"comment_status":"closed","ping_status":"closed","template":"","meta":{"footnotes":""},"yoast_head":"<!-- This site is optimized with the Yoast SEO plugin v21.8 - https:\/\/yoast.com\/wordpress\/plugins\/seo\/ -->\n<title>System rezerwacji szkole\u0144 - COMVERGA Poland<\/title>\n<meta name=\"robots\" content=\"index, follow, max-snippet:-1, max-image-preview:large, max-video-preview:-1\" \/>\n<link rel=\"canonical\" href=\"https:\/\/new.comverga.com\/pol\/uslugi\/rozzwiazania\/training-booking-system\/\" \/>\n<meta property=\"og:locale\" content=\"en_US\" \/>\n<meta property=\"og:type\" content=\"article\" \/>\n<meta property=\"og:title\" content=\"System rezerwacji szkole\u0144 - COMVERGA Poland\" \/>\n<meta property=\"og:description\" content=\"System Rezerwacji Szkole\u0144 s\u0142u\u017cy do automatycznej rejestracji uczestnik\u00f3w szkole\u0144 z wykorzystaniem dwukierunkowej komunikacji SMS. SRS pozwala administratorowi mi\u0119dzy innymi na: definiowanie tre\u015bci zaprosze\u0144, okre\u015blanie termin\u00f3w szkole\u0144 wyb\u00f3r lokalizacji szkolenia oraz liczb\u0119 dost\u0119pnych miejsc dla wybranej lokalizacji i szkolenia. System sam czuwa nad zarejestrowaniem tylko tylu uczestnik\u00f3w ile jest przewidzinych dla nich miesjc. Osoby, kt\u00f3rym nie [&hellip;]\" \/>\n<meta property=\"og:url\" content=\"https:\/\/new.comverga.com\/pol\/uslugi\/rozzwiazania\/training-booking-system\/\" \/>\n<meta property=\"og:site_name\" content=\"COMVERGA Poland\" \/>\n<meta property=\"article:modified_time\" content=\"2021-02-01T13:09:50+00:00\" \/>\n<meta property=\"og:image\" content=\"https:\/\/new.comverga.com\/pol\/wp-content\/uploads\/sites\/2\/2020\/11\/rezerwacja-szkolen-1.jpg\" \/>\n\t<meta property=\"og:image:width\" content=\"1920\" \/>\n\t<meta property=\"og:image:height\" content=\"620\" \/>\n\t<meta property=\"og:image:type\" content=\"image\/jpeg\" \/>\n<meta name=\"twitter:card\" content=\"summary_large_image\" \/>\n<meta name=\"twitter:label1\" content=\"Est. reading time\" \/>\n\t<meta name=\"twitter:data1\" content=\"1 minute\" \/>\n<script type=\"application\/ld+json\" class=\"yoast-schema-graph\">{\"@context\":\"https:\/\/schema.org\",\"@graph\":[{\"@type\":\"WebPage\",\"@id\":\"https:\/\/new.comverga.com\/pol\/uslugi\/rozzwiazania\/training-booking-system\/\",\"url\":\"https:\/\/new.comverga.com\/pol\/uslugi\/rozzwiazania\/training-booking-system\/\",\"name\":\"System rezerwacji szkole\u0144 - COMVERGA Poland\",\"isPartOf\":{\"@id\":\"https:\/\/new.comverga.com\/pol\/#website\"},\"datePublished\":\"2020-11-30T05:28:40+00:00\",\"dateModified\":\"2021-02-01T13:09:50+00:00\",\"breadcrumb\":{\"@id\":\"https:\/\/new.comverga.com\/pol\/uslugi\/rozzwiazania\/training-booking-system\/#breadcrumb\"},\"inLanguage\":\"en-US\",\"potentialAction\":[{\"@type\":\"ReadAction\",\"target\":[\"https:\/\/new.comverga.com\/pol\/uslugi\/rozzwiazania\/training-booking-system\/\"]}]},{\"@type\":\"BreadcrumbList\",\"@id\":\"https:\/\/new.comverga.com\/pol\/uslugi\/rozzwiazania\/training-booking-system\/#breadcrumb\",\"itemListElement\":[{\"@type\":\"ListItem\",\"position\":1,\"name\":\"Us\u0142ugi\",\"item\":\"https:\/\/new.comverga.com\/pol\/uslugi\/\"},{\"@type\":\"ListItem\",\"position\":2,\"name\":\"Rozwi\u0105zania informatyczne i telekomunikacyjne\",\"item\":\"https:\/\/new.comverga.com\/pol\/uslugi\/rozzwiazania\/\"},{\"@type\":\"ListItem\",\"position\":3,\"name\":\"System rezerwacji szkole\u0144\"}]},{\"@type\":\"WebSite\",\"@id\":\"https:\/\/new.comverga.com\/pol\/#website\",\"url\":\"https:\/\/new.comverga.com\/pol\/\",\"name\":\"COMVERGA Poland\",\"description\":\"Comverga Poland\",\"publisher\":{\"@id\":\"https:\/\/new.comverga.com\/pol\/#organization\"},\"potentialAction\":[{\"@type\":\"SearchAction\",\"target\":{\"@type\":\"EntryPoint\",\"urlTemplate\":\"https:\/\/new.comverga.com\/pol\/?s={search_term_string}\"},\"query-input\":\"required name=search_term_string\"}],\"inLanguage\":\"en-US\"},{\"@type\":\"Organization\",\"@id\":\"https:\/\/new.comverga.com\/pol\/#organization\",\"name\":\"COMVERGA Poland\",\"url\":\"https:\/\/new.comverga.com\/pol\/\",\"logo\":{\"@type\":\"ImageObject\",\"inLanguage\":\"en-US\",\"@id\":\"https:\/\/new.comverga.com\/pol\/#\/schema\/logo\/image\/\",\"url\":\"https:\/\/new.comverga.com\/pol\/wp-content\/uploads\/sites\/2\/2020\/11\/Comverga_CC.png\",\"contentUrl\":\"https:\/\/new.comverga.com\/pol\/wp-content\/uploads\/sites\/2\/2020\/11\/Comverga_CC.png\",\"width\":800,\"height\":800,\"caption\":\"COMVERGA Poland\"},\"image\":{\"@id\":\"https:\/\/new.comverga.com\/pol\/#\/schema\/logo\/image\/\"}}]}<\/script>\n<!-- \/ Yoast SEO plugin. -->","yoast_head_json":{"title":"System rezerwacji szkole\u0144 - COMVERGA Poland","robots":{"index":"index","follow":"follow","max-snippet":"max-snippet:-1","max-image-preview":"max-image-preview:large","max-video-preview":"max-video-preview:-1"},"canonical":"https:\/\/new.comverga.com\/pol\/uslugi\/rozzwiazania\/training-booking-system\/","og_locale":"en_US","og_type":"article","og_title":"System rezerwacji szkole\u0144 - COMVERGA Poland","og_description":"System Rezerwacji Szkole\u0144 s\u0142u\u017cy do automatycznej rejestracji uczestnik\u00f3w szkole\u0144 z wykorzystaniem dwukierunkowej komunikacji SMS. SRS pozwala administratorowi mi\u0119dzy innymi na: definiowanie tre\u015bci zaprosze\u0144, okre\u015blanie termin\u00f3w szkole\u0144 wyb\u00f3r lokalizacji szkolenia oraz liczb\u0119 dost\u0119pnych miejsc dla wybranej lokalizacji i szkolenia. System sam czuwa nad zarejestrowaniem tylko tylu uczestnik\u00f3w ile jest przewidzinych dla nich miesjc. Osoby, kt\u00f3rym nie [&hellip;]","og_url":"https:\/\/new.comverga.com\/pol\/uslugi\/rozzwiazania\/training-booking-system\/","og_site_name":"COMVERGA Poland","article_modified_time":"2021-02-01T13:09:50+00:00","og_image":[{"width":1920,"height":620,"url":"https:\/\/new.comverga.com\/pol\/wp-content\/uploads\/sites\/2\/2020\/11\/rezerwacja-szkolen-1.jpg","type":"image\/jpeg"}],"twitter_card":"summary_large_image","twitter_misc":{"Est. reading time":"1 minute"},"schema":{"@context":"https:\/\/schema.org","@graph":[{"@type":"WebPage","@id":"https:\/\/new.comverga.com\/pol\/uslugi\/rozzwiazania\/training-booking-system\/","url":"https:\/\/new.comverga.com\/pol\/uslugi\/rozzwiazania\/training-booking-system\/","name":"System rezerwacji szkole\u0144 - COMVERGA Poland","isPartOf":{"@id":"https:\/\/new.comverga.com\/pol\/#website"},"datePublished":"2020-11-30T05:28:40+00:00","dateModified":"2021-02-01T13:09:50+00:00","breadcrumb":{"@id":"https:\/\/new.comverga.com\/pol\/uslugi\/rozzwiazania\/training-booking-system\/#breadcrumb"},"inLanguage":"en-US","potentialAction":[{"@type":"ReadAction","target":["https:\/\/new.comverga.com\/pol\/uslugi\/rozzwiazania\/training-booking-system\/"]}]},{"@type":"BreadcrumbList","@id":"https:\/\/new.comverga.com\/pol\/uslugi\/rozzwiazania\/training-booking-system\/#breadcrumb","itemListElement":[{"@type":"ListItem","position":1,"name":"Us\u0142ugi","item":"https:\/\/new.comverga.com\/pol\/uslugi\/"},{"@type":"ListItem","position":2,"name":"Rozwi\u0105zania informatyczne i telekomunikacyjne","item":"https:\/\/new.comverga.com\/pol\/uslugi\/rozzwiazania\/"},{"@type":"ListItem","position":3,"name":"System rezerwacji szkole\u0144"}]},{"@type":"WebSite","@id":"https:\/\/new.comverga.com\/pol\/#website","url":"https:\/\/new.comverga.com\/pol\/","name":"COMVERGA Poland","description":"Comverga Poland","publisher":{"@id":"https:\/\/new.comverga.com\/pol\/#organization"},"potentialAction":[{"@type":"SearchAction","target":{"@type":"EntryPoint","urlTemplate":"https:\/\/new.comverga.com\/pol\/?s={search_term_string}"},"query-input":"required name=search_term_string"}],"inLanguage":"en-US"},{"@type":"Organization","@id":"https:\/\/new.comverga.com\/pol\/#organization","name":"COMVERGA Poland","url":"https:\/\/new.comverga.com\/pol\/","logo":{"@type":"ImageObject","inLanguage":"en-US","@id":"https:\/\/new.comverga.com\/pol\/#\/schema\/logo\/image\/","url":"https:\/\/new.comverga.com\/pol\/wp-content\/uploads\/sites\/2\/2020\/11\/Comverga_CC.png","contentUrl":"https:\/\/new.comverga.com\/pol\/wp-content\/uploads\/sites\/2\/2020\/11\/Comverga_CC.png","width":800,"height":800,"caption":"COMVERGA Poland"},"image":{"@id":"https:\/\/new.comverga.com\/pol\/#\/schema\/logo\/image\/"}}]}},"_links":{"self":[{"href":"https:\/\/new.comverga.com\/pol\/wp-json\/wp\/v2\/pages\/627"}],"collection":[{"href":"https:\/\/new.comverga.com\/pol\/wp-json\/wp\/v2\/pages"}],"about":[{"href":"https:\/\/new.comverga.com\/pol\/wp-json\/wp\/v2\/types\/page"}],"author":[{"embeddable":true,"href":"https:\/\/new.comverga.com\/pol\/wp-json\/wp\/v2\/users\/1"}],"replies":[{"embeddable":true,"href":"https:\/\/new.comverga.com\/pol\/wp-json\/wp\/v2\/comments?post=627"}],"version-history":[{"count":7,"href":"https:\/\/new.comverga.com\/pol\/wp-json\/wp\/v2\/pages\/627\/revisions"}],"predecessor-version":[{"id":1873,"href":"https:\/\/new.comverga.com\/pol\/wp-json\/wp\/v2\/pages\/627\/revisions\/1873"}],"up":[{"embeddable":true,"href":"https:\/\/new.comverga.com\/pol\/wp-json\/wp\/v2\/pages\/249"}],"wp:featuredmedia":[{"embeddable":true,"href":"https:\/\/new.comverga.com\/pol\/wp-json\/wp\/v2\/media\/142"}],"wp:attachment":[{"href":"https:\/\/new.comverga.com\/pol\/wp-json\/wp\/v2\/media?parent=627"}],"curies":[{"name":"wp","href":"https:\/\/api.w.org\/{rel}","templated":true}]}}