{"id":615,"date":"2020-11-27T16:55:01","date_gmt":"2020-11-27T15:55:01","guid":{"rendered":"https:\/\/www.comverga.com\/pol\/?page_id=615"},"modified":"2021-02-01T12:57:04","modified_gmt":"2021-02-01T11:57:04","slug":"remote-voting","status":"publish","type":"page","link":"https:\/\/new.comverga.com\/pol\/uslugi\/rozzwiazania\/remote-voting\/","title":{"rendered":"G\u0142osowania zdalne"},"content":{"rendered":"\t\t<div data-elementor-type=\"wp-page\" data-elementor-id=\"615\" class=\"elementor elementor-615\">\n\t\t\t\t\t\t\t\t\t<section class=\"elementor-section elementor-top-section elementor-element elementor-element-161aeeca elementor-section-stretched elementor-section-boxed elementor-section-height-default elementor-section-height-default\" data-id=\"161aeeca\" data-element_type=\"section\" data-settings=\"{&quot;stretch_section&quot;:&quot;section-stretched&quot;,&quot;background_background&quot;:&quot;classic&quot;}\">\n\t\t\t\t\t\t<div class=\"elementor-container elementor-column-gap-default\">\n\t\t\t\t\t<div class=\"elementor-column elementor-col-100 elementor-top-column elementor-element elementor-element-254b0a87\" data-id=\"254b0a87\" data-element_type=\"column\">\n\t\t\t<div class=\"elementor-widget-wrap elementor-element-populated\">\n\t\t\t\t\t\t\t\t<div class=\"elementor-element elementor-element-5effd3a6 elementor-widget elementor-widget-text-editor\" data-id=\"5effd3a6\" data-element_type=\"widget\" data-widget_type=\"text-editor.default\">\n\t\t\t\t<div class=\"elementor-widget-container\">\n\t\t\t\t\t\t\t<!-- wp:paragraph -->\n<p>G\u0142osowania Zdalne pozwalaj\u0105 na przeprowadzanie g\u0142osowa\u0144 i wybor\u00f3w w organizacjach, w kt\u00f3rych wyst\u0119puj\u0105 kolegialne organy decyzyjne. Dzi\u0119ki temu rozwi\u0105zaniu mo\u017cesz przeprowadzi\u0107 zdalne g\u0142osowania z dowolnej lokalizacji. G\u0142osowania mog\u0105 mie\u0107 formu\u0142\u0119 tajn\u0105. Mog\u0105 te\u017c by\u0107 ograniczone do listy wskazanych os\u00f3b. Wystarczy komputer lub smartfon i dost\u0119p do sieci internetowej.<\/p>\n<h4>Charakterystyka rozwi\u0105zania:<\/h4>\n<!-- \/wp:paragraph --><!-- wp:paragraph \/--><!-- wp:paragraph -->\n<ul>\n<li>Jednorazowe\/ wielokrotne g\u0142osowanie dla grupy dowolnej wielko\u015bci<\/li>\n<li>Mo\u017cliwo\u015b\u0107 g\u0142osowania zdalnego poprzez SMS<\/li>\n<li>Mo\u017cliwo\u015b\u0107 g\u0142osowania zdalnego przez Internet<\/li>\n<li>Mo\u017cliwo\u015b\u0107 dopuszczenia do g\u0142osowania tylko os\u00f3b uprawnionych<\/li>\n<li>Mo\u017cliwo\u015b\u0107 przeprowadzenia g\u0142osowania tajnego<\/li>\n<li>Mechanizm blokuj\u0105cy oddanie wielokrotnego g\u0142osu<\/li>\n<li>Mo\u017cliwo\u015b\u0107 okre\u015blenia okna czasowego g\u0142osowania<\/li>\n<li>Mo\u017cliwo\u015b\u0107 zdefiniowania: g\u0142osowanie \u2013 jednokrotnego wyboru lub wielokrotnego wyboru<\/li>\n<li>Wysy\u0142ka do uczestnik\u00f3w g\u0142osowania certyfikatu uprawniaj\u0105cego do g\u0142osowania<\/li>\n<li>Mechanizm zliczaj\u0105cy g\u0142osy, raporty, statystyki, analityka i archiwizacja<\/li>\n<li>Zgodno\u015b\u0107 z RODO<\/li>\n<\/ul>\n<!-- \/wp:paragraph -->\t\t\t\t\t\t<\/div>\n\t\t\t\t<\/div>\n\t\t\t\t\t<\/div>\n\t\t<\/div>\n\t\t\t\t\t\t\t<\/div>\n\t\t<\/section>\n\t\t\t\t\t\t\t<\/div>\n\t\t","protected":false},"excerpt":{"rendered":"<p>G\u0142osowania Zdalne pozwalaj\u0105 na przeprowadzanie g\u0142osowa\u0144 i wybor\u00f3w w organizacjach, w kt\u00f3rych wyst\u0119puj\u0105 kolegialne organy decyzyjne. Dzi\u0119ki temu rozwi\u0105zaniu mo\u017cesz przeprowadzi\u0107 zdalne g\u0142osowania z dowolnej lokalizacji. G\u0142osowania mog\u0105 mie\u0107 formu\u0142\u0119 tajn\u0105. Mog\u0105 te\u017c by\u0107 ograniczone do listy wskazanych os\u00f3b. Wystarczy komputer lub smartfon i dost\u0119p do sieci internetowej. Charakterystyka rozwi\u0105zania: Jednorazowe\/ wielokrotne g\u0142osowanie dla grupy [&hellip;]<\/p>\n","protected":false},"author":1,"featured_media":131,"parent":249,"menu_order":3,"comment_status":"closed","ping_status":"closed","template":"","meta":{"footnotes":""},"yoast_head":"<!-- This site is optimized with the Yoast SEO plugin v21.8 - https:\/\/yoast.com\/wordpress\/plugins\/seo\/ -->\n<title>G\u0142osowania zdalne - COMVERGA Poland<\/title>\n<meta name=\"robots\" content=\"index, follow, max-snippet:-1, max-image-preview:large, max-video-preview:-1\" \/>\n<link rel=\"canonical\" href=\"https:\/\/new.comverga.com\/pol\/uslugi\/rozzwiazania\/remote-voting\/\" \/>\n<meta property=\"og:locale\" content=\"en_US\" \/>\n<meta property=\"og:type\" content=\"article\" \/>\n<meta property=\"og:title\" content=\"G\u0142osowania zdalne - COMVERGA Poland\" \/>\n<meta property=\"og:description\" content=\"G\u0142osowania Zdalne pozwalaj\u0105 na przeprowadzanie g\u0142osowa\u0144 i wybor\u00f3w w organizacjach, w kt\u00f3rych wyst\u0119puj\u0105 kolegialne organy decyzyjne. Dzi\u0119ki temu rozwi\u0105zaniu mo\u017cesz przeprowadzi\u0107 zdalne g\u0142osowania z dowolnej lokalizacji. G\u0142osowania mog\u0105 mie\u0107 formu\u0142\u0119 tajn\u0105. Mog\u0105 te\u017c by\u0107 ograniczone do listy wskazanych os\u00f3b. Wystarczy komputer lub smartfon i dost\u0119p do sieci internetowej. Charakterystyka rozwi\u0105zania: Jednorazowe\/ wielokrotne g\u0142osowanie dla grupy [&hellip;]\" \/>\n<meta property=\"og:url\" content=\"https:\/\/new.comverga.com\/pol\/uslugi\/rozzwiazania\/remote-voting\/\" \/>\n<meta property=\"og:site_name\" content=\"COMVERGA Poland\" \/>\n<meta property=\"article:modified_time\" content=\"2021-02-01T11:57:04+00:00\" \/>\n<meta property=\"og:image\" content=\"https:\/\/new.comverga.com\/pol\/wp-content\/uploads\/sites\/2\/2020\/11\/glosowanie-zdalne-1-1.jpg\" \/>\n\t<meta property=\"og:image:width\" content=\"1920\" \/>\n\t<meta property=\"og:image:height\" content=\"620\" \/>\n\t<meta property=\"og:image:type\" content=\"image\/jpeg\" \/>\n<meta name=\"twitter:card\" content=\"summary_large_image\" \/>\n<meta name=\"twitter:label1\" content=\"Est. reading time\" \/>\n\t<meta name=\"twitter:data1\" content=\"1 minute\" \/>\n<script type=\"application\/ld+json\" class=\"yoast-schema-graph\">{\"@context\":\"https:\/\/schema.org\",\"@graph\":[{\"@type\":\"WebPage\",\"@id\":\"https:\/\/new.comverga.com\/pol\/uslugi\/rozzwiazania\/remote-voting\/\",\"url\":\"https:\/\/new.comverga.com\/pol\/uslugi\/rozzwiazania\/remote-voting\/\",\"name\":\"G\u0142osowania zdalne - COMVERGA Poland\",\"isPartOf\":{\"@id\":\"https:\/\/new.comverga.com\/pol\/#website\"},\"datePublished\":\"2020-11-27T15:55:01+00:00\",\"dateModified\":\"2021-02-01T11:57:04+00:00\",\"breadcrumb\":{\"@id\":\"https:\/\/new.comverga.com\/pol\/uslugi\/rozzwiazania\/remote-voting\/#breadcrumb\"},\"inLanguage\":\"en-US\",\"potentialAction\":[{\"@type\":\"ReadAction\",\"target\":[\"https:\/\/new.comverga.com\/pol\/uslugi\/rozzwiazania\/remote-voting\/\"]}]},{\"@type\":\"BreadcrumbList\",\"@id\":\"https:\/\/new.comverga.com\/pol\/uslugi\/rozzwiazania\/remote-voting\/#breadcrumb\",\"itemListElement\":[{\"@type\":\"ListItem\",\"position\":1,\"name\":\"Us\u0142ugi\",\"item\":\"https:\/\/new.comverga.com\/pol\/uslugi\/\"},{\"@type\":\"ListItem\",\"position\":2,\"name\":\"Rozwi\u0105zania informatyczne i telekomunikacyjne\",\"item\":\"https:\/\/new.comverga.com\/pol\/uslugi\/rozzwiazania\/\"},{\"@type\":\"ListItem\",\"position\":3,\"name\":\"G\u0142osowania zdalne\"}]},{\"@type\":\"WebSite\",\"@id\":\"https:\/\/new.comverga.com\/pol\/#website\",\"url\":\"https:\/\/new.comverga.com\/pol\/\",\"name\":\"COMVERGA Poland\",\"description\":\"Comverga Poland\",\"publisher\":{\"@id\":\"https:\/\/new.comverga.com\/pol\/#organization\"},\"potentialAction\":[{\"@type\":\"SearchAction\",\"target\":{\"@type\":\"EntryPoint\",\"urlTemplate\":\"https:\/\/new.comverga.com\/pol\/?s={search_term_string}\"},\"query-input\":\"required name=search_term_string\"}],\"inLanguage\":\"en-US\"},{\"@type\":\"Organization\",\"@id\":\"https:\/\/new.comverga.com\/pol\/#organization\",\"name\":\"COMVERGA Poland\",\"url\":\"https:\/\/new.comverga.com\/pol\/\",\"logo\":{\"@type\":\"ImageObject\",\"inLanguage\":\"en-US\",\"@id\":\"https:\/\/new.comverga.com\/pol\/#\/schema\/logo\/image\/\",\"url\":\"https:\/\/new.comverga.com\/pol\/wp-content\/uploads\/sites\/2\/2020\/11\/Comverga_CC.png\",\"contentUrl\":\"https:\/\/new.comverga.com\/pol\/wp-content\/uploads\/sites\/2\/2020\/11\/Comverga_CC.png\",\"width\":800,\"height\":800,\"caption\":\"COMVERGA Poland\"},\"image\":{\"@id\":\"https:\/\/new.comverga.com\/pol\/#\/schema\/logo\/image\/\"}}]}<\/script>\n<!-- \/ Yoast SEO plugin. -->","yoast_head_json":{"title":"G\u0142osowania zdalne - COMVERGA Poland","robots":{"index":"index","follow":"follow","max-snippet":"max-snippet:-1","max-image-preview":"max-image-preview:large","max-video-preview":"max-video-preview:-1"},"canonical":"https:\/\/new.comverga.com\/pol\/uslugi\/rozzwiazania\/remote-voting\/","og_locale":"en_US","og_type":"article","og_title":"G\u0142osowania zdalne - COMVERGA Poland","og_description":"G\u0142osowania Zdalne pozwalaj\u0105 na przeprowadzanie g\u0142osowa\u0144 i wybor\u00f3w w organizacjach, w kt\u00f3rych wyst\u0119puj\u0105 kolegialne organy decyzyjne. Dzi\u0119ki temu rozwi\u0105zaniu mo\u017cesz przeprowadzi\u0107 zdalne g\u0142osowania z dowolnej lokalizacji. G\u0142osowania mog\u0105 mie\u0107 formu\u0142\u0119 tajn\u0105. Mog\u0105 te\u017c by\u0107 ograniczone do listy wskazanych os\u00f3b. Wystarczy komputer lub smartfon i dost\u0119p do sieci internetowej. Charakterystyka rozwi\u0105zania: Jednorazowe\/ wielokrotne g\u0142osowanie dla grupy [&hellip;]","og_url":"https:\/\/new.comverga.com\/pol\/uslugi\/rozzwiazania\/remote-voting\/","og_site_name":"COMVERGA Poland","article_modified_time":"2021-02-01T11:57:04+00:00","og_image":[{"width":1920,"height":620,"url":"https:\/\/new.comverga.com\/pol\/wp-content\/uploads\/sites\/2\/2020\/11\/glosowanie-zdalne-1-1.jpg","type":"image\/jpeg"}],"twitter_card":"summary_large_image","twitter_misc":{"Est. reading time":"1 minute"},"schema":{"@context":"https:\/\/schema.org","@graph":[{"@type":"WebPage","@id":"https:\/\/new.comverga.com\/pol\/uslugi\/rozzwiazania\/remote-voting\/","url":"https:\/\/new.comverga.com\/pol\/uslugi\/rozzwiazania\/remote-voting\/","name":"G\u0142osowania zdalne - COMVERGA Poland","isPartOf":{"@id":"https:\/\/new.comverga.com\/pol\/#website"},"datePublished":"2020-11-27T15:55:01+00:00","dateModified":"2021-02-01T11:57:04+00:00","breadcrumb":{"@id":"https:\/\/new.comverga.com\/pol\/uslugi\/rozzwiazania\/remote-voting\/#breadcrumb"},"inLanguage":"en-US","potentialAction":[{"@type":"ReadAction","target":["https:\/\/new.comverga.com\/pol\/uslugi\/rozzwiazania\/remote-voting\/"]}]},{"@type":"BreadcrumbList","@id":"https:\/\/new.comverga.com\/pol\/uslugi\/rozzwiazania\/remote-voting\/#breadcrumb","itemListElement":[{"@type":"ListItem","position":1,"name":"Us\u0142ugi","item":"https:\/\/new.comverga.com\/pol\/uslugi\/"},{"@type":"ListItem","position":2,"name":"Rozwi\u0105zania informatyczne i telekomunikacyjne","item":"https:\/\/new.comverga.com\/pol\/uslugi\/rozzwiazania\/"},{"@type":"ListItem","position":3,"name":"G\u0142osowania zdalne"}]},{"@type":"WebSite","@id":"https:\/\/new.comverga.com\/pol\/#website","url":"https:\/\/new.comverga.com\/pol\/","name":"COMVERGA Poland","description":"Comverga Poland","publisher":{"@id":"https:\/\/new.comverga.com\/pol\/#organization"},"potentialAction":[{"@type":"SearchAction","target":{"@type":"EntryPoint","urlTemplate":"https:\/\/new.comverga.com\/pol\/?s={search_term_string}"},"query-input":"required name=search_term_string"}],"inLanguage":"en-US"},{"@type":"Organization","@id":"https:\/\/new.comverga.com\/pol\/#organization","name":"COMVERGA Poland","url":"https:\/\/new.comverga.com\/pol\/","logo":{"@type":"ImageObject","inLanguage":"en-US","@id":"https:\/\/new.comverga.com\/pol\/#\/schema\/logo\/image\/","url":"https:\/\/new.comverga.com\/pol\/wp-content\/uploads\/sites\/2\/2020\/11\/Comverga_CC.png","contentUrl":"https:\/\/new.comverga.com\/pol\/wp-content\/uploads\/sites\/2\/2020\/11\/Comverga_CC.png","width":800,"height":800,"caption":"COMVERGA Poland"},"image":{"@id":"https:\/\/new.comverga.com\/pol\/#\/schema\/logo\/image\/"}}]}},"_links":{"self":[{"href":"https:\/\/new.comverga.com\/pol\/wp-json\/wp\/v2\/pages\/615"}],"collection":[{"href":"https:\/\/new.comverga.com\/pol\/wp-json\/wp\/v2\/pages"}],"about":[{"href":"https:\/\/new.comverga.com\/pol\/wp-json\/wp\/v2\/types\/page"}],"author":[{"embeddable":true,"href":"https:\/\/new.comverga.com\/pol\/wp-json\/wp\/v2\/users\/1"}],"replies":[{"embeddable":true,"href":"https:\/\/new.comverga.com\/pol\/wp-json\/wp\/v2\/comments?post=615"}],"version-history":[{"count":6,"href":"https:\/\/new.comverga.com\/pol\/wp-json\/wp\/v2\/pages\/615\/revisions"}],"predecessor-version":[{"id":1865,"href":"https:\/\/new.comverga.com\/pol\/wp-json\/wp\/v2\/pages\/615\/revisions\/1865"}],"up":[{"embeddable":true,"href":"https:\/\/new.comverga.com\/pol\/wp-json\/wp\/v2\/pages\/249"}],"wp:featuredmedia":[{"embeddable":true,"href":"https:\/\/new.comverga.com\/pol\/wp-json\/wp\/v2\/media\/131"}],"wp:attachment":[{"href":"https:\/\/new.comverga.com\/pol\/wp-json\/wp\/v2\/media?parent=615"}],"curies":[{"name":"wp","href":"https:\/\/api.w.org\/{rel}","templated":true}]}}