{"id":607,"date":"2020-11-27T16:47:25","date_gmt":"2020-11-27T15:47:25","guid":{"rendered":"https:\/\/www.comverga.com\/pol\/?page_id=607"},"modified":"2021-01-28T20:48:28","modified_gmt":"2021-01-28T19:48:28","slug":"mprofi","status":"publish","type":"page","link":"https:\/\/new.comverga.com\/pol\/uslugi\/oprogramowanie-jako-usluga-platforma-jako-usluga\/mprofi\/","title":{"rendered":"mProfi"},"content":{"rendered":"\t\t<div data-elementor-type=\"wp-page\" data-elementor-id=\"607\" class=\"elementor elementor-607\">\n\t\t\t\t\t\t\t\t\t<section class=\"elementor-section elementor-top-section elementor-element elementor-element-484b0f5 elementor-section-stretched elementor-section-boxed elementor-section-height-default elementor-section-height-default\" data-id=\"484b0f5\" data-element_type=\"section\" data-settings=\"{&quot;stretch_section&quot;:&quot;section-stretched&quot;,&quot;background_background&quot;:&quot;classic&quot;}\">\n\t\t\t\t\t\t<div class=\"elementor-container elementor-column-gap-default\">\n\t\t\t\t\t<div class=\"elementor-column elementor-col-100 elementor-top-column elementor-element elementor-element-150979db\" data-id=\"150979db\" data-element_type=\"column\">\n\t\t\t<div class=\"elementor-widget-wrap elementor-element-populated\">\n\t\t\t\t\t\t\t\t<div class=\"elementor-element elementor-element-c827d85 elementor-widget elementor-widget-heading\" data-id=\"c827d85\" data-element_type=\"widget\" data-widget_type=\"heading.default\">\n\t\t\t\t<div class=\"elementor-widget-container\">\n\t\t\t<h4 class=\"elementor-heading-title elementor-size-default\"><strong>mProfi.pl<\/strong> stanowi nasz\u0105 odpowied\u017a na rosn\u0105ce potrzeby Klient\u00f3w z sektora ma\u0142ych i \u015brednich firm.<\/h4>\t\t<\/div>\n\t\t\t\t<\/div>\n\t\t\t\t\t<\/div>\n\t\t<\/div>\n\t\t\t\t\t\t\t<\/div>\n\t\t<\/section>\n\t\t\t\t<section class=\"elementor-section elementor-top-section elementor-element elementor-element-8ac161b elementor-section-stretched elementor-section-boxed elementor-section-height-default elementor-section-height-default\" data-id=\"8ac161b\" data-element_type=\"section\" data-settings=\"{&quot;stretch_section&quot;:&quot;section-stretched&quot;,&quot;background_background&quot;:&quot;classic&quot;}\">\n\t\t\t\t\t\t<div class=\"elementor-container elementor-column-gap-default\">\n\t\t\t\t\t<div class=\"elementor-column elementor-col-50 elementor-top-column elementor-element elementor-element-e89cf36\" data-id=\"e89cf36\" data-element_type=\"column\">\n\t\t\t<div class=\"elementor-widget-wrap elementor-element-populated\">\n\t\t\t\t\t\t\t\t<div class=\"elementor-element elementor-element-09c1161 premium-title-center premium-title-color elementor-widget elementor-widget-premium-addon-title\" data-id=\"09c1161\" data-element_type=\"widget\" data-widget_type=\"premium-addon-title.default\">\n\t\t\t\t<div class=\"elementor-widget-container\">\n\t\t\t\r\n\t\t<div class=\"premium-title-container style3\">\r\n\t\t\t<h4 class=\"premium-title-header premium-title-style3\">\r\n\t\t\t\t\r\n\t\t\t\t\r\n\t\t\t\t\t\t\t\t\t\t\t\t<span class=\"premium-title-text\" >\r\n\t\t\t\t\tUs\u0142ugi\t\t\t\t<\/span>\r\n\t\t\t\t\t\r\n\t\t\t\t\t\t\t\t\t\t\t<\/h4>\r\n\t\t<\/div>\r\n\r\n\t\t\t\t<\/div>\n\t\t\t\t<\/div>\n\t\t\t\t<div class=\"elementor-element elementor-element-8051c04 elementor-widget elementor-widget-text-editor\" data-id=\"8051c04\" data-element_type=\"widget\" data-widget_type=\"text-editor.default\">\n\t\t\t\t<div class=\"elementor-widget-container\">\n\t\t\t\t\t\t\t<p>mProfi jest<strong> specjalistyczn\u0105 platform\u0105 telekomunikacyjn\u0105<\/strong> dla wsparcia proces\u00f3w telesprzeda\u017cowych i utrzymania oraz budowania relacji z klientami.<\/p>\n<p>Ide\u0105 dzia\u0142ania platformy jest prostota oraz intuicyjno\u015b\u0107 obs\u0142ugi.<\/p>\n<p>mProfi to tak\u017ce doskona\u0142e <strong>narz\u0119dzie promocyjne<\/strong>, kt\u00f3re wyr\u0119cza firmy w prowadzeniu dzia\u0142a\u0144 marketingowych:<\/p>\t\t\t\t\t\t<\/div>\n\t\t\t\t<\/div>\n\t\t\t\t<div class=\"elementor-element elementor-element-58de524 premium-type-column elementor-widget elementor-widget-premium-icon-list\" data-id=\"58de524\" data-element_type=\"widget\" data-settings=\"{&quot;rbadges_repeater&quot;:[]}\" data-widget_type=\"premium-icon-list.default\">\n\t\t\t\t<div class=\"elementor-widget-container\">\n\t\t\t\t\t\t<ul class=\"premium-bullet-list-box\">\r\n\t\t\r\n\t\t\t<li class=\"premium-bullet-list-content elementor-repeater-item-8ae20d8\">\r\n\t\t\t\t<div class=\"premium-bullet-list-text\">\r\n\t\t\t\t\t\t\t\t<div class=\"premium-bullet-list-wrapper\">\r\n\t\t\t\t\t<div class=\"premium-drawable-icon\"><i class=\"premium-svg-nodraw fas fa-square-full\" aria-hidden=\"true\"><\/i><\/div>\t\t\t\t<\/div>\r\n\t\t\t\t\r\n\t\t\t\t<span   data-text=\"dystrybucja informacji\/agendy na temat danego wydarzenia\"> dystrybucja informacji\/agendy na temat danego wydarzenia <\/span>\r\n\t\t\t\t<\/div>\r\n\r\n\t\t\t\t\r\n\t\t\t\t\r\n\t\t\t<\/li>\r\n\r\n\t\t\t\t\r\n\t\t\t<li class=\"premium-bullet-list-content elementor-repeater-item-1425f8b\">\r\n\t\t\t\t<div class=\"premium-bullet-list-text\">\r\n\t\t\t\t\t\t\t\t<div class=\"premium-bullet-list-wrapper\">\r\n\t\t\t\t\t<div class=\"premium-drawable-icon\"><i class=\"premium-svg-nodraw fas fa-square-full\" aria-hidden=\"true\"><\/i><\/div>\t\t\t\t<\/div>\r\n\t\t\t\t\r\n\t\t\t\t<span   data-text=\"przeprowadzanie g\u0142osowania lub ankiety\"> przeprowadzanie g\u0142osowania lub ankiety <\/span>\r\n\t\t\t\t<\/div>\r\n\r\n\t\t\t\t\r\n\t\t\t\t\r\n\t\t\t<\/li>\r\n\r\n\t\t\t\t\r\n\t\t\t<li class=\"premium-bullet-list-content elementor-repeater-item-d0db505\">\r\n\t\t\t\t<div class=\"premium-bullet-list-text\">\r\n\t\t\t\t\t\t\t\t<div class=\"premium-bullet-list-wrapper\">\r\n\t\t\t\t\t<div class=\"premium-drawable-icon\"><i class=\"premium-svg-nodraw fas fa-square-full\" aria-hidden=\"true\"><\/i><\/div>\t\t\t\t<\/div>\r\n\t\t\t\t\r\n\t\t\t\t<span   data-text=\"zbieranie opinii o danym produkcie\"> zbieranie opinii o danym produkcie <\/span>\r\n\t\t\t\t<\/div>\r\n\r\n\t\t\t\t\r\n\t\t\t\t\r\n\t\t\t<\/li>\r\n\r\n\t\t\t\t\t\t<\/ul>\r\n\t\t\t\t<\/div>\n\t\t\t\t<\/div>\n\t\t\t\t\t<\/div>\n\t\t<\/div>\n\t\t\t\t<div class=\"elementor-column elementor-col-50 elementor-top-column elementor-element elementor-element-23d059d\" data-id=\"23d059d\" data-element_type=\"column\">\n\t\t\t<div class=\"elementor-widget-wrap elementor-element-populated\">\n\t\t\t\t\t\t\t\t<div class=\"elementor-element elementor-element-36a96ac premium-title-center premium-title-color elementor-widget elementor-widget-premium-addon-title\" data-id=\"36a96ac\" data-element_type=\"widget\" data-widget_type=\"premium-addon-title.default\">\n\t\t\t\t<div class=\"elementor-widget-container\">\n\t\t\t\r\n\t\t<div class=\"premium-title-container style3\">\r\n\t\t\t<h4 class=\"premium-title-header premium-title-style3\">\r\n\t\t\t\t\r\n\t\t\t\t\r\n\t\t\t\t\t\t\t\t\t\t\t\t<span class=\"premium-title-text\" >\r\n\t\t\t\t\tZastosowania\t\t\t\t<\/span>\r\n\t\t\t\t\t\r\n\t\t\t\t\t\t\t\t\t\t\t<\/h4>\r\n\t\t<\/div>\r\n\r\n\t\t\t\t<\/div>\n\t\t\t\t<\/div>\n\t\t\t\t<div class=\"elementor-element elementor-element-bd0342d elementor-widget elementor-widget-text-editor\" data-id=\"bd0342d\" data-element_type=\"widget\" data-widget_type=\"text-editor.default\">\n\t\t\t\t<div class=\"elementor-widget-container\">\n\t\t\t\t\t\t\t<p><!-- wp:paragraph \/--><!-- wp:heading --><\/p>\n<p><!-- \/wp:heading --><!-- wp:paragraph --><\/p>\n<p>mProfi to rozwi\u0105zanie niezwykle wygodne. Pomo\u017ce sprzeda\u0107, utrzyma\u0107 oraz windykowa\u0107, pobudza\u0107, aktywizowa\u0107, zabawia\u0107.<\/p>\n<p>Naszym klientom przekazujemy narz\u0119dzia umo\u017cliwiaj\u0105ce samodzielne, masowe wysy\u0142anie wiadomo\u015bci, powiadomie\u0144 (np. w formie SMS) do sieci kom\u00f3rkowych i wiadomo\u015bci g\u0142osowych &#8211; tak\u017ce do posiadaczy telefon\u00f3w stacjonarnych.<\/p>\n<p>Bardzo wa\u017cnym elementem us\u0142ugi mProfi.pl s\u0105 modu\u0142y do tworzenia baz kontakt\u00f3w: klient\u00f3w, petent\u00f3w, pacjent\u00f3w oraz pracownik\u00f3w.<\/p>\n<p><!-- \/wp:paragraph --><!-- wp:paragraph --><\/p>\n<p>Wi\u0119cej informacji na stronie <a href=\"http:\/\/www.mProfi.pl\">www.mProfi.pl<\/a><\/p>\n<p><!-- \/wp:paragraph --><\/p>\t\t\t\t\t\t<\/div>\n\t\t\t\t<\/div>\n\t\t\t\t\t<\/div>\n\t\t<\/div>\n\t\t\t\t\t\t\t<\/div>\n\t\t<\/section>\n\t\t\t\t\t\t\t<\/div>\n\t\t","protected":false},"excerpt":{"rendered":"<p>mProfi.pl stanowi nasz\u0105 odpowied\u017a na rosn\u0105ce potrzeby Klient\u00f3w z sektora ma\u0142ych i \u015brednich firm. Us\u0142ugi mProfi jest specjalistyczn\u0105 platform\u0105 telekomunikacyjn\u0105 dla wsparcia proces\u00f3w telesprzeda\u017cowych i utrzymania oraz budowania relacji z klientami. Ide\u0105 dzia\u0142ania platformy jest prostota oraz intuicyjno\u015b\u0107 obs\u0142ugi. mProfi to tak\u017ce doskona\u0142e narz\u0119dzie promocyjne, kt\u00f3re wyr\u0119cza firmy w prowadzeniu dzia\u0142a\u0144 marketingowych: dystrybucja informacji\/agendy na [&hellip;]<\/p>\n","protected":false},"author":1,"featured_media":137,"parent":240,"menu_order":4,"comment_status":"closed","ping_status":"closed","template":"","meta":{"footnotes":""},"yoast_head":"<!-- This site is optimized with the Yoast SEO plugin v21.8 - https:\/\/yoast.com\/wordpress\/plugins\/seo\/ -->\n<title>mProfi - COMVERGA Poland<\/title>\n<meta name=\"robots\" content=\"index, follow, max-snippet:-1, max-image-preview:large, max-video-preview:-1\" \/>\n<link rel=\"canonical\" href=\"https:\/\/new.comverga.com\/pol\/uslugi\/oprogramowanie-jako-usluga-platforma-jako-usluga\/mprofi\/\" \/>\n<meta property=\"og:locale\" content=\"en_US\" \/>\n<meta property=\"og:type\" content=\"article\" \/>\n<meta property=\"og:title\" content=\"mProfi - COMVERGA Poland\" \/>\n<meta property=\"og:description\" content=\"mProfi.pl stanowi nasz\u0105 odpowied\u017a na rosn\u0105ce potrzeby Klient\u00f3w z sektora ma\u0142ych i \u015brednich firm. Us\u0142ugi mProfi jest specjalistyczn\u0105 platform\u0105 telekomunikacyjn\u0105 dla wsparcia proces\u00f3w telesprzeda\u017cowych i utrzymania oraz budowania relacji z klientami. Ide\u0105 dzia\u0142ania platformy jest prostota oraz intuicyjno\u015b\u0107 obs\u0142ugi. mProfi to tak\u017ce doskona\u0142e narz\u0119dzie promocyjne, kt\u00f3re wyr\u0119cza firmy w prowadzeniu dzia\u0142a\u0144 marketingowych: dystrybucja informacji\/agendy na [&hellip;]\" \/>\n<meta property=\"og:url\" content=\"https:\/\/new.comverga.com\/pol\/uslugi\/oprogramowanie-jako-usluga-platforma-jako-usluga\/mprofi\/\" \/>\n<meta property=\"og:site_name\" content=\"COMVERGA Poland\" \/>\n<meta property=\"article:modified_time\" content=\"2021-01-28T19:48:28+00:00\" \/>\n<meta property=\"og:image\" content=\"https:\/\/new.comverga.com\/pol\/wp-content\/uploads\/sites\/2\/2020\/11\/mprofi-1.jpg\" \/>\n\t<meta property=\"og:image:width\" content=\"1920\" \/>\n\t<meta property=\"og:image:height\" content=\"955\" \/>\n\t<meta property=\"og:image:type\" content=\"image\/jpeg\" \/>\n<meta name=\"twitter:card\" content=\"summary_large_image\" \/>\n<meta name=\"twitter:label1\" content=\"Est. reading time\" \/>\n\t<meta name=\"twitter:data1\" content=\"1 minute\" \/>\n<script type=\"application\/ld+json\" class=\"yoast-schema-graph\">{\"@context\":\"https:\/\/schema.org\",\"@graph\":[{\"@type\":\"WebPage\",\"@id\":\"https:\/\/new.comverga.com\/pol\/uslugi\/oprogramowanie-jako-usluga-platforma-jako-usluga\/mprofi\/\",\"url\":\"https:\/\/new.comverga.com\/pol\/uslugi\/oprogramowanie-jako-usluga-platforma-jako-usluga\/mprofi\/\",\"name\":\"mProfi - COMVERGA Poland\",\"isPartOf\":{\"@id\":\"https:\/\/new.comverga.com\/pol\/#website\"},\"datePublished\":\"2020-11-27T15:47:25+00:00\",\"dateModified\":\"2021-01-28T19:48:28+00:00\",\"breadcrumb\":{\"@id\":\"https:\/\/new.comverga.com\/pol\/uslugi\/oprogramowanie-jako-usluga-platforma-jako-usluga\/mprofi\/#breadcrumb\"},\"inLanguage\":\"en-US\",\"potentialAction\":[{\"@type\":\"ReadAction\",\"target\":[\"https:\/\/new.comverga.com\/pol\/uslugi\/oprogramowanie-jako-usluga-platforma-jako-usluga\/mprofi\/\"]}]},{\"@type\":\"BreadcrumbList\",\"@id\":\"https:\/\/new.comverga.com\/pol\/uslugi\/oprogramowanie-jako-usluga-platforma-jako-usluga\/mprofi\/#breadcrumb\",\"itemListElement\":[{\"@type\":\"ListItem\",\"position\":1,\"name\":\"Us\u0142ugi\",\"item\":\"https:\/\/new.comverga.com\/pol\/uslugi\/\"},{\"@type\":\"ListItem\",\"position\":2,\"name\":\"Oprogramowanie jako us\u0142uga \/ platforma jako us\u0142uga\",\"item\":\"https:\/\/new.comverga.com\/pol\/uslugi\/oprogramowanie-jako-usluga-platforma-jako-usluga\/\"},{\"@type\":\"ListItem\",\"position\":3,\"name\":\"mProfi\"}]},{\"@type\":\"WebSite\",\"@id\":\"https:\/\/new.comverga.com\/pol\/#website\",\"url\":\"https:\/\/new.comverga.com\/pol\/\",\"name\":\"COMVERGA Poland\",\"description\":\"Comverga Poland\",\"publisher\":{\"@id\":\"https:\/\/new.comverga.com\/pol\/#organization\"},\"potentialAction\":[{\"@type\":\"SearchAction\",\"target\":{\"@type\":\"EntryPoint\",\"urlTemplate\":\"https:\/\/new.comverga.com\/pol\/?s={search_term_string}\"},\"query-input\":\"required name=search_term_string\"}],\"inLanguage\":\"en-US\"},{\"@type\":\"Organization\",\"@id\":\"https:\/\/new.comverga.com\/pol\/#organization\",\"name\":\"COMVERGA Poland\",\"url\":\"https:\/\/new.comverga.com\/pol\/\",\"logo\":{\"@type\":\"ImageObject\",\"inLanguage\":\"en-US\",\"@id\":\"https:\/\/new.comverga.com\/pol\/#\/schema\/logo\/image\/\",\"url\":\"https:\/\/new.comverga.com\/pol\/wp-content\/uploads\/sites\/2\/2020\/11\/Comverga_CC.png\",\"contentUrl\":\"https:\/\/new.comverga.com\/pol\/wp-content\/uploads\/sites\/2\/2020\/11\/Comverga_CC.png\",\"width\":800,\"height\":800,\"caption\":\"COMVERGA Poland\"},\"image\":{\"@id\":\"https:\/\/new.comverga.com\/pol\/#\/schema\/logo\/image\/\"}}]}<\/script>\n<!-- \/ Yoast SEO plugin. -->","yoast_head_json":{"title":"mProfi - COMVERGA Poland","robots":{"index":"index","follow":"follow","max-snippet":"max-snippet:-1","max-image-preview":"max-image-preview:large","max-video-preview":"max-video-preview:-1"},"canonical":"https:\/\/new.comverga.com\/pol\/uslugi\/oprogramowanie-jako-usluga-platforma-jako-usluga\/mprofi\/","og_locale":"en_US","og_type":"article","og_title":"mProfi - COMVERGA Poland","og_description":"mProfi.pl stanowi nasz\u0105 odpowied\u017a na rosn\u0105ce potrzeby Klient\u00f3w z sektora ma\u0142ych i \u015brednich firm. Us\u0142ugi mProfi jest specjalistyczn\u0105 platform\u0105 telekomunikacyjn\u0105 dla wsparcia proces\u00f3w telesprzeda\u017cowych i utrzymania oraz budowania relacji z klientami. Ide\u0105 dzia\u0142ania platformy jest prostota oraz intuicyjno\u015b\u0107 obs\u0142ugi. mProfi to tak\u017ce doskona\u0142e narz\u0119dzie promocyjne, kt\u00f3re wyr\u0119cza firmy w prowadzeniu dzia\u0142a\u0144 marketingowych: dystrybucja informacji\/agendy na [&hellip;]","og_url":"https:\/\/new.comverga.com\/pol\/uslugi\/oprogramowanie-jako-usluga-platforma-jako-usluga\/mprofi\/","og_site_name":"COMVERGA Poland","article_modified_time":"2021-01-28T19:48:28+00:00","og_image":[{"width":1920,"height":955,"url":"https:\/\/new.comverga.com\/pol\/wp-content\/uploads\/sites\/2\/2020\/11\/mprofi-1.jpg","type":"image\/jpeg"}],"twitter_card":"summary_large_image","twitter_misc":{"Est. reading time":"1 minute"},"schema":{"@context":"https:\/\/schema.org","@graph":[{"@type":"WebPage","@id":"https:\/\/new.comverga.com\/pol\/uslugi\/oprogramowanie-jako-usluga-platforma-jako-usluga\/mprofi\/","url":"https:\/\/new.comverga.com\/pol\/uslugi\/oprogramowanie-jako-usluga-platforma-jako-usluga\/mprofi\/","name":"mProfi - COMVERGA Poland","isPartOf":{"@id":"https:\/\/new.comverga.com\/pol\/#website"},"datePublished":"2020-11-27T15:47:25+00:00","dateModified":"2021-01-28T19:48:28+00:00","breadcrumb":{"@id":"https:\/\/new.comverga.com\/pol\/uslugi\/oprogramowanie-jako-usluga-platforma-jako-usluga\/mprofi\/#breadcrumb"},"inLanguage":"en-US","potentialAction":[{"@type":"ReadAction","target":["https:\/\/new.comverga.com\/pol\/uslugi\/oprogramowanie-jako-usluga-platforma-jako-usluga\/mprofi\/"]}]},{"@type":"BreadcrumbList","@id":"https:\/\/new.comverga.com\/pol\/uslugi\/oprogramowanie-jako-usluga-platforma-jako-usluga\/mprofi\/#breadcrumb","itemListElement":[{"@type":"ListItem","position":1,"name":"Us\u0142ugi","item":"https:\/\/new.comverga.com\/pol\/uslugi\/"},{"@type":"ListItem","position":2,"name":"Oprogramowanie jako us\u0142uga \/ platforma jako us\u0142uga","item":"https:\/\/new.comverga.com\/pol\/uslugi\/oprogramowanie-jako-usluga-platforma-jako-usluga\/"},{"@type":"ListItem","position":3,"name":"mProfi"}]},{"@type":"WebSite","@id":"https:\/\/new.comverga.com\/pol\/#website","url":"https:\/\/new.comverga.com\/pol\/","name":"COMVERGA Poland","description":"Comverga Poland","publisher":{"@id":"https:\/\/new.comverga.com\/pol\/#organization"},"potentialAction":[{"@type":"SearchAction","target":{"@type":"EntryPoint","urlTemplate":"https:\/\/new.comverga.com\/pol\/?s={search_term_string}"},"query-input":"required name=search_term_string"}],"inLanguage":"en-US"},{"@type":"Organization","@id":"https:\/\/new.comverga.com\/pol\/#organization","name":"COMVERGA Poland","url":"https:\/\/new.comverga.com\/pol\/","logo":{"@type":"ImageObject","inLanguage":"en-US","@id":"https:\/\/new.comverga.com\/pol\/#\/schema\/logo\/image\/","url":"https:\/\/new.comverga.com\/pol\/wp-content\/uploads\/sites\/2\/2020\/11\/Comverga_CC.png","contentUrl":"https:\/\/new.comverga.com\/pol\/wp-content\/uploads\/sites\/2\/2020\/11\/Comverga_CC.png","width":800,"height":800,"caption":"COMVERGA Poland"},"image":{"@id":"https:\/\/new.comverga.com\/pol\/#\/schema\/logo\/image\/"}}]}},"_links":{"self":[{"href":"https:\/\/new.comverga.com\/pol\/wp-json\/wp\/v2\/pages\/607"}],"collection":[{"href":"https:\/\/new.comverga.com\/pol\/wp-json\/wp\/v2\/pages"}],"about":[{"href":"https:\/\/new.comverga.com\/pol\/wp-json\/wp\/v2\/types\/page"}],"author":[{"embeddable":true,"href":"https:\/\/new.comverga.com\/pol\/wp-json\/wp\/v2\/users\/1"}],"replies":[{"embeddable":true,"href":"https:\/\/new.comverga.com\/pol\/wp-json\/wp\/v2\/comments?post=607"}],"version-history":[{"count":31,"href":"https:\/\/new.comverga.com\/pol\/wp-json\/wp\/v2\/pages\/607\/revisions"}],"predecessor-version":[{"id":1818,"href":"https:\/\/new.comverga.com\/pol\/wp-json\/wp\/v2\/pages\/607\/revisions\/1818"}],"up":[{"embeddable":true,"href":"https:\/\/new.comverga.com\/pol\/wp-json\/wp\/v2\/pages\/240"}],"wp:featuredmedia":[{"embeddable":true,"href":"https:\/\/new.comverga.com\/pol\/wp-json\/wp\/v2\/media\/137"}],"wp:attachment":[{"href":"https:\/\/new.comverga.com\/pol\/wp-json\/wp\/v2\/media?parent=607"}],"curies":[{"name":"wp","href":"https:\/\/api.w.org\/{rel}","templated":true}]}}