{"id":502,"date":"2020-11-26T12:26:55","date_gmt":"2020-11-26T11:26:55","guid":{"rendered":"https:\/\/www.comverga.com\/?page_id=502"},"modified":"2021-02-01T12:46:04","modified_gmt":"2021-02-01T11:46:04","slug":"sms-apps","status":"publish","type":"page","link":"https:\/\/new.comverga.com\/pol\/uslugi\/uslugi-sms-wiadomosci\/sms-apps\/","title":{"rendered":"SMS w aplikacjach"},"content":{"rendered":"\t\t<div data-elementor-type=\"wp-page\" data-elementor-id=\"502\" class=\"elementor elementor-502\">\n\t\t\t\t\t\t\t\t\t<section class=\"elementor-section elementor-top-section elementor-element elementor-element-5307b70 elementor-section-stretched elementor-section-boxed elementor-section-height-default elementor-section-height-default\" data-id=\"5307b70\" data-element_type=\"section\" data-settings=\"{&quot;stretch_section&quot;:&quot;section-stretched&quot;,&quot;background_background&quot;:&quot;classic&quot;}\">\n\t\t\t\t\t\t<div class=\"elementor-container elementor-column-gap-default\">\n\t\t\t\t\t<div class=\"elementor-column elementor-col-100 elementor-top-column elementor-element elementor-element-1ccb3025\" data-id=\"1ccb3025\" data-element_type=\"column\">\n\t\t\t<div class=\"elementor-widget-wrap elementor-element-populated\">\n\t\t\t\t\t\t\t\t<div class=\"elementor-element elementor-element-284ffc1 elementor-widget elementor-widget-text-editor\" data-id=\"284ffc1\" data-element_type=\"widget\" data-widget_type=\"text-editor.default\">\n\t\t\t\t<div class=\"elementor-widget-container\">\n\t\t\t\t\t\t\t<!-- wp:paragraph -->\n<p>W oparciu o komunikacj\u0119 SMS buduje si\u0119 szereg konkretnych aplikacji, wykorzystuj\u0105cych g\u0142\u00f3wnie szybk\u0105, osobist\u0105 i dwukierunkow\u0105 komunikacj\u0119, takich jak przyjmowanie i przetwarzanie zam\u00f3wie\u0144, badania satysfakcji klient\u00f3w, us\u0142ugi powiadamiania, bilety, op\u0142aty parkingowe, kody dost\u0119powe i wiele innych.<\/p>\n<!-- \/wp:paragraph -->\t\t\t\t\t\t<\/div>\n\t\t\t\t<\/div>\n\t\t\t\t\t<\/div>\n\t\t<\/div>\n\t\t\t\t\t\t\t<\/div>\n\t\t<\/section>\n\t\t\t\t\t\t\t<\/div>\n\t\t","protected":false},"excerpt":{"rendered":"<p>W oparciu o komunikacj\u0119 SMS buduje si\u0119 szereg konkretnych aplikacji, wykorzystuj\u0105cych g\u0142\u00f3wnie szybk\u0105, osobist\u0105 i dwukierunkow\u0105 komunikacj\u0119, takich jak przyjmowanie i przetwarzanie zam\u00f3wie\u0144, badania satysfakcji klient\u00f3w, us\u0142ugi powiadamiania, bilety, op\u0142aty parkingowe, kody dost\u0119powe i wiele innych.<\/p>\n","protected":false},"author":1,"featured_media":136,"parent":235,"menu_order":0,"comment_status":"closed","ping_status":"closed","template":"","meta":{"footnotes":""},"yoast_head":"<!-- This site is optimized with the Yoast SEO plugin v21.8 - https:\/\/yoast.com\/wordpress\/plugins\/seo\/ -->\n<title>SMS w aplikacjach - COMVERGA Poland<\/title>\n<meta name=\"robots\" content=\"index, follow, max-snippet:-1, max-image-preview:large, max-video-preview:-1\" \/>\n<link rel=\"canonical\" href=\"https:\/\/new.comverga.com\/pol\/uslugi\/uslugi-sms-wiadomosci\/sms-apps\/\" \/>\n<meta property=\"og:locale\" content=\"en_US\" \/>\n<meta property=\"og:type\" content=\"article\" \/>\n<meta property=\"og:title\" content=\"SMS w aplikacjach - COMVERGA Poland\" \/>\n<meta property=\"og:description\" content=\"W oparciu o komunikacj\u0119 SMS buduje si\u0119 szereg konkretnych aplikacji, wykorzystuj\u0105cych g\u0142\u00f3wnie szybk\u0105, osobist\u0105 i dwukierunkow\u0105 komunikacj\u0119, takich jak przyjmowanie i przetwarzanie zam\u00f3wie\u0144, badania satysfakcji klient\u00f3w, us\u0142ugi powiadamiania, bilety, op\u0142aty parkingowe, kody dost\u0119powe i wiele innych.\" \/>\n<meta property=\"og:url\" content=\"https:\/\/new.comverga.com\/pol\/uslugi\/uslugi-sms-wiadomosci\/sms-apps\/\" \/>\n<meta property=\"og:site_name\" content=\"COMVERGA Poland\" \/>\n<meta property=\"article:modified_time\" content=\"2021-02-01T11:46:04+00:00\" \/>\n<meta property=\"og:image\" content=\"https:\/\/new.comverga.com\/pol\/wp-content\/uploads\/sites\/2\/2020\/11\/mobilny-marketing-1.jpg\" \/>\n\t<meta property=\"og:image:width\" content=\"1920\" \/>\n\t<meta property=\"og:image:height\" content=\"620\" \/>\n\t<meta property=\"og:image:type\" content=\"image\/jpeg\" \/>\n<meta name=\"twitter:card\" content=\"summary_large_image\" \/>\n<script type=\"application\/ld+json\" class=\"yoast-schema-graph\">{\"@context\":\"https:\/\/schema.org\",\"@graph\":[{\"@type\":\"WebPage\",\"@id\":\"https:\/\/new.comverga.com\/pol\/uslugi\/uslugi-sms-wiadomosci\/sms-apps\/\",\"url\":\"https:\/\/new.comverga.com\/pol\/uslugi\/uslugi-sms-wiadomosci\/sms-apps\/\",\"name\":\"SMS w aplikacjach - COMVERGA Poland\",\"isPartOf\":{\"@id\":\"https:\/\/new.comverga.com\/pol\/#website\"},\"datePublished\":\"2020-11-26T11:26:55+00:00\",\"dateModified\":\"2021-02-01T11:46:04+00:00\",\"breadcrumb\":{\"@id\":\"https:\/\/new.comverga.com\/pol\/uslugi\/uslugi-sms-wiadomosci\/sms-apps\/#breadcrumb\"},\"inLanguage\":\"en-US\",\"potentialAction\":[{\"@type\":\"ReadAction\",\"target\":[\"https:\/\/new.comverga.com\/pol\/uslugi\/uslugi-sms-wiadomosci\/sms-apps\/\"]}]},{\"@type\":\"BreadcrumbList\",\"@id\":\"https:\/\/new.comverga.com\/pol\/uslugi\/uslugi-sms-wiadomosci\/sms-apps\/#breadcrumb\",\"itemListElement\":[{\"@type\":\"ListItem\",\"position\":1,\"name\":\"Us\u0142ugi\",\"item\":\"https:\/\/new.comverga.com\/pol\/uslugi\/\"},{\"@type\":\"ListItem\",\"position\":2,\"name\":\"Masowa wysy\u0142ka SMS\",\"item\":\"https:\/\/new.comverga.com\/pol\/uslugi\/uslugi-sms-wiadomosci\/\"},{\"@type\":\"ListItem\",\"position\":3,\"name\":\"SMS w aplikacjach\"}]},{\"@type\":\"WebSite\",\"@id\":\"https:\/\/new.comverga.com\/pol\/#website\",\"url\":\"https:\/\/new.comverga.com\/pol\/\",\"name\":\"COMVERGA Poland\",\"description\":\"Comverga Poland\",\"publisher\":{\"@id\":\"https:\/\/new.comverga.com\/pol\/#organization\"},\"potentialAction\":[{\"@type\":\"SearchAction\",\"target\":{\"@type\":\"EntryPoint\",\"urlTemplate\":\"https:\/\/new.comverga.com\/pol\/?s={search_term_string}\"},\"query-input\":\"required name=search_term_string\"}],\"inLanguage\":\"en-US\"},{\"@type\":\"Organization\",\"@id\":\"https:\/\/new.comverga.com\/pol\/#organization\",\"name\":\"COMVERGA Poland\",\"url\":\"https:\/\/new.comverga.com\/pol\/\",\"logo\":{\"@type\":\"ImageObject\",\"inLanguage\":\"en-US\",\"@id\":\"https:\/\/new.comverga.com\/pol\/#\/schema\/logo\/image\/\",\"url\":\"https:\/\/new.comverga.com\/pol\/wp-content\/uploads\/sites\/2\/2020\/11\/Comverga_CC.png\",\"contentUrl\":\"https:\/\/new.comverga.com\/pol\/wp-content\/uploads\/sites\/2\/2020\/11\/Comverga_CC.png\",\"width\":800,\"height\":800,\"caption\":\"COMVERGA Poland\"},\"image\":{\"@id\":\"https:\/\/new.comverga.com\/pol\/#\/schema\/logo\/image\/\"}}]}<\/script>\n<!-- \/ Yoast SEO plugin. -->","yoast_head_json":{"title":"SMS w aplikacjach - COMVERGA Poland","robots":{"index":"index","follow":"follow","max-snippet":"max-snippet:-1","max-image-preview":"max-image-preview:large","max-video-preview":"max-video-preview:-1"},"canonical":"https:\/\/new.comverga.com\/pol\/uslugi\/uslugi-sms-wiadomosci\/sms-apps\/","og_locale":"en_US","og_type":"article","og_title":"SMS w aplikacjach - COMVERGA Poland","og_description":"W oparciu o komunikacj\u0119 SMS buduje si\u0119 szereg konkretnych aplikacji, wykorzystuj\u0105cych g\u0142\u00f3wnie szybk\u0105, osobist\u0105 i dwukierunkow\u0105 komunikacj\u0119, takich jak przyjmowanie i przetwarzanie zam\u00f3wie\u0144, badania satysfakcji klient\u00f3w, us\u0142ugi powiadamiania, bilety, op\u0142aty parkingowe, kody dost\u0119powe i wiele innych.","og_url":"https:\/\/new.comverga.com\/pol\/uslugi\/uslugi-sms-wiadomosci\/sms-apps\/","og_site_name":"COMVERGA Poland","article_modified_time":"2021-02-01T11:46:04+00:00","og_image":[{"width":1920,"height":620,"url":"https:\/\/new.comverga.com\/pol\/wp-content\/uploads\/sites\/2\/2020\/11\/mobilny-marketing-1.jpg","type":"image\/jpeg"}],"twitter_card":"summary_large_image","schema":{"@context":"https:\/\/schema.org","@graph":[{"@type":"WebPage","@id":"https:\/\/new.comverga.com\/pol\/uslugi\/uslugi-sms-wiadomosci\/sms-apps\/","url":"https:\/\/new.comverga.com\/pol\/uslugi\/uslugi-sms-wiadomosci\/sms-apps\/","name":"SMS w aplikacjach - COMVERGA Poland","isPartOf":{"@id":"https:\/\/new.comverga.com\/pol\/#website"},"datePublished":"2020-11-26T11:26:55+00:00","dateModified":"2021-02-01T11:46:04+00:00","breadcrumb":{"@id":"https:\/\/new.comverga.com\/pol\/uslugi\/uslugi-sms-wiadomosci\/sms-apps\/#breadcrumb"},"inLanguage":"en-US","potentialAction":[{"@type":"ReadAction","target":["https:\/\/new.comverga.com\/pol\/uslugi\/uslugi-sms-wiadomosci\/sms-apps\/"]}]},{"@type":"BreadcrumbList","@id":"https:\/\/new.comverga.com\/pol\/uslugi\/uslugi-sms-wiadomosci\/sms-apps\/#breadcrumb","itemListElement":[{"@type":"ListItem","position":1,"name":"Us\u0142ugi","item":"https:\/\/new.comverga.com\/pol\/uslugi\/"},{"@type":"ListItem","position":2,"name":"Masowa wysy\u0142ka SMS","item":"https:\/\/new.comverga.com\/pol\/uslugi\/uslugi-sms-wiadomosci\/"},{"@type":"ListItem","position":3,"name":"SMS w aplikacjach"}]},{"@type":"WebSite","@id":"https:\/\/new.comverga.com\/pol\/#website","url":"https:\/\/new.comverga.com\/pol\/","name":"COMVERGA Poland","description":"Comverga Poland","publisher":{"@id":"https:\/\/new.comverga.com\/pol\/#organization"},"potentialAction":[{"@type":"SearchAction","target":{"@type":"EntryPoint","urlTemplate":"https:\/\/new.comverga.com\/pol\/?s={search_term_string}"},"query-input":"required name=search_term_string"}],"inLanguage":"en-US"},{"@type":"Organization","@id":"https:\/\/new.comverga.com\/pol\/#organization","name":"COMVERGA Poland","url":"https:\/\/new.comverga.com\/pol\/","logo":{"@type":"ImageObject","inLanguage":"en-US","@id":"https:\/\/new.comverga.com\/pol\/#\/schema\/logo\/image\/","url":"https:\/\/new.comverga.com\/pol\/wp-content\/uploads\/sites\/2\/2020\/11\/Comverga_CC.png","contentUrl":"https:\/\/new.comverga.com\/pol\/wp-content\/uploads\/sites\/2\/2020\/11\/Comverga_CC.png","width":800,"height":800,"caption":"COMVERGA Poland"},"image":{"@id":"https:\/\/new.comverga.com\/pol\/#\/schema\/logo\/image\/"}}]}},"_links":{"self":[{"href":"https:\/\/new.comverga.com\/pol\/wp-json\/wp\/v2\/pages\/502"}],"collection":[{"href":"https:\/\/new.comverga.com\/pol\/wp-json\/wp\/v2\/pages"}],"about":[{"href":"https:\/\/new.comverga.com\/pol\/wp-json\/wp\/v2\/types\/page"}],"author":[{"embeddable":true,"href":"https:\/\/new.comverga.com\/pol\/wp-json\/wp\/v2\/users\/1"}],"replies":[{"embeddable":true,"href":"https:\/\/new.comverga.com\/pol\/wp-json\/wp\/v2\/comments?post=502"}],"version-history":[{"count":4,"href":"https:\/\/new.comverga.com\/pol\/wp-json\/wp\/v2\/pages\/502\/revisions"}],"predecessor-version":[{"id":1852,"href":"https:\/\/new.comverga.com\/pol\/wp-json\/wp\/v2\/pages\/502\/revisions\/1852"}],"up":[{"embeddable":true,"href":"https:\/\/new.comverga.com\/pol\/wp-json\/wp\/v2\/pages\/235"}],"wp:featuredmedia":[{"embeddable":true,"href":"https:\/\/new.comverga.com\/pol\/wp-json\/wp\/v2\/media\/136"}],"wp:attachment":[{"href":"https:\/\/new.comverga.com\/pol\/wp-json\/wp\/v2\/media?parent=502"}],"curies":[{"name":"wp","href":"https:\/\/api.w.org\/{rel}","templated":true}]}}