{"id":478,"date":"2020-11-26T11:57:27","date_gmt":"2020-11-26T10:57:27","guid":{"rendered":"https:\/\/www.comverga.com\/?page_id=478"},"modified":"2021-02-02T21:00:14","modified_gmt":"2021-02-02T20:00:14","slug":"aplikacje-mobilne","status":"publish","type":"page","link":"https:\/\/new.comverga.com\/pol\/uslugi\/rozzwiazania\/aplikacje-mobilne\/","title":{"rendered":"Aplikacje mobilne"},"content":{"rendered":"\t\t<div data-elementor-type=\"wp-page\" data-elementor-id=\"478\" class=\"elementor elementor-478\">\n\t\t\t\t\t\t\t\t\t<section class=\"elementor-section elementor-top-section elementor-element elementor-element-2067f28b elementor-section-stretched elementor-section-content-middle elementor-section-boxed elementor-section-height-default elementor-section-height-default\" data-id=\"2067f28b\" data-element_type=\"section\" data-settings=\"{&quot;stretch_section&quot;:&quot;section-stretched&quot;,&quot;background_background&quot;:&quot;classic&quot;}\">\n\t\t\t\t\t\t<div class=\"elementor-container elementor-column-gap-default\">\n\t\t\t\t\t<div class=\"elementor-column elementor-col-50 elementor-top-column elementor-element elementor-element-25f2d5f3\" data-id=\"25f2d5f3\" data-element_type=\"column\">\n\t\t\t<div class=\"elementor-widget-wrap elementor-element-populated\">\n\t\t\t\t\t\t\t\t<div class=\"elementor-element elementor-element-498a8f3 elementor-widget elementor-widget-image\" data-id=\"498a8f3\" data-element_type=\"widget\" data-widget_type=\"image.default\">\n\t\t\t\t<div class=\"elementor-widget-container\">\n\t\t\t\t\t\t\t\t\t\t\t\t\t\t\t<img fetchpriority=\"high\" decoding=\"async\" width=\"500\" height=\"450\" src=\"https:\/\/new.comverga.com\/pol\/wp-content\/uploads\/sites\/2\/2021\/02\/apka_ilutracja.png\" class=\"attachment-medium_large size-medium_large wp-image-1894\" alt=\"\" srcset=\"https:\/\/new.comverga.com\/pol\/wp-content\/uploads\/sites\/2\/2021\/02\/apka_ilutracja.png 500w, https:\/\/new.comverga.com\/pol\/wp-content\/uploads\/sites\/2\/2021\/02\/apka_ilutracja-300x270.png 300w\" sizes=\"(max-width: 500px) 100vw, 500px\" \/>\t\t\t\t\t\t\t\t\t\t\t\t\t\t\t<\/div>\n\t\t\t\t<\/div>\n\t\t\t\t\t<\/div>\n\t\t<\/div>\n\t\t\t\t<div class=\"elementor-column elementor-col-50 elementor-top-column elementor-element elementor-element-adc2324\" data-id=\"adc2324\" data-element_type=\"column\">\n\t\t\t<div class=\"elementor-widget-wrap elementor-element-populated\">\n\t\t\t\t\t\t\t\t<div class=\"elementor-element elementor-element-82776ea elementor-widget elementor-widget-text-editor\" data-id=\"82776ea\" data-element_type=\"widget\" data-widget_type=\"text-editor.default\">\n\t\t\t\t<div class=\"elementor-widget-container\">\n\t\t\t\t\t\t\t<p><!-- wp:paragraph --><\/p>\n<p>Na \u015bwiatowym rynku stale pojawiaj\u0105 si\u0119 nowe aplikacje mobilne dla biznesu \u2013 ich liczba mierzona jest w milionach! Wsp\u00f3\u0142czesne smartfony obs\u0142uguj\u0105 ich dziesi\u0105tki, ka\u017cda mo\u017ce s\u0142u\u017cy\u0107 do czego\u015b innego: do zabawy, do rezerwacji restauracji, do przegl\u0105dania zdj\u0119\u0107, czy do komunikacji. My skupiamy si\u0119 jednak na rozwi\u0105zaniach stworzonych specjalnie dla firm, maj\u0105cych celu lepsz\u0105 organizacj\u0119 pracy, zniwelowanie koszt\u00f3w, lepszy kontakt z klientami czy szybsze osi\u0105ganie zysk\u00f3w.<\/p>\n<p><!-- \/wp:paragraph --><!-- wp:paragraph --><\/p>\n<p>Niestety koszt produkcji ka\u017cdego nowego systemu mierzony jest w tygodniach programowania, testowania i publikacji. W zale\u017cno\u015bci od jej z\u0142o\u017cono\u015bci oznacza to cz\u0119sto znacz\u0105c\u0105 inwestycj\u0119.<\/p>\n<p><!-- \/wp:paragraph --><!-- wp:paragraph --><\/p>\n<p>Dlatego stworzyli\u015bmy narz\u0119dzia umo\u017cliwiaj\u0105ce szybkie i efektywne programowanie aplikacji mobilnych dla firm. Dostarczane przez nas rozwi\u0105zania dla biznesu udost\u0119pniane s\u0105 w charakterze komunikatora, w bardzo atrakcyjnej cenie. Obecnie z naszych us\u0142ug korzystaj\u0105 znane i cenione firmy, w tym \u015bwiatowe korporacje oraz instytucje publiczne.<\/p>\n<p><!-- \/wp:paragraph --><!-- wp:heading \/--><\/p>\t\t\t\t\t\t<\/div>\n\t\t\t\t<\/div>\n\t\t\t\t\t<\/div>\n\t\t<\/div>\n\t\t\t\t\t\t\t<\/div>\n\t\t<\/section>\n\t\t\t\t<section class=\"elementor-section elementor-top-section elementor-element elementor-element-1e550e7 elementor-section-content-middle elementor-section-stretched elementor-section-boxed elementor-section-height-default elementor-section-height-default\" data-id=\"1e550e7\" data-element_type=\"section\" data-settings=\"{&quot;stretch_section&quot;:&quot;section-stretched&quot;,&quot;background_background&quot;:&quot;classic&quot;}\">\n\t\t\t\t\t\t<div class=\"elementor-container elementor-column-gap-default\">\n\t\t\t\t\t<div class=\"elementor-column elementor-col-50 elementor-top-column elementor-element elementor-element-de88aee\" data-id=\"de88aee\" data-element_type=\"column\">\n\t\t\t<div class=\"elementor-widget-wrap elementor-element-populated\">\n\t\t\t\t\t\t\t\t<div class=\"elementor-element elementor-element-7b14614 elementor-widget elementor-widget-heading\" data-id=\"7b14614\" data-element_type=\"widget\" data-widget_type=\"heading.default\">\n\t\t\t\t<div class=\"elementor-widget-container\">\n\t\t\t<h2 class=\"elementor-heading-title elementor-size-default\">Personalizacja aplikacji<\/h2>\t\t<\/div>\n\t\t\t\t<\/div>\n\t\t\t\t<div class=\"elementor-element elementor-element-f252875 elementor-widget-divider--view-line elementor-widget elementor-widget-divider\" data-id=\"f252875\" data-element_type=\"widget\" data-widget_type=\"divider.default\">\n\t\t\t\t<div class=\"elementor-widget-container\">\n\t\t\t\t\t<div class=\"elementor-divider\">\n\t\t\t<span class=\"elementor-divider-separator\">\n\t\t\t\t\t\t<\/span>\n\t\t<\/div>\n\t\t\t\t<\/div>\n\t\t\t\t<\/div>\n\t\t\t\t<div class=\"elementor-element elementor-element-fe70c09 elementor-widget elementor-widget-text-editor\" data-id=\"fe70c09\" data-element_type=\"widget\" data-widget_type=\"text-editor.default\">\n\t\t\t\t<div class=\"elementor-widget-container\">\n\t\t\t\t\t\t\t<p>Nasz komunikator dzia\u0142a w oparciu o jednolity framework, dzi\u0119ki kt\u00f3remu aplikacja powstaje szybko i sprawnie. Mimo to ka\u017cda aplikacja mo\u017ce zachowa\u0107 sw\u00f3j indywidualny charakter dzi\u0119ki personalizacji szeregu element\u00f3w wizualnych. Dlatego poszczeg\u00f3lne elementy szaty graficznej, kolorystyka, dane kontaktowe i formularze wiadomo\u015bci zwrotnych s\u0105 projektowane dla ka\u017cdej aplikacji oddzielnie zgodnie z wytycznymi Klienta.<\/p>\n<p><!-- \/wp:paragraph --><!-- wp:paragraph --><\/p>\n<p>Podobnie jest z regulaminem us\u0142ugi i kana\u0142ami informacyjnymi &#8211; ka\u017cdy u\u017cytkownik aplikacji sam decyduje jakie tre\u015bci chce otrzymywa\u0107 od nadawcy.<\/p>\t\t\t\t\t\t<\/div>\n\t\t\t\t<\/div>\n\t\t\t\t\t<\/div>\n\t\t<\/div>\n\t\t\t\t<div class=\"elementor-column elementor-col-50 elementor-top-column elementor-element elementor-element-85af45e\" data-id=\"85af45e\" data-element_type=\"column\">\n\t\t\t<div class=\"elementor-widget-wrap elementor-element-populated\">\n\t\t\t\t\t\t\t\t<div class=\"elementor-element elementor-element-87eb9ae elementor-widget elementor-widget-image\" data-id=\"87eb9ae\" data-element_type=\"widget\" data-widget_type=\"image.default\">\n\t\t\t\t<div class=\"elementor-widget-container\">\n\t\t\t\t\t\t\t\t\t\t\t\t\t\t\t<img decoding=\"async\" width=\"580\" height=\"464\" src=\"https:\/\/new.comverga.com\/pol\/wp-content\/uploads\/sites\/2\/2021\/02\/komunikator-1-768x614.png\" class=\"attachment-medium_large size-medium_large wp-image-1906\" alt=\"\" srcset=\"https:\/\/new.comverga.com\/pol\/wp-content\/uploads\/sites\/2\/2021\/02\/komunikator-1-768x614.png 768w, https:\/\/new.comverga.com\/pol\/wp-content\/uploads\/sites\/2\/2021\/02\/komunikator-1-300x240.png 300w, https:\/\/new.comverga.com\/pol\/wp-content\/uploads\/sites\/2\/2021\/02\/komunikator-1.png 1000w\" sizes=\"(max-width: 580px) 100vw, 580px\" \/>\t\t\t\t\t\t\t\t\t\t\t\t\t\t\t<\/div>\n\t\t\t\t<\/div>\n\t\t\t\t\t<\/div>\n\t\t<\/div>\n\t\t\t\t\t\t\t<\/div>\n\t\t<\/section>\n\t\t\t\t<section class=\"elementor-section elementor-top-section elementor-element elementor-element-1eddd23 elementor-section-content-middle elementor-section-stretched elementor-section-boxed elementor-section-height-default elementor-section-height-default\" data-id=\"1eddd23\" data-element_type=\"section\" data-settings=\"{&quot;stretch_section&quot;:&quot;section-stretched&quot;,&quot;background_background&quot;:&quot;classic&quot;}\">\n\t\t\t\t\t\t<div class=\"elementor-container elementor-column-gap-default\">\n\t\t\t\t\t<div class=\"elementor-column elementor-col-50 elementor-top-column elementor-element elementor-element-827a152\" data-id=\"827a152\" data-element_type=\"column\">\n\t\t\t<div class=\"elementor-widget-wrap elementor-element-populated\">\n\t\t\t\t\t\t\t\t<div class=\"elementor-element elementor-element-2172c72 elementor-widget elementor-widget-image\" data-id=\"2172c72\" data-element_type=\"widget\" data-widget_type=\"image.default\">\n\t\t\t\t<div class=\"elementor-widget-container\">\n\t\t\t\t\t\t\t\t\t\t\t\t\t\t\t<img decoding=\"async\" width=\"580\" height=\"387\" src=\"https:\/\/new.comverga.com\/pol\/wp-content\/uploads\/sites\/2\/2021\/01\/mprofi-768x512.jpg\" class=\"attachment-medium_large size-medium_large wp-image-1114\" alt=\"\" srcset=\"https:\/\/new.comverga.com\/pol\/wp-content\/uploads\/sites\/2\/2021\/01\/mprofi-768x512.jpg 768w, https:\/\/new.comverga.com\/pol\/wp-content\/uploads\/sites\/2\/2021\/01\/mprofi-300x200.jpg 300w, https:\/\/new.comverga.com\/pol\/wp-content\/uploads\/sites\/2\/2021\/01\/mprofi.jpg 800w\" sizes=\"(max-width: 580px) 100vw, 580px\" \/>\t\t\t\t\t\t\t\t\t\t\t\t\t\t\t<\/div>\n\t\t\t\t<\/div>\n\t\t\t\t\t<\/div>\n\t\t<\/div>\n\t\t\t\t<div class=\"elementor-column elementor-col-50 elementor-top-column elementor-element elementor-element-0173020\" data-id=\"0173020\" data-element_type=\"column\">\n\t\t\t<div class=\"elementor-widget-wrap elementor-element-populated\">\n\t\t\t\t\t\t\t\t<div class=\"elementor-element elementor-element-3e90422 elementor-widget elementor-widget-heading\" data-id=\"3e90422\" data-element_type=\"widget\" data-widget_type=\"heading.default\">\n\t\t\t\t<div class=\"elementor-widget-container\">\n\t\t\t<h2 class=\"elementor-heading-title elementor-size-default\">Komunikacja dwukierunkowa<\/h2>\t\t<\/div>\n\t\t\t\t<\/div>\n\t\t\t\t<div class=\"elementor-element elementor-element-74eaa76 elementor-widget-divider--view-line elementor-widget elementor-widget-divider\" data-id=\"74eaa76\" data-element_type=\"widget\" data-widget_type=\"divider.default\">\n\t\t\t\t<div class=\"elementor-widget-container\">\n\t\t\t\t\t<div class=\"elementor-divider\">\n\t\t\t<span class=\"elementor-divider-separator\">\n\t\t\t\t\t\t<\/span>\n\t\t<\/div>\n\t\t\t\t<\/div>\n\t\t\t\t<\/div>\n\t\t\t\t<div class=\"elementor-element elementor-element-25afbe7 elementor-widget elementor-widget-text-editor\" data-id=\"25afbe7\" data-element_type=\"widget\" data-widget_type=\"text-editor.default\">\n\t\t\t\t<div class=\"elementor-widget-container\">\n\t\t\t\t\t\t\t<p>Nasz\u0105 aplikacj\u0119 nazywamy KOMUNIKATOREM, bo s\u0142u\u017cy do dwukierunkowej wymiany tre\u015bci pomi\u0119dzy administratorem i odbiorcami. Typowym przyk\u0142adem jest relacja URZ\u0104D MIASTA\/GMINY i MIESZKA\u0143CY, lub PARAFIA-WIERNI, czy FIRMA-PRACOWNICY lub DYSTRYBUTOR-KLIENCI. We wszystkich tych \u015brodowiskach niezb\u0119dna jest efektywna, szybka i tania komunikacja. Do rozes\u0142ania s\u0105 tysi\u0105ce komunikat\u00f3w jednej chwili.<\/p>\t\t\t\t\t\t<\/div>\n\t\t\t\t<\/div>\n\t\t\t\t\t<\/div>\n\t\t<\/div>\n\t\t\t\t\t\t\t<\/div>\n\t\t<\/section>\n\t\t\t\t\t\t\t<\/div>\n\t\t","protected":false},"excerpt":{"rendered":"<p>Na \u015bwiatowym rynku stale pojawiaj\u0105 si\u0119 nowe aplikacje mobilne dla biznesu \u2013 ich liczba mierzona jest w milionach! Wsp\u00f3\u0142czesne smartfony obs\u0142uguj\u0105 ich dziesi\u0105tki, ka\u017cda mo\u017ce s\u0142u\u017cy\u0107 do czego\u015b innego: do zabawy, do rezerwacji restauracji, do przegl\u0105dania zdj\u0119\u0107, czy do komunikacji. My skupiamy si\u0119 jednak na rozwi\u0105zaniach stworzonych specjalnie dla firm, maj\u0105cych celu lepsz\u0105 organizacj\u0119 pracy, [&hellip;]<\/p>\n","protected":false},"author":1,"featured_media":144,"parent":249,"menu_order":0,"comment_status":"closed","ping_status":"closed","template":"","meta":{"footnotes":""},"yoast_head":"<!-- This site is optimized with the Yoast SEO plugin v21.8 - https:\/\/yoast.com\/wordpress\/plugins\/seo\/ -->\n<title>Aplikacje mobilne - COMVERGA Poland<\/title>\n<meta name=\"robots\" content=\"index, follow, max-snippet:-1, max-image-preview:large, max-video-preview:-1\" \/>\n<link rel=\"canonical\" href=\"https:\/\/new.comverga.com\/pol\/uslugi\/rozzwiazania\/aplikacje-mobilne\/\" \/>\n<meta property=\"og:locale\" content=\"en_US\" \/>\n<meta property=\"og:type\" content=\"article\" \/>\n<meta property=\"og:title\" content=\"Aplikacje mobilne - COMVERGA Poland\" \/>\n<meta property=\"og:description\" content=\"Na \u015bwiatowym rynku stale pojawiaj\u0105 si\u0119 nowe aplikacje mobilne dla biznesu \u2013 ich liczba mierzona jest w milionach! Wsp\u00f3\u0142czesne smartfony obs\u0142uguj\u0105 ich dziesi\u0105tki, ka\u017cda mo\u017ce s\u0142u\u017cy\u0107 do czego\u015b innego: do zabawy, do rezerwacji restauracji, do przegl\u0105dania zdj\u0119\u0107, czy do komunikacji. My skupiamy si\u0119 jednak na rozwi\u0105zaniach stworzonych specjalnie dla firm, maj\u0105cych celu lepsz\u0105 organizacj\u0119 pracy, [&hellip;]\" \/>\n<meta property=\"og:url\" content=\"https:\/\/new.comverga.com\/pol\/uslugi\/rozzwiazania\/aplikacje-mobilne\/\" \/>\n<meta property=\"og:site_name\" content=\"COMVERGA Poland\" \/>\n<meta property=\"article:modified_time\" content=\"2021-02-02T20:00:14+00:00\" \/>\n<meta property=\"og:image\" content=\"https:\/\/new.comverga.com\/pol\/wp-content\/uploads\/sites\/2\/2020\/11\/sprawdzanie-numerow-1-1.jpg\" \/>\n\t<meta property=\"og:image:width\" content=\"1920\" \/>\n\t<meta property=\"og:image:height\" content=\"620\" \/>\n\t<meta property=\"og:image:type\" content=\"image\/jpeg\" \/>\n<meta name=\"twitter:card\" content=\"summary_large_image\" \/>\n<meta name=\"twitter:label1\" content=\"Est. reading time\" \/>\n\t<meta name=\"twitter:data1\" content=\"2 minutes\" \/>\n<script type=\"application\/ld+json\" class=\"yoast-schema-graph\">{\"@context\":\"https:\/\/schema.org\",\"@graph\":[{\"@type\":\"WebPage\",\"@id\":\"https:\/\/new.comverga.com\/pol\/uslugi\/rozzwiazania\/aplikacje-mobilne\/\",\"url\":\"https:\/\/new.comverga.com\/pol\/uslugi\/rozzwiazania\/aplikacje-mobilne\/\",\"name\":\"Aplikacje mobilne - COMVERGA Poland\",\"isPartOf\":{\"@id\":\"https:\/\/new.comverga.com\/pol\/#website\"},\"datePublished\":\"2020-11-26T10:57:27+00:00\",\"dateModified\":\"2021-02-02T20:00:14+00:00\",\"breadcrumb\":{\"@id\":\"https:\/\/new.comverga.com\/pol\/uslugi\/rozzwiazania\/aplikacje-mobilne\/#breadcrumb\"},\"inLanguage\":\"en-US\",\"potentialAction\":[{\"@type\":\"ReadAction\",\"target\":[\"https:\/\/new.comverga.com\/pol\/uslugi\/rozzwiazania\/aplikacje-mobilne\/\"]}]},{\"@type\":\"BreadcrumbList\",\"@id\":\"https:\/\/new.comverga.com\/pol\/uslugi\/rozzwiazania\/aplikacje-mobilne\/#breadcrumb\",\"itemListElement\":[{\"@type\":\"ListItem\",\"position\":1,\"name\":\"Us\u0142ugi\",\"item\":\"https:\/\/new.comverga.com\/pol\/uslugi\/\"},{\"@type\":\"ListItem\",\"position\":2,\"name\":\"Rozwi\u0105zania informatyczne i telekomunikacyjne\",\"item\":\"https:\/\/new.comverga.com\/pol\/uslugi\/rozzwiazania\/\"},{\"@type\":\"ListItem\",\"position\":3,\"name\":\"Aplikacje mobilne\"}]},{\"@type\":\"WebSite\",\"@id\":\"https:\/\/new.comverga.com\/pol\/#website\",\"url\":\"https:\/\/new.comverga.com\/pol\/\",\"name\":\"COMVERGA Poland\",\"description\":\"Comverga Poland\",\"publisher\":{\"@id\":\"https:\/\/new.comverga.com\/pol\/#organization\"},\"potentialAction\":[{\"@type\":\"SearchAction\",\"target\":{\"@type\":\"EntryPoint\",\"urlTemplate\":\"https:\/\/new.comverga.com\/pol\/?s={search_term_string}\"},\"query-input\":\"required name=search_term_string\"}],\"inLanguage\":\"en-US\"},{\"@type\":\"Organization\",\"@id\":\"https:\/\/new.comverga.com\/pol\/#organization\",\"name\":\"COMVERGA Poland\",\"url\":\"https:\/\/new.comverga.com\/pol\/\",\"logo\":{\"@type\":\"ImageObject\",\"inLanguage\":\"en-US\",\"@id\":\"https:\/\/new.comverga.com\/pol\/#\/schema\/logo\/image\/\",\"url\":\"https:\/\/new.comverga.com\/pol\/wp-content\/uploads\/sites\/2\/2020\/11\/Comverga_CC.png\",\"contentUrl\":\"https:\/\/new.comverga.com\/pol\/wp-content\/uploads\/sites\/2\/2020\/11\/Comverga_CC.png\",\"width\":800,\"height\":800,\"caption\":\"COMVERGA Poland\"},\"image\":{\"@id\":\"https:\/\/new.comverga.com\/pol\/#\/schema\/logo\/image\/\"}}]}<\/script>\n<!-- \/ Yoast SEO plugin. -->","yoast_head_json":{"title":"Aplikacje mobilne - COMVERGA Poland","robots":{"index":"index","follow":"follow","max-snippet":"max-snippet:-1","max-image-preview":"max-image-preview:large","max-video-preview":"max-video-preview:-1"},"canonical":"https:\/\/new.comverga.com\/pol\/uslugi\/rozzwiazania\/aplikacje-mobilne\/","og_locale":"en_US","og_type":"article","og_title":"Aplikacje mobilne - COMVERGA Poland","og_description":"Na \u015bwiatowym rynku stale pojawiaj\u0105 si\u0119 nowe aplikacje mobilne dla biznesu \u2013 ich liczba mierzona jest w milionach! Wsp\u00f3\u0142czesne smartfony obs\u0142uguj\u0105 ich dziesi\u0105tki, ka\u017cda mo\u017ce s\u0142u\u017cy\u0107 do czego\u015b innego: do zabawy, do rezerwacji restauracji, do przegl\u0105dania zdj\u0119\u0107, czy do komunikacji. My skupiamy si\u0119 jednak na rozwi\u0105zaniach stworzonych specjalnie dla firm, maj\u0105cych celu lepsz\u0105 organizacj\u0119 pracy, [&hellip;]","og_url":"https:\/\/new.comverga.com\/pol\/uslugi\/rozzwiazania\/aplikacje-mobilne\/","og_site_name":"COMVERGA Poland","article_modified_time":"2021-02-02T20:00:14+00:00","og_image":[{"width":1920,"height":620,"url":"https:\/\/new.comverga.com\/pol\/wp-content\/uploads\/sites\/2\/2020\/11\/sprawdzanie-numerow-1-1.jpg","type":"image\/jpeg"}],"twitter_card":"summary_large_image","twitter_misc":{"Est. reading time":"2 minutes"},"schema":{"@context":"https:\/\/schema.org","@graph":[{"@type":"WebPage","@id":"https:\/\/new.comverga.com\/pol\/uslugi\/rozzwiazania\/aplikacje-mobilne\/","url":"https:\/\/new.comverga.com\/pol\/uslugi\/rozzwiazania\/aplikacje-mobilne\/","name":"Aplikacje mobilne - COMVERGA Poland","isPartOf":{"@id":"https:\/\/new.comverga.com\/pol\/#website"},"datePublished":"2020-11-26T10:57:27+00:00","dateModified":"2021-02-02T20:00:14+00:00","breadcrumb":{"@id":"https:\/\/new.comverga.com\/pol\/uslugi\/rozzwiazania\/aplikacje-mobilne\/#breadcrumb"},"inLanguage":"en-US","potentialAction":[{"@type":"ReadAction","target":["https:\/\/new.comverga.com\/pol\/uslugi\/rozzwiazania\/aplikacje-mobilne\/"]}]},{"@type":"BreadcrumbList","@id":"https:\/\/new.comverga.com\/pol\/uslugi\/rozzwiazania\/aplikacje-mobilne\/#breadcrumb","itemListElement":[{"@type":"ListItem","position":1,"name":"Us\u0142ugi","item":"https:\/\/new.comverga.com\/pol\/uslugi\/"},{"@type":"ListItem","position":2,"name":"Rozwi\u0105zania informatyczne i telekomunikacyjne","item":"https:\/\/new.comverga.com\/pol\/uslugi\/rozzwiazania\/"},{"@type":"ListItem","position":3,"name":"Aplikacje mobilne"}]},{"@type":"WebSite","@id":"https:\/\/new.comverga.com\/pol\/#website","url":"https:\/\/new.comverga.com\/pol\/","name":"COMVERGA Poland","description":"Comverga Poland","publisher":{"@id":"https:\/\/new.comverga.com\/pol\/#organization"},"potentialAction":[{"@type":"SearchAction","target":{"@type":"EntryPoint","urlTemplate":"https:\/\/new.comverga.com\/pol\/?s={search_term_string}"},"query-input":"required name=search_term_string"}],"inLanguage":"en-US"},{"@type":"Organization","@id":"https:\/\/new.comverga.com\/pol\/#organization","name":"COMVERGA Poland","url":"https:\/\/new.comverga.com\/pol\/","logo":{"@type":"ImageObject","inLanguage":"en-US","@id":"https:\/\/new.comverga.com\/pol\/#\/schema\/logo\/image\/","url":"https:\/\/new.comverga.com\/pol\/wp-content\/uploads\/sites\/2\/2020\/11\/Comverga_CC.png","contentUrl":"https:\/\/new.comverga.com\/pol\/wp-content\/uploads\/sites\/2\/2020\/11\/Comverga_CC.png","width":800,"height":800,"caption":"COMVERGA Poland"},"image":{"@id":"https:\/\/new.comverga.com\/pol\/#\/schema\/logo\/image\/"}}]}},"_links":{"self":[{"href":"https:\/\/new.comverga.com\/pol\/wp-json\/wp\/v2\/pages\/478"}],"collection":[{"href":"https:\/\/new.comverga.com\/pol\/wp-json\/wp\/v2\/pages"}],"about":[{"href":"https:\/\/new.comverga.com\/pol\/wp-json\/wp\/v2\/types\/page"}],"author":[{"embeddable":true,"href":"https:\/\/new.comverga.com\/pol\/wp-json\/wp\/v2\/users\/1"}],"replies":[{"embeddable":true,"href":"https:\/\/new.comverga.com\/pol\/wp-json\/wp\/v2\/comments?post=478"}],"version-history":[{"count":16,"href":"https:\/\/new.comverga.com\/pol\/wp-json\/wp\/v2\/pages\/478\/revisions"}],"predecessor-version":[{"id":1909,"href":"https:\/\/new.comverga.com\/pol\/wp-json\/wp\/v2\/pages\/478\/revisions\/1909"}],"up":[{"embeddable":true,"href":"https:\/\/new.comverga.com\/pol\/wp-json\/wp\/v2\/pages\/249"}],"wp:featuredmedia":[{"embeddable":true,"href":"https:\/\/new.comverga.com\/pol\/wp-json\/wp\/v2\/media\/144"}],"wp:attachment":[{"href":"https:\/\/new.comverga.com\/pol\/wp-json\/wp\/v2\/media?parent=478"}],"curies":[{"name":"wp","href":"https:\/\/api.w.org\/{rel}","templated":true}]}}