{"id":412,"date":"2020-11-25T15:32:54","date_gmt":"2020-11-25T14:32:54","guid":{"rendered":"https:\/\/www.comverga.com\/?page_id=412"},"modified":"2022-06-08T15:51:36","modified_gmt":"2022-06-08T13:51:36","slug":"bibliografia","status":"publish","type":"page","link":"https:\/\/new.comverga.com\/pol\/bibliografia\/","title":{"rendered":"Referencje"},"content":{"rendered":"\t\t<div data-elementor-type=\"wp-page\" data-elementor-id=\"412\" class=\"elementor elementor-412\">\n\t\t\t\t\t\t\t\t\t<section class=\"elementor-section elementor-top-section elementor-element elementor-element-5f67e28 elementor-section-stretched elementor-section-boxed elementor-section-height-default elementor-section-height-default\" data-id=\"5f67e28\" data-element_type=\"section\" data-settings=\"{&quot;stretch_section&quot;:&quot;section-stretched&quot;,&quot;background_background&quot;:&quot;classic&quot;}\">\n\t\t\t\t\t\t<div class=\"elementor-container elementor-column-gap-default\">\n\t\t\t\t\t<div class=\"elementor-column elementor-col-100 elementor-top-column elementor-element elementor-element-f3c1319\" data-id=\"f3c1319\" data-element_type=\"column\">\n\t\t\t<div class=\"elementor-widget-wrap elementor-element-populated\">\n\t\t\t\t\t\t\t\t<div class=\"elementor-element elementor-element-5cec7e6 elementor-widget elementor-widget-heading\" data-id=\"5cec7e6\" data-element_type=\"widget\" data-widget_type=\"heading.default\">\n\t\t\t\t<div class=\"elementor-widget-container\">\n\t\t\t<h2 class=\"elementor-heading-title elementor-size-xl\">Zaufali nam<\/h2>\t\t<\/div>\n\t\t\t\t<\/div>\n\t\t\t\t<div class=\"elementor-element elementor-element-9fcaacd elementor-widget-divider--view-line elementor-widget elementor-widget-divider\" data-id=\"9fcaacd\" data-element_type=\"widget\" data-widget_type=\"divider.default\">\n\t\t\t\t<div class=\"elementor-widget-container\">\n\t\t\t\t\t<div class=\"elementor-divider\">\n\t\t\t<span class=\"elementor-divider-separator\">\n\t\t\t\t\t\t<\/span>\n\t\t<\/div>\n\t\t\t\t<\/div>\n\t\t\t\t<\/div>\n\t\t\t\t<div class=\"elementor-element elementor-element-4b3cfce elementor-pagination-position-outside elementor-widget elementor-widget-image-carousel\" data-id=\"4b3cfce\" data-element_type=\"widget\" data-settings=\"{&quot;slides_to_show&quot;:&quot;6&quot;,&quot;slides_to_scroll&quot;:&quot;3&quot;,&quot;navigation&quot;:&quot;dots&quot;,&quot;slides_to_show_mobile&quot;:&quot;3&quot;,&quot;slides_to_scroll_mobile&quot;:&quot;3&quot;,&quot;autoplay&quot;:&quot;yes&quot;,&quot;pause_on_hover&quot;:&quot;yes&quot;,&quot;pause_on_interaction&quot;:&quot;yes&quot;,&quot;autoplay_speed&quot;:5000,&quot;infinite&quot;:&quot;yes&quot;,&quot;speed&quot;:500,&quot;image_spacing_custom&quot;:{&quot;unit&quot;:&quot;px&quot;,&quot;size&quot;:20,&quot;sizes&quot;:[]},&quot;image_spacing_custom_tablet&quot;:{&quot;unit&quot;:&quot;px&quot;,&quot;size&quot;:&quot;&quot;,&quot;sizes&quot;:[]},&quot;image_spacing_custom_mobile&quot;:{&quot;unit&quot;:&quot;px&quot;,&quot;size&quot;:&quot;&quot;,&quot;sizes&quot;:[]}}\" data-widget_type=\"image-carousel.default\">\n\t\t\t\t<div class=\"elementor-widget-container\">\n\t\t\t\t\t<div class=\"elementor-image-carousel-wrapper swiper-container\" dir=\"ltr\">\n\t\t\t<div class=\"elementor-image-carousel swiper-wrapper\" aria-live=\"off\">\n\t\t\t\t\t\t\t\t<div class=\"swiper-slide\" role=\"group\" aria-roledescription=\"slide\" aria-label=\"1 of 21\"><figure class=\"swiper-slide-inner\"><img decoding=\"async\" class=\"swiper-slide-image\" src=\"https:\/\/new.comverga.com\/pol\/wp-content\/uploads\/sites\/2\/2021\/01\/474px-Orange_logo.svg_.png\" alt=\"474px-Orange_logo.svg\" \/><\/figure><\/div><div class=\"swiper-slide\" role=\"group\" aria-roledescription=\"slide\" aria-label=\"2 of 21\"><figure class=\"swiper-slide-inner\"><img decoding=\"async\" class=\"swiper-slide-image\" src=\"https:\/\/new.comverga.com\/pol\/wp-content\/uploads\/sites\/2\/2021\/01\/t-mobile-logo.png\" alt=\"t-mobile-logo\" \/><\/figure><\/div><div class=\"swiper-slide\" role=\"group\" aria-roledescription=\"slide\" aria-label=\"3 of 21\"><figure class=\"swiper-slide-inner\"><img decoding=\"async\" class=\"swiper-slide-image\" src=\"https:\/\/new.comverga.com\/pol\/wp-content\/uploads\/sites\/2\/2021\/01\/800px-Plus_logo.svg_.png\" alt=\"800px-Plus_logo.svg\" \/><\/figure><\/div><div class=\"swiper-slide\" role=\"group\" aria-roledescription=\"slide\" aria-label=\"4 of 21\"><figure class=\"swiper-slide-inner\"><img decoding=\"async\" class=\"swiper-slide-image\" src=\"https:\/\/new.comverga.com\/pol\/wp-content\/uploads\/sites\/2\/2021\/01\/PLAY_LOGO_nowe.jpg\" alt=\"PLAY_LOGO_nowe\" \/><\/figure><\/div><div class=\"swiper-slide\" role=\"group\" aria-roledescription=\"slide\" aria-label=\"5 of 21\"><figure class=\"swiper-slide-inner\"><img decoding=\"async\" class=\"swiper-slide-image\" src=\"https:\/\/new.comverga.com\/pol\/wp-content\/uploads\/sites\/2\/2021\/01\/photo_48406_1494313979_big.jpg\" alt=\"photo_48406_1494313979_big\" \/><\/figure><\/div><div class=\"swiper-slide\" role=\"group\" aria-roledescription=\"slide\" aria-label=\"6 of 21\"><figure class=\"swiper-slide-inner\"><img decoding=\"async\" class=\"swiper-slide-image\" src=\"https:\/\/new.comverga.com\/pol\/wp-content\/uploads\/sites\/2\/2021\/01\/ipc_call_center.jpg\" alt=\"ipc_call_center\" \/><\/figure><\/div><div class=\"swiper-slide\" role=\"group\" aria-roledescription=\"slide\" aria-label=\"7 of 21\"><figure class=\"swiper-slide-inner\"><img decoding=\"async\" class=\"swiper-slide-image\" src=\"https:\/\/new.comverga.com\/pol\/wp-content\/uploads\/sites\/2\/2021\/01\/Contact_Center_logo_2015.jpg\" alt=\"Contact_Center_logo_2015\" \/><\/figure><\/div><div class=\"swiper-slide\" role=\"group\" aria-roledescription=\"slide\" aria-label=\"8 of 21\"><figure class=\"swiper-slide-inner\"><img decoding=\"async\" class=\"swiper-slide-image\" src=\"https:\/\/new.comverga.com\/pol\/wp-content\/uploads\/sites\/2\/2021\/01\/PZU_logo.png\" alt=\"PZU_logo\" \/><\/figure><\/div><div class=\"swiper-slide\" role=\"group\" aria-roledescription=\"slide\" aria-label=\"9 of 21\"><figure class=\"swiper-slide-inner\"><img decoding=\"async\" class=\"swiper-slide-image\" src=\"https:\/\/new.comverga.com\/pol\/wp-content\/uploads\/sites\/2\/2021\/01\/uniqua.jpg\" alt=\"uniqua\" \/><\/figure><\/div><div class=\"swiper-slide\" role=\"group\" aria-roledescription=\"slide\" aria-label=\"10 of 21\"><figure class=\"swiper-slide-inner\"><img decoding=\"async\" class=\"swiper-slide-image\" src=\"https:\/\/new.comverga.com\/pol\/wp-content\/uploads\/sites\/2\/2021\/01\/proama.jpg\" alt=\"proama\" \/><\/figure><\/div><div class=\"swiper-slide\" role=\"group\" aria-roledescription=\"slide\" aria-label=\"11 of 21\"><figure class=\"swiper-slide-inner\"><img decoding=\"async\" class=\"swiper-slide-image\" src=\"https:\/\/new.comverga.com\/pol\/wp-content\/uploads\/sites\/2\/2021\/01\/link4.png\" alt=\"link4\" \/><\/figure><\/div><div class=\"swiper-slide\" role=\"group\" aria-roledescription=\"slide\" aria-label=\"12 of 21\"><figure class=\"swiper-slide-inner\"><img decoding=\"async\" class=\"swiper-slide-image\" src=\"https:\/\/new.comverga.com\/pol\/wp-content\/uploads\/sites\/2\/2021\/01\/4lifedirect.jpg\" alt=\"4lifedirect\" \/><\/figure><\/div><div class=\"swiper-slide\" role=\"group\" aria-roledescription=\"slide\" aria-label=\"13 of 21\"><figure class=\"swiper-slide-inner\"><img decoding=\"async\" class=\"swiper-slide-image\" src=\"https:\/\/new.comverga.com\/pol\/wp-content\/uploads\/sites\/2\/2021\/01\/poczta.jpg\" alt=\"poczta\" \/><\/figure><\/div><div class=\"swiper-slide\" role=\"group\" aria-roledescription=\"slide\" aria-label=\"14 of 21\"><figure class=\"swiper-slide-inner\"><img decoding=\"async\" class=\"swiper-slide-image\" src=\"https:\/\/new.comverga.com\/pol\/wp-content\/uploads\/sites\/2\/2021\/01\/orlen.png\" alt=\"orlen\" \/><\/figure><\/div><div class=\"swiper-slide\" role=\"group\" aria-roledescription=\"slide\" aria-label=\"15 of 21\"><figure class=\"swiper-slide-inner\"><img decoding=\"async\" class=\"swiper-slide-image\" src=\"https:\/\/new.comverga.com\/pol\/wp-content\/uploads\/sites\/2\/2021\/01\/logo_feuvert_300.png\" alt=\"logo_feuvert_300\" \/><\/figure><\/div><div class=\"swiper-slide\" role=\"group\" aria-roledescription=\"slide\" aria-label=\"16 of 21\"><figure class=\"swiper-slide-inner\"><img decoding=\"async\" class=\"swiper-slide-image\" src=\"https:\/\/new.comverga.com\/pol\/wp-content\/uploads\/sites\/2\/2021\/01\/large_Medicover_Logo.png\" alt=\"large_Medicover_Logo\" \/><\/figure><\/div><div class=\"swiper-slide\" role=\"group\" aria-roledescription=\"slide\" aria-label=\"17 of 21\"><figure class=\"swiper-slide-inner\"><img decoding=\"async\" class=\"swiper-slide-image\" src=\"https:\/\/new.comverga.com\/pol\/wp-content\/uploads\/sites\/2\/2021\/01\/damian_kolor.png\" alt=\"damian_kolor\" \/><\/figure><\/div><div class=\"swiper-slide\" role=\"group\" aria-roledescription=\"slide\" aria-label=\"18 of 21\"><figure class=\"swiper-slide-inner\"><img decoding=\"async\" class=\"swiper-slide-image\" src=\"https:\/\/new.comverga.com\/pol\/wp-content\/uploads\/sites\/2\/2021\/01\/egb.jpg\" alt=\"egb\" \/><\/figure><\/div><div class=\"swiper-slide\" role=\"group\" aria-roledescription=\"slide\" aria-label=\"19 of 21\"><figure class=\"swiper-slide-inner\"><img decoding=\"async\" class=\"swiper-slide-image\" src=\"https:\/\/new.comverga.com\/pol\/wp-content\/uploads\/sites\/2\/2021\/01\/ugoda-w-Best.jpg\" alt=\"ugoda-w-Best\" \/><\/figure><\/div><div class=\"swiper-slide\" role=\"group\" aria-roledescription=\"slide\" aria-label=\"20 of 21\"><figure class=\"swiper-slide-inner\"><img decoding=\"async\" class=\"swiper-slide-image\" src=\"https:\/\/new.comverga.com\/pol\/wp-content\/uploads\/sites\/2\/2021\/01\/00_logo_WOSP_podglad.jpg\" alt=\"00_logo_WOSP_podglad\" \/><\/figure><\/div><div class=\"swiper-slide\" role=\"group\" aria-roledescription=\"slide\" aria-label=\"21 of 21\"><figure class=\"swiper-slide-inner\"><img decoding=\"async\" class=\"swiper-slide-image\" src=\"https:\/\/new.comverga.com\/pol\/wp-content\/uploads\/sites\/2\/2021\/01\/TRIAS_AVI.png\" alt=\"TRIAS_AVI\" \/><\/figure><\/div>\t\t\t<\/div>\n\t\t\t\t\t\t\t\n\t\t\t\t\t\t\t\t\t<div class=\"swiper-pagination\"><\/div>\n\t\t\t\t\t\t\t\t\t<\/div>\n\t\t\t\t<\/div>\n\t\t\t\t<\/div>\n\t\t\t\t<div class=\"elementor-element elementor-element-1c3219c elementor-widget elementor-widget-heading\" data-id=\"1c3219c\" data-element_type=\"widget\" data-widget_type=\"heading.default\">\n\t\t\t\t<div class=\"elementor-widget-container\">\n\t\t\t<h3 class=\"elementor-heading-title elementor-size-default\">samorz\u0105dy<\/h3>\t\t<\/div>\n\t\t\t\t<\/div>\n\t\t\t\t<div class=\"elementor-element elementor-element-14df95a elementor-pagination-position-outside elementor-widget elementor-widget-image-carousel\" data-id=\"14df95a\" data-element_type=\"widget\" data-settings=\"{&quot;slides_to_show&quot;:&quot;8&quot;,&quot;slides_to_show_mobile&quot;:&quot;4&quot;,&quot;slides_to_scroll&quot;:&quot;4&quot;,&quot;slides_to_scroll_mobile&quot;:&quot;4&quot;,&quot;navigation&quot;:&quot;dots&quot;,&quot;autoplay&quot;:&quot;yes&quot;,&quot;pause_on_hover&quot;:&quot;yes&quot;,&quot;pause_on_interaction&quot;:&quot;yes&quot;,&quot;autoplay_speed&quot;:5000,&quot;infinite&quot;:&quot;yes&quot;,&quot;speed&quot;:500,&quot;image_spacing_custom&quot;:{&quot;unit&quot;:&quot;px&quot;,&quot;size&quot;:20,&quot;sizes&quot;:[]},&quot;image_spacing_custom_tablet&quot;:{&quot;unit&quot;:&quot;px&quot;,&quot;size&quot;:&quot;&quot;,&quot;sizes&quot;:[]},&quot;image_spacing_custom_mobile&quot;:{&quot;unit&quot;:&quot;px&quot;,&quot;size&quot;:&quot;&quot;,&quot;sizes&quot;:[]}}\" data-widget_type=\"image-carousel.default\">\n\t\t\t\t<div class=\"elementor-widget-container\">\n\t\t\t\t\t<div class=\"elementor-image-carousel-wrapper swiper-container\" dir=\"ltr\">\n\t\t\t<div class=\"elementor-image-carousel swiper-wrapper\" aria-live=\"off\">\n\t\t\t\t\t\t\t\t<div class=\"swiper-slide\" role=\"group\" aria-roledescription=\"slide\" aria-label=\"1 of 17\"><figure class=\"swiper-slide-inner\"><img decoding=\"async\" class=\"swiper-slide-image\" src=\"https:\/\/new.comverga.com\/pol\/wp-content\/uploads\/sites\/2\/2021\/01\/374px-POL_Wolomin_COA_1.svg_.png\" alt=\"Wo\u0142omin\" \/><figcaption class=\"elementor-image-carousel-caption\">Wo\u0142omin<\/figcaption><\/figure><\/div><div class=\"swiper-slide\" role=\"group\" aria-roledescription=\"slide\" aria-label=\"2 of 17\"><figure class=\"swiper-slide-inner\"><img decoding=\"async\" class=\"swiper-slide-image\" src=\"https:\/\/new.comverga.com\/pol\/wp-content\/uploads\/sites\/2\/2021\/01\/387px-POL_Twardogora_COA.svg_.png\" alt=\"Twardog\u00f3ra\" \/><figcaption class=\"elementor-image-carousel-caption\">Twardog\u00f3ra<\/figcaption><\/figure><\/div><div class=\"swiper-slide\" role=\"group\" aria-roledescription=\"slide\" aria-label=\"3 of 17\"><figure class=\"swiper-slide-inner\"><img decoding=\"async\" class=\"swiper-slide-image\" src=\"https:\/\/new.comverga.com\/pol\/wp-content\/uploads\/sites\/2\/2021\/01\/391px-POL_Jaworzyna_Slaska_alt_COA.svg_.png\" alt=\"Jaworzyna \u015al\u0105ska\" \/><figcaption class=\"elementor-image-carousel-caption\">Jaworzyna \u015al\u0105ska<\/figcaption><\/figure><\/div><div class=\"swiper-slide\" role=\"group\" aria-roledescription=\"slide\" aria-label=\"4 of 17\"><figure class=\"swiper-slide-inner\"><img decoding=\"async\" class=\"swiper-slide-image\" src=\"https:\/\/new.comverga.com\/pol\/wp-content\/uploads\/sites\/2\/2021\/01\/397px-POL_Legionowo_COA.svg_.png\" alt=\"Legionowo\" \/><figcaption class=\"elementor-image-carousel-caption\">Legionowo<\/figcaption><\/figure><\/div><div class=\"swiper-slide\" role=\"group\" aria-roledescription=\"slide\" aria-label=\"5 of 17\"><figure class=\"swiper-slide-inner\"><img decoding=\"async\" class=\"swiper-slide-image\" src=\"https:\/\/new.comverga.com\/pol\/wp-content\/uploads\/sites\/2\/2021\/01\/403px-POL_gmina_Celestynow_COA.svg_.png\" alt=\"Celestyn\u00f3w\" \/><figcaption class=\"elementor-image-carousel-caption\">Celestyn\u00f3w<\/figcaption><\/figure><\/div><div class=\"swiper-slide\" role=\"group\" aria-roledescription=\"slide\" aria-label=\"6 of 17\"><figure class=\"swiper-slide-inner\"><img decoding=\"async\" class=\"swiper-slide-image\" src=\"https:\/\/new.comverga.com\/pol\/wp-content\/uploads\/sites\/2\/2021\/01\/405px-POL_Brusy_COA.svg_.png\" alt=\"Brusy\" \/><figcaption class=\"elementor-image-carousel-caption\">Brusy<\/figcaption><\/figure><\/div><div class=\"swiper-slide\" role=\"group\" aria-roledescription=\"slide\" aria-label=\"7 of 17\"><figure class=\"swiper-slide-inner\"><img decoding=\"async\" class=\"swiper-slide-image\" src=\"https:\/\/new.comverga.com\/pol\/wp-content\/uploads\/sites\/2\/2021\/01\/410px-POL_Czaplinek_COA_1.svg_.png\" alt=\"Czaplinek\" \/><figcaption class=\"elementor-image-carousel-caption\">Czaplinek<\/figcaption><\/figure><\/div><div class=\"swiper-slide\" role=\"group\" aria-roledescription=\"slide\" aria-label=\"8 of 17\"><figure class=\"swiper-slide-inner\"><img decoding=\"async\" class=\"swiper-slide-image\" src=\"https:\/\/new.comverga.com\/pol\/wp-content\/uploads\/sites\/2\/2021\/01\/421px-POL_Radzyn_Podlaski_COA.svg_.png\" alt=\"Radzy\u0144 Podlaski\" \/><figcaption class=\"elementor-image-carousel-caption\">Radzy\u0144 Podlaski<\/figcaption><\/figure><\/div><div class=\"swiper-slide\" role=\"group\" aria-roledescription=\"slide\" aria-label=\"9 of 17\"><figure class=\"swiper-slide-inner\"><img decoding=\"async\" class=\"swiper-slide-image\" src=\"https:\/\/new.comverga.com\/pol\/wp-content\/uploads\/sites\/2\/2021\/01\/433px-POL_gmina_Prazmow_COA.svg_.png\" alt=\"Pra\u017cm\u00f3w\" \/><figcaption class=\"elementor-image-carousel-caption\">Pra\u017cm\u00f3w<\/figcaption><\/figure><\/div><div class=\"swiper-slide\" role=\"group\" aria-roledescription=\"slide\" aria-label=\"10 of 17\"><figure class=\"swiper-slide-inner\"><img decoding=\"async\" class=\"swiper-slide-image\" src=\"https:\/\/new.comverga.com\/pol\/wp-content\/uploads\/sites\/2\/2021\/01\/434px-POL_Czyzew_COA.svg_.png\" alt=\"Czy\u017cew\" \/><figcaption class=\"elementor-image-carousel-caption\">Czy\u017cew<\/figcaption><\/figure><\/div><div class=\"swiper-slide\" role=\"group\" aria-roledescription=\"slide\" aria-label=\"11 of 17\"><figure class=\"swiper-slide-inner\"><img decoding=\"async\" class=\"swiper-slide-image\" src=\"https:\/\/new.comverga.com\/pol\/wp-content\/uploads\/sites\/2\/2021\/01\/437px-POL_Glogow_Malopolski_COA.svg_.png\" alt=\"G\u0142og\u00f3w Ma\u0142opolski\" \/><figcaption class=\"elementor-image-carousel-caption\">G\u0142og\u00f3w Ma\u0142opolski<\/figcaption><\/figure><\/div><div class=\"swiper-slide\" role=\"group\" aria-roledescription=\"slide\" aria-label=\"12 of 17\"><figure class=\"swiper-slide-inner\"><img decoding=\"async\" class=\"swiper-slide-image\" src=\"https:\/\/new.comverga.com\/pol\/wp-content\/uploads\/sites\/2\/2021\/01\/459px-POL_gmina_Kozlow_COA.svg_.png\" alt=\"Koz\u0142\u00f3w\" \/><figcaption class=\"elementor-image-carousel-caption\">Koz\u0142\u00f3w<\/figcaption><\/figure><\/div><div class=\"swiper-slide\" role=\"group\" aria-roledescription=\"slide\" aria-label=\"13 of 17\"><figure class=\"swiper-slide-inner\"><img decoding=\"async\" class=\"swiper-slide-image\" src=\"https:\/\/new.comverga.com\/pol\/wp-content\/uploads\/sites\/2\/2021\/01\/506px-POL_gmina_Lesznowola_COA.png\" alt=\"Lesznowola\" \/><figcaption class=\"elementor-image-carousel-caption\">Lesznowola<\/figcaption><\/figure><\/div><div class=\"swiper-slide\" role=\"group\" aria-roledescription=\"slide\" aria-label=\"14 of 17\"><figure class=\"swiper-slide-inner\"><img decoding=\"async\" class=\"swiper-slide-image\" src=\"https:\/\/new.comverga.com\/pol\/wp-content\/uploads\/sites\/2\/2021\/01\/POL_gmina_Pszczolki_COA.svg_.png\" alt=\"Pszcz\u00f3\u0142ki\" \/><figcaption class=\"elementor-image-carousel-caption\">Pszcz\u00f3\u0142ki<\/figcaption><\/figure><\/div><div class=\"swiper-slide\" role=\"group\" aria-roledescription=\"slide\" aria-label=\"15 of 17\"><figure class=\"swiper-slide-inner\"><img decoding=\"async\" class=\"swiper-slide-image\" src=\"https:\/\/new.comverga.com\/pol\/wp-content\/uploads\/sites\/2\/2021\/01\/POL_Kobylka_COA.svg_.png\" alt=\"Koby\u0142ka\" \/><figcaption class=\"elementor-image-carousel-caption\">Koby\u0142ka<\/figcaption><\/figure><\/div><div class=\"swiper-slide\" role=\"group\" aria-roledescription=\"slide\" aria-label=\"16 of 17\"><figure class=\"swiper-slide-inner\"><img decoding=\"async\" class=\"swiper-slide-image\" src=\"https:\/\/new.comverga.com\/pol\/wp-content\/uploads\/sites\/2\/2021\/01\/POL_Twardogora_COA.png\" alt=\"Twardog\u00f3ra\" \/><figcaption class=\"elementor-image-carousel-caption\">Twardog\u00f3ra<\/figcaption><\/figure><\/div><div class=\"swiper-slide\" role=\"group\" aria-roledescription=\"slide\" aria-label=\"17 of 17\"><figure class=\"swiper-slide-inner\"><img decoding=\"async\" class=\"swiper-slide-image\" src=\"https:\/\/new.comverga.com\/pol\/wp-content\/uploads\/sites\/2\/2021\/01\/POL_Warszawa-Ursynow_COA.png\" alt=\"Ursyn\u00f3w\" \/><figcaption class=\"elementor-image-carousel-caption\">Ursyn\u00f3w<\/figcaption><\/figure><\/div>\t\t\t<\/div>\n\t\t\t\t\t\t\t\n\t\t\t\t\t\t\t\t\t<div class=\"swiper-pagination\"><\/div>\n\t\t\t\t\t\t\t\t\t<\/div>\n\t\t\t\t<\/div>\n\t\t\t\t<\/div>\n\t\t\t\t\t<\/div>\n\t\t<\/div>\n\t\t\t\t\t\t\t<\/div>\n\t\t<\/section>\n\t\t\t\t\t\t\t<\/div>\n\t\t","protected":false},"excerpt":{"rendered":"<p>Zaufali nam samorz\u0105dy Wo\u0142omin Twardog\u00f3ra Jaworzyna \u015al\u0105ska Legionowo Celestyn\u00f3w Brusy Czaplinek Radzy\u0144 Podlaski Pra\u017cm\u00f3w Czy\u017cew G\u0142og\u00f3w Ma\u0142opolski Koz\u0142\u00f3w Lesznowola Pszcz\u00f3\u0142ki Koby\u0142ka Twardog\u00f3ra Ursyn\u00f3w<\/p>\n","protected":false},"author":1,"featured_media":147,"parent":0,"menu_order":0,"comment_status":"closed","ping_status":"closed","template":"","meta":{"footnotes":""},"yoast_head":"<!-- This site is optimized with the Yoast SEO plugin v21.8 - https:\/\/yoast.com\/wordpress\/plugins\/seo\/ -->\n<title>Referencje - COMVERGA Poland<\/title>\n<meta name=\"robots\" content=\"index, follow, max-snippet:-1, max-image-preview:large, max-video-preview:-1\" \/>\n<link rel=\"canonical\" href=\"https:\/\/new.comverga.com\/pol\/bibliografia\/\" \/>\n<meta property=\"og:locale\" content=\"en_US\" \/>\n<meta property=\"og:type\" content=\"article\" \/>\n<meta property=\"og:title\" content=\"Referencje - COMVERGA Poland\" \/>\n<meta property=\"og:description\" content=\"Zaufali nam samorz\u0105dy Wo\u0142omin Twardog\u00f3ra Jaworzyna \u015al\u0105ska Legionowo Celestyn\u00f3w Brusy Czaplinek Radzy\u0144 Podlaski Pra\u017cm\u00f3w Czy\u017cew G\u0142og\u00f3w Ma\u0142opolski Koz\u0142\u00f3w Lesznowola Pszcz\u00f3\u0142ki Koby\u0142ka Twardog\u00f3ra Ursyn\u00f3w\" \/>\n<meta property=\"og:url\" content=\"https:\/\/new.comverga.com\/pol\/bibliografia\/\" \/>\n<meta property=\"og:site_name\" content=\"COMVERGA Poland\" \/>\n<meta property=\"article:modified_time\" content=\"2022-06-08T13:51:36+00:00\" \/>\n<meta property=\"og:image\" content=\"https:\/\/new.comverga.com\/pol\/wp-content\/uploads\/sites\/2\/2020\/11\/windykacja-sms-1.jpg\" \/>\n\t<meta property=\"og:image:width\" content=\"1920\" \/>\n\t<meta property=\"og:image:height\" content=\"955\" \/>\n\t<meta property=\"og:image:type\" content=\"image\/jpeg\" \/>\n<meta name=\"twitter:card\" content=\"summary_large_image\" \/>\n<script type=\"application\/ld+json\" class=\"yoast-schema-graph\">{\"@context\":\"https:\/\/schema.org\",\"@graph\":[{\"@type\":\"WebPage\",\"@id\":\"https:\/\/new.comverga.com\/pol\/bibliografia\/\",\"url\":\"https:\/\/new.comverga.com\/pol\/bibliografia\/\",\"name\":\"Referencje - COMVERGA Poland\",\"isPartOf\":{\"@id\":\"https:\/\/new.comverga.com\/pol\/#website\"},\"datePublished\":\"2020-11-25T14:32:54+00:00\",\"dateModified\":\"2022-06-08T13:51:36+00:00\",\"inLanguage\":\"en-US\",\"potentialAction\":[{\"@type\":\"ReadAction\",\"target\":[\"https:\/\/new.comverga.com\/pol\/bibliografia\/\"]}]},{\"@type\":\"WebSite\",\"@id\":\"https:\/\/new.comverga.com\/pol\/#website\",\"url\":\"https:\/\/new.comverga.com\/pol\/\",\"name\":\"COMVERGA Poland\",\"description\":\"Comverga Poland\",\"publisher\":{\"@id\":\"https:\/\/new.comverga.com\/pol\/#organization\"},\"potentialAction\":[{\"@type\":\"SearchAction\",\"target\":{\"@type\":\"EntryPoint\",\"urlTemplate\":\"https:\/\/new.comverga.com\/pol\/?s={search_term_string}\"},\"query-input\":\"required name=search_term_string\"}],\"inLanguage\":\"en-US\"},{\"@type\":\"Organization\",\"@id\":\"https:\/\/new.comverga.com\/pol\/#organization\",\"name\":\"COMVERGA Poland\",\"url\":\"https:\/\/new.comverga.com\/pol\/\",\"logo\":{\"@type\":\"ImageObject\",\"inLanguage\":\"en-US\",\"@id\":\"https:\/\/new.comverga.com\/pol\/#\/schema\/logo\/image\/\",\"url\":\"https:\/\/new.comverga.com\/pol\/wp-content\/uploads\/sites\/2\/2020\/11\/Comverga_CC.png\",\"contentUrl\":\"https:\/\/new.comverga.com\/pol\/wp-content\/uploads\/sites\/2\/2020\/11\/Comverga_CC.png\",\"width\":800,\"height\":800,\"caption\":\"COMVERGA Poland\"},\"image\":{\"@id\":\"https:\/\/new.comverga.com\/pol\/#\/schema\/logo\/image\/\"}}]}<\/script>\n<!-- \/ Yoast SEO plugin. -->","yoast_head_json":{"title":"Referencje - COMVERGA Poland","robots":{"index":"index","follow":"follow","max-snippet":"max-snippet:-1","max-image-preview":"max-image-preview:large","max-video-preview":"max-video-preview:-1"},"canonical":"https:\/\/new.comverga.com\/pol\/bibliografia\/","og_locale":"en_US","og_type":"article","og_title":"Referencje - COMVERGA Poland","og_description":"Zaufali nam samorz\u0105dy Wo\u0142omin Twardog\u00f3ra Jaworzyna \u015al\u0105ska Legionowo Celestyn\u00f3w Brusy Czaplinek Radzy\u0144 Podlaski Pra\u017cm\u00f3w Czy\u017cew G\u0142og\u00f3w Ma\u0142opolski Koz\u0142\u00f3w Lesznowola Pszcz\u00f3\u0142ki Koby\u0142ka Twardog\u00f3ra Ursyn\u00f3w","og_url":"https:\/\/new.comverga.com\/pol\/bibliografia\/","og_site_name":"COMVERGA Poland","article_modified_time":"2022-06-08T13:51:36+00:00","og_image":[{"width":1920,"height":955,"url":"https:\/\/new.comverga.com\/pol\/wp-content\/uploads\/sites\/2\/2020\/11\/windykacja-sms-1.jpg","type":"image\/jpeg"}],"twitter_card":"summary_large_image","schema":{"@context":"https:\/\/schema.org","@graph":[{"@type":"WebPage","@id":"https:\/\/new.comverga.com\/pol\/bibliografia\/","url":"https:\/\/new.comverga.com\/pol\/bibliografia\/","name":"Referencje - COMVERGA Poland","isPartOf":{"@id":"https:\/\/new.comverga.com\/pol\/#website"},"datePublished":"2020-11-25T14:32:54+00:00","dateModified":"2022-06-08T13:51:36+00:00","inLanguage":"en-US","potentialAction":[{"@type":"ReadAction","target":["https:\/\/new.comverga.com\/pol\/bibliografia\/"]}]},{"@type":"WebSite","@id":"https:\/\/new.comverga.com\/pol\/#website","url":"https:\/\/new.comverga.com\/pol\/","name":"COMVERGA Poland","description":"Comverga Poland","publisher":{"@id":"https:\/\/new.comverga.com\/pol\/#organization"},"potentialAction":[{"@type":"SearchAction","target":{"@type":"EntryPoint","urlTemplate":"https:\/\/new.comverga.com\/pol\/?s={search_term_string}"},"query-input":"required name=search_term_string"}],"inLanguage":"en-US"},{"@type":"Organization","@id":"https:\/\/new.comverga.com\/pol\/#organization","name":"COMVERGA Poland","url":"https:\/\/new.comverga.com\/pol\/","logo":{"@type":"ImageObject","inLanguage":"en-US","@id":"https:\/\/new.comverga.com\/pol\/#\/schema\/logo\/image\/","url":"https:\/\/new.comverga.com\/pol\/wp-content\/uploads\/sites\/2\/2020\/11\/Comverga_CC.png","contentUrl":"https:\/\/new.comverga.com\/pol\/wp-content\/uploads\/sites\/2\/2020\/11\/Comverga_CC.png","width":800,"height":800,"caption":"COMVERGA Poland"},"image":{"@id":"https:\/\/new.comverga.com\/pol\/#\/schema\/logo\/image\/"}}]}},"_links":{"self":[{"href":"https:\/\/new.comverga.com\/pol\/wp-json\/wp\/v2\/pages\/412"}],"collection":[{"href":"https:\/\/new.comverga.com\/pol\/wp-json\/wp\/v2\/pages"}],"about":[{"href":"https:\/\/new.comverga.com\/pol\/wp-json\/wp\/v2\/types\/page"}],"author":[{"embeddable":true,"href":"https:\/\/new.comverga.com\/pol\/wp-json\/wp\/v2\/users\/1"}],"replies":[{"embeddable":true,"href":"https:\/\/new.comverga.com\/pol\/wp-json\/wp\/v2\/comments?post=412"}],"version-history":[{"count":13,"href":"https:\/\/new.comverga.com\/pol\/wp-json\/wp\/v2\/pages\/412\/revisions"}],"predecessor-version":[{"id":2153,"href":"https:\/\/new.comverga.com\/pol\/wp-json\/wp\/v2\/pages\/412\/revisions\/2153"}],"wp:featuredmedia":[{"embeddable":true,"href":"https:\/\/new.comverga.com\/pol\/wp-json\/wp\/v2\/media\/147"}],"wp:attachment":[{"href":"https:\/\/new.comverga.com\/pol\/wp-json\/wp\/v2\/media?parent=412"}],"curies":[{"name":"wp","href":"https:\/\/api.w.org\/{rel}","templated":true}]}}