{"id":384,"date":"2020-11-25T15:26:06","date_gmt":"2020-11-25T14:26:06","guid":{"rendered":"https:\/\/www.comverga.com\/?page_id=384"},"modified":"2021-02-03T15:50:38","modified_gmt":"2021-02-03T14:50:38","slug":"historia","status":"publish","type":"page","link":"https:\/\/new.comverga.com\/pol\/historia\/","title":{"rendered":"Nasza historia"},"content":{"rendered":"\t\t<div data-elementor-type=\"wp-page\" data-elementor-id=\"384\" class=\"elementor elementor-384\">\n\t\t\t\t\t\t\t\t\t<section class=\"elementor-section elementor-top-section elementor-element elementor-element-5328295e elementor-section-stretched elementor-section-boxed elementor-section-height-default elementor-section-height-default\" data-id=\"5328295e\" data-element_type=\"section\" data-settings=\"{&quot;stretch_section&quot;:&quot;section-stretched&quot;,&quot;background_background&quot;:&quot;classic&quot;}\">\n\t\t\t\t\t\t<div class=\"elementor-container elementor-column-gap-default\">\n\t\t\t\t\t<div class=\"elementor-column elementor-col-100 elementor-top-column elementor-element elementor-element-7243091e\" data-id=\"7243091e\" data-element_type=\"column\">\n\t\t\t<div class=\"elementor-widget-wrap elementor-element-populated\">\n\t\t\t\t\t\t\t\t<div class=\"elementor-element elementor-element-52f7930e elementor-widget elementor-widget-text-editor\" data-id=\"52f7930e\" data-element_type=\"widget\" data-widget_type=\"text-editor.default\">\n\t\t\t\t<div class=\"elementor-widget-container\">\n\t\t\t\t\t\t\t<!-- wp:paragraph -->\n<p>Jeste\u015bmy firm\u0105 rodzinn\u0105 z ponad 20-letni\u0105 histori\u0105. W firmie pracuje ju\u017c drugie pokolenie. Nasz sukces opiera si\u0119 na d\u0142ugoterminowej wsp\u00f3\u0142pracy z naszymi partnerami biznesowymi i klientami. Cieszymy si\u0119 wsp\u00f3lnie ze stabilnego i owocnego rozwoju naszej dzia\u0142alno\u015bci.<\/p>\n<!-- \/wp:paragraph -->\n\n<!-- wp:paragraph -->\n<p>Zacz\u0119li\u015bmy od us\u0142ug przesy\u0142ania wiadomo\u015bci mi\u0119dzy sieciami kom\u00f3rkowymi i stacjonarnymi. Nast\u0119pnie dodali\u015bmy us\u0142ugi g\u0142osowe i transmisji danych do naszego portfolio oraz stworzyli\u015bmy szerok\u0105 gam\u0119 konwergentnych us\u0142ug i aplikacji o warto\u015bci dodanej.<\/p>\n<!-- \/wp:paragraph -->\n\n<!-- wp:paragraph -->\n<p>Naturalnym kolejnym krokiem w poszerzaniu naszej oferty by\u0142y us\u0142ugi p\u0142atnicze i ich po\u0142\u0105czenie z us\u0142ugami telekomunikacyjnymi.<\/p>\n<!-- \/wp:paragraph -->\n\n<!-- wp:paragraph -->\n<p>Rozwijamy w\u0142asne systemy i platformy informatyczne oraz posiadamy w\u0142asn\u0105 infrastruktur\u0119 technologiczn\u0105, aby \u015bwiadczy\u0107 us\u0142ugi niezale\u017cne od technologii, dostawc\u00f3w i operator\u00f3w. \u0141\u0105czymy r\u00f3\u017cne sieci i dostawc\u00f3w us\u0142ug hostingowych z nasz\u0105 infrastruktur\u0105, aby m\u00f3c oferowa\u0107 pe\u0142ny zakres us\u0142ug konwergentnych naszym partnerom i klientom.<\/p>\n<!-- \/wp:paragraph -->\n\n<!-- wp:paragraph -->\n<p>Posiadamy licencje dostawc\u00f3w us\u0142ug telekomunikacyjnych i p\u0142atniczych. Nasz system zarz\u0105dzania bezpiecze\u0144stwem danych jest certyfikowany zgodnie z ISO 27001.<\/p>\n<!-- \/wp:paragraph -->\n\n<!-- wp:paragraph -->\n<p>Po 20 latach dzia\u0142alno\u015bci, nasze zaanga\u017cowanie w komunikacj\u0119 i konwergencj\u0119 jest jeszcze silniejsze i stanowi r\u00f3wnie\u017c nasz\u0105 wizj\u0119 przysz\u0142o\u015bci. Dlatego zdecydowali\u015bmy si\u0119 zakomunikowa\u0107 ten fakt r\u00f3wnie\u017c poprzez nasz\u0105 mark\u0119. Tak wi\u0119c po 20 latach zmieniany si\u0119 w COMVERGA\u2026 na co najmniej 20 nast\u0119pnych lat.<\/p>\n<!-- \/wp:paragraph -->\n\n<!-- wp:image {\"id\":971,\"sizeSlug\":\"large\",\"linkDestination\":\"none\"} -->\n<figure class=\"wp-block-image size-large\"><img fetchpriority=\"high\" decoding=\"async\" width=\"1024\" height=\"186\" src=\"https:\/\/www.comverga.com\/pol\/wp-content\/uploads\/sites\/2\/2020\/12\/history-1024x186.png\" alt=\"\" class=\"wp-image-971\" srcset=\"https:\/\/new.comverga.com\/pol\/wp-content\/uploads\/sites\/2\/2020\/12\/history-1024x186.png 1024w, https:\/\/new.comverga.com\/pol\/wp-content\/uploads\/sites\/2\/2020\/12\/history-300x54.png 300w, https:\/\/new.comverga.com\/pol\/wp-content\/uploads\/sites\/2\/2020\/12\/history-768x139.png 768w, https:\/\/new.comverga.com\/pol\/wp-content\/uploads\/sites\/2\/2020\/12\/history-1536x279.png 1536w, https:\/\/new.comverga.com\/pol\/wp-content\/uploads\/sites\/2\/2020\/12\/history-1200x218.png 1200w, https:\/\/new.comverga.com\/pol\/wp-content\/uploads\/sites\/2\/2020\/12\/history-1980x359.png 1980w, https:\/\/new.comverga.com\/pol\/wp-content\/uploads\/sites\/2\/2020\/12\/history.png 2000w\" sizes=\"(max-width: 1024px) 100vw, 1024px\" \/><\/figure>\n<!-- \/wp:image -->\t\t\t\t\t\t<\/div>\n\t\t\t\t<\/div>\n\t\t\t\t\t<\/div>\n\t\t<\/div>\n\t\t\t\t\t\t\t<\/div>\n\t\t<\/section>\n\t\t\t\t\t\t\t<\/div>\n\t\t","protected":false},"excerpt":{"rendered":"<p>Jeste\u015bmy firm\u0105 rodzinn\u0105 z ponad 20-letni\u0105 histori\u0105. W firmie pracuje ju\u017c drugie pokolenie. Nasz sukces opiera si\u0119 na d\u0142ugoterminowej wsp\u00f3\u0142pracy z naszymi partnerami biznesowymi i klientami. Cieszymy si\u0119 wsp\u00f3lnie ze stabilnego i owocnego rozwoju naszej dzia\u0142alno\u015bci. Zacz\u0119li\u015bmy od us\u0142ug przesy\u0142ania wiadomo\u015bci mi\u0119dzy sieciami kom\u00f3rkowymi i stacjonarnymi. Nast\u0119pnie dodali\u015bmy us\u0142ugi g\u0142osowe i transmisji danych do naszego [&hellip;]<\/p>\n","protected":false},"author":1,"featured_media":148,"parent":0,"menu_order":0,"comment_status":"closed","ping_status":"closed","template":"","meta":{"footnotes":""},"yoast_head":"<!-- This site is optimized with the Yoast SEO plugin v21.8 - https:\/\/yoast.com\/wordpress\/plugins\/seo\/ -->\n<title>Nasza historia - COMVERGA Poland<\/title>\n<meta name=\"robots\" content=\"index, follow, max-snippet:-1, max-image-preview:large, max-video-preview:-1\" \/>\n<link rel=\"canonical\" href=\"https:\/\/new.comverga.com\/pol\/historia\/\" \/>\n<meta property=\"og:locale\" content=\"en_US\" \/>\n<meta property=\"og:type\" content=\"article\" \/>\n<meta property=\"og:title\" content=\"Nasza historia - COMVERGA Poland\" \/>\n<meta property=\"og:description\" content=\"Jeste\u015bmy firm\u0105 rodzinn\u0105 z ponad 20-letni\u0105 histori\u0105. W firmie pracuje ju\u017c drugie pokolenie. Nasz sukces opiera si\u0119 na d\u0142ugoterminowej wsp\u00f3\u0142pracy z naszymi partnerami biznesowymi i klientami. Cieszymy si\u0119 wsp\u00f3lnie ze stabilnego i owocnego rozwoju naszej dzia\u0142alno\u015bci. Zacz\u0119li\u015bmy od us\u0142ug przesy\u0142ania wiadomo\u015bci mi\u0119dzy sieciami kom\u00f3rkowymi i stacjonarnymi. Nast\u0119pnie dodali\u015bmy us\u0142ugi g\u0142osowe i transmisji danych do naszego [&hellip;]\" \/>\n<meta property=\"og:url\" content=\"https:\/\/new.comverga.com\/pol\/historia\/\" \/>\n<meta property=\"og:site_name\" content=\"COMVERGA Poland\" \/>\n<meta property=\"article:modified_time\" content=\"2021-02-03T14:50:38+00:00\" \/>\n<meta property=\"og:image\" content=\"https:\/\/new.comverga.com\/pol\/wp-content\/uploads\/sites\/2\/2020\/11\/new.jpg\" \/>\n\t<meta property=\"og:image:width\" content=\"1920\" \/>\n\t<meta property=\"og:image:height\" content=\"1080\" \/>\n\t<meta property=\"og:image:type\" content=\"image\/jpeg\" \/>\n<meta name=\"twitter:card\" content=\"summary_large_image\" \/>\n<meta name=\"twitter:label1\" content=\"Est. reading time\" \/>\n\t<meta name=\"twitter:data1\" content=\"1 minute\" \/>\n<script type=\"application\/ld+json\" class=\"yoast-schema-graph\">{\"@context\":\"https:\/\/schema.org\",\"@graph\":[{\"@type\":\"WebPage\",\"@id\":\"https:\/\/new.comverga.com\/pol\/historia\/\",\"url\":\"https:\/\/new.comverga.com\/pol\/historia\/\",\"name\":\"Nasza historia - COMVERGA Poland\",\"isPartOf\":{\"@id\":\"https:\/\/new.comverga.com\/pol\/#website\"},\"datePublished\":\"2020-11-25T14:26:06+00:00\",\"dateModified\":\"2021-02-03T14:50:38+00:00\",\"inLanguage\":\"en-US\",\"potentialAction\":[{\"@type\":\"ReadAction\",\"target\":[\"https:\/\/new.comverga.com\/pol\/historia\/\"]}]},{\"@type\":\"WebSite\",\"@id\":\"https:\/\/new.comverga.com\/pol\/#website\",\"url\":\"https:\/\/new.comverga.com\/pol\/\",\"name\":\"COMVERGA Poland\",\"description\":\"Comverga Poland\",\"publisher\":{\"@id\":\"https:\/\/new.comverga.com\/pol\/#organization\"},\"potentialAction\":[{\"@type\":\"SearchAction\",\"target\":{\"@type\":\"EntryPoint\",\"urlTemplate\":\"https:\/\/new.comverga.com\/pol\/?s={search_term_string}\"},\"query-input\":\"required name=search_term_string\"}],\"inLanguage\":\"en-US\"},{\"@type\":\"Organization\",\"@id\":\"https:\/\/new.comverga.com\/pol\/#organization\",\"name\":\"COMVERGA Poland\",\"url\":\"https:\/\/new.comverga.com\/pol\/\",\"logo\":{\"@type\":\"ImageObject\",\"inLanguage\":\"en-US\",\"@id\":\"https:\/\/new.comverga.com\/pol\/#\/schema\/logo\/image\/\",\"url\":\"https:\/\/new.comverga.com\/pol\/wp-content\/uploads\/sites\/2\/2020\/11\/Comverga_CC.png\",\"contentUrl\":\"https:\/\/new.comverga.com\/pol\/wp-content\/uploads\/sites\/2\/2020\/11\/Comverga_CC.png\",\"width\":800,\"height\":800,\"caption\":\"COMVERGA Poland\"},\"image\":{\"@id\":\"https:\/\/new.comverga.com\/pol\/#\/schema\/logo\/image\/\"}}]}<\/script>\n<!-- \/ Yoast SEO plugin. -->","yoast_head_json":{"title":"Nasza historia - COMVERGA Poland","robots":{"index":"index","follow":"follow","max-snippet":"max-snippet:-1","max-image-preview":"max-image-preview:large","max-video-preview":"max-video-preview:-1"},"canonical":"https:\/\/new.comverga.com\/pol\/historia\/","og_locale":"en_US","og_type":"article","og_title":"Nasza historia - COMVERGA Poland","og_description":"Jeste\u015bmy firm\u0105 rodzinn\u0105 z ponad 20-letni\u0105 histori\u0105. W firmie pracuje ju\u017c drugie pokolenie. Nasz sukces opiera si\u0119 na d\u0142ugoterminowej wsp\u00f3\u0142pracy z naszymi partnerami biznesowymi i klientami. Cieszymy si\u0119 wsp\u00f3lnie ze stabilnego i owocnego rozwoju naszej dzia\u0142alno\u015bci. Zacz\u0119li\u015bmy od us\u0142ug przesy\u0142ania wiadomo\u015bci mi\u0119dzy sieciami kom\u00f3rkowymi i stacjonarnymi. Nast\u0119pnie dodali\u015bmy us\u0142ugi g\u0142osowe i transmisji danych do naszego [&hellip;]","og_url":"https:\/\/new.comverga.com\/pol\/historia\/","og_site_name":"COMVERGA Poland","article_modified_time":"2021-02-03T14:50:38+00:00","og_image":[{"width":1920,"height":1080,"url":"https:\/\/new.comverga.com\/pol\/wp-content\/uploads\/sites\/2\/2020\/11\/new.jpg","type":"image\/jpeg"}],"twitter_card":"summary_large_image","twitter_misc":{"Est. reading time":"1 minute"},"schema":{"@context":"https:\/\/schema.org","@graph":[{"@type":"WebPage","@id":"https:\/\/new.comverga.com\/pol\/historia\/","url":"https:\/\/new.comverga.com\/pol\/historia\/","name":"Nasza historia - COMVERGA Poland","isPartOf":{"@id":"https:\/\/new.comverga.com\/pol\/#website"},"datePublished":"2020-11-25T14:26:06+00:00","dateModified":"2021-02-03T14:50:38+00:00","inLanguage":"en-US","potentialAction":[{"@type":"ReadAction","target":["https:\/\/new.comverga.com\/pol\/historia\/"]}]},{"@type":"WebSite","@id":"https:\/\/new.comverga.com\/pol\/#website","url":"https:\/\/new.comverga.com\/pol\/","name":"COMVERGA Poland","description":"Comverga Poland","publisher":{"@id":"https:\/\/new.comverga.com\/pol\/#organization"},"potentialAction":[{"@type":"SearchAction","target":{"@type":"EntryPoint","urlTemplate":"https:\/\/new.comverga.com\/pol\/?s={search_term_string}"},"query-input":"required name=search_term_string"}],"inLanguage":"en-US"},{"@type":"Organization","@id":"https:\/\/new.comverga.com\/pol\/#organization","name":"COMVERGA Poland","url":"https:\/\/new.comverga.com\/pol\/","logo":{"@type":"ImageObject","inLanguage":"en-US","@id":"https:\/\/new.comverga.com\/pol\/#\/schema\/logo\/image\/","url":"https:\/\/new.comverga.com\/pol\/wp-content\/uploads\/sites\/2\/2020\/11\/Comverga_CC.png","contentUrl":"https:\/\/new.comverga.com\/pol\/wp-content\/uploads\/sites\/2\/2020\/11\/Comverga_CC.png","width":800,"height":800,"caption":"COMVERGA Poland"},"image":{"@id":"https:\/\/new.comverga.com\/pol\/#\/schema\/logo\/image\/"}}]}},"_links":{"self":[{"href":"https:\/\/new.comverga.com\/pol\/wp-json\/wp\/v2\/pages\/384"}],"collection":[{"href":"https:\/\/new.comverga.com\/pol\/wp-json\/wp\/v2\/pages"}],"about":[{"href":"https:\/\/new.comverga.com\/pol\/wp-json\/wp\/v2\/types\/page"}],"author":[{"embeddable":true,"href":"https:\/\/new.comverga.com\/pol\/wp-json\/wp\/v2\/users\/1"}],"replies":[{"embeddable":true,"href":"https:\/\/new.comverga.com\/pol\/wp-json\/wp\/v2\/comments?post=384"}],"version-history":[{"count":9,"href":"https:\/\/new.comverga.com\/pol\/wp-json\/wp\/v2\/pages\/384\/revisions"}],"predecessor-version":[{"id":1966,"href":"https:\/\/new.comverga.com\/pol\/wp-json\/wp\/v2\/pages\/384\/revisions\/1966"}],"wp:featuredmedia":[{"embeddable":true,"href":"https:\/\/new.comverga.com\/pol\/wp-json\/wp\/v2\/media\/148"}],"wp:attachment":[{"href":"https:\/\/new.comverga.com\/pol\/wp-json\/wp\/v2\/media?parent=384"}],"curies":[{"name":"wp","href":"https:\/\/api.w.org\/{rel}","templated":true}]}}