{"id":320,"date":"2020-11-25T14:34:22","date_gmt":"2020-11-25T13:34:22","guid":{"rendered":"https:\/\/www.comverga.com\/?page_id=320"},"modified":"2021-03-01T19:02:07","modified_gmt":"2021-03-01T18:02:07","slug":"co-robimy","status":"publish","type":"page","link":"https:\/\/new.comverga.com\/pol\/co-robimy\/","title":{"rendered":"Co robimy"},"content":{"rendered":"\t\t<div data-elementor-type=\"wp-page\" data-elementor-id=\"320\" class=\"elementor elementor-320\">\n\t\t\t\t\t\t\t\t\t<section class=\"elementor-section elementor-top-section elementor-element elementor-element-288903f2 elementor-section-stretched elementor-section-boxed elementor-section-height-default elementor-section-height-default\" data-id=\"288903f2\" data-element_type=\"section\" data-settings=\"{&quot;stretch_section&quot;:&quot;section-stretched&quot;,&quot;background_background&quot;:&quot;classic&quot;}\">\n\t\t\t\t\t\t<div class=\"elementor-container elementor-column-gap-default\">\n\t\t\t\t\t<div class=\"elementor-column elementor-col-50 elementor-top-column elementor-element elementor-element-70502e05\" data-id=\"70502e05\" data-element_type=\"column\">\n\t\t\t<div class=\"elementor-widget-wrap elementor-element-populated\">\n\t\t\t\t\t\t\t\t<div class=\"elementor-element elementor-element-10cdce2a elementor-widget elementor-widget-text-editor\" data-id=\"10cdce2a\" data-element_type=\"widget\" data-widget_type=\"text-editor.default\">\n\t\t\t\t<div class=\"elementor-widget-container\">\n\t\t\t\t\t\t\t\n<p>Rozwijamy i utrzymujemy w\u0142asn\u0105 infrastruktur\u0119 informatyczno-telekomunikacyjn\u0105, aby \u015bwiadczy\u0107 us\u0142ugi niezale\u017cne od technologii, dostawc\u00f3w i rozwi\u0105za\u0144. \u0141\u0105czymy r\u00f3\u017cne sieci oraz dostawc\u00f3w us\u0142ug hostingowych z nasz\u0105 infrastruktur\u0105, by m\u00f3c oferowa\u0107 pe\u0142en zakres us\u0142ug konwergentnych naszym partnerom i klientom.<\/p>\n\n<p>Nasza platforma \u015bwiadczenia us\u0142ug oferuje pe\u0142en zakres us\u0142ug telekomunikacyjnych, informatycznych oraz specjalizowanych:<\/p>\n\n<ul>\n<li><a href=\"https:\/\/www.comverga.com\/pol\/uslugi\/business-process-outsourcing-bpo-w-telekomunikacji\/\">Outsourcing proces\u00f3w biznesowych (BPO)<\/a><\/li>\n<li><a href=\"https:\/\/www.comverga.com\/pol\/uslugi\/oprogramowanie-jako-usluga-platforma-jako-usluga\/\">Platforma \u015bwiadczenia us\u0142ug<\/a><\/li>\n<li><a href=\"https:\/\/www.comverga.com\/pol\/uslugi\/eksploatacja-infrastruktury-telekomunikacyjnej\/\">Zarz\u0105dzanie infrastruktur\u0105 telekomunikacyjn\u0105<\/a><\/li>\n<li><a href=\"https:\/\/www.comverga.com\/pol\/uslugi\/uslugi-sms-wiadomosci\/\">Agregacja ruchu (SMS, g\u0142os, dane)<\/a><\/li>\n<li><a href=\"https:\/\/www.comverga.com\/pol\/uslugi\/uslugi-platnicze\/\">Us\u0142ugi p\u0142atnicze (platforma p\u0142atnicza + kana\u0142y do\u0142adowa\u0144)<\/a><\/li>\n<li><a href=\"https:\/\/www.comverga.com\/pol\/uslugi\/uslugi-profesjonalne-w-telekomunikacji\/\">Us\u0142ugi profesjonalne dla sektora telekomunikacji<\/a><\/li>\n<li><a href=\"https:\/\/www.comverga.com\/pol\/uslugi\/rozzwiazania\/\">Tworzenie aplikacji internetowych i mobilnych<\/a><\/li>\n<\/ul>\t\t\t\t\t\t<\/div>\n\t\t\t\t<\/div>\n\t\t\t\t\t<\/div>\n\t\t<\/div>\n\t\t\t\t<div class=\"elementor-column elementor-col-50 elementor-top-column elementor-element elementor-element-b01a319\" data-id=\"b01a319\" data-element_type=\"column\">\n\t\t\t<div class=\"elementor-widget-wrap elementor-element-populated\">\n\t\t\t\t\t\t\t\t<div class=\"elementor-element elementor-element-89b7fb7 elementor-widget elementor-widget-image\" data-id=\"89b7fb7\" data-element_type=\"widget\" data-widget_type=\"image.default\">\n\t\t\t\t<div class=\"elementor-widget-container\">\n\t\t\t\t\t\t\t\t\t\t\t\t\t\t\t<img fetchpriority=\"high\" decoding=\"async\" width=\"580\" height=\"236\" src=\"https:\/\/new.comverga.com\/pol\/wp-content\/uploads\/sites\/2\/2021\/03\/wykres.png\" class=\"attachment-large size-large wp-image-2011\" alt=\"\" srcset=\"https:\/\/new.comverga.com\/pol\/wp-content\/uploads\/sites\/2\/2021\/03\/wykres.png 800w, https:\/\/new.comverga.com\/pol\/wp-content\/uploads\/sites\/2\/2021\/03\/wykres-300x122.png 300w, https:\/\/new.comverga.com\/pol\/wp-content\/uploads\/sites\/2\/2021\/03\/wykres-768x312.png 768w\" sizes=\"(max-width: 580px) 100vw, 580px\" \/>\t\t\t\t\t\t\t\t\t\t\t\t\t\t\t<\/div>\n\t\t\t\t<\/div>\n\t\t\t\t\t<\/div>\n\t\t<\/div>\n\t\t\t\t\t\t\t<\/div>\n\t\t<\/section>\n\t\t\t\t\t\t\t<\/div>\n\t\t","protected":false},"excerpt":{"rendered":"<p>Rozwijamy i utrzymujemy w\u0142asn\u0105 infrastruktur\u0119 informatyczno-telekomunikacyjn\u0105, aby \u015bwiadczy\u0107 us\u0142ugi niezale\u017cne od technologii, dostawc\u00f3w i rozwi\u0105za\u0144. \u0141\u0105czymy r\u00f3\u017cne sieci oraz dostawc\u00f3w us\u0142ug hostingowych z nasz\u0105 infrastruktur\u0105, by m\u00f3c oferowa\u0107 pe\u0142en zakres us\u0142ug konwergentnych naszym partnerom i klientom. Nasza platforma \u015bwiadczenia us\u0142ug oferuje pe\u0142en zakres us\u0142ug telekomunikacyjnych, informatycznych oraz specjalizowanych: Outsourcing proces\u00f3w biznesowych (BPO) Platforma \u015bwiadczenia us\u0142ug [&hellip;]<\/p>\n","protected":false},"author":1,"featured_media":147,"parent":0,"menu_order":0,"comment_status":"closed","ping_status":"closed","template":"","meta":{"footnotes":""},"yoast_head":"<!-- This site is optimized with the Yoast SEO plugin v21.8 - https:\/\/yoast.com\/wordpress\/plugins\/seo\/ -->\n<title>Co robimy - COMVERGA Poland<\/title>\n<meta name=\"robots\" content=\"index, follow, max-snippet:-1, max-image-preview:large, max-video-preview:-1\" \/>\n<link rel=\"canonical\" href=\"https:\/\/new.comverga.com\/pol\/co-robimy\/\" \/>\n<meta property=\"og:locale\" content=\"en_US\" \/>\n<meta property=\"og:type\" content=\"article\" \/>\n<meta property=\"og:title\" content=\"Co robimy - COMVERGA Poland\" \/>\n<meta property=\"og:description\" content=\"Rozwijamy i utrzymujemy w\u0142asn\u0105 infrastruktur\u0119 informatyczno-telekomunikacyjn\u0105, aby \u015bwiadczy\u0107 us\u0142ugi niezale\u017cne od technologii, dostawc\u00f3w i rozwi\u0105za\u0144. \u0141\u0105czymy r\u00f3\u017cne sieci oraz dostawc\u00f3w us\u0142ug hostingowych z nasz\u0105 infrastruktur\u0105, by m\u00f3c oferowa\u0107 pe\u0142en zakres us\u0142ug konwergentnych naszym partnerom i klientom. Nasza platforma \u015bwiadczenia us\u0142ug oferuje pe\u0142en zakres us\u0142ug telekomunikacyjnych, informatycznych oraz specjalizowanych: Outsourcing proces\u00f3w biznesowych (BPO) Platforma \u015bwiadczenia us\u0142ug [&hellip;]\" \/>\n<meta property=\"og:url\" content=\"https:\/\/new.comverga.com\/pol\/co-robimy\/\" \/>\n<meta property=\"og:site_name\" content=\"COMVERGA Poland\" \/>\n<meta property=\"article:modified_time\" content=\"2021-03-01T18:02:07+00:00\" \/>\n<meta property=\"og:image\" content=\"https:\/\/new.comverga.com\/pol\/wp-content\/uploads\/sites\/2\/2020\/11\/windykacja-sms-1.jpg\" \/>\n\t<meta property=\"og:image:width\" content=\"1920\" \/>\n\t<meta property=\"og:image:height\" content=\"955\" \/>\n\t<meta property=\"og:image:type\" content=\"image\/jpeg\" \/>\n<meta name=\"twitter:card\" content=\"summary_large_image\" \/>\n<meta name=\"twitter:label1\" content=\"Est. reading time\" \/>\n\t<meta name=\"twitter:data1\" content=\"1 minute\" \/>\n<script type=\"application\/ld+json\" class=\"yoast-schema-graph\">{\"@context\":\"https:\/\/schema.org\",\"@graph\":[{\"@type\":\"WebPage\",\"@id\":\"https:\/\/new.comverga.com\/pol\/co-robimy\/\",\"url\":\"https:\/\/new.comverga.com\/pol\/co-robimy\/\",\"name\":\"Co robimy - COMVERGA Poland\",\"isPartOf\":{\"@id\":\"https:\/\/new.comverga.com\/pol\/#website\"},\"datePublished\":\"2020-11-25T13:34:22+00:00\",\"dateModified\":\"2021-03-01T18:02:07+00:00\",\"inLanguage\":\"en-US\",\"potentialAction\":[{\"@type\":\"ReadAction\",\"target\":[\"https:\/\/new.comverga.com\/pol\/co-robimy\/\"]}]},{\"@type\":\"WebSite\",\"@id\":\"https:\/\/new.comverga.com\/pol\/#website\",\"url\":\"https:\/\/new.comverga.com\/pol\/\",\"name\":\"COMVERGA Poland\",\"description\":\"Comverga Poland\",\"publisher\":{\"@id\":\"https:\/\/new.comverga.com\/pol\/#organization\"},\"potentialAction\":[{\"@type\":\"SearchAction\",\"target\":{\"@type\":\"EntryPoint\",\"urlTemplate\":\"https:\/\/new.comverga.com\/pol\/?s={search_term_string}\"},\"query-input\":\"required name=search_term_string\"}],\"inLanguage\":\"en-US\"},{\"@type\":\"Organization\",\"@id\":\"https:\/\/new.comverga.com\/pol\/#organization\",\"name\":\"COMVERGA Poland\",\"url\":\"https:\/\/new.comverga.com\/pol\/\",\"logo\":{\"@type\":\"ImageObject\",\"inLanguage\":\"en-US\",\"@id\":\"https:\/\/new.comverga.com\/pol\/#\/schema\/logo\/image\/\",\"url\":\"https:\/\/new.comverga.com\/pol\/wp-content\/uploads\/sites\/2\/2020\/11\/Comverga_CC.png\",\"contentUrl\":\"https:\/\/new.comverga.com\/pol\/wp-content\/uploads\/sites\/2\/2020\/11\/Comverga_CC.png\",\"width\":800,\"height\":800,\"caption\":\"COMVERGA Poland\"},\"image\":{\"@id\":\"https:\/\/new.comverga.com\/pol\/#\/schema\/logo\/image\/\"}}]}<\/script>\n<!-- \/ Yoast SEO plugin. -->","yoast_head_json":{"title":"Co robimy - COMVERGA Poland","robots":{"index":"index","follow":"follow","max-snippet":"max-snippet:-1","max-image-preview":"max-image-preview:large","max-video-preview":"max-video-preview:-1"},"canonical":"https:\/\/new.comverga.com\/pol\/co-robimy\/","og_locale":"en_US","og_type":"article","og_title":"Co robimy - COMVERGA Poland","og_description":"Rozwijamy i utrzymujemy w\u0142asn\u0105 infrastruktur\u0119 informatyczno-telekomunikacyjn\u0105, aby \u015bwiadczy\u0107 us\u0142ugi niezale\u017cne od technologii, dostawc\u00f3w i rozwi\u0105za\u0144. \u0141\u0105czymy r\u00f3\u017cne sieci oraz dostawc\u00f3w us\u0142ug hostingowych z nasz\u0105 infrastruktur\u0105, by m\u00f3c oferowa\u0107 pe\u0142en zakres us\u0142ug konwergentnych naszym partnerom i klientom. Nasza platforma \u015bwiadczenia us\u0142ug oferuje pe\u0142en zakres us\u0142ug telekomunikacyjnych, informatycznych oraz specjalizowanych: Outsourcing proces\u00f3w biznesowych (BPO) Platforma \u015bwiadczenia us\u0142ug [&hellip;]","og_url":"https:\/\/new.comverga.com\/pol\/co-robimy\/","og_site_name":"COMVERGA Poland","article_modified_time":"2021-03-01T18:02:07+00:00","og_image":[{"width":1920,"height":955,"url":"https:\/\/new.comverga.com\/pol\/wp-content\/uploads\/sites\/2\/2020\/11\/windykacja-sms-1.jpg","type":"image\/jpeg"}],"twitter_card":"summary_large_image","twitter_misc":{"Est. reading time":"1 minute"},"schema":{"@context":"https:\/\/schema.org","@graph":[{"@type":"WebPage","@id":"https:\/\/new.comverga.com\/pol\/co-robimy\/","url":"https:\/\/new.comverga.com\/pol\/co-robimy\/","name":"Co robimy - COMVERGA Poland","isPartOf":{"@id":"https:\/\/new.comverga.com\/pol\/#website"},"datePublished":"2020-11-25T13:34:22+00:00","dateModified":"2021-03-01T18:02:07+00:00","inLanguage":"en-US","potentialAction":[{"@type":"ReadAction","target":["https:\/\/new.comverga.com\/pol\/co-robimy\/"]}]},{"@type":"WebSite","@id":"https:\/\/new.comverga.com\/pol\/#website","url":"https:\/\/new.comverga.com\/pol\/","name":"COMVERGA Poland","description":"Comverga Poland","publisher":{"@id":"https:\/\/new.comverga.com\/pol\/#organization"},"potentialAction":[{"@type":"SearchAction","target":{"@type":"EntryPoint","urlTemplate":"https:\/\/new.comverga.com\/pol\/?s={search_term_string}"},"query-input":"required name=search_term_string"}],"inLanguage":"en-US"},{"@type":"Organization","@id":"https:\/\/new.comverga.com\/pol\/#organization","name":"COMVERGA Poland","url":"https:\/\/new.comverga.com\/pol\/","logo":{"@type":"ImageObject","inLanguage":"en-US","@id":"https:\/\/new.comverga.com\/pol\/#\/schema\/logo\/image\/","url":"https:\/\/new.comverga.com\/pol\/wp-content\/uploads\/sites\/2\/2020\/11\/Comverga_CC.png","contentUrl":"https:\/\/new.comverga.com\/pol\/wp-content\/uploads\/sites\/2\/2020\/11\/Comverga_CC.png","width":800,"height":800,"caption":"COMVERGA Poland"},"image":{"@id":"https:\/\/new.comverga.com\/pol\/#\/schema\/logo\/image\/"}}]}},"_links":{"self":[{"href":"https:\/\/new.comverga.com\/pol\/wp-json\/wp\/v2\/pages\/320"}],"collection":[{"href":"https:\/\/new.comverga.com\/pol\/wp-json\/wp\/v2\/pages"}],"about":[{"href":"https:\/\/new.comverga.com\/pol\/wp-json\/wp\/v2\/types\/page"}],"author":[{"embeddable":true,"href":"https:\/\/new.comverga.com\/pol\/wp-json\/wp\/v2\/users\/1"}],"replies":[{"embeddable":true,"href":"https:\/\/new.comverga.com\/pol\/wp-json\/wp\/v2\/comments?post=320"}],"version-history":[{"count":16,"href":"https:\/\/new.comverga.com\/pol\/wp-json\/wp\/v2\/pages\/320\/revisions"}],"predecessor-version":[{"id":2014,"href":"https:\/\/new.comverga.com\/pol\/wp-json\/wp\/v2\/pages\/320\/revisions\/2014"}],"wp:featuredmedia":[{"embeddable":true,"href":"https:\/\/new.comverga.com\/pol\/wp-json\/wp\/v2\/media\/147"}],"wp:attachment":[{"href":"https:\/\/new.comverga.com\/pol\/wp-json\/wp\/v2\/media?parent=320"}],"curies":[{"name":"wp","href":"https:\/\/api.w.org\/{rel}","templated":true}]}}