{"id":253,"date":"2020-11-25T13:45:33","date_gmt":"2020-11-25T12:45:33","guid":{"rendered":"https:\/\/www.comverga.com\/?page_id=253"},"modified":"2021-02-01T12:47:55","modified_gmt":"2021-02-01T11:47:55","slug":"uslugi-platnicze","status":"publish","type":"page","link":"https:\/\/new.comverga.com\/pol\/uslugi\/uslugi-platnicze\/","title":{"rendered":"Us\u0142ugi p\u0142atnicze"},"content":{"rendered":"\t\t<div data-elementor-type=\"wp-page\" data-elementor-id=\"253\" class=\"elementor elementor-253\">\n\t\t\t\t\t\t\t\t\t<section class=\"elementor-section elementor-top-section elementor-element elementor-element-4d994b90 elementor-section-stretched elementor-section-boxed elementor-section-height-default elementor-section-height-default\" data-id=\"4d994b90\" data-element_type=\"section\" data-settings=\"{&quot;stretch_section&quot;:&quot;section-stretched&quot;,&quot;background_background&quot;:&quot;classic&quot;}\">\n\t\t\t\t\t\t<div class=\"elementor-container elementor-column-gap-default\">\n\t\t\t\t\t<div class=\"elementor-column elementor-col-100 elementor-top-column elementor-element elementor-element-5cc1a596\" data-id=\"5cc1a596\" data-element_type=\"column\">\n\t\t\t<div class=\"elementor-widget-wrap elementor-element-populated\">\n\t\t\t\t\t\t\t\t<div class=\"elementor-element elementor-element-6673650 elementor-widget elementor-widget-text-editor\" data-id=\"6673650\" data-element_type=\"widget\" data-widget_type=\"text-editor.default\">\n\t\t\t\t<div class=\"elementor-widget-container\">\n\t\t\t\t\t\t\t<!-- wp:paragraph -->\n<p>Naszym partnerom oferujemy nowoczesny system p\u0142atno\u015bci, dzi\u0119ki kt\u00f3remu ich klienci mog\u0105 p\u0142aci\u0107 za r\u00f3\u017cne us\u0142ugi bez got\u00f3wki za pomoc\u0105 telefonu kom\u00f3rkowego, karty p\u0142atniczej lub przelewu bankowego. Mo\u017cliwe jest zastosowanie r\u00f3\u017cnych modeli rozlicze\u0144 \u2013 p\u0142atno\u015bci na podstawie bilingu, us\u0142ug przedp\u0142aconych, abonamentu lub bilingu natychmiastowego (Hot Billing).<\/p>\n<!-- \/wp:paragraph -->\t\t\t\t\t\t<\/div>\n\t\t\t\t<\/div>\n\t\t\t\t\t<\/div>\n\t\t<\/div>\n\t\t\t\t\t\t\t<\/div>\n\t\t<\/section>\n\t\t\t\t\t\t\t<\/div>\n\t\t","protected":false},"excerpt":{"rendered":"<p>Naszym partnerom oferujemy nowoczesny system p\u0142atno\u015bci, dzi\u0119ki kt\u00f3remu ich klienci mog\u0105 p\u0142aci\u0107 za r\u00f3\u017cne us\u0142ugi bez got\u00f3wki za pomoc\u0105 telefonu kom\u00f3rkowego, karty p\u0142atniczej lub przelewu bankowego. Mo\u017cliwe jest zastosowanie r\u00f3\u017cnych modeli rozlicze\u0144 \u2013 p\u0142atno\u015bci na podstawie bilingu, us\u0142ug przedp\u0142aconych, abonamentu lub bilingu natychmiastowego (Hot Billing).<\/p>\n","protected":false},"author":1,"featured_media":223,"parent":231,"menu_order":104,"comment_status":"closed","ping_status":"closed","template":"","meta":{"footnotes":""},"yoast_head":"<!-- This site is optimized with the Yoast SEO plugin v21.8 - https:\/\/yoast.com\/wordpress\/plugins\/seo\/ -->\n<title>Us\u0142ugi p\u0142atnicze - COMVERGA Poland<\/title>\n<meta name=\"description\" content=\"We offer our partners a modern payment system, which enables their customers to can pay for various services without cash using their mobile phone, payment card or bank transfer.\" \/>\n<meta name=\"robots\" content=\"index, follow, max-snippet:-1, max-image-preview:large, max-video-preview:-1\" \/>\n<link rel=\"canonical\" href=\"https:\/\/new.comverga.com\/pol\/uslugi\/uslugi-platnicze\/\" \/>\n<meta property=\"og:locale\" content=\"en_US\" \/>\n<meta property=\"og:type\" content=\"article\" \/>\n<meta property=\"og:title\" content=\"Us\u0142ugi p\u0142atnicze - COMVERGA Poland\" \/>\n<meta property=\"og:description\" content=\"We offer our partners a modern payment system, which enables their customers to can pay for various services without cash using their mobile phone, payment card or bank transfer.\" \/>\n<meta property=\"og:url\" content=\"https:\/\/new.comverga.com\/pol\/uslugi\/uslugi-platnicze\/\" \/>\n<meta property=\"og:site_name\" content=\"COMVERGA Poland\" \/>\n<meta property=\"article:modified_time\" content=\"2021-02-01T11:47:55+00:00\" \/>\n<meta property=\"og:image\" content=\"https:\/\/new.comverga.com\/pol\/wp-content\/uploads\/sites\/2\/2020\/11\/Service_Paym.jpg\" \/>\n\t<meta property=\"og:image:width\" content=\"1920\" \/>\n\t<meta property=\"og:image:height\" content=\"1080\" \/>\n\t<meta property=\"og:image:type\" content=\"image\/jpeg\" \/>\n<meta name=\"twitter:card\" content=\"summary_large_image\" \/>\n<script type=\"application\/ld+json\" class=\"yoast-schema-graph\">{\"@context\":\"https:\/\/schema.org\",\"@graph\":[{\"@type\":\"WebPage\",\"@id\":\"https:\/\/new.comverga.com\/pol\/uslugi\/uslugi-platnicze\/\",\"url\":\"https:\/\/new.comverga.com\/pol\/uslugi\/uslugi-platnicze\/\",\"name\":\"Us\u0142ugi p\u0142atnicze - COMVERGA Poland\",\"isPartOf\":{\"@id\":\"https:\/\/new.comverga.com\/pol\/#website\"},\"datePublished\":\"2020-11-25T12:45:33+00:00\",\"dateModified\":\"2021-02-01T11:47:55+00:00\",\"description\":\"We offer our partners a modern payment system, which enables their customers to can pay for various services without cash using their mobile phone, payment card or bank transfer.\",\"breadcrumb\":{\"@id\":\"https:\/\/new.comverga.com\/pol\/uslugi\/uslugi-platnicze\/#breadcrumb\"},\"inLanguage\":\"en-US\",\"potentialAction\":[{\"@type\":\"ReadAction\",\"target\":[\"https:\/\/new.comverga.com\/pol\/uslugi\/uslugi-platnicze\/\"]}]},{\"@type\":\"BreadcrumbList\",\"@id\":\"https:\/\/new.comverga.com\/pol\/uslugi\/uslugi-platnicze\/#breadcrumb\",\"itemListElement\":[{\"@type\":\"ListItem\",\"position\":1,\"name\":\"Us\u0142ugi\",\"item\":\"https:\/\/new.comverga.com\/pol\/uslugi\/\"},{\"@type\":\"ListItem\",\"position\":2,\"name\":\"Us\u0142ugi p\u0142atnicze\"}]},{\"@type\":\"WebSite\",\"@id\":\"https:\/\/new.comverga.com\/pol\/#website\",\"url\":\"https:\/\/new.comverga.com\/pol\/\",\"name\":\"COMVERGA Poland\",\"description\":\"Comverga Poland\",\"publisher\":{\"@id\":\"https:\/\/new.comverga.com\/pol\/#organization\"},\"potentialAction\":[{\"@type\":\"SearchAction\",\"target\":{\"@type\":\"EntryPoint\",\"urlTemplate\":\"https:\/\/new.comverga.com\/pol\/?s={search_term_string}\"},\"query-input\":\"required name=search_term_string\"}],\"inLanguage\":\"en-US\"},{\"@type\":\"Organization\",\"@id\":\"https:\/\/new.comverga.com\/pol\/#organization\",\"name\":\"COMVERGA Poland\",\"url\":\"https:\/\/new.comverga.com\/pol\/\",\"logo\":{\"@type\":\"ImageObject\",\"inLanguage\":\"en-US\",\"@id\":\"https:\/\/new.comverga.com\/pol\/#\/schema\/logo\/image\/\",\"url\":\"https:\/\/new.comverga.com\/pol\/wp-content\/uploads\/sites\/2\/2020\/11\/Comverga_CC.png\",\"contentUrl\":\"https:\/\/new.comverga.com\/pol\/wp-content\/uploads\/sites\/2\/2020\/11\/Comverga_CC.png\",\"width\":800,\"height\":800,\"caption\":\"COMVERGA Poland\"},\"image\":{\"@id\":\"https:\/\/new.comverga.com\/pol\/#\/schema\/logo\/image\/\"}}]}<\/script>\n<!-- \/ Yoast SEO plugin. -->","yoast_head_json":{"title":"Us\u0142ugi p\u0142atnicze - COMVERGA Poland","description":"We offer our partners a modern payment system, which enables their customers to can pay for various services without cash using their mobile phone, payment card or bank transfer.","robots":{"index":"index","follow":"follow","max-snippet":"max-snippet:-1","max-image-preview":"max-image-preview:large","max-video-preview":"max-video-preview:-1"},"canonical":"https:\/\/new.comverga.com\/pol\/uslugi\/uslugi-platnicze\/","og_locale":"en_US","og_type":"article","og_title":"Us\u0142ugi p\u0142atnicze - COMVERGA Poland","og_description":"We offer our partners a modern payment system, which enables their customers to can pay for various services without cash using their mobile phone, payment card or bank transfer.","og_url":"https:\/\/new.comverga.com\/pol\/uslugi\/uslugi-platnicze\/","og_site_name":"COMVERGA Poland","article_modified_time":"2021-02-01T11:47:55+00:00","og_image":[{"width":1920,"height":1080,"url":"https:\/\/new.comverga.com\/pol\/wp-content\/uploads\/sites\/2\/2020\/11\/Service_Paym.jpg","type":"image\/jpeg"}],"twitter_card":"summary_large_image","schema":{"@context":"https:\/\/schema.org","@graph":[{"@type":"WebPage","@id":"https:\/\/new.comverga.com\/pol\/uslugi\/uslugi-platnicze\/","url":"https:\/\/new.comverga.com\/pol\/uslugi\/uslugi-platnicze\/","name":"Us\u0142ugi p\u0142atnicze - COMVERGA Poland","isPartOf":{"@id":"https:\/\/new.comverga.com\/pol\/#website"},"datePublished":"2020-11-25T12:45:33+00:00","dateModified":"2021-02-01T11:47:55+00:00","description":"We offer our partners a modern payment system, which enables their customers to can pay for various services without cash using their mobile phone, payment card or bank transfer.","breadcrumb":{"@id":"https:\/\/new.comverga.com\/pol\/uslugi\/uslugi-platnicze\/#breadcrumb"},"inLanguage":"en-US","potentialAction":[{"@type":"ReadAction","target":["https:\/\/new.comverga.com\/pol\/uslugi\/uslugi-platnicze\/"]}]},{"@type":"BreadcrumbList","@id":"https:\/\/new.comverga.com\/pol\/uslugi\/uslugi-platnicze\/#breadcrumb","itemListElement":[{"@type":"ListItem","position":1,"name":"Us\u0142ugi","item":"https:\/\/new.comverga.com\/pol\/uslugi\/"},{"@type":"ListItem","position":2,"name":"Us\u0142ugi p\u0142atnicze"}]},{"@type":"WebSite","@id":"https:\/\/new.comverga.com\/pol\/#website","url":"https:\/\/new.comverga.com\/pol\/","name":"COMVERGA Poland","description":"Comverga Poland","publisher":{"@id":"https:\/\/new.comverga.com\/pol\/#organization"},"potentialAction":[{"@type":"SearchAction","target":{"@type":"EntryPoint","urlTemplate":"https:\/\/new.comverga.com\/pol\/?s={search_term_string}"},"query-input":"required name=search_term_string"}],"inLanguage":"en-US"},{"@type":"Organization","@id":"https:\/\/new.comverga.com\/pol\/#organization","name":"COMVERGA Poland","url":"https:\/\/new.comverga.com\/pol\/","logo":{"@type":"ImageObject","inLanguage":"en-US","@id":"https:\/\/new.comverga.com\/pol\/#\/schema\/logo\/image\/","url":"https:\/\/new.comverga.com\/pol\/wp-content\/uploads\/sites\/2\/2020\/11\/Comverga_CC.png","contentUrl":"https:\/\/new.comverga.com\/pol\/wp-content\/uploads\/sites\/2\/2020\/11\/Comverga_CC.png","width":800,"height":800,"caption":"COMVERGA Poland"},"image":{"@id":"https:\/\/new.comverga.com\/pol\/#\/schema\/logo\/image\/"}}]}},"_links":{"self":[{"href":"https:\/\/new.comverga.com\/pol\/wp-json\/wp\/v2\/pages\/253"}],"collection":[{"href":"https:\/\/new.comverga.com\/pol\/wp-json\/wp\/v2\/pages"}],"about":[{"href":"https:\/\/new.comverga.com\/pol\/wp-json\/wp\/v2\/types\/page"}],"author":[{"embeddable":true,"href":"https:\/\/new.comverga.com\/pol\/wp-json\/wp\/v2\/users\/1"}],"replies":[{"embeddable":true,"href":"https:\/\/new.comverga.com\/pol\/wp-json\/wp\/v2\/comments?post=253"}],"version-history":[{"count":5,"href":"https:\/\/new.comverga.com\/pol\/wp-json\/wp\/v2\/pages\/253\/revisions"}],"predecessor-version":[{"id":1855,"href":"https:\/\/new.comverga.com\/pol\/wp-json\/wp\/v2\/pages\/253\/revisions\/1855"}],"up":[{"embeddable":true,"href":"https:\/\/new.comverga.com\/pol\/wp-json\/wp\/v2\/pages\/231"}],"wp:featuredmedia":[{"embeddable":true,"href":"https:\/\/new.comverga.com\/pol\/wp-json\/wp\/v2\/media\/223"}],"wp:attachment":[{"href":"https:\/\/new.comverga.com\/pol\/wp-json\/wp\/v2\/media?parent=253"}],"curies":[{"name":"wp","href":"https:\/\/api.w.org\/{rel}","templated":true}]}}