{"id":242,"date":"2020-11-25T13:42:11","date_gmt":"2020-11-25T12:42:11","guid":{"rendered":"https:\/\/www.comverga.com\/?page_id=242"},"modified":"2021-02-01T12:20:38","modified_gmt":"2021-02-01T11:20:38","slug":"sdp-do-komunikacji-za-pomoca-wiadomosci","status":"publish","type":"page","link":"https:\/\/new.comverga.com\/pol\/uslugi\/oprogramowanie-jako-usluga-platforma-jako-usluga\/sdp-do-komunikacji-za-pomoca-wiadomosci\/","title":{"rendered":"SDP do komunikacji za pomoc\u0105 wiadomo\u015bci"},"content":{"rendered":"\t\t<div data-elementor-type=\"wp-page\" data-elementor-id=\"242\" class=\"elementor elementor-242\">\n\t\t\t\t\t\t\t\t\t<section class=\"elementor-section elementor-top-section elementor-element elementor-element-129b4c83 elementor-section-stretched elementor-section-boxed elementor-section-height-default elementor-section-height-default\" data-id=\"129b4c83\" data-element_type=\"section\" data-settings=\"{&quot;stretch_section&quot;:&quot;section-stretched&quot;,&quot;background_background&quot;:&quot;classic&quot;}\">\n\t\t\t\t\t\t<div class=\"elementor-container elementor-column-gap-default\">\n\t\t\t\t\t<div class=\"elementor-column elementor-col-100 elementor-top-column elementor-element elementor-element-49b0a603\" data-id=\"49b0a603\" data-element_type=\"column\">\n\t\t\t<div class=\"elementor-widget-wrap elementor-element-populated\">\n\t\t\t\t\t\t\t\t<div class=\"elementor-element elementor-element-4567290d elementor-widget elementor-widget-text-editor\" data-id=\"4567290d\" data-element_type=\"widget\" data-widget_type=\"text-editor.default\">\n\t\t\t\t<div class=\"elementor-widget-container\">\n\t\t\t\t\t\t\t<!-- wp:paragraph -->\n<p>Dzisiejsze szybko zmieniaj\u0105ce si\u0119 \u015brodowisko w coraz wi\u0119kszym stopniu wspiera korzystanie z us\u0142ug w chmurze. Dotyczy to zar\u00f3wno ich ilo\u015bci, r\u00f3\u017cnych rodzaj\u00f3w us\u0142ug jak i r\u00f3\u017cnych u\u017cytkownik\u00f3w. Koszty przedsi\u0119biorstw korzystaj\u0105cych z us\u0142ug w chmurze szybko rosn\u0105 a ich kontrola, mo\u017cliwo\u015b\u0107 podzia\u0142u na r\u00f3\u017cne centra koszt\u00f3w i konkretnych u\u017cytkownik\u00f3w staje si\u0119 konieczno\u015bci\u0105.<\/p>\n<!-- \/wp:paragraph -->\n\n<!-- wp:paragraph -->\n<p>SDP umo\u017cliwia pe\u0142ne i elastyczne zarz\u0105dzanie wykorzystaniem us\u0142ug chmurowych w organizacji, w tym kontrol\u0119 ich aktywacji i dezaktywacji, kontrol\u0119 ilo\u015bci i czasu wykorzystania, alokacj\u0119 koszt\u00f3w od r\u00f3\u017cnych dostawc\u00f3w us\u0142ug chmurowych do u\u017cytkownik\u00f3w i centr\u00f3w koszt\u00f3w. Obs\u0142uguje zar\u00f3wno dostawc\u00f3w chmury publicznej (IBM, Amazon, Microsoft, Alcatel, Unify), jak i dostawc\u00f3w wewn\u0119trznych w organizacji.<\/p>\n<!-- \/wp:paragraph -->\t\t\t\t\t\t<\/div>\n\t\t\t\t<\/div>\n\t\t\t\t\t<\/div>\n\t\t<\/div>\n\t\t\t\t\t\t\t<\/div>\n\t\t<\/section>\n\t\t\t\t\t\t\t<\/div>\n\t\t","protected":false},"excerpt":{"rendered":"<p>Dzisiejsze szybko zmieniaj\u0105ce si\u0119 \u015brodowisko w coraz wi\u0119kszym stopniu wspiera korzystanie z us\u0142ug w chmurze. Dotyczy to zar\u00f3wno ich ilo\u015bci, r\u00f3\u017cnych rodzaj\u00f3w us\u0142ug jak i r\u00f3\u017cnych u\u017cytkownik\u00f3w. Koszty przedsi\u0119biorstw korzystaj\u0105cych z us\u0142ug w chmurze szybko rosn\u0105 a ich kontrola, mo\u017cliwo\u015b\u0107 podzia\u0142u na r\u00f3\u017cne centra koszt\u00f3w i konkretnych u\u017cytkownik\u00f3w staje si\u0119 konieczno\u015bci\u0105. SDP umo\u017cliwia pe\u0142ne i [&hellip;]<\/p>\n","protected":false},"author":1,"featured_media":230,"parent":240,"menu_order":0,"comment_status":"closed","ping_status":"closed","template":"","meta":{"footnotes":""},"yoast_head":"<!-- This site is optimized with the Yoast SEO plugin v21.8 - https:\/\/yoast.com\/wordpress\/plugins\/seo\/ -->\n<title>SDP do komunikacji za pomoc\u0105 wiadomo\u015bci - COMVERGA Poland<\/title>\n<meta name=\"description\" content=\"It allows you to use various channels for message delivery - SMS, email, voice messages and communication applications, including private ones.\" \/>\n<meta name=\"robots\" content=\"index, follow, max-snippet:-1, max-image-preview:large, max-video-preview:-1\" \/>\n<link rel=\"canonical\" href=\"https:\/\/new.comverga.com\/pol\/uslugi\/oprogramowanie-jako-usluga-platforma-jako-usluga\/sdp-do-komunikacji-za-pomoca-wiadomosci\/\" \/>\n<meta property=\"og:locale\" content=\"en_US\" \/>\n<meta property=\"og:type\" content=\"article\" \/>\n<meta property=\"og:title\" content=\"SDP do komunikacji za pomoc\u0105 wiadomo\u015bci - COMVERGA Poland\" \/>\n<meta property=\"og:description\" content=\"It allows you to use various channels for message delivery - SMS, email, voice messages and communication applications, including private ones.\" \/>\n<meta property=\"og:url\" content=\"https:\/\/new.comverga.com\/pol\/uslugi\/oprogramowanie-jako-usluga-platforma-jako-usluga\/sdp-do-komunikacji-za-pomoca-wiadomosci\/\" \/>\n<meta property=\"og:site_name\" content=\"COMVERGA Poland\" \/>\n<meta property=\"article:modified_time\" content=\"2021-02-01T11:20:38+00:00\" \/>\n<meta property=\"og:image\" content=\"https:\/\/new.comverga.com\/pol\/wp-content\/uploads\/sites\/2\/2020\/11\/Service_Messig.jpg\" \/>\n\t<meta property=\"og:image:width\" content=\"1920\" \/>\n\t<meta property=\"og:image:height\" content=\"1080\" \/>\n\t<meta property=\"og:image:type\" content=\"image\/jpeg\" \/>\n<meta name=\"twitter:card\" content=\"summary_large_image\" \/>\n<meta name=\"twitter:label1\" content=\"Est. reading time\" \/>\n\t<meta name=\"twitter:data1\" content=\"1 minute\" \/>\n<script type=\"application\/ld+json\" class=\"yoast-schema-graph\">{\"@context\":\"https:\/\/schema.org\",\"@graph\":[{\"@type\":\"WebPage\",\"@id\":\"https:\/\/new.comverga.com\/pol\/uslugi\/oprogramowanie-jako-usluga-platforma-jako-usluga\/sdp-do-komunikacji-za-pomoca-wiadomosci\/\",\"url\":\"https:\/\/new.comverga.com\/pol\/uslugi\/oprogramowanie-jako-usluga-platforma-jako-usluga\/sdp-do-komunikacji-za-pomoca-wiadomosci\/\",\"name\":\"SDP do komunikacji za pomoc\u0105 wiadomo\u015bci - COMVERGA Poland\",\"isPartOf\":{\"@id\":\"https:\/\/new.comverga.com\/pol\/#website\"},\"datePublished\":\"2020-11-25T12:42:11+00:00\",\"dateModified\":\"2021-02-01T11:20:38+00:00\",\"description\":\"It allows you to use various channels for message delivery - SMS, email, voice messages and communication applications, including private ones.\",\"breadcrumb\":{\"@id\":\"https:\/\/new.comverga.com\/pol\/uslugi\/oprogramowanie-jako-usluga-platforma-jako-usluga\/sdp-do-komunikacji-za-pomoca-wiadomosci\/#breadcrumb\"},\"inLanguage\":\"en-US\",\"potentialAction\":[{\"@type\":\"ReadAction\",\"target\":[\"https:\/\/new.comverga.com\/pol\/uslugi\/oprogramowanie-jako-usluga-platforma-jako-usluga\/sdp-do-komunikacji-za-pomoca-wiadomosci\/\"]}]},{\"@type\":\"BreadcrumbList\",\"@id\":\"https:\/\/new.comverga.com\/pol\/uslugi\/oprogramowanie-jako-usluga-platforma-jako-usluga\/sdp-do-komunikacji-za-pomoca-wiadomosci\/#breadcrumb\",\"itemListElement\":[{\"@type\":\"ListItem\",\"position\":1,\"name\":\"Us\u0142ugi\",\"item\":\"https:\/\/new.comverga.com\/pol\/uslugi\/\"},{\"@type\":\"ListItem\",\"position\":2,\"name\":\"Oprogramowanie jako us\u0142uga \/ platforma jako us\u0142uga\",\"item\":\"https:\/\/new.comverga.com\/pol\/uslugi\/oprogramowanie-jako-usluga-platforma-jako-usluga\/\"},{\"@type\":\"ListItem\",\"position\":3,\"name\":\"SDP do komunikacji za pomoc\u0105 wiadomo\u015bci\"}]},{\"@type\":\"WebSite\",\"@id\":\"https:\/\/new.comverga.com\/pol\/#website\",\"url\":\"https:\/\/new.comverga.com\/pol\/\",\"name\":\"COMVERGA Poland\",\"description\":\"Comverga Poland\",\"publisher\":{\"@id\":\"https:\/\/new.comverga.com\/pol\/#organization\"},\"potentialAction\":[{\"@type\":\"SearchAction\",\"target\":{\"@type\":\"EntryPoint\",\"urlTemplate\":\"https:\/\/new.comverga.com\/pol\/?s={search_term_string}\"},\"query-input\":\"required name=search_term_string\"}],\"inLanguage\":\"en-US\"},{\"@type\":\"Organization\",\"@id\":\"https:\/\/new.comverga.com\/pol\/#organization\",\"name\":\"COMVERGA Poland\",\"url\":\"https:\/\/new.comverga.com\/pol\/\",\"logo\":{\"@type\":\"ImageObject\",\"inLanguage\":\"en-US\",\"@id\":\"https:\/\/new.comverga.com\/pol\/#\/schema\/logo\/image\/\",\"url\":\"https:\/\/new.comverga.com\/pol\/wp-content\/uploads\/sites\/2\/2020\/11\/Comverga_CC.png\",\"contentUrl\":\"https:\/\/new.comverga.com\/pol\/wp-content\/uploads\/sites\/2\/2020\/11\/Comverga_CC.png\",\"width\":800,\"height\":800,\"caption\":\"COMVERGA Poland\"},\"image\":{\"@id\":\"https:\/\/new.comverga.com\/pol\/#\/schema\/logo\/image\/\"}}]}<\/script>\n<!-- \/ Yoast SEO plugin. -->","yoast_head_json":{"title":"SDP do komunikacji za pomoc\u0105 wiadomo\u015bci - COMVERGA Poland","description":"It allows you to use various channels for message delivery - SMS, email, voice messages and communication applications, including private ones.","robots":{"index":"index","follow":"follow","max-snippet":"max-snippet:-1","max-image-preview":"max-image-preview:large","max-video-preview":"max-video-preview:-1"},"canonical":"https:\/\/new.comverga.com\/pol\/uslugi\/oprogramowanie-jako-usluga-platforma-jako-usluga\/sdp-do-komunikacji-za-pomoca-wiadomosci\/","og_locale":"en_US","og_type":"article","og_title":"SDP do komunikacji za pomoc\u0105 wiadomo\u015bci - COMVERGA Poland","og_description":"It allows you to use various channels for message delivery - SMS, email, voice messages and communication applications, including private ones.","og_url":"https:\/\/new.comverga.com\/pol\/uslugi\/oprogramowanie-jako-usluga-platforma-jako-usluga\/sdp-do-komunikacji-za-pomoca-wiadomosci\/","og_site_name":"COMVERGA Poland","article_modified_time":"2021-02-01T11:20:38+00:00","og_image":[{"width":1920,"height":1080,"url":"https:\/\/new.comverga.com\/pol\/wp-content\/uploads\/sites\/2\/2020\/11\/Service_Messig.jpg","type":"image\/jpeg"}],"twitter_card":"summary_large_image","twitter_misc":{"Est. reading time":"1 minute"},"schema":{"@context":"https:\/\/schema.org","@graph":[{"@type":"WebPage","@id":"https:\/\/new.comverga.com\/pol\/uslugi\/oprogramowanie-jako-usluga-platforma-jako-usluga\/sdp-do-komunikacji-za-pomoca-wiadomosci\/","url":"https:\/\/new.comverga.com\/pol\/uslugi\/oprogramowanie-jako-usluga-platforma-jako-usluga\/sdp-do-komunikacji-za-pomoca-wiadomosci\/","name":"SDP do komunikacji za pomoc\u0105 wiadomo\u015bci - COMVERGA Poland","isPartOf":{"@id":"https:\/\/new.comverga.com\/pol\/#website"},"datePublished":"2020-11-25T12:42:11+00:00","dateModified":"2021-02-01T11:20:38+00:00","description":"It allows you to use various channels for message delivery - SMS, email, voice messages and communication applications, including private ones.","breadcrumb":{"@id":"https:\/\/new.comverga.com\/pol\/uslugi\/oprogramowanie-jako-usluga-platforma-jako-usluga\/sdp-do-komunikacji-za-pomoca-wiadomosci\/#breadcrumb"},"inLanguage":"en-US","potentialAction":[{"@type":"ReadAction","target":["https:\/\/new.comverga.com\/pol\/uslugi\/oprogramowanie-jako-usluga-platforma-jako-usluga\/sdp-do-komunikacji-za-pomoca-wiadomosci\/"]}]},{"@type":"BreadcrumbList","@id":"https:\/\/new.comverga.com\/pol\/uslugi\/oprogramowanie-jako-usluga-platforma-jako-usluga\/sdp-do-komunikacji-za-pomoca-wiadomosci\/#breadcrumb","itemListElement":[{"@type":"ListItem","position":1,"name":"Us\u0142ugi","item":"https:\/\/new.comverga.com\/pol\/uslugi\/"},{"@type":"ListItem","position":2,"name":"Oprogramowanie jako us\u0142uga \/ platforma jako us\u0142uga","item":"https:\/\/new.comverga.com\/pol\/uslugi\/oprogramowanie-jako-usluga-platforma-jako-usluga\/"},{"@type":"ListItem","position":3,"name":"SDP do komunikacji za pomoc\u0105 wiadomo\u015bci"}]},{"@type":"WebSite","@id":"https:\/\/new.comverga.com\/pol\/#website","url":"https:\/\/new.comverga.com\/pol\/","name":"COMVERGA Poland","description":"Comverga Poland","publisher":{"@id":"https:\/\/new.comverga.com\/pol\/#organization"},"potentialAction":[{"@type":"SearchAction","target":{"@type":"EntryPoint","urlTemplate":"https:\/\/new.comverga.com\/pol\/?s={search_term_string}"},"query-input":"required name=search_term_string"}],"inLanguage":"en-US"},{"@type":"Organization","@id":"https:\/\/new.comverga.com\/pol\/#organization","name":"COMVERGA Poland","url":"https:\/\/new.comverga.com\/pol\/","logo":{"@type":"ImageObject","inLanguage":"en-US","@id":"https:\/\/new.comverga.com\/pol\/#\/schema\/logo\/image\/","url":"https:\/\/new.comverga.com\/pol\/wp-content\/uploads\/sites\/2\/2020\/11\/Comverga_CC.png","contentUrl":"https:\/\/new.comverga.com\/pol\/wp-content\/uploads\/sites\/2\/2020\/11\/Comverga_CC.png","width":800,"height":800,"caption":"COMVERGA Poland"},"image":{"@id":"https:\/\/new.comverga.com\/pol\/#\/schema\/logo\/image\/"}}]}},"_links":{"self":[{"href":"https:\/\/new.comverga.com\/pol\/wp-json\/wp\/v2\/pages\/242"}],"collection":[{"href":"https:\/\/new.comverga.com\/pol\/wp-json\/wp\/v2\/pages"}],"about":[{"href":"https:\/\/new.comverga.com\/pol\/wp-json\/wp\/v2\/types\/page"}],"author":[{"embeddable":true,"href":"https:\/\/new.comverga.com\/pol\/wp-json\/wp\/v2\/users\/1"}],"replies":[{"embeddable":true,"href":"https:\/\/new.comverga.com\/pol\/wp-json\/wp\/v2\/comments?post=242"}],"version-history":[{"count":10,"href":"https:\/\/new.comverga.com\/pol\/wp-json\/wp\/v2\/pages\/242\/revisions"}],"predecessor-version":[{"id":1828,"href":"https:\/\/new.comverga.com\/pol\/wp-json\/wp\/v2\/pages\/242\/revisions\/1828"}],"up":[{"embeddable":true,"href":"https:\/\/new.comverga.com\/pol\/wp-json\/wp\/v2\/pages\/240"}],"wp:featuredmedia":[{"embeddable":true,"href":"https:\/\/new.comverga.com\/pol\/wp-json\/wp\/v2\/media\/230"}],"wp:attachment":[{"href":"https:\/\/new.comverga.com\/pol\/wp-json\/wp\/v2\/media?parent=242"}],"curies":[{"name":"wp","href":"https:\/\/api.w.org\/{rel}","templated":true}]}}