{"id":2107,"date":"2021-10-20T17:07:30","date_gmt":"2021-10-20T15:07:30","guid":{"rendered":"https:\/\/www.comverga.com\/pol\/?page_id=2107"},"modified":"2022-01-19T09:37:18","modified_gmt":"2022-01-19T08:37:18","slug":"praca","status":"publish","type":"page","link":"https:\/\/new.comverga.com\/pol\/praca\/","title":{"rendered":"Praca"},"content":{"rendered":"\t\t<div data-elementor-type=\"wp-page\" data-elementor-id=\"2107\" class=\"elementor elementor-2107\">\n\t\t\t\t\t\t\t\t\t<section class=\"elementor-section elementor-top-section elementor-element elementor-element-1144c806 elementor-section-stretched elementor-section-boxed elementor-section-height-default elementor-section-height-default\" data-id=\"1144c806\" data-element_type=\"section\" data-settings=\"{&quot;stretch_section&quot;:&quot;section-stretched&quot;,&quot;background_background&quot;:&quot;classic&quot;}\">\n\t\t\t\t\t\t<div class=\"elementor-container elementor-column-gap-default\">\n\t\t\t\t\t<div class=\"elementor-column elementor-col-100 elementor-top-column elementor-element elementor-element-b1cb4ac\" data-id=\"b1cb4ac\" data-element_type=\"column\">\n\t\t\t<div class=\"elementor-widget-wrap elementor-element-populated\">\n\t\t\t\t\t\t\t\t<div class=\"elementor-element elementor-element-9549a7c premium-header-inline premium-lq__none premium-box-lq__none elementor-widget elementor-widget-premium-addon-dual-header\" data-id=\"9549a7c\" data-element_type=\"widget\" data-widget_type=\"premium-addon-dual-header.default\">\n\t\t\t\t<div class=\"elementor-widget-container\">\n\t\t\t\r\n\t\t\t\t\t<h2 class=\"premium-dual-header-first-header \"><span class=\"premium-dual-header-first-span\">11\/01\/2022 <\/span><span class=\"premium-dual-header-second-header \">Key Account Manager \/ miejsce pracy: Warszawa<\/span><\/h2> \t\t\r\n\t\t\t\t<\/div>\n\t\t\t\t<\/div>\n\t\t\t\t<div class=\"elementor-element elementor-element-2a583fc elementor-widget-divider--view-line elementor-widget elementor-widget-divider\" data-id=\"2a583fc\" data-element_type=\"widget\" data-widget_type=\"divider.default\">\n\t\t\t\t<div class=\"elementor-widget-container\">\n\t\t\t\t\t<div class=\"elementor-divider\">\n\t\t\t<span class=\"elementor-divider-separator\">\n\t\t\t\t\t\t<\/span>\n\t\t<\/div>\n\t\t\t\t<\/div>\n\t\t\t\t<\/div>\n\t\t\t\t<div class=\"elementor-element elementor-element-19d7b686 elementor-widget elementor-widget-text-editor\" data-id=\"19d7b686\" data-element_type=\"widget\" data-widget_type=\"text-editor.default\">\n\t\t\t\t<div class=\"elementor-widget-container\">\n\t\t\t\t\t\t\t<h4>Obecnie poszukujemy nowej osoby do zespo\u0142u, kt\u00f3ra b\u0119dzie odpowiada\u0142a za aktywn\u0105 sprzeda\u017c rozwi\u0105za\u0144 COMVERGA, \u015bcis\u0142\u0105 wsp\u00f3\u0142prac\u0119 z Klientami oraz rozw\u00f3j nowych produkt\u00f3w i kierunk\u00f3w sprzeda\u017cy w Polsce<\/h4>\n<h5><strong>Do obowi\u0105zk\u00f3w osoby zatrudnionej b\u0119dzie nale\u017ca\u0142o: <\/strong><\/h5>\n<ul>\n<li>pozyskiwanie nowych Klient\u00f3w do korzystania z rozwi\u0105za\u0144 COMVERGA<\/li>\n<li>planowanie i realizacja za\u0142o\u017conych w bud\u017cecie cel\u00f3w sprzeda\u017cowych w powierzonych grupach Klient\u00f3w i segmentach rynku,<\/li>\n<li>aktywny udzia\u0142 w przygotowaniu strategii i planowaniu dzia\u0142a\u0144 w ramach przygotowania Strategii Sprzeda\u017cowej<\/li>\n<li>bie\u017c\u0105ca wsp\u00f3\u0142praca z Klientami w celu maksymalizacji przychodu z wdra\u017canych us\u0142ug i sprzeda\u017cy produkt\u00f3w komplementarnych<\/li>\n<li>umiej\u0119tno\u015b\u0107 skutecznej analizy potrzeb klient\u00f3w i doboru w\u0142a\u015bciwych rozwi\u0105za\u0144 z naszego portfolio<\/li>\n<li>zdolno\u015b\u0107 docierania do os\u00f3b na ka\u017cdym szczeblu organizacji oraz budowania relacji biznesowych<\/li>\n<li>samodzielne wytyczanie, ofertowanie oraz realizacja nowych szans sprzeda\u017cowych<\/li>\n<li>aktywny udzia\u0142 w procesie sprzeda\u017cowym oraz nadz\u00f3r nad realizacj\u0105 kontrakt\u00f3w handlowych<\/li>\n<li>efektywne prowadzenie negocjacji, doprecyzowywanie ustale\u0144 i formalizacja kontrakt\u00f3w<\/li>\n<li>umiej\u0119tno\u015b\u0107 przygotowywania i prowadzenia prezentacji i spotka\u0144 biznesowych<\/li>\n<li>wdra\u017canie dzia\u0142a\u0144 marketingowych przygotowanych w ramach strategii marketingowej, wnoszenie merytorycznego wk\u0142adu w jej powstanie<\/li>\n<li>promowanie pozytywnego i profesjonalnego wizerunku firmy w\u015br\u00f3d klient\u00f3w i wsp\u00f3\u0142pracownik\u00f3w<\/li>\n<li>bie\u017c\u0105cy monitoring i analiza rynku i dzia\u0142a\u0144 konkurencji<\/li>\n<li>regularne raportowanie statusu projekt\u00f3w i efekt\u00f3w wdra\u017canych rozwi\u0105za\u0144, zarz\u0105dzanie baz\u0105 Klient\u00f3w<\/li>\n<\/ul>\n<p><strong>Wymagania: <\/strong><\/p>\n<ul>\n<li>co najmniej 5-letnie do\u015bwiadczenie na stanowisku Sales Managera lub Key Account Managera<\/li>\n<li>niezb\u0119dne do\u015bwiadczenie w sprzeda\u017cy rozwi\u0105za\u0144 software\u2019owych lub us\u0142ug IT, telekomunikacyjnych lub og\u00f3lna znajomo\u015b\u0107 tych rozwi\u0105za\u0144<\/li>\n<li>aktywne relacje we w\u0142asnej sieci kontakt\u00f3w biznesowych w tym bran\u017cowych<\/li>\n<li>do\u015bwiadczenie w prowadzeniu dzia\u0142a\u0144 sprzeda\u017cowych, rozm\u00f3w handlowych, negocjacji, tworzeniu ofert i kalkulacji cenowych &#8211; udokumentowane sukcesy w sprzeda\u017cy<\/li>\n<li>samodzielne planowanie dzia\u0142a\u0144 sprzeda\u017cowych w horyzoncie czasowym<\/li>\n<li>\u0142atwo\u015b\u0107 nawi\u0105zywania i rozwijania relacji biznesowych<\/li>\n<li>znajomo\u015b\u0107 j\u0119zyka angielskiego (w mowie i pi\u015bmie)<\/li>\n<li>doskona\u0142e zdolno\u015bci interpersonalne i komunikacyjne<\/li>\n<li>samodzielno\u015b\u0107, wytrwa\u0142o\u015b\u0107 i nastawienie na wyniki<\/li>\n<li>dobra organizacja pracy i umiej\u0119tno\u015b\u0107 zarzadzania procesami<\/li>\n<li>zainteresowania technologiczne\/\u0142atwo\u015b\u0107\/bieg\u0142o\u015b\u0107 (mile widziane)<\/li>\n<\/ul>\n<p><strong>Oferujemy:<\/strong><\/p>\n<ul>\n<li>stabilne miejsce pracy w dynamicznej mi\u0119dzynarodowej firmie technologicznej<\/li>\n<li>mo\u017cliwo\u015b\u0107 podnoszenia kwalifikacji, wyboru szkole\u0144 i podejmowania ciekawych wyzwa\u0144 zawodowych<\/li>\n<li>mo\u017cliwo\u015b\u0107 wyboru dogodnej formy zatrudnienia<\/li>\n<li>hybrydowy system pracy<\/li>\n<li>wynagrodzenie sk\u0142adaj\u0105ce si\u0119 z cz\u0119\u015bci podstawowej oraz cz\u0119\u015bci prowizyjnej uzale\u017cnionej od osi\u0105ganych wynik\u00f3w<\/li>\n<li>niezb\u0119dne narz\u0119dzia pracy, pakiet medyczny, posi\u0142ki firmowe oraz tw\u00f3rcz\u0105 i przyjazn\u0105 atmosfer\u0119 pracy<\/li>\n<\/ul>\n<p><strong>Prosimy o kontakt\u00a0 bezpo\u015brednio na e-mail:<\/strong> <a href=\"mailto:praca@comverga.com\">praca@comverga.com<\/a><\/p>\n<p><!-- \/wp:paragraph --><\/p>\t\t\t\t\t\t<\/div>\n\t\t\t\t<\/div>\n\t\t\t\t<div class=\"elementor-element elementor-element-5028d27 elementor-widget-divider--view-line elementor-widget elementor-widget-divider\" data-id=\"5028d27\" data-element_type=\"widget\" data-widget_type=\"divider.default\">\n\t\t\t\t<div class=\"elementor-widget-container\">\n\t\t\t\t\t<div class=\"elementor-divider\">\n\t\t\t<span class=\"elementor-divider-separator\">\n\t\t\t\t\t\t<\/span>\n\t\t<\/div>\n\t\t\t\t<\/div>\n\t\t\t\t<\/div>\n\t\t\t\t<div class=\"elementor-element elementor-element-3e292ed premium-header-inline premium-lq__none premium-box-lq__none elementor-widget elementor-widget-premium-addon-dual-header\" data-id=\"3e292ed\" data-element_type=\"widget\" data-widget_type=\"premium-addon-dual-header.default\">\n\t\t\t\t<div class=\"elementor-widget-container\">\n\t\t\t\r\n\t\t\t\t\t<h2 class=\"premium-dual-header-first-header \"><span class=\"premium-dual-header-first-span\">20\/10\/2021 <\/span><span class=\"premium-dual-header-second-header \">Project manager<\/span><\/h2> \t\t\r\n\t\t\t\t<\/div>\n\t\t\t\t<\/div>\n\t\t\t\t<div class=\"elementor-element elementor-element-f8c3990 elementor-widget-divider--view-line elementor-widget elementor-widget-divider\" data-id=\"f8c3990\" data-element_type=\"widget\" data-widget_type=\"divider.default\">\n\t\t\t\t<div class=\"elementor-widget-container\">\n\t\t\t\t\t<div class=\"elementor-divider\">\n\t\t\t<span class=\"elementor-divider-separator\">\n\t\t\t\t\t\t<\/span>\n\t\t<\/div>\n\t\t\t\t<\/div>\n\t\t\t\t<\/div>\n\t\t\t\t<div class=\"elementor-element elementor-element-8021590 elementor-widget elementor-widget-text-editor\" data-id=\"8021590\" data-element_type=\"widget\" data-widget_type=\"text-editor.default\">\n\t\t\t\t<div class=\"elementor-widget-container\">\n\t\t\t\t\t\t\t<p><!-- wp:paragraph --><\/p>\n<h4>Obecnie poszukujemy kandydata\/kandydatki na stanowisko <strong>Project manager.<\/strong><\/h4>\n<h5><strong><br \/>Osoba na tym stanowisku:<br \/><\/strong><\/h5>\n<ul>\n<li>prowadzi projekty w sektorze technologicznym, najlepiej w rozwoju oprogramowania<\/li>\n<li>jest uporz\u0105dkowana, przyk\u0142ada du\u017c\u0105 wag\u0119 do szczeg\u00f3\u0142\u00f3w<\/li>\n<li>biegle pos\u0142uguje si\u0119 aplikacjami komputerowymi do komunikacji, planowania, kalendarza, zarz\u0105dzania zadaniami<\/li>\n<li>zna zasady tworzenia aplikacji internetowych, architektura frontendu i backendu nie jest mu obca<\/li>\n<li>w\u0142ada j\u0119zykiem angielskim w mowie i pi\u015bmie<\/li>\n<li>chce si\u0119 rozwija\u0107 w ma\u0142ej, rodzinnej firmie<\/li>\n<li>ceni szczero\u015b\u0107, nie boi si\u0119 podejmowania decyzji w ramach powierzonych zada\u0144, szuka rozwi\u0105za\u0144 nie problem\u00f3w<\/li>\n<\/ul>\n<p><strong>Typowe zadania dla Kandydatki\/Kandydata:<\/strong><\/p>\n<ul>\n<li>prezentacja rozwi\u0105za\u0144 i us\u0142ug Klientom<\/li>\n<li>udzia\u0142 w testach nowych serwis\u00f3w<\/li>\n<li>utrzymywanie relacji z zespo\u0142ami technicznymi<\/li>\n<li>udzia\u0142 w ciekawych rozmowach nt. nowych us\u0142ug, trend\u00f3w, kierunk\u00f3w rozwoju.<\/li>\n<\/ul>\n<p><strong>Oferujemy:<\/strong><\/p>\n<ul>\n<li>stabilne miejsce pracy w mi\u0119dzynarodowej firmie technologicznej<\/li>\n<li>mo\u017cliwo\u015b\u0107 podnoszenia kwalifikacji i podejmowania ciekawych wyzwa\u0144 zawodowych<\/li>\n<li>mo\u017cliwo\u015b\u0107 wyboru dogodnej formy zatrudnienia<\/li>\n<li>niezb\u0119dne narz\u0119dzia pracy, pakiet medyczny, posi\u0142ki firmowe oraz tw\u00f3rcz\u0105 i przyjazn\u0105 atmosfer\u0119 pracy<\/li>\n<li>dost\u0119p do chillout roomu,<\/li>\n<li>dogodna lokalizacja biura przy stacji metra<\/li>\n<li>mo\u017cliwo\u015b\u0107 wyboru szkole\u0144 zewn\u0119trznych<\/li>\n<\/ul>\n<p><strong>Prosimy o kontakt\u00a0 bezpo\u015brednio na e-mail:<\/strong> <a href=\"mailto:piotr.herman@comverga.com\">piotr.herman@comverga.com<\/a><\/p>\n<p><!-- \/wp:paragraph --><\/p>\t\t\t\t\t\t<\/div>\n\t\t\t\t<\/div>\n\t\t\t\t\t<\/div>\n\t\t<\/div>\n\t\t\t\t\t\t\t<\/div>\n\t\t<\/section>\n\t\t\t\t\t\t\t<\/div>\n\t\t","protected":false},"excerpt":{"rendered":"<p>11\/01\/2022 Key Account Manager \/ miejsce pracy: Warszawa Obecnie poszukujemy nowej osoby do zespo\u0142u, kt\u00f3ra b\u0119dzie odpowiada\u0142a za aktywn\u0105 sprzeda\u017c rozwi\u0105za\u0144 COMVERGA, \u015bcis\u0142\u0105 wsp\u00f3\u0142prac\u0119 z Klientami oraz rozw\u00f3j nowych produkt\u00f3w i kierunk\u00f3w sprzeda\u017cy w Polsce Do obowi\u0105zk\u00f3w osoby zatrudnionej b\u0119dzie nale\u017ca\u0142o: pozyskiwanie nowych Klient\u00f3w do korzystania z rozwi\u0105za\u0144 COMVERGA planowanie i realizacja za\u0142o\u017conych w bud\u017cecie [&hellip;]<\/p>\n","protected":false},"author":4,"featured_media":145,"parent":0,"menu_order":0,"comment_status":"closed","ping_status":"closed","template":"","meta":{"footnotes":""},"yoast_head":"<!-- This site is optimized with the Yoast SEO plugin v21.8 - https:\/\/yoast.com\/wordpress\/plugins\/seo\/ -->\n<title>Praca - COMVERGA Poland<\/title>\n<meta name=\"robots\" content=\"index, follow, max-snippet:-1, max-image-preview:large, max-video-preview:-1\" \/>\n<link rel=\"canonical\" href=\"https:\/\/new.comverga.com\/pol\/praca\/\" \/>\n<meta property=\"og:locale\" content=\"en_US\" \/>\n<meta property=\"og:type\" content=\"article\" \/>\n<meta property=\"og:title\" content=\"Praca - COMVERGA Poland\" \/>\n<meta property=\"og:description\" content=\"11\/01\/2022 Key Account Manager \/ miejsce pracy: Warszawa Obecnie poszukujemy nowej osoby do zespo\u0142u, kt\u00f3ra b\u0119dzie odpowiada\u0142a za aktywn\u0105 sprzeda\u017c rozwi\u0105za\u0144 COMVERGA, \u015bcis\u0142\u0105 wsp\u00f3\u0142prac\u0119 z Klientami oraz rozw\u00f3j nowych produkt\u00f3w i kierunk\u00f3w sprzeda\u017cy w Polsce Do obowi\u0105zk\u00f3w osoby zatrudnionej b\u0119dzie nale\u017ca\u0142o: pozyskiwanie nowych Klient\u00f3w do korzystania z rozwi\u0105za\u0144 COMVERGA planowanie i realizacja za\u0142o\u017conych w bud\u017cecie [&hellip;]\" \/>\n<meta property=\"og:url\" content=\"https:\/\/new.comverga.com\/pol\/praca\/\" \/>\n<meta property=\"og:site_name\" content=\"COMVERGA Poland\" \/>\n<meta property=\"article:modified_time\" content=\"2022-01-19T08:37:18+00:00\" \/>\n<meta property=\"og:image\" content=\"https:\/\/new.comverga.com\/pol\/wp-content\/uploads\/sites\/2\/2020\/11\/technologiekomunikacji-1.jpg\" \/>\n\t<meta property=\"og:image:width\" content=\"1920\" \/>\n\t<meta property=\"og:image:height\" content=\"955\" \/>\n\t<meta property=\"og:image:type\" content=\"image\/jpeg\" \/>\n<meta name=\"twitter:card\" content=\"summary_large_image\" \/>\n<meta name=\"twitter:label1\" content=\"Est. reading time\" \/>\n\t<meta name=\"twitter:data1\" content=\"3 minutes\" \/>\n<script type=\"application\/ld+json\" class=\"yoast-schema-graph\">{\"@context\":\"https:\/\/schema.org\",\"@graph\":[{\"@type\":\"WebPage\",\"@id\":\"https:\/\/new.comverga.com\/pol\/praca\/\",\"url\":\"https:\/\/new.comverga.com\/pol\/praca\/\",\"name\":\"Praca - COMVERGA Poland\",\"isPartOf\":{\"@id\":\"https:\/\/new.comverga.com\/pol\/#website\"},\"datePublished\":\"2021-10-20T15:07:30+00:00\",\"dateModified\":\"2022-01-19T08:37:18+00:00\",\"inLanguage\":\"en-US\",\"potentialAction\":[{\"@type\":\"ReadAction\",\"target\":[\"https:\/\/new.comverga.com\/pol\/praca\/\"]}]},{\"@type\":\"WebSite\",\"@id\":\"https:\/\/new.comverga.com\/pol\/#website\",\"url\":\"https:\/\/new.comverga.com\/pol\/\",\"name\":\"COMVERGA Poland\",\"description\":\"Comverga Poland\",\"publisher\":{\"@id\":\"https:\/\/new.comverga.com\/pol\/#organization\"},\"potentialAction\":[{\"@type\":\"SearchAction\",\"target\":{\"@type\":\"EntryPoint\",\"urlTemplate\":\"https:\/\/new.comverga.com\/pol\/?s={search_term_string}\"},\"query-input\":\"required name=search_term_string\"}],\"inLanguage\":\"en-US\"},{\"@type\":\"Organization\",\"@id\":\"https:\/\/new.comverga.com\/pol\/#organization\",\"name\":\"COMVERGA Poland\",\"url\":\"https:\/\/new.comverga.com\/pol\/\",\"logo\":{\"@type\":\"ImageObject\",\"inLanguage\":\"en-US\",\"@id\":\"https:\/\/new.comverga.com\/pol\/#\/schema\/logo\/image\/\",\"url\":\"https:\/\/new.comverga.com\/pol\/wp-content\/uploads\/sites\/2\/2020\/11\/Comverga_CC.png\",\"contentUrl\":\"https:\/\/new.comverga.com\/pol\/wp-content\/uploads\/sites\/2\/2020\/11\/Comverga_CC.png\",\"width\":800,\"height\":800,\"caption\":\"COMVERGA Poland\"},\"image\":{\"@id\":\"https:\/\/new.comverga.com\/pol\/#\/schema\/logo\/image\/\"}}]}<\/script>\n<!-- \/ Yoast SEO plugin. -->","yoast_head_json":{"title":"Praca - COMVERGA Poland","robots":{"index":"index","follow":"follow","max-snippet":"max-snippet:-1","max-image-preview":"max-image-preview:large","max-video-preview":"max-video-preview:-1"},"canonical":"https:\/\/new.comverga.com\/pol\/praca\/","og_locale":"en_US","og_type":"article","og_title":"Praca - COMVERGA Poland","og_description":"11\/01\/2022 Key Account Manager \/ miejsce pracy: Warszawa Obecnie poszukujemy nowej osoby do zespo\u0142u, kt\u00f3ra b\u0119dzie odpowiada\u0142a za aktywn\u0105 sprzeda\u017c rozwi\u0105za\u0144 COMVERGA, \u015bcis\u0142\u0105 wsp\u00f3\u0142prac\u0119 z Klientami oraz rozw\u00f3j nowych produkt\u00f3w i kierunk\u00f3w sprzeda\u017cy w Polsce Do obowi\u0105zk\u00f3w osoby zatrudnionej b\u0119dzie nale\u017ca\u0142o: pozyskiwanie nowych Klient\u00f3w do korzystania z rozwi\u0105za\u0144 COMVERGA planowanie i realizacja za\u0142o\u017conych w bud\u017cecie [&hellip;]","og_url":"https:\/\/new.comverga.com\/pol\/praca\/","og_site_name":"COMVERGA Poland","article_modified_time":"2022-01-19T08:37:18+00:00","og_image":[{"width":1920,"height":955,"url":"https:\/\/new.comverga.com\/pol\/wp-content\/uploads\/sites\/2\/2020\/11\/technologiekomunikacji-1.jpg","type":"image\/jpeg"}],"twitter_card":"summary_large_image","twitter_misc":{"Est. reading time":"3 minutes"},"schema":{"@context":"https:\/\/schema.org","@graph":[{"@type":"WebPage","@id":"https:\/\/new.comverga.com\/pol\/praca\/","url":"https:\/\/new.comverga.com\/pol\/praca\/","name":"Praca - COMVERGA Poland","isPartOf":{"@id":"https:\/\/new.comverga.com\/pol\/#website"},"datePublished":"2021-10-20T15:07:30+00:00","dateModified":"2022-01-19T08:37:18+00:00","inLanguage":"en-US","potentialAction":[{"@type":"ReadAction","target":["https:\/\/new.comverga.com\/pol\/praca\/"]}]},{"@type":"WebSite","@id":"https:\/\/new.comverga.com\/pol\/#website","url":"https:\/\/new.comverga.com\/pol\/","name":"COMVERGA Poland","description":"Comverga Poland","publisher":{"@id":"https:\/\/new.comverga.com\/pol\/#organization"},"potentialAction":[{"@type":"SearchAction","target":{"@type":"EntryPoint","urlTemplate":"https:\/\/new.comverga.com\/pol\/?s={search_term_string}"},"query-input":"required name=search_term_string"}],"inLanguage":"en-US"},{"@type":"Organization","@id":"https:\/\/new.comverga.com\/pol\/#organization","name":"COMVERGA Poland","url":"https:\/\/new.comverga.com\/pol\/","logo":{"@type":"ImageObject","inLanguage":"en-US","@id":"https:\/\/new.comverga.com\/pol\/#\/schema\/logo\/image\/","url":"https:\/\/new.comverga.com\/pol\/wp-content\/uploads\/sites\/2\/2020\/11\/Comverga_CC.png","contentUrl":"https:\/\/new.comverga.com\/pol\/wp-content\/uploads\/sites\/2\/2020\/11\/Comverga_CC.png","width":800,"height":800,"caption":"COMVERGA Poland"},"image":{"@id":"https:\/\/new.comverga.com\/pol\/#\/schema\/logo\/image\/"}}]}},"_links":{"self":[{"href":"https:\/\/new.comverga.com\/pol\/wp-json\/wp\/v2\/pages\/2107"}],"collection":[{"href":"https:\/\/new.comverga.com\/pol\/wp-json\/wp\/v2\/pages"}],"about":[{"href":"https:\/\/new.comverga.com\/pol\/wp-json\/wp\/v2\/types\/page"}],"author":[{"embeddable":true,"href":"https:\/\/new.comverga.com\/pol\/wp-json\/wp\/v2\/users\/4"}],"replies":[{"embeddable":true,"href":"https:\/\/new.comverga.com\/pol\/wp-json\/wp\/v2\/comments?post=2107"}],"version-history":[{"count":31,"href":"https:\/\/new.comverga.com\/pol\/wp-json\/wp\/v2\/pages\/2107\/revisions"}],"predecessor-version":[{"id":2142,"href":"https:\/\/new.comverga.com\/pol\/wp-json\/wp\/v2\/pages\/2107\/revisions\/2142"}],"wp:featuredmedia":[{"embeddable":true,"href":"https:\/\/new.comverga.com\/pol\/wp-json\/wp\/v2\/media\/145"}],"wp:attachment":[{"href":"https:\/\/new.comverga.com\/pol\/wp-json\/wp\/v2\/media?parent=2107"}],"curies":[{"name":"wp","href":"https:\/\/api.w.org\/{rel}","templated":true}]}}