{"id":696,"date":"2020-12-15T13:02:08","date_gmt":"2020-12-15T12:02:08","guid":{"rendered":"https:\/\/www.comverga.com\/?page_id=696"},"modified":"2023-09-11T09:29:43","modified_gmt":"2023-09-11T09:29:43","slug":"government-public-sector","status":"publish","type":"page","link":"https:\/\/new.comverga.com\/int\/pl\/industries\/government-public-sector\/","title":{"rendered":"Rz\u0105d i sektor publiczny"},"content":{"rendered":"<div data-elementor-type=\"wp-page\" data-elementor-id=\"696\" class=\"elementor elementor-696\">\n\t\t\t\t\t\t\t\t\t<section class=\"elementor-section elementor-top-section elementor-element elementor-element-4a557ef8 elementor-section-boxed elementor-section-height-default elementor-section-height-default\" data-id=\"4a557ef8\" data-element_type=\"section\">\n\t\t\t\t\t\t<div class=\"elementor-container elementor-column-gap-default\">\n\t\t\t\t\t<div class=\"elementor-column elementor-col-100 elementor-top-column elementor-element elementor-element-463656a0\" data-id=\"463656a0\" data-element_type=\"column\">\n\t\t\t<div class=\"elementor-widget-wrap elementor-element-populated\">\n\t\t\t\t\t\t\t\t<div class=\"elementor-element elementor-element-4b5a7cc3 elementor-widget elementor-widget-text-editor\" data-id=\"4b5a7cc3\" data-element_type=\"widget\" data-widget_type=\"text-editor.default\">\n\t\t\t\t<div class=\"elementor-widget-container\">\n\t\t\t<style>\/*! elementor - v3.18.0 - 20-12-2023 *\/\n.elementor-widget-text-editor.elementor-drop-cap-view-stacked .elementor-drop-cap{background-color:#69727d;color:#fff}.elementor-widget-text-editor.elementor-drop-cap-view-framed .elementor-drop-cap{color:#69727d;border:3px solid;background-color:transparent}.elementor-widget-text-editor:not(.elementor-drop-cap-view-default) .elementor-drop-cap{margin-top:8px}.elementor-widget-text-editor:not(.elementor-drop-cap-view-default) .elementor-drop-cap-letter{width:1em;height:1em}.elementor-widget-text-editor .elementor-drop-cap{float:left;text-align:center;line-height:1;font-size:50px}.elementor-widget-text-editor .elementor-drop-cap-letter{display:inline-block}<\/style>\t\t\t\t<!-- wp:paragraph -->\n<p>Communication with citizens and clients of different authorities and institutions is important to build healthy and functional society. We provide a wide range of services and applications using messaging for bidirectional and targeted communication in this area:<\/p>\n<!-- \/wp:paragraph -->\n\n<!-- wp:list -->\n<ul><li>Conversation Services for citizens<\/li><li>Mobile Applications<\/li><li>Us\u0142ugi powiadamiania<\/li><li>Smart Parking<\/li><\/ul>\n<!-- \/wp:list -->\n\n<!-- wp:paragraph -->\n<p><strong>WYBRANI PARTNERZY<\/strong> &#8211; Cities &#8211; Karlovy Vary, Hradec Kr\u00e1lov\u00e9, Dv\u016fr Kr\u00e1lov\u00e9 nad Labem, Brunt\u00e1l, Hodon\u00edn, Chomutov, Jarom\u011b\u0159, Ji\u010d\u00edn, Krnov, Kutn\u00e1 Hora, Odry, Opava, Prachatice, \u0160ternberk, \u017datec<\/p>\n<!-- \/wp:paragraph -->\n\n<!-- wp:paragraph -->\n<p><\/p>\n<!-- \/wp:paragraph -->\t\t\t\t\t\t<\/div>\n\t\t\t\t<\/div>\n\t\t\t\t\t<\/div>\n\t\t<\/div>\n\t\t\t\t\t\t\t<\/div>\n\t\t<\/section>\n\t\t\t\t\t\t\t<\/div>","protected":false},"excerpt":{"rendered":"<p>Komunikacja z obywatelami i klientami r\u00f3\u017cnych w\u0142adz i instytucji jest wa\u017cna dla budowania zdrowego i funkcjonalnego spo\u0142ecze\u0144stwa. \u015awiadczymy szeroki wachlarz us\u0142ug...<\/p>","protected":false},"author":1,"featured_media":5272,"parent":342,"menu_order":7,"comment_status":"closed","ping_status":"closed","template":"","meta":{"footnotes":""},"_links":{"self":[{"href":"https:\/\/new.comverga.com\/int\/pl\/wp-json\/wp\/v2\/pages\/696"}],"collection":[{"href":"https:\/\/new.comverga.com\/int\/pl\/wp-json\/wp\/v2\/pages"}],"about":[{"href":"https:\/\/new.comverga.com\/int\/pl\/wp-json\/wp\/v2\/types\/page"}],"author":[{"embeddable":true,"href":"https:\/\/new.comverga.com\/int\/pl\/wp-json\/wp\/v2\/users\/1"}],"replies":[{"embeddable":true,"href":"https:\/\/new.comverga.com\/int\/pl\/wp-json\/wp\/v2\/comments?post=696"}],"version-history":[{"count":0,"href":"https:\/\/new.comverga.com\/int\/pl\/wp-json\/wp\/v2\/pages\/696\/revisions"}],"up":[{"embeddable":true,"href":"https:\/\/new.comverga.com\/int\/pl\/wp-json\/wp\/v2\/pages\/342"}],"wp:featuredmedia":[{"embeddable":true,"href":"https:\/\/new.comverga.com\/int\/pl\/wp-json\/wp\/v2\/media\/5272"}],"wp:attachment":[{"href":"https:\/\/new.comverga.com\/int\/pl\/wp-json\/wp\/v2\/media?parent=696"}],"curies":[{"name":"wp","href":"https:\/\/api.w.org\/{rel}","templated":true}]}}