{"id":680,"date":"2020-12-15T12:58:37","date_gmt":"2020-12-15T11:58:37","guid":{"rendered":"https:\/\/www.comverga.com\/?page_id=680"},"modified":"2023-09-11T09:27:47","modified_gmt":"2023-09-11T09:27:47","slug":"retail","status":"publish","type":"page","link":"https:\/\/new.comverga.com\/int\/pl\/industries\/retail\/","title":{"rendered":"Sprzeda\u017c detaliczna"},"content":{"rendered":"<div data-elementor-type=\"wp-page\" data-elementor-id=\"680\" class=\"elementor elementor-680\">\n\t\t\t\t\t\t\t\t\t<section class=\"elementor-section elementor-top-section elementor-element elementor-element-7bee1571 elementor-section-boxed elementor-section-height-default elementor-section-height-default\" data-id=\"7bee1571\" data-element_type=\"section\">\n\t\t\t\t\t\t<div class=\"elementor-container elementor-column-gap-default\">\n\t\t\t\t\t<div class=\"elementor-column elementor-col-100 elementor-top-column elementor-element elementor-element-2a83ca7e\" data-id=\"2a83ca7e\" data-element_type=\"column\">\n\t\t\t<div class=\"elementor-widget-wrap elementor-element-populated\">\n\t\t\t\t\t\t\t\t<div class=\"elementor-element elementor-element-5115e4f1 elementor-widget elementor-widget-text-editor\" data-id=\"5115e4f1\" data-element_type=\"widget\" data-widget_type=\"text-editor.default\">\n\t\t\t\t<div class=\"elementor-widget-container\">\n\t\t\t<style>\/*! elementor - v3.18.0 - 20-12-2023 *\/\n.elementor-widget-text-editor.elementor-drop-cap-view-stacked .elementor-drop-cap{background-color:#69727d;color:#fff}.elementor-widget-text-editor.elementor-drop-cap-view-framed .elementor-drop-cap{color:#69727d;border:3px solid;background-color:transparent}.elementor-widget-text-editor:not(.elementor-drop-cap-view-default) .elementor-drop-cap{margin-top:8px}.elementor-widget-text-editor:not(.elementor-drop-cap-view-default) .elementor-drop-cap-letter{width:1em;height:1em}.elementor-widget-text-editor .elementor-drop-cap{float:left;text-align:center;line-height:1;font-size:50px}.elementor-widget-text-editor .elementor-drop-cap-letter{display:inline-block}<\/style>\t\t\t\t<!-- wp:paragraph -->\n<p>Zwi\u0105zanie i identyfikacja konsument\u00f3w, zwi\u0119kszenie ich lojalno\u015bci i umo\u017cliwienie im dokonywania transakcji on-line to dzi\u015b kluczowe czynniki sukcesu w handlu detalicznym. Technologia telekomunikacyjna umo\u017cliwia nowe modele biznesowe i zapewnia narz\u0119dzia umo\u017cliwiaj\u0105ce indywidualn\u0105 i natychmiastow\u0105 obs\u0142ug\u0119 ka\u017cdego konsumenta.<\/p>\n<!-- \/wp:paragraph -->\n\n<!-- wp:paragraph -->\n<p>Wa\u017cnymi elementami strategii s\u0105 komunikaty i rozmowy z konsumentami. S\u0105 szybkie, ukierunkowane i nie przeszkadzaj\u0105. Wiele kana\u0142\u00f3w przesy\u0142ania wiadomo\u015bci (e-maile, SMS-y, wiadomo\u015bci g\u0142osowe, RCS, komunikatory internetowe) \u0142\u0105czy si\u0119 w zale\u017cno\u015bci od preferencji konsumenta.<\/p>\n<!-- \/wp:paragraph -->\n\n<!-- wp:paragraph -->\n<p>Programy lojalno\u015bciowe i marketing mobilny cz\u0119sto \u0142\u0105czone s\u0105 z markowymi taryfami mobilnymi, kt\u00f3re zapewniaj\u0105 tak\u017ce regularn\u0105 relacj\u0119 rozliczeniow\u0105 z konsumentem.<\/p>\n<!-- \/wp:paragraph -->\n\n<!-- wp:paragraph -->\n<p>Dla naszych partner\u00f3w handlowych oferujemy nast\u0119puj\u0105ce us\u0142ugi:<\/p>\n<!-- \/wp:paragraph -->\n\n<!-- wp:list -->\n<ul><li>Us\u0142ugi rozm\u00f3w z klientami<\/li><li>Mobilny marketing<\/li><li>Badania satysfakcji klient\u00f3w<\/li><li>Zarz\u0105dzanie leadami\/zam\u00f3wieniami<\/li><li>Zam\u00f3wienia SMS<\/li><li>Aplikacje mobilne<\/li><li>Outsourcing proces\u00f3w biznesowych (BPO)<\/li><li>Profesjonalne us\u0142ugi<\/li><li>Rozw\u00f3j aplikacji<\/li><li>Lojalno\u015b\u0107 i konwergentne us\u0142ugi telekomunikacyjne<\/li><\/ul>\n<!-- \/wp:list -->\n\n<!-- wp:paragraph -->\n<p><strong>WYBRANI PARTNERZY<\/strong> \u2013 COOP, Nestle<\/p>\n<!-- \/wp:paragraph -->\t\t\t\t\t\t<\/div>\n\t\t\t\t<\/div>\n\t\t\t\t\t<\/div>\n\t\t<\/div>\n\t\t\t\t\t\t\t<\/div>\n\t\t<\/section>\n\t\t\t\t\t\t\t<\/div>","protected":false},"excerpt":{"rendered":"<p>Zwi\u0105zanie i identyfikacja konsument\u00f3w, zwi\u0119kszenie ich lojalno\u015bci i umo\u017cliwienie im dokonywania transakcji on-line to dzi\u015b kluczowe czynniki sukcesu w handlu detalicznym...<\/p>","protected":false},"author":1,"featured_media":5268,"parent":342,"menu_order":5,"comment_status":"closed","ping_status":"closed","template":"","meta":{"footnotes":""},"_links":{"self":[{"href":"https:\/\/new.comverga.com\/int\/pl\/wp-json\/wp\/v2\/pages\/680"}],"collection":[{"href":"https:\/\/new.comverga.com\/int\/pl\/wp-json\/wp\/v2\/pages"}],"about":[{"href":"https:\/\/new.comverga.com\/int\/pl\/wp-json\/wp\/v2\/types\/page"}],"author":[{"embeddable":true,"href":"https:\/\/new.comverga.com\/int\/pl\/wp-json\/wp\/v2\/users\/1"}],"replies":[{"embeddable":true,"href":"https:\/\/new.comverga.com\/int\/pl\/wp-json\/wp\/v2\/comments?post=680"}],"version-history":[{"count":0,"href":"https:\/\/new.comverga.com\/int\/pl\/wp-json\/wp\/v2\/pages\/680\/revisions"}],"up":[{"embeddable":true,"href":"https:\/\/new.comverga.com\/int\/pl\/wp-json\/wp\/v2\/pages\/342"}],"wp:featuredmedia":[{"embeddable":true,"href":"https:\/\/new.comverga.com\/int\/pl\/wp-json\/wp\/v2\/media\/5268"}],"wp:attachment":[{"href":"https:\/\/new.comverga.com\/int\/pl\/wp-json\/wp\/v2\/media?parent=680"}],"curies":[{"name":"wp","href":"https:\/\/api.w.org\/{rel}","templated":true}]}}