{"id":664,"date":"2020-12-15T12:52:42","date_gmt":"2020-12-15T11:52:42","guid":{"rendered":"https:\/\/www.comverga.com\/?page_id=664"},"modified":"2023-09-11T09:23:49","modified_gmt":"2023-09-11T09:23:49","slug":"banking-finance","status":"publish","type":"page","link":"https:\/\/new.comverga.com\/int\/pl\/industries\/banking-finance\/","title":{"rendered":"Bankowo\u015b\u0107 i Finanse"},"content":{"rendered":"<div data-elementor-type=\"wp-page\" data-elementor-id=\"664\" class=\"elementor elementor-664\">\n\t\t\t\t\t\t\t\t\t<section class=\"elementor-section elementor-top-section elementor-element elementor-element-4ca892f9 elementor-section-boxed elementor-section-height-default elementor-section-height-default\" data-id=\"4ca892f9\" data-element_type=\"section\">\n\t\t\t\t\t\t<div class=\"elementor-container elementor-column-gap-default\">\n\t\t\t\t\t<div class=\"elementor-column elementor-col-100 elementor-top-column elementor-element elementor-element-4ff29033\" data-id=\"4ff29033\" data-element_type=\"column\">\n\t\t\t<div class=\"elementor-widget-wrap elementor-element-populated\">\n\t\t\t\t\t\t\t\t<div class=\"elementor-element elementor-element-23ce8c84 elementor-widget elementor-widget-text-editor\" data-id=\"23ce8c84\" data-element_type=\"widget\" data-widget_type=\"text-editor.default\">\n\t\t\t\t<div class=\"elementor-widget-container\">\n\t\t\t<style>\/*! elementor - v3.18.0 - 20-12-2023 *\/\n.elementor-widget-text-editor.elementor-drop-cap-view-stacked .elementor-drop-cap{background-color:#69727d;color:#fff}.elementor-widget-text-editor.elementor-drop-cap-view-framed .elementor-drop-cap{color:#69727d;border:3px solid;background-color:transparent}.elementor-widget-text-editor:not(.elementor-drop-cap-view-default) .elementor-drop-cap{margin-top:8px}.elementor-widget-text-editor:not(.elementor-drop-cap-view-default) .elementor-drop-cap-letter{width:1em;height:1em}.elementor-widget-text-editor .elementor-drop-cap{float:left;text-align:center;line-height:1;font-size:50px}.elementor-widget-text-editor .elementor-drop-cap-letter{display:inline-block}<\/style>\t\t\t\t<!-- wp:paragraph -->\n<p>Dialogowe wiadomo\u015bci i rozmowy z klientami s\u0105 dzi\u015b kluczowymi elementami skutecznego zarz\u0105dzania relacjami. S\u0105 szybkie, ukierunkowane i nie przeszkadzaj\u0105. Wiele kana\u0142\u00f3w komunikacji (e-maile, SMS, wiadomo\u015bci g\u0142osowe, RCS, komunikatory internetowe) \u0142\u0105czy si\u0119 w zale\u017cno\u015bci od preferencji klienta.<\/p>\n<!-- \/wp:paragraph -->\n\n<!-- wp:paragraph -->\n<p>W tym obszarze oferujemy nast\u0119puj\u0105ce us\u0142ugi:<\/p>\n<!-- \/wp:paragraph -->\n\n<!-- wp:list -->\n<ul><li>Us\u0142ugi rozm\u00f3w z klientami dla CRM<\/li><li>Mobilny marketing<\/li><li>Us\u0142ugi powiadamiania<\/li><li>Badania satysfakcji klient\u00f3w<\/li><li>Aplikacje mobilne<\/li><li>Has\u0142a jednorazowe<\/li><li>Profesjonalne us\u0142ugi<\/li><li>Rozw\u00f3j aplikacji<\/li><\/ul>\n<!-- \/wp:list -->\n\n<!-- wp:paragraph -->\n<p>Technologia w coraz wi\u0119kszym stopniu wi\u0105\u017ce si\u0119 z us\u0142ugami finansowymi i ubezpieczeniowymi. Nie tylko w us\u0142ugach p\u0142atniczych (p\u0142atno\u015bci zbli\u017ceniowe i mobilne, systemy pay per use), ale tak\u017ce jako kluczowa warto\u015b\u0107 dodana do um\u00f3w ubezpieczenia domu, umowy leasingu itp. Umowy ubezpieczenia domu mog\u0105 by\u0107 ta\u0144sze dla konsument\u00f3w, je\u015bli zainstaluj\u0105 oni inteligentne urz\u0105dzenia i us\u0142ugi domowe na przyk\u0142ad ograniczy\u0107 szkody w razie wypadku.<\/p>\n<!-- \/wp:paragraph -->\n\n<!-- wp:paragraph -->\n<p>Jeste\u015bmy gotowi do pe\u0142nej obs\u0142ugi potrzebnej infrastruktury i zwi\u0105zanych z ni\u0105 proces\u00f3w biznesowych:<\/p>\n<!-- \/wp:paragraph -->\n\n<!-- wp:list -->\n<ul><li>Outsourcing proces\u00f3w biznesowych (BPO)<\/li><li>Platforma \u015bwiadczenia us\u0142ug jako us\u0142uga<\/li><li>Operacje infrastruktury telekomunikacyjnej<\/li><li>Profesjonalne us\u0142ugi<\/li><li>Rozw\u00f3j aplikacji<\/li><li>Infrastruktura i aplikacje inteligentnego domu<\/li><\/ul>\n<!-- \/wp:list -->\n\n<!-- wp:paragraph -->\n<p><\/p>\n<!-- \/wp:paragraph -->\t\t\t\t\t\t<\/div>\n\t\t\t\t<\/div>\n\t\t\t\t\t<\/div>\n\t\t<\/div>\n\t\t\t\t\t\t\t<\/div>\n\t\t<\/section>\n\t\t\t\t\t\t\t<\/div>","protected":false},"excerpt":{"rendered":"<p>Dialogowe wiadomo\u015bci i rozmowy z klientami s\u0105 dzi\u015b kluczowymi elementami skutecznego zarz\u0105dzania relacjami. S\u0105 szybkie, ukierunkowane i nie przeszkadzaj\u0105...<\/p>","protected":false},"author":1,"featured_media":5263,"parent":342,"menu_order":3,"comment_status":"closed","ping_status":"closed","template":"","meta":{"footnotes":""},"_links":{"self":[{"href":"https:\/\/new.comverga.com\/int\/pl\/wp-json\/wp\/v2\/pages\/664"}],"collection":[{"href":"https:\/\/new.comverga.com\/int\/pl\/wp-json\/wp\/v2\/pages"}],"about":[{"href":"https:\/\/new.comverga.com\/int\/pl\/wp-json\/wp\/v2\/types\/page"}],"author":[{"embeddable":true,"href":"https:\/\/new.comverga.com\/int\/pl\/wp-json\/wp\/v2\/users\/1"}],"replies":[{"embeddable":true,"href":"https:\/\/new.comverga.com\/int\/pl\/wp-json\/wp\/v2\/comments?post=664"}],"version-history":[{"count":0,"href":"https:\/\/new.comverga.com\/int\/pl\/wp-json\/wp\/v2\/pages\/664\/revisions"}],"up":[{"embeddable":true,"href":"https:\/\/new.comverga.com\/int\/pl\/wp-json\/wp\/v2\/pages\/342"}],"wp:featuredmedia":[{"embeddable":true,"href":"https:\/\/new.comverga.com\/int\/pl\/wp-json\/wp\/v2\/media\/5263"}],"wp:attachment":[{"href":"https:\/\/new.comverga.com\/int\/pl\/wp-json\/wp\/v2\/media?parent=664"}],"curies":[{"name":"wp","href":"https:\/\/api.w.org\/{rel}","templated":true}]}}