{"id":656,"date":"2020-12-15T12:49:20","date_gmt":"2020-12-15T11:49:20","guid":{"rendered":"https:\/\/www.comverga.com\/?page_id=656"},"modified":"2023-09-11T09:22:08","modified_gmt":"2023-09-11T09:22:08","slug":"virtual-network-operators-and-service-providers","status":"publish","type":"page","link":"https:\/\/new.comverga.com\/int\/pl\/industries\/virtual-network-operators-and-service-providers\/","title":{"rendered":"Operatorzy sieci wirtualnych i dostawcy us\u0142ug"},"content":{"rendered":"<div data-elementor-type=\"wp-page\" data-elementor-id=\"656\" class=\"elementor elementor-656\">\n\t\t\t\t\t\t\t\t\t<section class=\"elementor-section elementor-top-section elementor-element elementor-element-8523ef elementor-section-boxed elementor-section-height-default elementor-section-height-default\" data-id=\"8523ef\" data-element_type=\"section\">\n\t\t\t\t\t\t<div class=\"elementor-container elementor-column-gap-default\">\n\t\t\t\t\t<div class=\"elementor-column elementor-col-100 elementor-top-column elementor-element elementor-element-15ba5cda\" data-id=\"15ba5cda\" data-element_type=\"column\">\n\t\t\t<div class=\"elementor-widget-wrap elementor-element-populated\">\n\t\t\t\t\t\t\t\t<div class=\"elementor-element elementor-element-21b7a851 elementor-widget elementor-widget-text-editor\" data-id=\"21b7a851\" data-element_type=\"widget\" data-widget_type=\"text-editor.default\">\n\t\t\t\t<div class=\"elementor-widget-container\">\n\t\t\t<style>\/*! elementor - v3.18.0 - 20-12-2023 *\/\n.elementor-widget-text-editor.elementor-drop-cap-view-stacked .elementor-drop-cap{background-color:#69727d;color:#fff}.elementor-widget-text-editor.elementor-drop-cap-view-framed .elementor-drop-cap{color:#69727d;border:3px solid;background-color:transparent}.elementor-widget-text-editor:not(.elementor-drop-cap-view-default) .elementor-drop-cap{margin-top:8px}.elementor-widget-text-editor:not(.elementor-drop-cap-view-default) .elementor-drop-cap-letter{width:1em;height:1em}.elementor-widget-text-editor .elementor-drop-cap{float:left;text-align:center;line-height:1;font-size:50px}.elementor-widget-text-editor .elementor-drop-cap-letter{display:inline-block}<\/style>\t\t\t\t<!-- wp:paragraph -->\n<p>Rozwijamy i obs\u0142ugujemy w\u0142asn\u0105 infrastruktur\u0119, aby \u015bwiadczy\u0107 us\u0142ugi niezale\u017cne od technologii, dostawc\u00f3w i sieci. \u0141\u0105czymy z nasz\u0105 infrastruktur\u0105 r\u00f3\u017cne sieci i dostawc\u00f3w us\u0142ug hostingowych, aby m\u00f3c oferowa\u0107 pe\u0142en zakres us\u0142ug konwergentnych operatorom sieci wirtualnych i dostawcom us\u0142ug.<\/p>\n<!-- \/wp:paragraph -->\n\n<!-- wp:paragraph -->\n<p>Razem z naszym partnerem tworzymy unikaln\u0105 na rynku propozycj\u0119 warto\u015bci dla klient\u00f3w ko\u0144cowych. Po\u015bwi\u0119camy si\u0119 i anga\u017cujemy tak\u017ce we wsp\u00f3lny sukces.<\/p>\n<!-- \/wp:paragraph -->\n\n<!-- wp:list -->\n<ul><li>Outsourcing proces\u00f3w biznesowych (BPO)<\/li><li>Platforma \u015bwiadczenia us\u0142ug jako us\u0142uga<\/li><li>Operacje infrastruktury telekomunikacyjnej<\/li><li>Agregacja ruchu (SMS, g\u0142os, dane)<\/li><li>Us\u0142ugi p\u0142atnicze (platforma i kana\u0142y \u0142adowania)<\/li><li>Profesjonalne us\u0142ugi<\/li><li>Rozw\u00f3j aplikacji<\/li><\/ul>\n<!-- \/wp:list -->\n\n<!-- wp:paragraph -->\n<p><strong>WYBRANI PARTNERZY<\/strong> \u2013 COOP Mobil, Fayn Telecommunications, Quadruple, Klokan Mobil, Eri Mobile<\/p>\n<!-- \/wp:paragraph -->\t\t\t\t\t\t<\/div>\n\t\t\t\t<\/div>\n\t\t\t\t\t<\/div>\n\t\t<\/div>\n\t\t\t\t\t\t\t<\/div>\n\t\t<\/section>\n\t\t\t\t\t\t\t<\/div>","protected":false},"excerpt":{"rendered":"<p>Rozwijamy i obs\u0142ugujemy w\u0142asn\u0105 infrastruktur\u0119, aby \u015bwiadczy\u0107 us\u0142ugi niezale\u017cne od technologii, dostawc\u00f3w i sieci. \u0141\u0105czymy r\u00f3\u017cne\u2026<\/p>","protected":false},"author":1,"featured_media":5261,"parent":342,"menu_order":1,"comment_status":"closed","ping_status":"closed","template":"","meta":{"footnotes":""},"_links":{"self":[{"href":"https:\/\/new.comverga.com\/int\/pl\/wp-json\/wp\/v2\/pages\/656"}],"collection":[{"href":"https:\/\/new.comverga.com\/int\/pl\/wp-json\/wp\/v2\/pages"}],"about":[{"href":"https:\/\/new.comverga.com\/int\/pl\/wp-json\/wp\/v2\/types\/page"}],"author":[{"embeddable":true,"href":"https:\/\/new.comverga.com\/int\/pl\/wp-json\/wp\/v2\/users\/1"}],"replies":[{"embeddable":true,"href":"https:\/\/new.comverga.com\/int\/pl\/wp-json\/wp\/v2\/comments?post=656"}],"version-history":[{"count":0,"href":"https:\/\/new.comverga.com\/int\/pl\/wp-json\/wp\/v2\/pages\/656\/revisions"}],"up":[{"embeddable":true,"href":"https:\/\/new.comverga.com\/int\/pl\/wp-json\/wp\/v2\/pages\/342"}],"wp:featuredmedia":[{"embeddable":true,"href":"https:\/\/new.comverga.com\/int\/pl\/wp-json\/wp\/v2\/media\/5261"}],"wp:attachment":[{"href":"https:\/\/new.comverga.com\/int\/pl\/wp-json\/wp\/v2\/media?parent=656"}],"curies":[{"name":"wp","href":"https:\/\/api.w.org\/{rel}","templated":true}]}}