{"id":414,"date":"2020-11-25T15:33:29","date_gmt":"2020-11-25T14:33:29","guid":{"rendered":"https:\/\/www.comverga.com\/?page_id=414"},"modified":"2023-09-11T09:51:19","modified_gmt":"2023-09-11T09:51:19","slug":"team","status":"publish","type":"page","link":"https:\/\/new.comverga.com\/int\/pl\/team\/","title":{"rendered":"Kierownictwo"},"content":{"rendered":"<div data-elementor-type=\"wp-page\" data-elementor-id=\"414\" class=\"elementor elementor-414\">\n\t\t\t\t\t\t\t\t\t<section class=\"elementor-section elementor-top-section elementor-element elementor-element-22221344 elementor-section-boxed elementor-section-height-default elementor-section-height-default\" data-id=\"22221344\" data-element_type=\"section\">\n\t\t\t\t\t\t<div class=\"elementor-container elementor-column-gap-default\">\n\t\t\t\t\t<div class=\"elementor-column elementor-col-100 elementor-top-column elementor-element elementor-element-48a56647\" data-id=\"48a56647\" data-element_type=\"column\">\n\t\t\t<div class=\"elementor-widget-wrap elementor-element-populated\">\n\t\t\t\t\t\t\t\t<div class=\"elementor-element elementor-element-16f5da19 elementor-widget elementor-widget-text-editor\" data-id=\"16f5da19\" data-element_type=\"widget\" data-widget_type=\"text-editor.default\">\n\t\t\t\t<div class=\"elementor-widget-container\">\n\t\t\t<style>\/*! elementor - v3.18.0 - 20-12-2023 *\/\n.elementor-widget-text-editor.elementor-drop-cap-view-stacked .elementor-drop-cap{background-color:#69727d;color:#fff}.elementor-widget-text-editor.elementor-drop-cap-view-framed .elementor-drop-cap{color:#69727d;border:3px solid;background-color:transparent}.elementor-widget-text-editor:not(.elementor-drop-cap-view-default) .elementor-drop-cap{margin-top:8px}.elementor-widget-text-editor:not(.elementor-drop-cap-view-default) .elementor-drop-cap-letter{width:1em;height:1em}.elementor-widget-text-editor .elementor-drop-cap{float:left;text-align:center;line-height:1;font-size:50px}.elementor-widget-text-editor .elementor-drop-cap-letter{display:inline-block}<\/style>\t\t\t\t<!-- wp:heading -->\n<h2><strong>Rada Dyrektor\u00f3w<\/strong><\/h2>\n<!-- \/wp:heading --><!-- wp:heading {\"level\":3,\"className\":\"margin-bottom-1rem\"} -->\n<h3 class=\"margin-bottom-1rem\">Martin Ko\u0161ut \u2013 Za\u0142o\u017cyciel, Prezes Zarz\u0105du i Dyrektor Generalny<\/h3>\n<!-- \/wp:heading --><!-- wp:columns {\"verticalAlignment\":\"center\",\"className\":\"nomargin\"} -->\n<div class=\"wp-block-columns are-vertically-aligned-center nomargin\"><!-- wp:column {\"verticalAlignment\":\"center\",\"width\":\"33.34%\"} -->\n<div class=\"wp-block-column is-vertically-aligned-center\" style=\"flex-basis: 33.34%;\"><!-- wp:image {\"align\":\"left\",\"id\":880,\"width\":200,\"height\":200,\"sizeSlug\":\"medium\",\"linkDestination\":\"none\",\"className\":\"nomargin\"} -->\n<div class=\"wp-block-image nomargin\">\n<figure class=\"alignleft size-medium is-resized\"><img decoding=\"async\" class=\"alignnone wp-image-5291\" src=\"https:\/\/www.comverga.com\/int\/wp-content\/uploads\/sites\/5\/2023\/09\/Martin-298x300-1.png\" alt=\"\" width=\"200\" height=\"201\" srcset=\"https:\/\/new.comverga.com\/int\/wp-content\/uploads\/sites\/5\/2023\/09\/Martin-298x300-1.png 298w, https:\/\/new.comverga.com\/int\/wp-content\/uploads\/sites\/5\/2023\/09\/Martin-298x300-1-150x150.png 150w, https:\/\/new.comverga.com\/int\/wp-content\/uploads\/sites\/5\/2023\/09\/Martin-298x300-1-12x12.png 12w\" sizes=\"(max-width: 200px) 100vw, 200px\" \/><\/figure>\n<\/div>\n<!-- \/wp:image --><\/div>\n<!-- \/wp:column --><!-- wp:column {\"verticalAlignment\":\"center\",\"width\":\"66.66%\",\"className\":\"has-padding-right-20\"} -->\n<div class=\"wp-block-column is-vertically-aligned-center has-padding-right-20\" style=\"flex-basis: 66.66%;\"><!-- wp:paragraph -->\n<p>Martin Ko\u0161ut jest wsp\u00f3\u0142za\u0142o\u017cycielem firmy i od 2000 roku pe\u0142ni w niej funkcj\u0119 prezesa i dyrektora generalnego. Wcze\u015bniej by\u0142 odpowiedzialny za dzia\u0142alno\u015b\u0107 eCommerce firmy Compaq Computer w Europie, na Bliskim Wschodzie i w Afryce oraz rozwija\u0142 dzia\u0142alno\u015b\u0107 Tulip Computer w Europie \u015arodkowo-Wschodniej. Uzyska\u0142 tytu\u0142 magistra informatyki na Wydziale Matematyki i Fizyki oraz teologii na Wydziale Teologii Katolickiej Uniwersytetu Karola w Pradze.<\/p>\n<!-- \/wp:paragraph --><\/div>\n<!-- \/wp:column --><\/div>\n<!-- \/wp:columns --><!-- wp:heading {\"level\":3,\"className\":\"margin-bottom-1rem\"} -->\n<h3 class=\"margin-bottom-1rem\">Piotr Herman \u2013 Za\u0142o\u017cyciel, Cz\u0142onek Zarz\u0105du i Dyrektor Zarz\u0105dzaj\u0105cy Polska<\/h3>\n<!-- \/wp:heading --><!-- wp:columns {\"verticalAlignment\":\"center\",\"className\":\"nomargin\"} -->\n<div class=\"wp-block-columns are-vertically-aligned-center nomargin\"><!-- wp:column {\"verticalAlignment\":\"center\",\"width\":\"33.33%\"} -->\n<div class=\"wp-block-column is-vertically-aligned-center\" style=\"flex-basis: 33.33%;\"><!-- wp:image {\"align\":\"left\",\"id\":882,\"width\":200,\"height\":200,\"sizeSlug\":\"full\",\"linkDestination\":\"none\",\"className\":\"nomargin\"} -->\n<div class=\"wp-block-image nomargin\">\n<figure class=\"alignleft size-full is-resized\"><img decoding=\"async\" class=\"alignnone wp-image-5290\" src=\"https:\/\/www.comverga.com\/int\/wp-content\/uploads\/sites\/5\/2023\/09\/Piotr.png\" alt=\"\" width=\"200\" height=\"200\" srcset=\"https:\/\/new.comverga.com\/int\/wp-content\/uploads\/sites\/5\/2023\/09\/Piotr.png 250w, https:\/\/new.comverga.com\/int\/wp-content\/uploads\/sites\/5\/2023\/09\/Piotr-150x150.png 150w, https:\/\/new.comverga.com\/int\/wp-content\/uploads\/sites\/5\/2023\/09\/Piotr-12x12.png 12w\" sizes=\"(max-width: 200px) 100vw, 200px\" \/><\/figure>\n<\/div>\n<!-- \/wp:image --><\/div>\n<!-- \/wp:column --><!-- wp:column {\"verticalAlignment\":\"center\",\"width\":\"66.66%\",\"className\":\"has-padding-right-20\"} -->\n<div class=\"wp-block-column is-vertically-aligned-center has-padding-right-20\" style=\"flex-basis: 66.66%;\"><!-- wp:paragraph -->\n<p>Piotr Herman do\u0142\u0105czy\u0142 do naszego zespo\u0142u w 2001 roku i by\u0142 wsp\u00f3\u0142za\u0142o\u017cycielem naszej polskiej sp\u00f3\u0142ki zale\u017cnej. Od 2004 roku pe\u0142ni funkcj\u0119 cz\u0142onka zarz\u0105du sp\u00f3\u0142ki. Przed t\u0105 misj\u0105 pracowa\u0142 w T-Mobile, Airtel i CT Creative Team. Piotr posiada tytu\u0142 magistra telekomunikacji uzyskany na Politechnice Warszawskiej oraz tytu\u0142 Executive MBA Wy\u017cszej Szko\u0142y Mened\u017cerskiej w Warszawie.<\/p>\n<!-- \/wp:paragraph --><\/div>\n<!-- \/wp:column --><\/div>\n<!-- \/wp:columns --><!-- wp:heading {\"level\":3,\"className\":\"margin-bottom-1rem\"} -->\n<h3 class=\"margin-bottom-1rem\">Petr Mike\u0161 \u2013 Cz\u0142onek Zarz\u0105du i CTO<\/h3>\n<!-- \/wp:heading --><!-- wp:columns {\"verticalAlignment\":\"center\",\"className\":\"nomargin\"} -->\n<div class=\"wp-block-columns are-vertically-aligned-center nomargin\"><!-- wp:column {\"verticalAlignment\":\"center\",\"width\":\"33.33%\"} -->\n<div class=\"wp-block-column is-vertically-aligned-center\" style=\"flex-basis: 33.33%;\"><!-- wp:image {\"align\":\"left\",\"id\":881,\"width\":200,\"height\":200,\"sizeSlug\":\"medium\",\"linkDestination\":\"none\",\"className\":\"nomargin\"} -->\n<div class=\"wp-block-image nomargin\">\n<figure class=\"alignleft size-medium is-resized\"><img decoding=\"async\" class=\"alignnone wp-image-5289\" src=\"https:\/\/www.comverga.com\/int\/wp-content\/uploads\/sites\/5\/2023\/09\/Petr-300x300-1.png\" alt=\"\" width=\"200\" height=\"200\" srcset=\"https:\/\/new.comverga.com\/int\/wp-content\/uploads\/sites\/5\/2023\/09\/Petr-300x300-1.png 300w, https:\/\/new.comverga.com\/int\/wp-content\/uploads\/sites\/5\/2023\/09\/Petr-300x300-1-150x150.png 150w, https:\/\/new.comverga.com\/int\/wp-content\/uploads\/sites\/5\/2023\/09\/Petr-300x300-1-12x12.png 12w\" sizes=\"(max-width: 200px) 100vw, 200px\" \/><\/figure>\n<\/div>\n<!-- \/wp:image --><\/div>\n<!-- \/wp:column --><!-- wp:column {\"verticalAlignment\":\"center\",\"width\":\"66.66%\",\"className\":\"has-padding-right-20\"} -->\n<div class=\"wp-block-column is-vertically-aligned-center has-padding-right-20\" style=\"flex-basis: 66.66%;\"><!-- wp:paragraph -->\n<p>Petr Mike\u0161 piastowa\u0142 kilka stanowisk kierowniczych w naszym zespole dostaw od jego rozpocz\u0119cia w 2012 r. Przej\u0105\u0142 og\u00f3ln\u0105 odpowiedzialno\u015b\u0107 za nasze dostawy i operacje w 2017 r., a do\u0142\u0105czy\u0142 do zarz\u0105du w 2019 r. Petr posiada tytu\u0142 magistra elektroniki uzyskany na Politechnice w Brnie.<\/p>\n<!-- \/wp:paragraph --><\/div>\n<!-- \/wp:column --><\/div>\n<!-- \/wp:columns --><!-- wp:heading {\"level\":3,\"className\":\"margin-bottom-1rem\"} -->\n<h3 class=\"margin-bottom-1rem\">David Ko\u0161ut \u2013 Cz\u0142onek Zarz\u0105du<\/h3>\n<!-- \/wp:heading --><!-- wp:columns {\"verticalAlignment\":\"center\",\"className\":\"nomargin\"} -->\n<div class=\"wp-block-columns are-vertically-aligned-center nomargin\"><!-- wp:column {\"verticalAlignment\":\"center\",\"width\":\"33.33%\"} -->\n<div class=\"wp-block-column is-vertically-aligned-center\" style=\"flex-basis: 33.33%;\"><!-- wp:image {\"align\":\"left\",\"id\":878,\"width\":200,\"height\":200,\"sizeSlug\":\"medium\",\"linkDestination\":\"none\",\"className\":\"nomargin\"} -->\n<div class=\"wp-block-image nomargin\">\n<figure class=\"alignleft size-medium is-resized\"><img loading=\"lazy\" decoding=\"async\" class=\"alignnone wp-image-5287\" src=\"https:\/\/www.comverga.com\/int\/wp-content\/uploads\/sites\/5\/2023\/09\/David-300x300-1.png\" alt=\"\" width=\"200\" height=\"200\" srcset=\"https:\/\/new.comverga.com\/int\/wp-content\/uploads\/sites\/5\/2023\/09\/David-300x300-1.png 300w, https:\/\/new.comverga.com\/int\/wp-content\/uploads\/sites\/5\/2023\/09\/David-300x300-1-150x150.png 150w, https:\/\/new.comverga.com\/int\/wp-content\/uploads\/sites\/5\/2023\/09\/David-300x300-1-12x12.png 12w\" sizes=\"(max-width: 200px) 100vw, 200px\" \/><\/figure>\n<\/div>\n<!-- \/wp:image --><\/div>\n<!-- \/wp:column --><!-- wp:column {\"verticalAlignment\":\"center\",\"width\":\"66.66%\",\"className\":\"has-padding-right-20\"} -->\n<div class=\"wp-block-column is-vertically-aligned-center has-padding-right-20\" style=\"flex-basis: 66.66%;\"><!-- wp:paragraph -->\n<p>David Ko\u0161ut do\u0142\u0105czy\u0142 do naszego zespo\u0142u ds. rozwoju produkt\u00f3w w 2017 r., a do zarz\u0105du w 2019 r. Posiada tytu\u0142 magistra energetyki i zarz\u0105dzania uzyskany na Politechnice Czeskiej w Pradze.<\/p>\n<!-- \/wp:paragraph --><\/div>\n<!-- \/wp:column --><\/div>\n<!-- \/wp:columns --><!-- wp:heading -->\n<h2><strong>Rada nadzorcza<\/strong><\/h2>\n<!-- \/wp:heading --><!-- wp:heading {\"level\":3,\"className\":\"margin-bottom-1rem\"} -->\n<h3 class=\"margin-bottom-1rem\">Martin Kosut jr. \u2013 Cz\u0142onek Rady Nadzorczej<\/h3>\n<!-- \/wp:heading --><!-- wp:columns {\"verticalAlignment\":\"center\",\"className\":\"nomargin\"} -->\n<div class=\"wp-block-columns are-vertically-aligned-center nomargin\"><!-- wp:column {\"verticalAlignment\":\"center\",\"width\":\"33.33%\"} -->\n<div class=\"wp-block-column is-vertically-aligned-center\" style=\"flex-basis: 33.33%;\"><!-- wp:image {\"align\":\"left\",\"id\":818,\"width\":200,\"height\":200,\"sizeSlug\":\"medium\",\"linkDestination\":\"none\",\"className\":\"nomargin\"} -->\n<div class=\"wp-block-image nomargin\">\n<figure class=\"alignleft size-medium is-resized\"><img loading=\"lazy\" decoding=\"async\" class=\"wp-image-818\" src=\"https:\/\/www.comverga.com\/wp-content\/uploads\/2020\/12\/Marta-300x300.png\" alt=\"\" width=\"200\" height=\"200\" srcset=\"https:\/\/new.comverga.com\/int\/wp-content\/uploads\/sites\/5\/2020\/12\/Marta-300x300.png 300w, https:\/\/new.comverga.com\/int\/wp-content\/uploads\/sites\/5\/2020\/12\/Marta-150x150.png 150w, https:\/\/new.comverga.com\/int\/wp-content\/uploads\/sites\/5\/2020\/12\/Marta-768x770.png 768w, https:\/\/new.comverga.com\/int\/wp-content\/uploads\/sites\/5\/2020\/12\/Marta-12x12.png 12w, https:\/\/new.comverga.com\/int\/wp-content\/uploads\/sites\/5\/2020\/12\/Marta.png 787w\" sizes=\"(max-width: 200px) 100vw, 200px\" \/><\/figure>\n<\/div>\n<!-- \/wp:image --><\/div>\n<!-- \/wp:column --><!-- wp:column {\"verticalAlignment\":\"center\",\"width\":\"66.66%\",\"className\":\"has-padding-right-20\"} -->\n<div class=\"wp-block-column is-vertically-aligned-center has-padding-right-20\" style=\"flex-basis: 66.66%;\"><!-- wp:paragraph -->\n<p>Martin Kosut jr. od 2011 roku pe\u0142ni funkcj\u0119 cz\u0142onka rady nadzorczej holdingu rodzinnego. Uzyska\u0142 tytu\u0142 magistra ekonomii na Uniwersytecie Ekonomii w Pradze oraz na Czeskim Uniwersytecie Przyrodniczym.<\/p>\n<!-- \/wp:paragraph --><\/div>\n<!-- \/wp:column --><\/div>\n<!-- \/wp:columns -->\t\t\t\t\t\t<\/div>\n\t\t\t\t<\/div>\n\t\t\t\t\t<\/div>\n\t\t<\/div>\n\t\t\t\t\t\t\t<\/div>\n\t\t<\/section>\n\t\t\t\t\t\t\t<\/div>","protected":false},"excerpt":{"rendered":"<p>Board of Directors Martin Ko\u0161ut &#8211; Founder, Chairman of the Board &amp; CEO Martin Ko\u0161ut co-founded the company and serves it as chairman and CEO since 2000. Prior that he was responsible for eCommerce business of Compaq Computer in Europe, Middle East and Africa, and developed business for Tulip Computer in Central and Easter Europe. [&hellip;]<\/p>","protected":false},"author":1,"featured_media":139,"parent":0,"menu_order":0,"comment_status":"closed","ping_status":"closed","template":"","meta":{"footnotes":""},"_links":{"self":[{"href":"https:\/\/new.comverga.com\/int\/pl\/wp-json\/wp\/v2\/pages\/414"}],"collection":[{"href":"https:\/\/new.comverga.com\/int\/pl\/wp-json\/wp\/v2\/pages"}],"about":[{"href":"https:\/\/new.comverga.com\/int\/pl\/wp-json\/wp\/v2\/types\/page"}],"author":[{"embeddable":true,"href":"https:\/\/new.comverga.com\/int\/pl\/wp-json\/wp\/v2\/users\/1"}],"replies":[{"embeddable":true,"href":"https:\/\/new.comverga.com\/int\/pl\/wp-json\/wp\/v2\/comments?post=414"}],"version-history":[{"count":0,"href":"https:\/\/new.comverga.com\/int\/pl\/wp-json\/wp\/v2\/pages\/414\/revisions"}],"wp:featuredmedia":[{"embeddable":true,"href":"https:\/\/new.comverga.com\/int\/pl\/wp-json\/wp\/v2\/media\/139"}],"wp:attachment":[{"href":"https:\/\/new.comverga.com\/int\/pl\/wp-json\/wp\/v2\/media?parent=414"}],"curies":[{"name":"wp","href":"https:\/\/api.w.org\/{rel}","templated":true}]}}