{"id":386,"date":"2020-11-25T15:26:39","date_gmt":"2020-11-25T14:26:39","guid":{"rendered":"https:\/\/www.comverga.com\/?page_id=386"},"modified":"2020-11-25T15:26:39","modified_gmt":"2020-11-25T14:26:39","slug":"mission","status":"publish","type":"page","link":"https:\/\/new.comverga.com\/int\/pl\/mission\/","title":{"rendered":"Misja"},"content":{"rendered":"<div data-elementor-type=\"wp-page\" data-elementor-id=\"386\" class=\"elementor elementor-386\">\n\t\t\t\t\t\t\t\t\t<section class=\"elementor-section elementor-top-section elementor-element elementor-element-4b3b3aa9 elementor-section-boxed elementor-section-height-default elementor-section-height-default\" data-id=\"4b3b3aa9\" data-element_type=\"section\">\n\t\t\t\t\t\t<div class=\"elementor-container elementor-column-gap-default\">\n\t\t\t\t\t<div class=\"elementor-column elementor-col-100 elementor-top-column elementor-element elementor-element-6a73f768\" data-id=\"6a73f768\" data-element_type=\"column\">\n\t\t\t<div class=\"elementor-widget-wrap elementor-element-populated\">\n\t\t\t\t\t\t\t\t<div class=\"elementor-element elementor-element-69957a49 elementor-widget elementor-widget-text-editor\" data-id=\"69957a49\" data-element_type=\"widget\" data-widget_type=\"text-editor.default\">\n\t\t\t\t<div class=\"elementor-widget-container\">\n\t\t\t<style>\/*! elementor - v3.18.0 - 20-12-2023 *\/\n.elementor-widget-text-editor.elementor-drop-cap-view-stacked .elementor-drop-cap{background-color:#69727d;color:#fff}.elementor-widget-text-editor.elementor-drop-cap-view-framed .elementor-drop-cap{color:#69727d;border:3px solid;background-color:transparent}.elementor-widget-text-editor:not(.elementor-drop-cap-view-default) .elementor-drop-cap{margin-top:8px}.elementor-widget-text-editor:not(.elementor-drop-cap-view-default) .elementor-drop-cap-letter{width:1em;height:1em}.elementor-widget-text-editor .elementor-drop-cap{float:left;text-align:center;line-height:1;font-size:50px}.elementor-widget-text-editor .elementor-drop-cap-letter{display:inline-block}<\/style>\t\t\t\t<!-- wp:paragraph -->\n<p>Jeste\u015bmy stabiln\u0105 firm\u0105 rodzinn\u0105, stale si\u0119 rozwijamy i pod\u0105\u017camy za nowymi trendami, aby by\u0107 wiod\u0105cym dostawc\u0105 nowoczesnych us\u0142ug telekomunikacyjnych. Naszym celem jest bycie preferowanym partnerem klienta w komunikacji. Poprzez jako\u015b\u0107 us\u0142ug i poszukiwanie wsp\u00f3lnych rozwi\u0105za\u0144 chcemy budowa\u0107 wiod\u0105c\u0105 pozycj\u0119 w\u015br\u00f3d europejskich firm na rynku teleinformatycznym o globalnym zasi\u0119gu.<\/p>\n<!-- \/wp:paragraph -->\n\n<!-- wp:paragraph -->\n<p>Elastycznie reagujemy na potrzeby naszych klient\u00f3w, oferuj\u0105c im ekonomiczne i optymalne funkcjonalnie rozwi\u0105zania. Chcemy by\u0107 partnerem, kt\u00f3ry u\u0142atwia prac\u0119, usprawnia dzia\u0142anie firmy i umo\u017cliwia rozw\u00f3j nowych modeli biznesowych z wykorzystaniem nowoczesnych i zaawansowanych technologii komunikacyjnych. K\u0142adziemy du\u017cy nacisk na etyczny aspekt biznesu, ze szczeg\u00f3lnym uwzgl\u0119dnieniem szacunku dla drugiej osoby \u2013 klienta, partnera i dostawcy.<\/p>\n<!-- \/wp:paragraph -->\t\t\t\t\t\t<\/div>\n\t\t\t\t<\/div>\n\t\t\t\t\t<\/div>\n\t\t<\/div>\n\t\t\t\t\t\t\t<\/div>\n\t\t<\/section>\n\t\t\t\t\t\t\t<\/div>","protected":false},"excerpt":{"rendered":"<p>We are a stable family-owned company, we are constantly evolving and following new trends to be a leading supplier of modern telecommunications services. Our goal is to be the customer&#8217;s preferred partner in communications. Through the quality of services and the search for common solutions, we want to build a leading position among European companies [&hellip;]<\/p>","protected":false},"author":1,"featured_media":145,"parent":0,"menu_order":0,"comment_status":"closed","ping_status":"closed","template":"","meta":{"footnotes":""},"_links":{"self":[{"href":"https:\/\/new.comverga.com\/int\/pl\/wp-json\/wp\/v2\/pages\/386"}],"collection":[{"href":"https:\/\/new.comverga.com\/int\/pl\/wp-json\/wp\/v2\/pages"}],"about":[{"href":"https:\/\/new.comverga.com\/int\/pl\/wp-json\/wp\/v2\/types\/page"}],"author":[{"embeddable":true,"href":"https:\/\/new.comverga.com\/int\/pl\/wp-json\/wp\/v2\/users\/1"}],"replies":[{"embeddable":true,"href":"https:\/\/new.comverga.com\/int\/pl\/wp-json\/wp\/v2\/comments?post=386"}],"version-history":[{"count":0,"href":"https:\/\/new.comverga.com\/int\/pl\/wp-json\/wp\/v2\/pages\/386\/revisions"}],"wp:featuredmedia":[{"embeddable":true,"href":"https:\/\/new.comverga.com\/int\/pl\/wp-json\/wp\/v2\/media\/145"}],"wp:attachment":[{"href":"https:\/\/new.comverga.com\/int\/pl\/wp-json\/wp\/v2\/media?parent=386"}],"curies":[{"name":"wp","href":"https:\/\/api.w.org\/{rel}","templated":true}]}}