{"id":2961,"date":"2023-04-11T11:48:19","date_gmt":"2023-04-11T11:48:19","guid":{"rendered":"https:\/\/www.comverga.com\/?page_id=2961"},"modified":"2023-12-13T11:05:42","modified_gmt":"2023-12-13T11:05:42","slug":"system-application-manager","status":"publish","type":"page","link":"https:\/\/new.comverga.com\/int\/pl\/system-application-manager\/","title":{"rendered":"Mened\u017cer systemu\/aplikacji"},"content":{"rendered":"<div data-elementor-type=\"wp-page\" data-elementor-id=\"2961\" class=\"elementor elementor-2961\">\n\t\t\t\t\t\t\t\t\t<section class=\"elementor-section elementor-top-section elementor-element elementor-element-7a7a2752 elementor-section-boxed elementor-section-height-default elementor-section-height-default\" data-id=\"7a7a2752\" data-element_type=\"section\">\n\t\t\t\t\t\t<div class=\"elementor-container elementor-column-gap-default\">\n\t\t\t\t\t<div class=\"elementor-column elementor-col-50 elementor-top-column elementor-element elementor-element-71314a79\" data-id=\"71314a79\" data-element_type=\"column\">\n\t\t\t<div class=\"elementor-widget-wrap elementor-element-populated\">\n\t\t\t\t\t\t\t\t<div class=\"elementor-element elementor-element-4222c77c elementor-widget elementor-widget-stratum-image-accordion\" data-id=\"4222c77c\" data-element_type=\"widget\" data-widget_type=\"stratum-image-accordion.default\">\n\t\t\t\t<div class=\"elementor-widget-container\">\n\t\t\t<div class=\"stratum-image-accordion image-accordion-horizontal activate-on-click\">\n    <div class=\"stratum-image-accordion__container\">        <div class=\"stratum-image-accordion__item elementor-repeater-item-accc356\">\n            <div class=\"stratum-image-accordion__background\"><\/div>\n            <div class=\"stratum-image-accordion__overlay\">\n\t\t\t\t            <\/div>\n        <\/div>\n        <\/div>\n<\/div>\n\t\t<\/div>\n\t\t\t\t<\/div>\n\t\t\t\t\t<\/div>\n\t\t<\/div>\n\t\t\t\t<div class=\"elementor-column elementor-col-50 elementor-top-column elementor-element elementor-element-7a033ad4\" data-id=\"7a033ad4\" data-element_type=\"column\">\n\t\t\t<div class=\"elementor-widget-wrap elementor-element-populated\">\n\t\t\t\t\t\t\t\t<div class=\"elementor-element elementor-element-60ea26d2 elementor-widget elementor-widget-heading\" data-id=\"60ea26d2\" data-element_type=\"widget\" id=\"career-header\" data-widget_type=\"heading.default\">\n\t\t\t\t<div class=\"elementor-widget-container\">\n\t\t\t<style>\/*! elementor - v3.18.0 - 20-12-2023 *\/\n.elementor-heading-title{padding:0;margin:0;line-height:1}.elementor-widget-heading .elementor-heading-title[class*=elementor-size-]>a{color:inherit;font-size:inherit;line-height:inherit}.elementor-widget-heading .elementor-heading-title.elementor-size-small{font-size:15px}.elementor-widget-heading .elementor-heading-title.elementor-size-medium{font-size:19px}.elementor-widget-heading .elementor-heading-title.elementor-size-large{font-size:29px}.elementor-widget-heading .elementor-heading-title.elementor-size-xl{font-size:39px}.elementor-widget-heading .elementor-heading-title.elementor-size-xxl{font-size:59px}<\/style><h2 class=\"elementor-heading-title elementor-size-default\">Co z nami zrobisz<\/h2>\t\t<\/div>\n\t\t\t\t<\/div>\n\t\t\t\t<div class=\"elementor-element elementor-element-3c2f487c elementor-widget elementor-widget-text-editor\" data-id=\"3c2f487c\" data-element_type=\"widget\" data-widget_type=\"text-editor.default\">\n\t\t\t\t<div class=\"elementor-widget-container\">\n\t\t\t<style>\/*! elementor - v3.18.0 - 20-12-2023 *\/\n.elementor-widget-text-editor.elementor-drop-cap-view-stacked .elementor-drop-cap{background-color:#69727d;color:#fff}.elementor-widget-text-editor.elementor-drop-cap-view-framed .elementor-drop-cap{color:#69727d;border:3px solid;background-color:transparent}.elementor-widget-text-editor:not(.elementor-drop-cap-view-default) .elementor-drop-cap{margin-top:8px}.elementor-widget-text-editor:not(.elementor-drop-cap-view-default) .elementor-drop-cap-letter{width:1em;height:1em}.elementor-widget-text-editor .elementor-drop-cap{float:left;text-align:center;line-height:1;font-size:50px}.elementor-widget-text-editor .elementor-drop-cap-letter{display:inline-block}<\/style>\t\t\t\t<p>B\u0119dziesz zapewnia\u0107 wsparcie obecnym klientom i wspomaga\u0107 zmiany dla partner\u00f3w. Do Twoich obowi\u0105zk\u00f3w b\u0119dzie nale\u017ce\u0107 opieka nad bazami danych i aplikacjami z zakresu us\u0142ug telekomunikacyjnych i p\u0142atniczych. B\u0119dziesz tak\u017ce zarz\u0105dza\u0107 stosem kontener\u00f3w, w kt\u00f3rym dzia\u0142a ponad 90% naszych system\u00f3w. Oko\u0142o jedn\u0105 trzeci\u0105 Twojego czasu po\u015bwi\u0119cisz na operacje maj\u0105ce na celu zapewnienie, \u017ce powierzone Ci systemy i narz\u0119dzia dzia\u0142aj\u0105 tak, jak powinny. Cokolwiek uznasz za wa\u017cne, otrzymasz przestrze\u0144 do zaprojektowania w\u0142asnych rozwi\u0105za\u0144 i wdro\u017cenia.<\/p><p>Przez reszt\u0119 czasu przecieramy nowe szlaki: stawiamy czo\u0142a automatyzacji, ulepszamy istniej\u0105ce narz\u0119dzia, znajdujemy nowe podej\u015bcia i kszta\u0142cimy si\u0119.<\/p>\t\t\t\t\t\t<\/div>\n\t\t\t\t<\/div>\n\t\t\t\t<div class=\"elementor-element elementor-element-1e3dde2a elementor-widget elementor-widget-heading\" data-id=\"1e3dde2a\" data-element_type=\"widget\" id=\"career-header\" data-widget_type=\"heading.default\">\n\t\t\t\t<div class=\"elementor-widget-container\">\n\t\t\t<h2 class=\"elementor-heading-title elementor-size-default\">Co powiniene\u015b wiedzie\u0107, mie\u0107, m\u00f3c<\/h2>\t\t<\/div>\n\t\t\t\t<\/div>\n\t\t\t\t<div class=\"elementor-element elementor-element-507e7b95 elementor-widget elementor-widget-text-editor\" data-id=\"507e7b95\" data-element_type=\"widget\" data-widget_type=\"text-editor.default\">\n\t\t\t\t<div class=\"elementor-widget-container\">\n\t\t\t\t\t\t\t<p>Oczekujemy, \u017ce zawsze b\u0119dziesz my\u015ble\u0107 o tym, jak zoptymalizowa\u0107 swoj\u0105 prac\u0119 i j\u0105 zautomatyzowa\u0107. Nie lubisz by\u0107 prowadzony za r\u0119k\u0119 \u2013 czy w pracy chcia\u0142by\u015b mie\u0107 woln\u0105 r\u0119k\u0119? Czy lubisz uczy\u0107 si\u0119 czego\u015b nowego ka\u017cdego dnia? Zale\u017cy nam na osobie komunikatywnej i pozytywnej, kt\u00f3ra nie boi si\u0119 zadawa\u0107 pyta\u0144 i chce si\u0119 wiele nauczy\u0107 od do\u015bwiadczonych koleg\u00f3w.<\/p>\n<p>Je\u015bli jeste\u015b absolwentem i chcesz zacz\u0105\u0107 od zera \u2013 te\u017c jeste\u015b mile widziany.<\/p>\t\t\t\t\t\t<\/div>\n\t\t\t\t<\/div>\n\t\t\t\t\t<\/div>\n\t\t<\/div>\n\t\t\t\t\t\t\t<\/div>\n\t\t<\/section>\n\t\t\t\t<section class=\"elementor-section elementor-top-section elementor-element elementor-element-4e138eba elementor-section-boxed elementor-section-height-default elementor-section-height-default\" data-id=\"4e138eba\" data-element_type=\"section\" id=\"career-about\">\n\t\t\t\t\t\t<div class=\"elementor-container elementor-column-gap-default\">\n\t\t\t\t\t<div class=\"elementor-column elementor-col-50 elementor-top-column elementor-element elementor-element-31bdf460\" data-id=\"31bdf460\" data-element_type=\"column\" data-settings=\"{&quot;background_background&quot;:&quot;classic&quot;}\">\n\t\t\t<div class=\"elementor-widget-wrap elementor-element-populated\">\n\t\t\t\t\t\t\t\t<div class=\"elementor-element elementor-element-6b9b47a1 elementor-widget elementor-widget-heading\" data-id=\"6b9b47a1\" data-element_type=\"widget\" data-widget_type=\"heading.default\">\n\t\t\t\t<div class=\"elementor-widget-container\">\n\t\t\t<h2 class=\"elementor-heading-title elementor-size-default\">Oferujemy<\/h2>\t\t<\/div>\n\t\t\t\t<\/div>\n\t\t\t\t<div class=\"elementor-element elementor-element-2443e0f7 elementor-widget elementor-widget-text-editor\" data-id=\"2443e0f7\" data-element_type=\"widget\" data-widget_type=\"text-editor.default\">\n\t\t\t\t<div class=\"elementor-widget-container\">\n\t\t\t\t\t\t\t<p><span style=\"color: #8a8a8a;\"><strong>Zobowi\u0105zanie: <\/strong><\/span>Pe\u0142ny etat<\/p><p><strong><span style=\"color: #8a8a8a;\">Forma wsp\u00f3\u0142pracy:\u00a0<\/span><\/strong>Umowa o prac\u0119<\/p><p><strong><span style=\"color: #8a8a8a;\">Miejsce pracy:<\/span><\/strong> Po\u0142\u0105czenie zdalne\/biurowe<br \/><br \/><\/p>\t\t\t\t\t\t<\/div>\n\t\t\t\t<\/div>\n\t\t\t\t\t<\/div>\n\t\t<\/div>\n\t\t\t\t<div class=\"elementor-column elementor-col-50 elementor-top-column elementor-element elementor-element-1459974e\" data-id=\"1459974e\" data-element_type=\"column\" data-settings=\"{&quot;background_background&quot;:&quot;classic&quot;}\">\n\t\t\t<div class=\"elementor-widget-wrap elementor-element-populated\">\n\t\t\t\t\t\t\t\t<div class=\"elementor-element elementor-element-3426b12f elementor-widget elementor-widget-heading\" data-id=\"3426b12f\" data-element_type=\"widget\" data-widget_type=\"heading.default\">\n\t\t\t\t<div class=\"elementor-widget-container\">\n\t\t\t<h2 class=\"elementor-heading-title elementor-size-default\">My wymagamy<\/h2>\t\t<\/div>\n\t\t\t\t<\/div>\n\t\t\t\t<div class=\"elementor-element elementor-element-7f71d6f9 elementor-widget elementor-widget-text-editor\" data-id=\"7f71d6f9\" data-element_type=\"widget\" data-widget_type=\"text-editor.default\">\n\t\t\t\t<div class=\"elementor-widget-container\">\n\t\t\t\t\t\t\t<p><strong><span style=\"color: #8a8a8a;\">Kluczowe umiej\u0119tno\u015bci: <\/span><\/strong>Linux, Bash, Docker<\/p><p><span style=\"color: #8a8a8a;\"><strong>Inne umiej\u0119tno\u015bci:\u00a0<\/strong><\/span>Umiej\u0119tno\u015bci komunikacyjne<\/p><p><strong><span style=\"color: #8a8a8a;\">Technologie zastosowane na stanowisku: <\/span><\/strong>Docker, Git, Grafana, InfluxDB, MySQL, Nagios, SQL<\/p><p><strong><span style=\"color: #8a8a8a;\">J\u0119zyki:<\/span><\/strong> Angielski, czeski<br \/><br \/><\/p>\t\t\t\t\t\t<\/div>\n\t\t\t\t<\/div>\n\t\t\t\t\t<\/div>\n\t\t<\/div>\n\t\t\t\t\t\t\t<\/div>\n\t\t<\/section>\n\t\t\t\t<section class=\"elementor-section elementor-top-section elementor-element elementor-element-315859da elementor-section-boxed elementor-section-height-default elementor-section-height-default\" data-id=\"315859da\" data-element_type=\"section\">\n\t\t\t\t\t\t<div class=\"elementor-container elementor-column-gap-default\">\n\t\t\t\t\t<div class=\"elementor-column elementor-col-100 elementor-top-column elementor-element elementor-element-7b972329\" data-id=\"7b972329\" data-element_type=\"column\">\n\t\t\t<div class=\"elementor-widget-wrap elementor-element-populated\">\n\t\t\t\t\t\t\t\t<div class=\"elementor-element elementor-element-295e3b2 elementor-widget elementor-widget-text-editor\" data-id=\"295e3b2\" data-element_type=\"widget\" data-widget_type=\"text-editor.default\">\n\t\t\t\t<div class=\"elementor-widget-container\">\n\t\t\t\t\t\t\t<p style=\"text-align: center;\">Je\u015bli jeste\u015b zainteresowany lub masz jakie\u015b pytania.<br \/>Napisz do nas na adres <a href=\"mailto:career@comverga.com\">career@comverga.com<\/a><\/p>\t\t\t\t\t\t<\/div>\n\t\t\t\t<\/div>\n\t\t\t\t\t<\/div>\n\t\t<\/div>\n\t\t\t\t\t\t\t<\/div>\n\t\t<\/section>\n\t\t\t\t\t\t\t<\/div>","protected":false},"excerpt":{"rendered":"<p>What you will do with us You will provide support to existing customers and assisted changes for partners. Your responsibility will be to look after databases and applications in Telecommunications and Payment services. You will also manage the container stack where over 90% of our systems run. About a third of your time will be [&hellip;]<\/p>","protected":false},"author":1,"featured_media":5332,"parent":0,"menu_order":0,"comment_status":"closed","ping_status":"closed","template":"","meta":{"footnotes":""},"_links":{"self":[{"href":"https:\/\/new.comverga.com\/int\/pl\/wp-json\/wp\/v2\/pages\/2961"}],"collection":[{"href":"https:\/\/new.comverga.com\/int\/pl\/wp-json\/wp\/v2\/pages"}],"about":[{"href":"https:\/\/new.comverga.com\/int\/pl\/wp-json\/wp\/v2\/types\/page"}],"author":[{"embeddable":true,"href":"https:\/\/new.comverga.com\/int\/pl\/wp-json\/wp\/v2\/users\/1"}],"replies":[{"embeddable":true,"href":"https:\/\/new.comverga.com\/int\/pl\/wp-json\/wp\/v2\/comments?post=2961"}],"version-history":[{"count":0,"href":"https:\/\/new.comverga.com\/int\/pl\/wp-json\/wp\/v2\/pages\/2961\/revisions"}],"wp:featuredmedia":[{"embeddable":true,"href":"https:\/\/new.comverga.com\/int\/pl\/wp-json\/wp\/v2\/media\/5332"}],"wp:attachment":[{"href":"https:\/\/new.comverga.com\/int\/pl\/wp-json\/wp\/v2\/media?parent=2961"}],"curies":[{"name":"wp","href":"https:\/\/api.w.org\/{rel}","templated":true}]}}