{"id":2806,"date":"2023-04-05T09:03:32","date_gmt":"2023-04-05T07:03:32","guid":{"rendered":"https:\/\/www.comverga.com\/?page_id=2806"},"modified":"2024-01-05T09:20:28","modified_gmt":"2024-01-05T09:20:28","slug":"news","status":"publish","type":"page","link":"https:\/\/new.comverga.com\/int\/pl\/news\/","title":{"rendered":"Aktualno\u015bci"},"content":{"rendered":"<div data-elementor-type=\"wp-page\" data-elementor-id=\"2806\" class=\"elementor elementor-2806\">\n\t\t\t\t\t\t\t\t\t<section class=\"elementor-section elementor-top-section elementor-element elementor-element-66799f31 elementor-section-boxed elementor-section-height-default elementor-section-height-default\" data-id=\"66799f31\" data-element_type=\"section\">\n\t\t\t\t\t\t<div class=\"elementor-container elementor-column-gap-default\">\n\t\t\t\t\t<div class=\"elementor-column elementor-col-100 elementor-top-column elementor-element elementor-element-5f840b91\" data-id=\"5f840b91\" data-element_type=\"column\">\n\t\t\t<div class=\"elementor-widget-wrap elementor-element-populated\">\n\t\t\t\t\t\t\t\t<div class=\"elementor-element elementor-element-12e7b8a1 premium-blog-cta-full-yes premium-blog-align-justify elementor-widget elementor-widget-premium-addon-blog\" data-id=\"12e7b8a1\" data-element_type=\"widget\" data-settings=\"{&quot;scroll_to_offset&quot;:&quot;yes&quot;}\" data-widget_type=\"premium-addon-blog.default\">\n\t\t\t\t<div class=\"elementor-widget-container\">\n\t\t\t\r\n\t\t\t\t<div class=\"premium-blog-wrap  premium-blog-list\" data-page=\"2806\" data-pagination=\"true\">\r\n\t\t\t\t\t<article class=\"premium-blog-post-outer-container\" data-total=\"3\">\r\n\t\t\t<div class=\"premium-blog-post-container premium-blog-skin-classic\">\r\n\t\t\t\t\t\t\t\t\t\t\t\t<div class=\"premium-blog-content-wrapper empty-thumb\">\r\n\r\n\t\t\t\t\t<div class=\"premium-blog-inner-container\">\r\n\r\n\t\t\t\t\t\t\t\t\t\t\t\t\t\t<h2 class=\"premium-blog-entry-title\">\r\n\t\t\t<a href=\"https:\/\/new.comverga.com\/int\/pl\/klokanmobil-from-january-2024-part-of-the-comverga-group\/\" target=\"_blank\">\r\n\t\t\t\tKlokanMobil od stycznia 2024 r. cz\u0119\u015bci\u0105 Grupy COMVERGA\t\t\t<\/a>\r\n\t\t<\/h2>\r\n\t\t\t\t<div class=\"premium-blog-entry-meta\">\r\n\t\t\t\r\n\t\t\t\t\t\t\t<span class=\"premium-blog-meta-separator\">\u2022<\/span>\r\n\t\t\t\t<div class=\"premium-blog-post-time premium-blog-meta-data\">\r\n\t\t\t\t\t<i class=\"fa fa-calendar-alt\" aria-hidden=\"true\"><\/i>\r\n\t\t\t\t\t<span>1 stycznia, 2024<\/span>\r\n\t\t\t\t<\/div>\r\n\t\t\t\r\n\t\t\t\r\n\t\t\t\t\t<\/div>\r\n\t\t\r\n\t\t\t\t\t<\/div>\r\n\r\n\t\t\t\t\t\t\t<div class=\"premium-blog-content-inner-wrapper\">\r\n\t\t<p class=\"premium-blog-post-content\">Quadruple, jako sp\u00f3\u0142ka joint venture COMVERGA, naby\u0142a 100% udzia\u0142\u00f3w w wirtualnym operatorze kom\u00f3rkowym KlokanMobil. Przej\u0119cie to wzmacnia pozycj\u0119 rynkow\u0105 COMVERGA i zwi\u0119ksza jej udzia\u0142 w rynku.<\/p><div class=\"premium-blog-excerpt-link-wrap\"><a href=\"https:\/\/new.comverga.com\/int\/pl\/klokanmobil-from-january-2024-part-of-the-comverga-group\/\" target=\"_blank\" class=\"premium-blog-excerpt-link elementor-button\">Wi\u0119cej \"<\/a><\/div>\t\t<\/div>\r\n\t\t\t\t\t\t\t\t\t\t\t\t\t<div class=\"premium-blog-post-tags-container\">\r\n\t\t\t\t\t\t\t\t<i class=\"fa fa-tags fa-fw\" aria-hidden=\"true\"><\/i>\r\n\t\t\t\t\t\t\t\t <a href=\"https:\/\/new.comverga.com\/int\/pl\/tag\/prague\/\" rel=\"tag\">Praga<\/a>\t\t\t\t\t\t<\/div>\r\n\t\t\t\t\t\r\n\t\t\t\t<\/div>\r\n\t\t\t<\/div>\r\n\t\t<\/article>\r\n\r\n\t\t\t\t<article class=\"premium-blog-post-outer-container\" data-total=\"3\">\r\n\t\t\t<div class=\"premium-blog-post-container premium-blog-skin-classic\">\r\n\t\t\t\t\t\t\t\t\t\t\t\t<div class=\"premium-blog-content-wrapper empty-thumb\">\r\n\r\n\t\t\t\t\t<div class=\"premium-blog-inner-container\">\r\n\r\n\t\t\t\t\t\t\t\t\t\t\t\t\t\t<h2 class=\"premium-blog-entry-title\">\r\n\t\t\t<a href=\"https:\/\/new.comverga.com\/int\/pl\/iso-iec-27001-information-security-management-isms-2\/\" target=\"_blank\">\r\n\t\t\t\tISO\/IEC 27001 - Zarz\u0105dzanie bezpiecze\u0144stwem informacji (ISMS)\t\t\t<\/a>\r\n\t\t<\/h2>\r\n\t\t\t\t<div class=\"premium-blog-entry-meta\">\r\n\t\t\t\r\n\t\t\t\t\t\t\t<span class=\"premium-blog-meta-separator\">\u2022<\/span>\r\n\t\t\t\t<div class=\"premium-blog-post-time premium-blog-meta-data\">\r\n\t\t\t\t\t<i class=\"fa fa-calendar-alt\" aria-hidden=\"true\"><\/i>\r\n\t\t\t\t\t<span>7 grudnia, 2023<\/span>\r\n\t\t\t\t<\/div>\r\n\t\t\t\r\n\t\t\t\r\n\t\t\t\t\t<\/div>\r\n\t\t\r\n\t\t\t\t\t<\/div>\r\n\r\n\t\t\t\t\t\t\t<div class=\"premium-blog-content-inner-wrapper\">\r\n\t\t<p class=\"premium-blog-post-content\">Pod koniec 2023 roku COMVERGA pomy\u015blnie przesz\u0142a recertyfikacj\u0119 ISO\/IEC 27001 w zakresie zarz\u0105dzania informacj\u0105 w us\u0142ugach telekomunikacyjnych i p\u0142atniczych. Przed\u0142u\u017cenie certyfikatu na kolejne 3 lata przez renomowan\u0105 organizacj\u0119 T\u00dcV S\u00dcD to znacz\u0105cy krok, kt\u00f3ry potwierdza zdolno\u015b\u0107 firmy do przestrzegania i ci\u0105g\u0142ego doskonalenia systemu zarz\u0105dzania informacj\u0105.<\/p><div class=\"premium-blog-excerpt-link-wrap\"><a href=\"https:\/\/new.comverga.com\/int\/pl\/iso-iec-27001-information-security-management-isms-2\/\" target=\"_blank\" class=\"premium-blog-excerpt-link elementor-button\">Wi\u0119cej \"<\/a><\/div>\t\t<\/div>\r\n\t\t\t\t\t\t\t\t\t\t\t\t\t<div class=\"premium-blog-post-tags-container\">\r\n\t\t\t\t\t\t\t\t<i class=\"fa fa-tags fa-fw\" aria-hidden=\"true\"><\/i>\r\n\t\t\t\t\t\t\t\t <a href=\"https:\/\/new.comverga.com\/int\/pl\/tag\/worldwide\/\" rel=\"tag\">\u015awiatowy<\/a>\t\t\t\t\t\t<\/div>\r\n\t\t\t\t\t\r\n\t\t\t\t<\/div>\r\n\t\t\t<\/div>\r\n\t\t<\/article>\r\n\r\n\t\t\t\t<article class=\"premium-blog-post-outer-container\" data-total=\"3\">\r\n\t\t\t<div class=\"premium-blog-post-container premium-blog-skin-classic\">\r\n\t\t\t\t\t\t\t\t\t\t\t\t<div class=\"premium-blog-content-wrapper empty-thumb\">\r\n\r\n\t\t\t\t\t<div class=\"premium-blog-inner-container\">\r\n\r\n\t\t\t\t\t\t\t\t\t\t\t\t\t\t<h2 class=\"premium-blog-entry-title\">\r\n\t\t\t<a href=\"https:\/\/new.comverga.com\/int\/pl\/campersim-opens-up-unlimited-internet-possibilities-on-the-goalso-thanks-to-the-comverga-solution\/\" target=\"_blank\">\r\n\t\t\t\tCAMPERSIM otwiera nieograniczone mo\u017cliwo\u015bci Internetu w podr\u00f3\u017cy<br><div class=\"invisible\">(r\u00f3wnie\u017c dzi\u0119ki rozwi\u0105zaniu COMVERGA)<\/div>\t\t\t<\/a>\r\n\t\t<\/h2>\r\n\t\t\t\t<div class=\"premium-blog-entry-meta\">\r\n\t\t\t\r\n\t\t\t\t\t\t\t<span class=\"premium-blog-meta-separator\">\u2022<\/span>\r\n\t\t\t\t<div class=\"premium-blog-post-time premium-blog-meta-data\">\r\n\t\t\t\t\t<i class=\"fa fa-calendar-alt\" aria-hidden=\"true\"><\/i>\r\n\t\t\t\t\t<span>1 wrze\u015bnia, 2023<\/span>\r\n\t\t\t\t<\/div>\r\n\t\t\t\r\n\t\t\t\r\n\t\t\t\t\t<\/div>\r\n\t\t\r\n\t\t\t\t\t<\/div>\r\n\r\n\t\t\t\t\t\t\t<div class=\"premium-blog-content-inner-wrapper\">\r\n\t\t<p class=\"premium-blog-post-content\">CAMPERSIM firmy ProVerDa GmbH to kolejny projekt dzia\u0142aj\u0105cy na platformie COMVERGA.<\/p><div class=\"premium-blog-excerpt-link-wrap\"><a href=\"https:\/\/new.comverga.com\/int\/pl\/campersim-opens-up-unlimited-internet-possibilities-on-the-goalso-thanks-to-the-comverga-solution\/\" target=\"_blank\" class=\"premium-blog-excerpt-link elementor-button\">Wi\u0119cej \"<\/a><\/div>\t\t<\/div>\r\n\t\t\t\t\t\t\t\t\t\t\t\t\t<div class=\"premium-blog-post-tags-container\">\r\n\t\t\t\t\t\t\t\t<i class=\"fa fa-tags fa-fw\" aria-hidden=\"true\"><\/i>\r\n\t\t\t\t\t\t\t\t <a href=\"https:\/\/new.comverga.com\/int\/pl\/tag\/germany\/\" rel=\"tag\">Niemcy<\/a>\t\t\t\t\t\t<\/div>\r\n\t\t\t\t\t\r\n\t\t\t\t<\/div>\r\n\t\t\t<\/div>\r\n\t\t<\/article>\r\n\r\n\t\t\t\t<article class=\"premium-blog-post-outer-container\" data-total=\"3\">\r\n\t\t\t<div class=\"premium-blog-post-container premium-blog-skin-classic\">\r\n\t\t\t\t\t\t\t\t\t\t\t\t<div class=\"premium-blog-content-wrapper empty-thumb\">\r\n\r\n\t\t\t\t\t<div class=\"premium-blog-inner-container\">\r\n\r\n\t\t\t\t\t\t\t\t\t\t\t\t\t\t<h2 class=\"premium-blog-entry-title\">\r\n\t\t\t<a href=\"https:\/\/new.comverga.com\/int\/pl\/service-delivery-platform-sdp-certification-for-germany-duplicate-3568\/\" target=\"_blank\">\r\n\t\t\t\tCOMVERGA rozpoczyna pierwsz\u0105 kampani\u0119 pilota\u017cow\u0105 RBM\t\t\t<\/a>\r\n\t\t<\/h2>\r\n\t\t\t\t<div class=\"premium-blog-entry-meta\">\r\n\t\t\t\r\n\t\t\t\t\t\t\t<span class=\"premium-blog-meta-separator\">\u2022<\/span>\r\n\t\t\t\t<div class=\"premium-blog-post-time premium-blog-meta-data\">\r\n\t\t\t\t\t<i class=\"fa fa-calendar-alt\" aria-hidden=\"true\"><\/i>\r\n\t\t\t\t\t<span>29 sierpnia, 2023<\/span>\r\n\t\t\t\t<\/div>\r\n\t\t\t\r\n\t\t\t\r\n\t\t\t\t\t<\/div>\r\n\t\t\r\n\t\t\t\t\t<\/div>\r\n\r\n\t\t\t\t\t\t\t<div class=\"premium-blog-content-inner-wrapper\">\r\n\t\t<p class=\"premium-blog-post-content\">COMVERGA jako jeden z pierwszych \u0142\u0105czy\u0142 si\u0119 komercyjnie z sieciami czeskich operator\u00f3w za po\u015brednictwem standardu RCS. Zyskuje tym samym mo\u017cliwo\u015b\u0107 \u015bwiadczenia swoich us\u0142ug i platformy komunikacyjnej dla firm, kt\u00f3re chc\u0105 wykorzysta\u0107 RCS do swoich potrzeb marketingowych i komunikacyjnych.<\/p><div class=\"premium-blog-excerpt-link-wrap\"><a href=\"https:\/\/new.comverga.com\/int\/pl\/service-delivery-platform-sdp-certification-for-germany-duplicate-3568\/\" target=\"_blank\" class=\"premium-blog-excerpt-link elementor-button\">Wi\u0119cej \"<\/a><\/div>\t\t<\/div>\r\n\t\t\t\t\t\t\t\t\t\t\t\t\t<div class=\"premium-blog-post-tags-container\">\r\n\t\t\t\t\t\t\t\t<i class=\"fa fa-tags fa-fw\" aria-hidden=\"true\"><\/i>\r\n\t\t\t\t\t\t\t\t <a href=\"https:\/\/new.comverga.com\/int\/pl\/tag\/czech-republic\/\" rel=\"tag\">Republika Czeska<\/a>\t\t\t\t\t\t<\/div>\r\n\t\t\t\t\t\r\n\t\t\t\t<\/div>\r\n\t\t\t<\/div>\r\n\t\t<\/article>\r\n\r\n\t\t\t\t<\/div>\r\n\r\n\t\t\t\t<div class=\"premium-blog-footer\">\r\n\t\t\t\t\t\t<nav class=\"premium-blog-pagination-container\" role=\"navigation\" aria-label=\"Pagination\">\r\n\t\t\t\t<span aria-current=\"page\" class=\"page-numbers current\">1<\/span>\n<a class=\"page-numbers\" href=\"https:\/\/new.comverga.com\/int\/pl\/wp-json\/wp\/v2\/pages\/2806\/page\/2\/\">2<\/a>\n<a class=\"page-numbers\" href=\"https:\/\/new.comverga.com\/int\/pl\/wp-json\/wp\/v2\/pages\/2806\/page\/3\/\">3<\/a>\n<a class=\"next page-numbers\" href=\"https:\/\/new.comverga.com\/int\/pl\/wp-json\/wp\/v2\/pages\/2806\/page\/2\/\">Nast\u0119pny &quot;<\/a>\t\t\t<\/nav>\r\n\t\t\t\t\t<\/div>\r\n\t\t\t\t\t<\/div>\n\t\t\t\t<\/div>\n\t\t\t\t\t<\/div>\n\t\t<\/div>\n\t\t\t\t\t\t\t<\/div>\n\t\t<\/section>\n\t\t\t\t\t\t\t<\/div>","protected":false},"excerpt":{"rendered":"<p>CAMPERSIM opens up unlimited Internet possibilities on the go(also thanks to the COMVERGA solution) \u2022 September 1, 2023 CAMPERSIM by ProVerDa GmbH is another project running on the COMVERGA platform. More \u00bb Germany COMVERGA launches first RBM pilot campaign \u2022 August 29, 2023 COMVERGA was one of the first to connect commercially to the networks [&hellip;]<\/p>","protected":false},"author":1,"featured_media":230,"parent":0,"menu_order":0,"comment_status":"closed","ping_status":"closed","template":"","meta":{"footnotes":""},"_links":{"self":[{"href":"https:\/\/new.comverga.com\/int\/pl\/wp-json\/wp\/v2\/pages\/2806"}],"collection":[{"href":"https:\/\/new.comverga.com\/int\/pl\/wp-json\/wp\/v2\/pages"}],"about":[{"href":"https:\/\/new.comverga.com\/int\/pl\/wp-json\/wp\/v2\/types\/page"}],"author":[{"embeddable":true,"href":"https:\/\/new.comverga.com\/int\/pl\/wp-json\/wp\/v2\/users\/1"}],"replies":[{"embeddable":true,"href":"https:\/\/new.comverga.com\/int\/pl\/wp-json\/wp\/v2\/comments?post=2806"}],"version-history":[{"count":0,"href":"https:\/\/new.comverga.com\/int\/pl\/wp-json\/wp\/v2\/pages\/2806\/revisions"}],"wp:featuredmedia":[{"embeddable":true,"href":"https:\/\/new.comverga.com\/int\/pl\/wp-json\/wp\/v2\/media\/230"}],"wp:attachment":[{"href":"https:\/\/new.comverga.com\/int\/pl\/wp-json\/wp\/v2\/media?parent=2806"}],"curies":[{"name":"wp","href":"https:\/\/api.w.org\/{rel}","templated":true}]}}