{"id":2301,"date":"2023-01-11T13:29:41","date_gmt":"2023-01-11T12:29:41","guid":{"rendered":"https:\/\/www.comverga.com\/?page_id=2301"},"modified":"2023-12-13T10:56:04","modified_gmt":"2023-12-13T10:56:04","slug":"usecase-supplier-of-security-equipment-with-camera-recording","status":"publish","type":"page","link":"https:\/\/new.comverga.com\/int\/pl\/services\/software-as-a-service-platform-as-a-service\/comverga-billing-for-fusion-iot\/usecase-supplier-of-security-equipment-with-camera-recording\/","title":{"rendered":"Przypadek zastosowania Dostawca sprz\u0119tu bezpiecze\u0144stwa z mo\u017cliwo\u015bci\u0105 nagrywania z kamery"},"content":{"rendered":"<div data-elementor-type=\"wp-page\" data-elementor-id=\"2301\" class=\"elementor elementor-2301\">\n\t\t\t\t\t\t\t\t\t<section class=\"elementor-section elementor-top-section elementor-element elementor-element-8ee3f66 elementor-section-boxed elementor-section-height-default elementor-section-height-default\" data-id=\"8ee3f66\" data-element_type=\"section\">\n\t\t\t\t\t\t<div class=\"elementor-container elementor-column-gap-default\">\n\t\t\t\t\t<div class=\"elementor-column elementor-col-50 elementor-top-column elementor-element elementor-element-2c942d7\" data-id=\"2c942d7\" data-element_type=\"column\">\n\t\t\t<div class=\"elementor-widget-wrap elementor-element-populated\">\n\t\t\t\t\t\t\t\t<div class=\"elementor-element elementor-element-43eac17 elementor-widget elementor-widget-text-editor\" data-id=\"43eac17\" data-element_type=\"widget\" data-widget_type=\"text-editor.default\">\n\t\t\t\t<div class=\"elementor-widget-container\">\n\t\t\t<style>\/*! elementor - v3.18.0 - 20-12-2023 *\/\n.elementor-widget-text-editor.elementor-drop-cap-view-stacked .elementor-drop-cap{background-color:#69727d;color:#fff}.elementor-widget-text-editor.elementor-drop-cap-view-framed .elementor-drop-cap{color:#69727d;border:3px solid;background-color:transparent}.elementor-widget-text-editor:not(.elementor-drop-cap-view-default) .elementor-drop-cap{margin-top:8px}.elementor-widget-text-editor:not(.elementor-drop-cap-view-default) .elementor-drop-cap-letter{width:1em;height:1em}.elementor-widget-text-editor .elementor-drop-cap{float:left;text-align:center;line-height:1;font-size:50px}.elementor-widget-text-editor .elementor-drop-cap-letter{display:inline-block}<\/style>\t\t\t\t<div class=\"usecase-text\"><h2>Dostawca sprz\u0119tu bezpiecze\u0144stwa z nagrywaniem kamer<\/h2>Partner jest dostawc\u0105 sprz\u0119tu zabezpieczaj\u0105cego dla gospodarstw domowych i budynk\u00f3w przemys\u0142owych. Urz\u0105dzenia te korzystaj\u0105 z kart SIM M2M. Dane przesy\u0142ane s\u0105 g\u0142\u00f3wnie przez kamer\u0119, kt\u00f3ra w razie wypadku rozpoczyna przesy\u0142anie strumieniowe obrazu.<\/div><div>\u00a0<\/div><div class=\"usecase-text\">Partner dostarcza karty SIM z ilo\u015bci\u0105 danych, kt\u00f3ra ma by\u0107 wystarczaj\u0105ca do wykorzystania w tych urz\u0105dzeniach. Jednak\u017ce bardzo trudno jest oszacowa\u0107 wymagan\u0105 obj\u0119to\u015b\u0107, kt\u00f3ra mo\u017ce si\u0119 r\u00f3\u017cni\u0107 w zale\u017cno\u015bci od sposobu u\u017cytkowania, liczby zdarze\u0144 itp.<\/div>\t\t\t\t\t\t<\/div>\n\t\t\t\t<\/div>\n\t\t\t\t\t<\/div>\n\t\t<\/div>\n\t\t\t\t<div class=\"elementor-column elementor-col-50 elementor-top-column elementor-element elementor-element-ce49457\" data-id=\"ce49457\" data-element_type=\"column\">\n\t\t\t<div class=\"elementor-widget-wrap elementor-element-populated\">\n\t\t\t\t\t\t\t\t<div class=\"elementor-element elementor-element-309214f elementor-widget elementor-widget-image\" data-id=\"309214f\" data-element_type=\"widget\" data-widget_type=\"image.default\">\n\t\t\t\t<div class=\"elementor-widget-container\">\n\t\t\t<style>\/*! elementor - v3.18.0 - 20-12-2023 *\/\n.elementor-widget-image{text-align:center}.elementor-widget-image a{display:inline-block}.elementor-widget-image a img[src$=\".svg\"]{width:48px}.elementor-widget-image img{vertical-align:middle;display:inline-block}<\/style>\t\t\t\t\t\t\t\t\t\t\t\t<img decoding=\"async\" src=\"https:\/\/www.comverga.com\/wp-content\/uploads\/2023\/01\/camera.jpg\" title=\"\" alt=\"\" loading=\"lazy\" \/>\t\t\t\t\t\t\t\t\t\t\t\t\t\t\t<\/div>\n\t\t\t\t<\/div>\n\t\t\t\t\t<\/div>\n\t\t<\/div>\n\t\t\t\t\t\t\t<\/div>\n\t\t<\/section>\n\t\t\t\t<section class=\"elementor-section elementor-top-section elementor-element elementor-element-c593b49 elementor-section-boxed elementor-section-height-default elementor-section-height-default\" data-id=\"c593b49\" data-element_type=\"section\">\n\t\t\t\t\t\t<div class=\"elementor-container elementor-column-gap-default\">\n\t\t\t\t\t<div class=\"elementor-column elementor-col-50 elementor-top-column elementor-element elementor-element-2a81219\" data-id=\"2a81219\" data-element_type=\"column\">\n\t\t\t<div class=\"elementor-widget-wrap elementor-element-populated\">\n\t\t\t\t\t\t\t\t<div class=\"elementor-element elementor-element-98a1857 elementor-widget elementor-widget-sidebar\" data-id=\"98a1857\" data-element_type=\"widget\" data-widget_type=\"sidebar.default\">\n\t\t\t\t<div class=\"elementor-widget-container\">\n\t\t\t\n<div class=\"wp-block-columns is-layout-flex wp-container-core-columns-layout-1 wp-block-columns-is-layout-flex\">\n<div class=\"wp-block-column is-layout-flow wp-block-column-is-layout-flow\">\n<div id=\"widget-box\" class=\"caravan\">\n<img decoding=\"async\" src=\"\/wp-content\/uploads\/2023\/04\/caravan-logo.jpg\"><br>\n<span>Przemys\u0142<\/span>\n<p>\n\t\tSystemy \u015bledzenia GPS pojazd\u00f3w, \u0142\u0105czno\u015b\u0107 danych\n\t<\/p>\n<span>Produkt<\/span>\n<p>\n\t\tRozwi\u0105zania umo\u017cliwiaj\u0105ce dost\u0119p do Internetu w podr\u00f3\u017cy\n\t<\/p>\n<\/div>\n<div id=\"widget-box\" class=\"support\">\n\t<img decoding=\"async\" src=\"https:\/\/www.coopmobil.cz\/wp-content\/uploads\/2021\/04\/coop-mobil-logo.svg\"><br>\n\t<span>Przemys\u0142<\/span>\n<p>\n\t\tOperator telekomunikacyjny - detaliczny\n\t<\/p>\n<span>Produkt<\/span>\n<p>\n\t\tPrzewodnik obs\u0142ugi klienta\n\t<\/p>\n<\/div>\n<div id=\"widget-box\" class=\"smart-watch\">\n\t<img decoding=\"async\" src=\"https:\/\/www.coopmobil.cz\/wp-content\/uploads\/2021\/04\/coop-mobil-logo.svg\"><br>\n\t<span>Przemys\u0142y<\/span>\n<p>\n\t\tOperator telekomunikacyjny - detaliczny\n\t<\/p>\n<span>Produkt<\/span>\n<p>\n\t\tPakiet smartwatch + \u0142\u0105czno\u015b\u0107 danych\n\t<\/p>\n<\/div>\n<div id=\"widget-box\" class=\"camera\">\n<img decoding=\"async\" src=\"\/wp-content\/uploads\/2023\/04\/camera-logo.jpg\"><br>\n<span>Przemys\u0142<\/span>\n<p>\n\t\tSystemy bezpiecze\u0144stwa\n\t<\/p>\n<span>Produkt<\/span>\n<p>\n\t\tKamery z transmisj\u0105 online\n\t<\/p>\n<\/div>\n<div id=\"widget-box\" class=\"event\">\n\t<img decoding=\"async\" src=\"\/cze\/wp-content\/uploads\/sites\/3\/2023\/04\/event-logo.png\" style=\"width: 50px\"><br>\n\t<span>Przemys\u0142<\/span>\n<p>\n\t\tFirma eventowa\n\t<\/p>\n<span>Produkt<\/span>\n<p>\n\t\tOrganizacja wydarzenia\n\t<\/p>\n<\/div>\n<div id=\"widget-box\" class=\"competition\">\n\t<img decoding=\"async\" src=\"\/cze\/wp-content\/uploads\/sites\/3\/2023\/04\/competition-logo.png\" style=\"width: 50px\"><br>\n\t<span>Przemys\u0142<\/span>\n<p>\n\t\tTowary detaliczne i konsumpcyjne\n\t<\/p>\n<span>Produkt<\/span>\n<p>\n\t\tKonkursy konsumenckie\n\t<\/p>\n<\/div>\n<div id=\"widget-box\" class=\"fmcg\">\n\t<img decoding=\"async\" src=\"\/wp-content\/uploads\/2023\/06\/fmcg-logo.png\" style=\"width: 50px\"><br>\n\t<span>Przemys\u0142<\/span>\n<p>\n\t\tFMCG<br>Fast Moving Consumer Goods\n\t<\/p>\n<span>Produkt<\/span>\n<p>\n\t\t\u017bywno\u015b\u0107, napoje, towary drogeryjne\n\t<\/p>\n<\/div>\n\n<div id=\"widget-box\" class=\"marketing\">\n\t<img decoding=\"async\" src=\"\/wp-content\/uploads\/2023\/06\/marketing-logo.png\" style=\"width: 50px\"><br>\n\t<span>Przemys\u0142<\/span>\n<p>\n\t\tKomunikacja marketingowa\n\t<\/p>\n<span>Produkt<\/span>\n<p>\n\t\tRealizacja mailing\u00f3w marketingowych\n\t<\/p>\n<\/div>\n<div id=\"widget-box\" class=\"operator\">\n\t<img decoding=\"async\" src=\"https:\/\/www.coopmobil.cz\/wp-content\/uploads\/2021\/04\/coop-mobil-logo.svg\"><br>\n\t<span>Przemys\u0142<\/span>\n<p>\n\t\tOperator telekomunikacyjny - Detal\n\t<\/p>\n<span>Produkt<\/span>\n<p>\n\t\tWdro\u017cenie programu lojalno\u015bciowego\n\t<\/p>\n<\/div>\n<\/div>\n<\/div>\n\t\t<\/div>\n\t\t\t\t<\/div>\n\t\t\t\t\t<\/div>\n\t\t<\/div>\n\t\t\t\t<div class=\"elementor-column elementor-col-50 elementor-top-column elementor-element elementor-element-6ac7126\" data-id=\"6ac7126\" data-element_type=\"column\">\n\t\t\t<div class=\"elementor-widget-wrap elementor-element-populated\">\n\t\t\t\t\t\t\t\t<div class=\"elementor-element elementor-element-5809b185 elementor-widget elementor-widget-text-editor\" data-id=\"5809b185\" data-element_type=\"widget\" data-widget_type=\"text-editor.default\">\n\t\t\t\t<div class=\"elementor-widget-container\">\n\t\t\t\t\t\t\t<p>Partner rozwi\u0105zuje nast\u0119puj\u0105ce sytuacje:<\/p><p>-&gt; Dane na karcie SIM s\u0105 wyczerpane lub wkr\u00f3tce si\u0119 wyczerpi\u0105<\/p><p>-&gt; \u017bywotno\u015b\u0107 urz\u0105dzenia zabezpieczaj\u0105cego jest d\u0142u\u017csza ni\u017c wa\u017cno\u015b\u0107 samej karty SIM<\/p><p style=\"margin: .5em 0;\">W obu przypadkach Partner pragnie umo\u017cliwi\u0107 U\u017cytkownikowi ko\u0144cowemu samodzielne zarz\u0105dzanie kartami SIM, przed\u0142u\u017cenie ich wa\u017cno\u015bci oraz zakup niezb\u0119dnych danych.<\/p><p style=\"margin: .5em 0;\">Partner uzyskuje w ten spos\u00f3b dodatkowe przychody z zakup\u00f3w pakiet\u00f3w danych, w pe\u0142ni zautomatyzowanych i bez konieczno\u015bci r\u0119cznej ingerencji w proces.<\/p>\t\t\t\t\t\t<\/div>\n\t\t\t\t<\/div>\n\t\t\t\t\t<\/div>\n\t\t<\/div>\n\t\t\t\t\t\t\t<\/div>\n\t\t<\/section>\n\t\t\t\t<section class=\"elementor-section elementor-top-section elementor-element elementor-element-f272346 elementor-section-boxed elementor-section-height-default elementor-section-height-default\" data-id=\"f272346\" data-element_type=\"section\">\n\t\t\t\t\t\t<div class=\"elementor-container elementor-column-gap-default\">\n\t\t\t\t\t<div class=\"elementor-column elementor-col-50 elementor-top-column elementor-element elementor-element-f561739\" data-id=\"f561739\" data-element_type=\"column\" data-settings=\"{&quot;background_background&quot;:&quot;classic&quot;}\">\n\t\t\t<div class=\"elementor-widget-wrap elementor-element-populated\">\n\t\t\t\t\t\t\t\t<div class=\"elementor-element elementor-element-d75e21b elementor-widget elementor-widget-text-editor\" data-id=\"d75e21b\" data-element_type=\"widget\" data-widget_type=\"text-editor.default\">\n\t\t\t\t<div class=\"elementor-widget-container\">\n\t\t\t\t\t\t\t<h3><strong>COMVERGA dla u\u017cytkownik\u00f3w ko\u0144cowych<\/strong><\/h3><ul><li>Informacje o wa\u017cno\u015bci karty SIM<\/li><li>Informacje o saldzie danych i u\u017cytkowaniu<\/li><li>Oferta pakiet\u00f3w danych od Partnera<\/li><li>P\u0142atno\u015b\u0107 online<\/li><li>Potwierdzenie p\u0142atno\u015bci<\/li><\/ul>\t\t\t\t\t\t<\/div>\n\t\t\t\t<\/div>\n\t\t\t\t\t<\/div>\n\t\t<\/div>\n\t\t\t\t<div class=\"elementor-column elementor-col-50 elementor-top-column elementor-element elementor-element-b3b10e8\" data-id=\"b3b10e8\" data-element_type=\"column\" data-settings=\"{&quot;background_background&quot;:&quot;classic&quot;}\">\n\t\t\t<div class=\"elementor-widget-wrap elementor-element-populated\">\n\t\t\t\t\t\t\t\t<div class=\"elementor-element elementor-element-724b51d elementor-widget elementor-widget-text-editor\" data-id=\"724b51d\" data-element_type=\"widget\" data-widget_type=\"text-editor.default\">\n\t\t\t\t<div class=\"elementor-widget-container\">\n\t\t\t\t\t\t\t<h3><strong>COMVERGA for the Partner<\/strong><\/h3><ul><li>Wyp\u0142ata pieni\u0119dzy<\/li><li>Przelew pieni\u0119\u017cny dla Partnera<\/li><li>Generowanie potwierdzenia p\u0142atno\u015bci dla u\u017cytkownik\u00f3w ko\u0144cowych<\/li><li><span style=\"font-size: inherit; text-align: inherit;\">Wystawianie dokument\u00f3w podsumowuj\u0105cych do cel\u00f3w ksi\u0119gowych Partnera<\/span><\/li><li>Powiadomienie u\u017cytkownika ko\u0144cowego przed wyga\u015bni\u0119ciem lub wyczerpaniem danych<\/li><\/ul>\t\t\t\t\t\t<\/div>\n\t\t\t\t<\/div>\n\t\t\t\t\t<\/div>\n\t\t<\/div>\n\t\t\t\t\t\t\t<\/div>\n\t\t<\/section>\n\t\t\t\t\t\t\t<\/div>","protected":false},"excerpt":{"rendered":"<p>Dostawca sprz\u0119tu bezpiecze\u0144stwa z kamer\u0105 nagrywaj\u0105c\u0105 Partner jest dostawc\u0105 sprz\u0119tu bezpiecze\u0144stwa dla gospodarstw domowych i budynk\u00f3w przemys\u0142owych. Urz\u0105dzenia te korzystaj\u0105 z kart SIM FUSION IoT M2M. Dane s\u0105 pompowane g\u0142\u00f3wnie przez kamer\u0119, kt\u00f3ra w razie wypadku rozpoczyna przesy\u0142anie strumieniowe obrazu. Partner dostarcza karty SIM z ilo\u015bci\u0105 danych spodziewan\u0105 [\u2026]<\/p>","protected":false},"author":1,"featured_media":3343,"parent":2291,"menu_order":4,"comment_status":"closed","ping_status":"closed","template":"","meta":{"footnotes":""},"_links":{"self":[{"href":"https:\/\/new.comverga.com\/int\/pl\/wp-json\/wp\/v2\/pages\/2301"}],"collection":[{"href":"https:\/\/new.comverga.com\/int\/pl\/wp-json\/wp\/v2\/pages"}],"about":[{"href":"https:\/\/new.comverga.com\/int\/pl\/wp-json\/wp\/v2\/types\/page"}],"author":[{"embeddable":true,"href":"https:\/\/new.comverga.com\/int\/pl\/wp-json\/wp\/v2\/users\/1"}],"replies":[{"embeddable":true,"href":"https:\/\/new.comverga.com\/int\/pl\/wp-json\/wp\/v2\/comments?post=2301"}],"version-history":[{"count":0,"href":"https:\/\/new.comverga.com\/int\/pl\/wp-json\/wp\/v2\/pages\/2301\/revisions"}],"up":[{"embeddable":true,"href":"https:\/\/new.comverga.com\/int\/pl\/wp-json\/wp\/v2\/pages\/2291"}],"wp:featuredmedia":[{"embeddable":true,"href":"https:\/\/new.comverga.com\/int\/pl\/wp-json\/wp\/v2\/media\/3343"}],"wp:attachment":[{"href":"https:\/\/new.comverga.com\/int\/pl\/wp-json\/wp\/v2\/media?parent=2301"}],"curies":[{"name":"wp","href":"https:\/\/api.w.org\/{rel}","templated":true}]}}