{"id":169,"date":"2020-11-25T12:39:58","date_gmt":"2020-11-25T11:39:58","guid":{"rendered":"https:\/\/www.comverga.com\/?page_id=169"},"modified":"2020-11-25T12:39:58","modified_gmt":"2020-11-25T11:39:58","slug":"professional-services-in-telecommunications","status":"publish","type":"page","link":"https:\/\/new.comverga.com\/int\/pl\/services\/professional-services-in-telecommunications\/","title":{"rendered":"Profesjonalne us\u0142ugi w Telco"},"content":{"rendered":"<div data-elementor-type=\"wp-page\" data-elementor-id=\"169\" class=\"elementor elementor-169\">\n\t\t\t\t\t\t\t\t\t<section class=\"elementor-section elementor-top-section elementor-element elementor-element-79360862 elementor-section-boxed elementor-section-height-default elementor-section-height-default\" data-id=\"79360862\" data-element_type=\"section\">\n\t\t\t\t\t\t<div class=\"elementor-container elementor-column-gap-default\">\n\t\t\t\t\t<div class=\"elementor-column elementor-col-100 elementor-top-column elementor-element elementor-element-5809c706\" data-id=\"5809c706\" data-element_type=\"column\">\n\t\t\t<div class=\"elementor-widget-wrap elementor-element-populated\">\n\t\t\t\t\t\t\t\t<div class=\"elementor-element elementor-element-7269906d elementor-widget elementor-widget-text-editor\" data-id=\"7269906d\" data-element_type=\"widget\" data-widget_type=\"text-editor.default\">\n\t\t\t\t<div class=\"elementor-widget-container\">\n\t\t\t<style>\/*! elementor - v3.18.0 - 20-12-2023 *\/\n.elementor-widget-text-editor.elementor-drop-cap-view-stacked .elementor-drop-cap{background-color:#69727d;color:#fff}.elementor-widget-text-editor.elementor-drop-cap-view-framed .elementor-drop-cap{color:#69727d;border:3px solid;background-color:transparent}.elementor-widget-text-editor:not(.elementor-drop-cap-view-default) .elementor-drop-cap{margin-top:8px}.elementor-widget-text-editor:not(.elementor-drop-cap-view-default) .elementor-drop-cap-letter{width:1em;height:1em}.elementor-widget-text-editor .elementor-drop-cap{float:left;text-align:center;line-height:1;font-size:50px}.elementor-widget-text-editor .elementor-drop-cap-letter{display:inline-block}<\/style>\t\t\t\t<!-- wp:paragraph -->\n<p>\u015awiadczymy us\u0142ugi doradcze i zarz\u0105dcze w dziedzinie telekomunikacji, w szczeg\u00f3lno\u015bci zarz\u0105dzania produktami, zarz\u0105dzania sprzeda\u017c\u0105, sporz\u0105dzania uzasadnie\u0144 biznesowych i biznesplan\u00f3w, zarz\u0105dzania projektami i zarz\u0105dzania us\u0142ugami.<\/p>\n<!-- \/wp:paragraph -->\t\t\t\t\t\t<\/div>\n\t\t\t\t<\/div>\n\t\t\t\t\t<\/div>\n\t\t<\/div>\n\t\t\t\t\t\t\t<\/div>\n\t\t<\/section>\n\t\t\t\t\t\t\t<\/div>","protected":false},"excerpt":{"rendered":"<p>\u015awiadczymy us\u0142ugi doradcze i zarz\u0105dcze w dziedzinie telekomunikacji, w szczeg\u00f3lno\u015bci zarz\u0105dzania produktami, zarz\u0105dzania sprzeda\u017c\u0105, sporz\u0105dzania uzasadnie\u0144 biznesowych i biznesplan\u00f3w, zarz\u0105dzania projektami i zarz\u0105dzania us\u0142ugami.<\/p>","protected":false},"author":1,"featured_media":1193,"parent":153,"menu_order":105,"comment_status":"closed","ping_status":"closed","template":"","meta":{"footnotes":""},"_links":{"self":[{"href":"https:\/\/new.comverga.com\/int\/pl\/wp-json\/wp\/v2\/pages\/169"}],"collection":[{"href":"https:\/\/new.comverga.com\/int\/pl\/wp-json\/wp\/v2\/pages"}],"about":[{"href":"https:\/\/new.comverga.com\/int\/pl\/wp-json\/wp\/v2\/types\/page"}],"author":[{"embeddable":true,"href":"https:\/\/new.comverga.com\/int\/pl\/wp-json\/wp\/v2\/users\/1"}],"replies":[{"embeddable":true,"href":"https:\/\/new.comverga.com\/int\/pl\/wp-json\/wp\/v2\/comments?post=169"}],"version-history":[{"count":0,"href":"https:\/\/new.comverga.com\/int\/pl\/wp-json\/wp\/v2\/pages\/169\/revisions"}],"up":[{"embeddable":true,"href":"https:\/\/new.comverga.com\/int\/pl\/wp-json\/wp\/v2\/pages\/153"}],"wp:featuredmedia":[{"embeddable":true,"href":"https:\/\/new.comverga.com\/int\/pl\/wp-json\/wp\/v2\/media\/1193"}],"wp:attachment":[{"href":"https:\/\/new.comverga.com\/int\/pl\/wp-json\/wp\/v2\/media?parent=169"}],"curies":[{"name":"wp","href":"https:\/\/api.w.org\/{rel}","templated":true}]}}