{"id":167,"date":"2020-11-25T12:39:11","date_gmt":"2020-11-25T11:39:11","guid":{"rendered":"https:\/\/www.comverga.com\/?page_id=167"},"modified":"2020-11-25T12:39:11","modified_gmt":"2020-11-25T11:39:11","slug":"solutions","status":"publish","type":"page","link":"https:\/\/new.comverga.com\/int\/pl\/services\/solutions\/","title":{"rendered":"Rozwi\u0105zania"},"content":{"rendered":"<div data-elementor-type=\"wp-page\" data-elementor-id=\"167\" class=\"elementor elementor-167\">\n\t\t\t\t\t\t\t\t\t<section class=\"elementor-section elementor-top-section elementor-element elementor-element-8cb5818 elementor-section-boxed elementor-section-height-default elementor-section-height-default\" data-id=\"8cb5818\" data-element_type=\"section\">\n\t\t\t\t\t\t<div class=\"elementor-container elementor-column-gap-default\">\n\t\t\t\t\t<div class=\"elementor-column elementor-col-100 elementor-top-column elementor-element elementor-element-417b41a8\" data-id=\"417b41a8\" data-element_type=\"column\">\n\t\t\t<div class=\"elementor-widget-wrap elementor-element-populated\">\n\t\t\t\t\t\t\t\t<div class=\"elementor-element elementor-element-11f0c84c elementor-widget elementor-widget-text-editor\" data-id=\"11f0c84c\" data-element_type=\"widget\" data-widget_type=\"text-editor.default\">\n\t\t\t\t<div class=\"elementor-widget-container\">\n\t\t\t<style>\/*! elementor - v3.18.0 - 20-12-2023 *\/\n.elementor-widget-text-editor.elementor-drop-cap-view-stacked .elementor-drop-cap{background-color:#69727d;color:#fff}.elementor-widget-text-editor.elementor-drop-cap-view-framed .elementor-drop-cap{color:#69727d;border:3px solid;background-color:transparent}.elementor-widget-text-editor:not(.elementor-drop-cap-view-default) .elementor-drop-cap{margin-top:8px}.elementor-widget-text-editor:not(.elementor-drop-cap-view-default) .elementor-drop-cap-letter{width:1em;height:1em}.elementor-widget-text-editor .elementor-drop-cap{float:left;text-align:center;line-height:1;font-size:50px}.elementor-widget-text-editor .elementor-drop-cap-letter{display:inline-block}<\/style>\t\t\t\t<!-- wp:paragraph -->\n<p>Tworzenie aplikacji i portali klienckich, zw\u0142aszcza w oparciu o nasz\u0105 platform\u0119 komunikacyjn\u0105, to kolejna z naszych domen. Rozwi\u0105zanie od nas obejmuje przetwarzanie zada\u0144, analiz\u0119, projektowanie rozwi\u0105zania i trwa przez samo programowanie, testowanie, a ko\u0144czy si\u0119 wdro\u017ceniem do rzeczywistego dzia\u0142ania. Na \u017cyczenie klienta zapewniamy r\u00f3wnie\u017c obs\u0142ug\u0119, nadz\u00f3r i wsparcie w rozwi\u0105zywaniu problem\u00f3w lub ewentualnych zmian i aktualizacji naszych aplikacji.<\/p>\n<!-- \/wp:paragraph -->\t\t\t\t\t\t<\/div>\n\t\t\t\t<\/div>\n\t\t\t\t\t<\/div>\n\t\t<\/div>\n\t\t\t\t\t\t\t<\/div>\n\t\t<\/section>\n\t\t\t\t\t\t\t<\/div>","protected":false},"excerpt":{"rendered":"<p>Tworzenie aplikacji i portali klienckich, zw\u0142aszcza w oparciu o nasz\u0105 platform\u0119 komunikacyjn\u0105, to kolejna z naszych domen. Rozwi\u0105zanie od nas obejmuje przetwarzanie zada\u0144, analiz\u0119, projektowanie rozwi\u0105zania i trwa przez samo programowanie, testowanie, a ko\u0144czy si\u0119 wdro\u017ceniem do rzeczywistego dzia\u0142ania. Na \u017cyczenie klienta zapewniamy r\u00f3wnie\u017c obs\u0142ug\u0119, nadz\u00f3r [\u2026]<\/p>","protected":false},"author":1,"featured_media":1194,"parent":153,"menu_order":106,"comment_status":"closed","ping_status":"closed","template":"","meta":{"footnotes":""},"_links":{"self":[{"href":"https:\/\/new.comverga.com\/int\/pl\/wp-json\/wp\/v2\/pages\/167"}],"collection":[{"href":"https:\/\/new.comverga.com\/int\/pl\/wp-json\/wp\/v2\/pages"}],"about":[{"href":"https:\/\/new.comverga.com\/int\/pl\/wp-json\/wp\/v2\/types\/page"}],"author":[{"embeddable":true,"href":"https:\/\/new.comverga.com\/int\/pl\/wp-json\/wp\/v2\/users\/1"}],"replies":[{"embeddable":true,"href":"https:\/\/new.comverga.com\/int\/pl\/wp-json\/wp\/v2\/comments?post=167"}],"version-history":[{"count":0,"href":"https:\/\/new.comverga.com\/int\/pl\/wp-json\/wp\/v2\/pages\/167\/revisions"}],"up":[{"embeddable":true,"href":"https:\/\/new.comverga.com\/int\/pl\/wp-json\/wp\/v2\/pages\/153"}],"wp:featuredmedia":[{"embeddable":true,"href":"https:\/\/new.comverga.com\/int\/pl\/wp-json\/wp\/v2\/media\/1194"}],"wp:attachment":[{"href":"https:\/\/new.comverga.com\/int\/pl\/wp-json\/wp\/v2\/media?parent=167"}],"curies":[{"name":"wp","href":"https:\/\/api.w.org\/{rel}","templated":true}]}}