{"id":155,"date":"2020-11-25T12:11:54","date_gmt":"2020-11-25T11:11:54","guid":{"rendered":"https:\/\/www.comverga.com\/?page_id=155"},"modified":"2020-11-25T12:11:54","modified_gmt":"2020-11-25T11:11:54","slug":"sms-messaging-services","status":"publish","type":"page","link":"https:\/\/new.comverga.com\/int\/pl\/services\/sms-messaging-services\/","title":{"rendered":"Us\u0142ugi SMS\/wiadomo\u015bci"},"content":{"rendered":"<div data-elementor-type=\"wp-page\" data-elementor-id=\"155\" class=\"elementor elementor-155\">\n\t\t\t\t\t\t\t\t\t<section class=\"elementor-section elementor-top-section elementor-element elementor-element-a025395 elementor-section-boxed elementor-section-height-default elementor-section-height-default\" data-id=\"a025395\" data-element_type=\"section\">\n\t\t\t\t\t\t<div class=\"elementor-container elementor-column-gap-default\">\n\t\t\t\t\t<div class=\"elementor-column elementor-col-100 elementor-top-column elementor-element elementor-element-36bee13b\" data-id=\"36bee13b\" data-element_type=\"column\">\n\t\t\t<div class=\"elementor-widget-wrap elementor-element-populated\">\n\t\t\t\t\t\t\t\t<div class=\"elementor-element elementor-element-242d6a30 elementor-widget elementor-widget-text-editor\" data-id=\"242d6a30\" data-element_type=\"widget\" data-widget_type=\"text-editor.default\">\n\t\t\t\t<div class=\"elementor-widget-container\">\n\t\t\t<style>\/*! elementor - v3.18.0 - 20-12-2023 *\/\n.elementor-widget-text-editor.elementor-drop-cap-view-stacked .elementor-drop-cap{background-color:#69727d;color:#fff}.elementor-widget-text-editor.elementor-drop-cap-view-framed .elementor-drop-cap{color:#69727d;border:3px solid;background-color:transparent}.elementor-widget-text-editor:not(.elementor-drop-cap-view-default) .elementor-drop-cap{margin-top:8px}.elementor-widget-text-editor:not(.elementor-drop-cap-view-default) .elementor-drop-cap-letter{width:1em;height:1em}.elementor-widget-text-editor .elementor-drop-cap{float:left;text-align:center;line-height:1;font-size:50px}.elementor-widget-text-editor .elementor-drop-cap-letter{display:inline-block}<\/style>\t\t\t\t<!-- wp:paragraph -->\n<p>Je\u015bli potrzebujesz szybko i sprawnie komunikowa\u0107 si\u0119 ze swoimi partnerami, klientami, klientami, skorzystaj z komunikacji poprzez SMS. SMS-em mo\u017cesz jednokierunkowo wykorzysta\u0107 np. do informowania klient\u00f3w o nowo\u015bciach, ofertach cenowych, aktualnych rabatach. Mo\u017cna te\u017c kontaktowa\u0107 si\u0119 z klientami, obywatelami i przetwarza\u0107 ich odpowiedzi w obie strony za pomoc\u0105 ankiety SMS i kampanii.<br>Opr\u00f3cz SMS-\u00f3w w komunikacji mo\u017cesz tak\u017ce u\u017cywa\u0107 wiadomo\u015bci g\u0142osowych, e-maili i r\u00f3\u017cnych aplikacji komunikacyjnych.<\/p>\n<!-- \/wp:paragraph -->\t\t\t\t\t\t<\/div>\n\t\t\t\t<\/div>\n\t\t\t\t\t<\/div>\n\t\t<\/div>\n\t\t\t\t\t\t\t<\/div>\n\t\t<\/section>\n\t\t\t\t\t\t\t<\/div>","protected":false},"excerpt":{"rendered":"<p>Je\u015bli potrzebujesz szybko i sprawnie komunikowa\u0107 si\u0119 ze swoimi partnerami, klientami, klientami, skorzystaj z komunikacji poprzez SMS. SMS-em mo\u017cesz jednokierunkowo wykorzysta\u0107 np. do informowania klient\u00f3w o nowo\u015bciach, ofertach cenowych, aktualnych rabatach. Mo\u017cna te\u017c kontaktowa\u0107 si\u0119 z klientami, obywatelami i przetwarza\u0107 ich odpowiedzi w obie strony za pomoc\u0105 ankiety SMS i kampanii.<\/p>","protected":false},"author":1,"featured_media":1191,"parent":153,"menu_order":103,"comment_status":"closed","ping_status":"closed","template":"","meta":{"footnotes":""},"_links":{"self":[{"href":"https:\/\/new.comverga.com\/int\/pl\/wp-json\/wp\/v2\/pages\/155"}],"collection":[{"href":"https:\/\/new.comverga.com\/int\/pl\/wp-json\/wp\/v2\/pages"}],"about":[{"href":"https:\/\/new.comverga.com\/int\/pl\/wp-json\/wp\/v2\/types\/page"}],"author":[{"embeddable":true,"href":"https:\/\/new.comverga.com\/int\/pl\/wp-json\/wp\/v2\/users\/1"}],"replies":[{"embeddable":true,"href":"https:\/\/new.comverga.com\/int\/pl\/wp-json\/wp\/v2\/comments?post=155"}],"version-history":[{"count":0,"href":"https:\/\/new.comverga.com\/int\/pl\/wp-json\/wp\/v2\/pages\/155\/revisions"}],"up":[{"embeddable":true,"href":"https:\/\/new.comverga.com\/int\/pl\/wp-json\/wp\/v2\/pages\/153"}],"wp:featuredmedia":[{"embeddable":true,"href":"https:\/\/new.comverga.com\/int\/pl\/wp-json\/wp\/v2\/media\/1191"}],"wp:attachment":[{"href":"https:\/\/new.comverga.com\/int\/pl\/wp-json\/wp\/v2\/media?parent=155"}],"curies":[{"name":"wp","href":"https:\/\/api.w.org\/{rel}","templated":true}]}}