{"id":680,"date":"2020-12-15T12:58:37","date_gmt":"2020-12-15T11:58:37","guid":{"rendered":"https:\/\/www.comverga.com\/?page_id=680"},"modified":"2023-09-11T09:27:47","modified_gmt":"2023-09-11T09:27:47","slug":"retail","status":"publish","type":"page","link":"https:\/\/new.comverga.com\/int\/de\/industries\/retail\/","title":{"rendered":"Einzelhandel"},"content":{"rendered":"<div data-elementor-type=\"wp-page\" data-elementor-id=\"680\" class=\"elementor elementor-680\">\n\t\t\t\t\t\t\t\t\t<section class=\"elementor-section elementor-top-section elementor-element elementor-element-7bee1571 elementor-section-boxed elementor-section-height-default elementor-section-height-default\" data-id=\"7bee1571\" data-element_type=\"section\">\n\t\t\t\t\t\t<div class=\"elementor-container elementor-column-gap-default\">\n\t\t\t\t\t<div class=\"elementor-column elementor-col-100 elementor-top-column elementor-element elementor-element-2a83ca7e\" data-id=\"2a83ca7e\" data-element_type=\"column\">\n\t\t\t<div class=\"elementor-widget-wrap elementor-element-populated\">\n\t\t\t\t\t\t\t\t<div class=\"elementor-element elementor-element-5115e4f1 elementor-widget elementor-widget-text-editor\" data-id=\"5115e4f1\" data-element_type=\"widget\" data-widget_type=\"text-editor.default\">\n\t\t\t\t<div class=\"elementor-widget-container\">\n\t\t\t<style>\/*! elementor - v3.18.0 - 20-12-2023 *\/\n.elementor-widget-text-editor.elementor-drop-cap-view-stacked .elementor-drop-cap{background-color:#69727d;color:#fff}.elementor-widget-text-editor.elementor-drop-cap-view-framed .elementor-drop-cap{color:#69727d;border:3px solid;background-color:transparent}.elementor-widget-text-editor:not(.elementor-drop-cap-view-default) .elementor-drop-cap{margin-top:8px}.elementor-widget-text-editor:not(.elementor-drop-cap-view-default) .elementor-drop-cap-letter{width:1em;height:1em}.elementor-widget-text-editor .elementor-drop-cap{float:left;text-align:center;line-height:1;font-size:50px}.elementor-widget-text-editor .elementor-drop-cap-letter{display:inline-block}<\/style>\t\t\t\t<!-- wp:paragraph -->\n<p class=\"translation-block\">Kundenbindung und Identifizierung des Verbrauchers, Kunden Loyalit\u00e4t gewinnen und ihnen Online-Transaktionen anbieten, sind heute die wichtigsten Erfolgsfaktoren im Einzelhandelsgesch\u00e4ft. Die Telekommunikationstechnologie erm\u00f6glicht neue Gesch\u00e4ftsmodelle und bietet Instrumente, mit denen jeder Verbraucher individuell und sofort bedient werden kann.<\/p>\n<!-- \/wp:paragraph -->\n\n<!-- wp:paragraph -->\n<p class=\"translation-block\">Digitale Kommunikation und der Kontakt mit den Verbrauchern sind wichtige Bestandteile der Strategie. Digitale Kommunikation ist schnell, zielgerichtet und st\u00f6rungsfrei. Nachrichtenkan\u00e4le wie E-Mails, SMS, Sprachnachrichten, RCS, Instant Messenger werden je nach Wunsch des Verbrauchers kombiniert.<\/p>\n<!-- \/wp:paragraph -->\n\n<!-- wp:paragraph -->\n<p class=\"translation-block\">Kundenbindungs-Programme und Mobile Marketing sind h\u00e4ufig mit Marken-Mobilfunktarifen verbunden, die auch eine regelm\u00e4\u00dfige Abrechnungsverbindung mit dem Verbraucher herstellen.<\/p>\n<!-- \/wp:paragraph -->\n\n<!-- wp:paragraph -->\n<p class=\"translation-block\">F\u00fcr unsere Handelspartner bieten wir folgende Dienstleistungen an:<\/p>\n<!-- \/wp:paragraph -->\n\n<!-- wp:list -->\n<ul><li>Kunden-Kommunikations-Services<\/li><li>Mobile Marketing<\/li><li>Kundenzufriedenheits-Umfragen<\/li><li>Leads \/ Auftragsmanagement<\/li><li>SMS-Bestellungen<\/li><li>Mobile Applikationen<\/li><li>Gesch\u00e4ftsprozess-Outsourcing (BPO \u2013 Business Process Outsourcing)<\/li><li>Professional Services<\/li><li>Applikationsentwicklung<\/li><li>Loyalit\u00e4t und konvergierte Telekommunikationsdienste<\/li><\/ul>\n<!-- \/wp:list -->\n\n<!-- wp:paragraph -->\n<p><strong>Ausgew\u00e4hlte Partner<\/strong> \u2013 COOP, Nestle<\/p>\n<!-- \/wp:paragraph -->\t\t\t\t\t\t<\/div>\n\t\t\t\t<\/div>\n\t\t\t\t\t<\/div>\n\t\t<\/div>\n\t\t\t\t\t\t\t<\/div>\n\t\t<\/section>\n\t\t\t\t\t\t\t<\/div>","protected":false},"excerpt":{"rendered":"<p>Die Bindung und Identifikation der Verbraucher, die Steigerung ihrer Loyalit\u00e4t und die Erm\u00f6glichung von Online-Transaktionen sind heute die entscheidenden Erfolgsfaktoren im Einzelhandel\u2026<\/p>","protected":false},"author":1,"featured_media":5268,"parent":342,"menu_order":5,"comment_status":"closed","ping_status":"closed","template":"","meta":{"footnotes":""},"_links":{"self":[{"href":"https:\/\/new.comverga.com\/int\/de\/wp-json\/wp\/v2\/pages\/680"}],"collection":[{"href":"https:\/\/new.comverga.com\/int\/de\/wp-json\/wp\/v2\/pages"}],"about":[{"href":"https:\/\/new.comverga.com\/int\/de\/wp-json\/wp\/v2\/types\/page"}],"author":[{"embeddable":true,"href":"https:\/\/new.comverga.com\/int\/de\/wp-json\/wp\/v2\/users\/1"}],"replies":[{"embeddable":true,"href":"https:\/\/new.comverga.com\/int\/de\/wp-json\/wp\/v2\/comments?post=680"}],"version-history":[{"count":0,"href":"https:\/\/new.comverga.com\/int\/de\/wp-json\/wp\/v2\/pages\/680\/revisions"}],"up":[{"embeddable":true,"href":"https:\/\/new.comverga.com\/int\/de\/wp-json\/wp\/v2\/pages\/342"}],"wp:featuredmedia":[{"embeddable":true,"href":"https:\/\/new.comverga.com\/int\/de\/wp-json\/wp\/v2\/media\/5268"}],"wp:attachment":[{"href":"https:\/\/new.comverga.com\/int\/de\/wp-json\/wp\/v2\/media?parent=680"}],"curies":[{"name":"wp","href":"https:\/\/api.w.org\/{rel}","templated":true}]}}