{"id":672,"date":"2020-12-15T12:56:35","date_gmt":"2020-12-15T11:56:35","guid":{"rendered":"https:\/\/www.comverga.com\/?page_id=672"},"modified":"2023-09-11T09:27:03","modified_gmt":"2023-09-11T09:27:03","slug":"utilities","status":"publish","type":"page","link":"https:\/\/new.comverga.com\/int\/de\/industries\/utilities\/","title":{"rendered":"Versorgungssektor"},"content":{"rendered":"<div data-elementor-type=\"wp-page\" data-elementor-id=\"672\" class=\"elementor elementor-672\">\n\t\t\t\t\t\t\t\t\t<section class=\"elementor-section elementor-top-section elementor-element elementor-element-60b02e15 elementor-section-boxed elementor-section-height-default elementor-section-height-default\" data-id=\"60b02e15\" data-element_type=\"section\">\n\t\t\t\t\t\t<div class=\"elementor-container elementor-column-gap-default\">\n\t\t\t\t\t<div class=\"elementor-column elementor-col-100 elementor-top-column elementor-element elementor-element-45e330ba\" data-id=\"45e330ba\" data-element_type=\"column\">\n\t\t\t<div class=\"elementor-widget-wrap elementor-element-populated\">\n\t\t\t\t\t\t\t\t<div class=\"elementor-element elementor-element-4a0cc174 elementor-widget elementor-widget-text-editor\" data-id=\"4a0cc174\" data-element_type=\"widget\" data-widget_type=\"text-editor.default\">\n\t\t\t\t<div class=\"elementor-widget-container\">\n\t\t\t<style>\/*! elementor - v3.18.0 - 20-12-2023 *\/\n.elementor-widget-text-editor.elementor-drop-cap-view-stacked .elementor-drop-cap{background-color:#69727d;color:#fff}.elementor-widget-text-editor.elementor-drop-cap-view-framed .elementor-drop-cap{color:#69727d;border:3px solid;background-color:transparent}.elementor-widget-text-editor:not(.elementor-drop-cap-view-default) .elementor-drop-cap{margin-top:8px}.elementor-widget-text-editor:not(.elementor-drop-cap-view-default) .elementor-drop-cap-letter{width:1em;height:1em}.elementor-widget-text-editor .elementor-drop-cap{float:left;text-align:center;line-height:1;font-size:50px}.elementor-widget-text-editor .elementor-drop-cap-letter{display:inline-block}<\/style>\t\t\t\t<!-- wp:paragraph -->\n<p class=\"translation-block\">Um erfolgreich mit seinen Kunden im Kontakt zu bleiben, ist digitale Kommunikation heute unverzichtbar. Digitale Kommunikation ist schnell, zielgerichtet und st\u00f6rungsfrei. Digitale Kommunikation kann z. B. \u00fcber E-Mails, SMS, Sprachnachrichten, RCS, Instant Messenger erfolgen. Die Nachrichten-Kan\u00e4le k\u00f6nnen je nach Kundenwunsch kombiniert werden.<\/p>\n<!-- \/wp:paragraph -->\n\n<!-- wp:paragraph -->\n<p class=\"translation-block\">In diesem Bereich bieten wir folgende Dienstleistungen an:<\/p>\n<!-- \/wp:paragraph -->\n\n<!-- wp:list -->\n<ul><li>Kunden-Kommunikations-Services f\u00fcr CRM<\/li><li>Mobile Marketing<\/li><li>Benachrichtigungsdienste<\/li><li>Kundenzufriedenheits-Umfragen<\/li><li>Mobile Applikationen<\/li><li>Einmal-Passw\u00f6rter<\/li><li>Professional Services<\/li><li>Applikationsentwicklung<\/li><\/ul>\n<!-- \/wp:list -->\n\n<!-- wp:paragraph -->\n<p class=\"translation-block\">Die Telekommunikation konvergiert mit den klassischen Versorgungsunternehmen. Sie bieten nicht nur bidirektionalen Zugriff auf intelligente Ger\u00e4te innerhalb der Infrastruktur von Versorgungsunternehmen, sondern spielen auch eine wichtige Rolle bei konvergierenden Angeboten f\u00fcr Verbraucher. Telekommunikationstarife werden z. B. mit Strom-, Gas- und Wasser-Tarifen geb\u00fcndelt und werden so zu einem wichtigen Treiber f\u00fcr Kundenbindung und -Akquisition.<\/p>\n<!-- \/wp:paragraph -->\n\n<!-- wp:paragraph -->\n<p><\/p>\n<!-- \/wp:paragraph -->\n\n<!-- wp:paragraph -->\n<p class=\"translation-block\">Wir stellen die erforderliche Infrastruktur sowie die damit verbundenen Gesch\u00e4ftsprozesse vollumf\u00e4nglich bereit:<\/p>\n<!-- \/wp:paragraph -->\n\n<!-- wp:list -->\n<ul><li>Gesch\u00e4ftsprozess-Outsourcing (BPO \u2013 Business Process Outsourcing)<\/li><li>Service Delivery Platform as a Service<\/li><li>Betrieb der Telekommunikationsinfrastruktur<\/li><li>Professional Services<\/li><li>Applikationsentwicklung<\/li><li>Smart Home-Infrastruktur und -Anwendungen<\/li><li>Loyalit\u00e4t und konvergierte Telekommunikationsdienste<\/li><\/ul>\n<!-- \/wp:list -->\t\t\t\t\t\t<\/div>\n\t\t\t\t<\/div>\n\t\t\t\t\t<\/div>\n\t\t<\/div>\n\t\t\t\t\t\t\t<\/div>\n\t\t<\/section>\n\t\t\t\t\t\t\t<\/div>","protected":false},"excerpt":{"rendered":"<p>Messaging-Dialoge und Gespr\u00e4che mit Kunden sind heute Schl\u00fcsselelemente eines erfolgreichen Beziehungsmanagements. Sie sind schnell, zielgerichtet und nicht st\u00f6rend\u2026<\/p>","protected":false},"author":1,"featured_media":5266,"parent":342,"menu_order":4,"comment_status":"closed","ping_status":"closed","template":"","meta":{"footnotes":""},"_links":{"self":[{"href":"https:\/\/new.comverga.com\/int\/de\/wp-json\/wp\/v2\/pages\/672"}],"collection":[{"href":"https:\/\/new.comverga.com\/int\/de\/wp-json\/wp\/v2\/pages"}],"about":[{"href":"https:\/\/new.comverga.com\/int\/de\/wp-json\/wp\/v2\/types\/page"}],"author":[{"embeddable":true,"href":"https:\/\/new.comverga.com\/int\/de\/wp-json\/wp\/v2\/users\/1"}],"replies":[{"embeddable":true,"href":"https:\/\/new.comverga.com\/int\/de\/wp-json\/wp\/v2\/comments?post=672"}],"version-history":[{"count":0,"href":"https:\/\/new.comverga.com\/int\/de\/wp-json\/wp\/v2\/pages\/672\/revisions"}],"up":[{"embeddable":true,"href":"https:\/\/new.comverga.com\/int\/de\/wp-json\/wp\/v2\/pages\/342"}],"wp:featuredmedia":[{"embeddable":true,"href":"https:\/\/new.comverga.com\/int\/de\/wp-json\/wp\/v2\/media\/5266"}],"wp:attachment":[{"href":"https:\/\/new.comverga.com\/int\/de\/wp-json\/wp\/v2\/media?parent=672"}],"curies":[{"name":"wp","href":"https:\/\/api.w.org\/{rel}","templated":true}]}}