{"id":664,"date":"2020-12-15T12:52:42","date_gmt":"2020-12-15T11:52:42","guid":{"rendered":"https:\/\/www.comverga.com\/?page_id=664"},"modified":"2023-09-11T09:23:49","modified_gmt":"2023-09-11T09:23:49","slug":"banking-finance","status":"publish","type":"page","link":"https:\/\/new.comverga.com\/int\/de\/industries\/banking-finance\/","title":{"rendered":"Banken und Finanzen"},"content":{"rendered":"<div data-elementor-type=\"wp-page\" data-elementor-id=\"664\" class=\"elementor elementor-664\">\n\t\t\t\t\t\t\t\t\t<section class=\"elementor-section elementor-top-section elementor-element elementor-element-4ca892f9 elementor-section-boxed elementor-section-height-default elementor-section-height-default\" data-id=\"4ca892f9\" data-element_type=\"section\">\n\t\t\t\t\t\t<div class=\"elementor-container elementor-column-gap-default\">\n\t\t\t\t\t<div class=\"elementor-column elementor-col-100 elementor-top-column elementor-element elementor-element-4ff29033\" data-id=\"4ff29033\" data-element_type=\"column\">\n\t\t\t<div class=\"elementor-widget-wrap elementor-element-populated\">\n\t\t\t\t\t\t\t\t<div class=\"elementor-element elementor-element-23ce8c84 elementor-widget elementor-widget-text-editor\" data-id=\"23ce8c84\" data-element_type=\"widget\" data-widget_type=\"text-editor.default\">\n\t\t\t\t<div class=\"elementor-widget-container\">\n\t\t\t<style>\/*! elementor - v3.18.0 - 20-12-2023 *\/\n.elementor-widget-text-editor.elementor-drop-cap-view-stacked .elementor-drop-cap{background-color:#69727d;color:#fff}.elementor-widget-text-editor.elementor-drop-cap-view-framed .elementor-drop-cap{color:#69727d;border:3px solid;background-color:transparent}.elementor-widget-text-editor:not(.elementor-drop-cap-view-default) .elementor-drop-cap{margin-top:8px}.elementor-widget-text-editor:not(.elementor-drop-cap-view-default) .elementor-drop-cap-letter{width:1em;height:1em}.elementor-widget-text-editor .elementor-drop-cap{float:left;text-align:center;line-height:1;font-size:50px}.elementor-widget-text-editor .elementor-drop-cap-letter{display:inline-block}<\/style>\t\t\t\t<!-- wp:paragraph -->\n<p class=\"translation-block\">Um erfolgreich mit seinen Kunden im Kontakt zu bleiben, ist digitale Kommunikation heute unverzichtbar. Digitale Kommunikation ist schnell, zielgerichtet und st\u00f6rungsfrei. Digitale Kommunikation kann z. B. \u00fcber E-Mails, SMS, Sprachnachrichten, RCS, Instant Messenger erfolgen. Die Nachrichten-Kan\u00e4le k\u00f6nnen je nach Kundenwunsch kombiniert werden.<\/p>\n<!-- \/wp:paragraph -->\n\n<!-- wp:paragraph -->\n<p class=\"translation-block\">In diesem Bereich bieten wir folgende Dienstleistungen an:<\/p>\n<!-- \/wp:paragraph -->\n\n<!-- wp:list -->\n<ul><li>Kunden-Kommunikations-Services f\u00fcr CRM<\/li><li>Mobile Marketing<\/li><li>Benachrichtigungsdienste<\/li><li>Kundenzufriedenheits-Umfragen<\/li><li>Mobile Applikationen<\/li><li>Einmal-Passw\u00f6rter<\/li><li>Professional Services<\/li><li>Applikationsentwicklung<\/li><\/ul>\n<!-- \/wp:list -->\n\n<!-- wp:paragraph -->\n<p class=\"translation-block\">Technologie wird immer mehr mit Finanz- und Versicherungsdienstleistungen verbunden. Nicht nur bei Bezahldiensten (kontaktloses und mobiles Bezahlen, Pay-per-Use-Systeme), sondern auch als zentraler Mehrwert f\u00fcr Hausrat-Versicherungen, Leasingvertr\u00e4ge usw. Hausrat-Versicherungen sind f\u00fcr Verbraucher m\u00f6glicherweise kosteng\u00fcnstiger, wenn sie Smart-Home-Ger\u00e4te und -Dienste installieren, die im Falle eines Schadens rechtzeitig ausl\u00f6sen, so dass der Schaden begrenzt wird.<\/p>\n<!-- \/wp:paragraph -->\n\n<!-- wp:paragraph -->\n<p class=\"translation-block\">Wir stellen die erforderliche Infrastruktur sowie die damit verbundenen Gesch\u00e4ftsprozesse vollumf\u00e4nglich bereit:<\/p>\n<!-- \/wp:paragraph -->\n\n<!-- wp:list -->\n<ul><li>Gesch\u00e4ftsprozess-Outsourcing (BPO \u2013 Business Process Outsourcing)<\/li><li>Service Delivery Platform as a Service<\/li><li>Betrieb der Telekommunikationsinfrastruktur<\/li><li>Professional Services<\/li><li>Applikationsentwicklung<\/li><li>Smart Home-Infrastruktur und -Anwendungen<\/li><\/ul>\n<!-- \/wp:list -->\n\n<!-- wp:paragraph -->\n<p><\/p>\n<!-- \/wp:paragraph -->\t\t\t\t\t\t<\/div>\n\t\t\t\t<\/div>\n\t\t\t\t\t<\/div>\n\t\t<\/div>\n\t\t\t\t\t\t\t<\/div>\n\t\t<\/section>\n\t\t\t\t\t\t\t<\/div>","protected":false},"excerpt":{"rendered":"<p>Messaging-Dialoge und Gespr\u00e4che mit Kunden sind heute Schl\u00fcsselelemente eines erfolgreichen Beziehungsmanagements. Sie sind schnell, zielgerichtet und nicht st\u00f6rend\u2026<\/p>","protected":false},"author":1,"featured_media":5263,"parent":342,"menu_order":3,"comment_status":"closed","ping_status":"closed","template":"","meta":{"footnotes":""},"_links":{"self":[{"href":"https:\/\/new.comverga.com\/int\/de\/wp-json\/wp\/v2\/pages\/664"}],"collection":[{"href":"https:\/\/new.comverga.com\/int\/de\/wp-json\/wp\/v2\/pages"}],"about":[{"href":"https:\/\/new.comverga.com\/int\/de\/wp-json\/wp\/v2\/types\/page"}],"author":[{"embeddable":true,"href":"https:\/\/new.comverga.com\/int\/de\/wp-json\/wp\/v2\/users\/1"}],"replies":[{"embeddable":true,"href":"https:\/\/new.comverga.com\/int\/de\/wp-json\/wp\/v2\/comments?post=664"}],"version-history":[{"count":0,"href":"https:\/\/new.comverga.com\/int\/de\/wp-json\/wp\/v2\/pages\/664\/revisions"}],"up":[{"embeddable":true,"href":"https:\/\/new.comverga.com\/int\/de\/wp-json\/wp\/v2\/pages\/342"}],"wp:featuredmedia":[{"embeddable":true,"href":"https:\/\/new.comverga.com\/int\/de\/wp-json\/wp\/v2\/media\/5263"}],"wp:attachment":[{"href":"https:\/\/new.comverga.com\/int\/de\/wp-json\/wp\/v2\/media?parent=664"}],"curies":[{"name":"wp","href":"https:\/\/api.w.org\/{rel}","templated":true}]}}