{"id":648,"date":"2020-12-15T12:44:05","date_gmt":"2020-12-15T11:44:05","guid":{"rendered":"https:\/\/www.comverga.com\/?page_id=648"},"modified":"2023-10-25T14:43:12","modified_gmt":"2023-10-25T14:43:12","slug":"network-operators","status":"publish","type":"page","link":"https:\/\/new.comverga.com\/int\/de\/industries\/network-operators\/","title":{"rendered":"Netzbetreiber"},"content":{"rendered":"<div data-elementor-type=\"wp-page\" data-elementor-id=\"648\" class=\"elementor elementor-648\">\n\t\t\t\t\t\t\t\t\t<section class=\"elementor-section elementor-top-section elementor-element elementor-element-19a9fac8 elementor-section-boxed elementor-section-height-default elementor-section-height-default\" data-id=\"19a9fac8\" data-element_type=\"section\">\n\t\t\t\t\t\t<div class=\"elementor-container elementor-column-gap-default\">\n\t\t\t\t\t<div class=\"elementor-column elementor-col-100 elementor-top-column elementor-element elementor-element-48ca0cda\" data-id=\"48ca0cda\" data-element_type=\"column\">\n\t\t\t<div class=\"elementor-widget-wrap elementor-element-populated\">\n\t\t\t\t\t\t\t\t<div class=\"elementor-element elementor-element-4f4cb7a elementor-widget elementor-widget-text-editor\" data-id=\"4f4cb7a\" data-element_type=\"widget\" data-widget_type=\"text-editor.default\">\n\t\t\t\t<div class=\"elementor-widget-container\">\n\t\t\t<style>\/*! elementor - v3.18.0 - 20-12-2023 *\/\n.elementor-widget-text-editor.elementor-drop-cap-view-stacked .elementor-drop-cap{background-color:#69727d;color:#fff}.elementor-widget-text-editor.elementor-drop-cap-view-framed .elementor-drop-cap{color:#69727d;border:3px solid;background-color:transparent}.elementor-widget-text-editor:not(.elementor-drop-cap-view-default) .elementor-drop-cap{margin-top:8px}.elementor-widget-text-editor:not(.elementor-drop-cap-view-default) .elementor-drop-cap-letter{width:1em;height:1em}.elementor-widget-text-editor .elementor-drop-cap{float:left;text-align:center;line-height:1;font-size:50px}.elementor-widget-text-editor .elementor-drop-cap-letter{display:inline-block}<\/style>\t\t\t\t<!-- wp:paragraph -->\n<p class=\"translation-block\">Netzbetreiber sind unsere wichtigsten Gesch\u00e4ftspartner. Wir entwickeln ma\u00dfgeschneiderte L\u00f6sungen f\u00fcr ihre wichtigsten Unternehmenskunden sowie Einzelhandelsdienstleistungen f\u00fcr ihre Endverbraucher. Unsere Lieferung umfasst den gesamten Lebenszyklus von der Beratung \u00fcber die Implementierung bis hin zum Servicebetrieb.<\/p>\n<!-- \/wp:paragraph -->\n\n<!-- wp:paragraph -->\n<p class=\"translation-block\">Wir konzentrieren uns auf folgende Bereiche:<\/p>\n<!-- \/wp:paragraph -->\n\n<!-- wp:list -->\n<ul><li>Messaging-Infrastruktur (SMS, RCS)<\/li><li>SDP \u2013 Service Delivery-Plattform<\/li><li>Kundenspezifische L\u00f6sungen f\u00fcr Firmenkunden<\/li><li>SIM-Management Platform f\u00fcr M2M \/ IoT \/ Cloud<\/li><li>MVNO \/ MVNE-Plattform und -Dienste<\/li><li>Gro\u00dfhandelsaggregation f\u00fcr FTTx \/ Kabel \/ 5G<\/li><li>Beratung<\/li><\/ul>\n<!-- \/wp:list -->\n\n<!-- wp:paragraph -->\n<p><strong>Ausgew\u00e4hlte Partner<\/strong> \u2013 O2, Vodafone, T-Mobile, Nordic Telecom<\/p>\n<!-- \/wp:paragraph -->\n\n<!-- wp:spacer {\"height\":33} -->\n<div style=\"height:33px\" aria-hidden=\"true\" class=\"wp-block-spacer\"><\/div>\n<!-- \/wp:spacer -->\n\n<!-- wp:paragraph -->\n<p><\/p>\n<!-- \/wp:paragraph -->\n\n<!-- wp:paragraph -->\n<p class=\"translation-block\">Wir bieten unsere L\u00f6sungen auch f\u00fcr private Netzbetreiber an, wie GSM-R-Betreiber f\u00fcr Eisenbahnen und Betreiber von Technologienetzen. Hier konzentrieren wir uns auf folgende L\u00f6sungen:<\/p>\n<!-- \/wp:paragraph -->\n\n<!-- wp:list -->\n<ul><li>Messaging-Infrastruktur (SMSC, USSD, SS7)<\/li><li>SIM-Management Platfrom<\/li><li>SDP \u2013 Service Delivery-Plattform<\/li><\/ul>\n<!-- \/wp:list -->\n\n<!-- wp:paragraph -->\n<p><strong>Ausgew\u00e4hlte Partner<\/strong> \u2013 Tschechische Eisenbahnen<\/p>\n<!-- \/wp:paragraph -->\t\t\t\t\t\t<\/div>\n\t\t\t\t<\/div>\n\t\t\t\t\t<\/div>\n\t\t<\/div>\n\t\t\t\t\t\t\t<\/div>\n\t\t<\/section>\n\t\t\t\t\t\t\t<\/div>","protected":false},"excerpt":{"rendered":"<p>Netzbetreiber sind unsere wichtigsten Gesch\u00e4ftspartner. Wir entwickeln gemeinsam ma\u00dfgeschneiderte L\u00f6sungen f\u00fcr ihre wichtigsten Unternehmenskunden sowie Einzelhandelsdienstleistungen \u2026<\/p>","protected":false},"author":1,"featured_media":5256,"parent":342,"menu_order":0,"comment_status":"closed","ping_status":"closed","template":"","meta":{"footnotes":""},"_links":{"self":[{"href":"https:\/\/new.comverga.com\/int\/de\/wp-json\/wp\/v2\/pages\/648"}],"collection":[{"href":"https:\/\/new.comverga.com\/int\/de\/wp-json\/wp\/v2\/pages"}],"about":[{"href":"https:\/\/new.comverga.com\/int\/de\/wp-json\/wp\/v2\/types\/page"}],"author":[{"embeddable":true,"href":"https:\/\/new.comverga.com\/int\/de\/wp-json\/wp\/v2\/users\/1"}],"replies":[{"embeddable":true,"href":"https:\/\/new.comverga.com\/int\/de\/wp-json\/wp\/v2\/comments?post=648"}],"version-history":[{"count":0,"href":"https:\/\/new.comverga.com\/int\/de\/wp-json\/wp\/v2\/pages\/648\/revisions"}],"up":[{"embeddable":true,"href":"https:\/\/new.comverga.com\/int\/de\/wp-json\/wp\/v2\/pages\/342"}],"wp:featuredmedia":[{"embeddable":true,"href":"https:\/\/new.comverga.com\/int\/de\/wp-json\/wp\/v2\/media\/5256"}],"wp:attachment":[{"href":"https:\/\/new.comverga.com\/int\/de\/wp-json\/wp\/v2\/media?parent=648"}],"curies":[{"name":"wp","href":"https:\/\/api.w.org\/{rel}","templated":true}]}}