{"id":488,"date":"2020-11-26T12:24:07","date_gmt":"2020-11-26T11:24:07","guid":{"rendered":"https:\/\/www.comverga.com\/?page_id=488"},"modified":"2020-11-26T12:24:07","modified_gmt":"2020-11-26T11:24:07","slug":"sms-gw-api-gui","status":"publish","type":"page","link":"https:\/\/new.comverga.com\/int\/de\/services\/sms-messaging-services\/sms-gw-api-gui\/","title":{"rendered":"SMS Gateway"},"content":{"rendered":"<div data-elementor-type=\"wp-page\" data-elementor-id=\"488\" class=\"elementor elementor-488\">\n\t\t\t\t\t\t\t\t\t<section class=\"elementor-section elementor-top-section elementor-element elementor-element-122861ff elementor-section-boxed elementor-section-height-default elementor-section-height-default\" data-id=\"122861ff\" data-element_type=\"section\">\n\t\t\t\t\t\t<div class=\"elementor-container elementor-column-gap-default\">\n\t\t\t\t\t<div class=\"elementor-column elementor-col-100 elementor-top-column elementor-element elementor-element-196f90f0\" data-id=\"196f90f0\" data-element_type=\"column\">\n\t\t\t<div class=\"elementor-widget-wrap elementor-element-populated\">\n\t\t\t\t\t\t\t\t<div class=\"elementor-element elementor-element-220a2d6c elementor-widget elementor-widget-text-editor\" data-id=\"220a2d6c\" data-element_type=\"widget\" data-widget_type=\"text-editor.default\">\n\t\t\t\t<div class=\"elementor-widget-container\">\n\t\t\t<style>\/*! elementor - v3.18.0 - 20-12-2023 *\/\n.elementor-widget-text-editor.elementor-drop-cap-view-stacked .elementor-drop-cap{background-color:#69727d;color:#fff}.elementor-widget-text-editor.elementor-drop-cap-view-framed .elementor-drop-cap{color:#69727d;border:3px solid;background-color:transparent}.elementor-widget-text-editor:not(.elementor-drop-cap-view-default) .elementor-drop-cap{margin-top:8px}.elementor-widget-text-editor:not(.elementor-drop-cap-view-default) .elementor-drop-cap-letter{width:1em;height:1em}.elementor-widget-text-editor .elementor-drop-cap{float:left;text-align:center;line-height:1;font-size:50px}.elementor-widget-text-editor .elementor-drop-cap-letter{display:inline-block}<\/style>\t\t\t\t<!-- wp:paragraph -->\n<p>Die Datenquelle f\u00fcr die Kommunikation mit Kunden, Partnern oder Klienten sind haupts\u00e4chlich Unternehmenssysteme, egal ob betriebswirtschaftlich, Marketing-seitig oder operativ. Aus diesen Systemen werden Daten f\u00fcr die Kundenkommunikation synchron oder asynchron generiert, die dann verarbeitet und \u00fcber verschiedene Anwendungsschnittstellen und Protokolle gesendet werden. In einigen F\u00e4llen ist es vorteilhaft, eine grafische Benutzeroberfl\u00e4che zu verwenden, die ein leichteres Arbeiten mit Daten, einzelnen Kampagnen und Kundenreaktionen erm\u00f6glicht. Gleichzeitig ist es wichtig, alle notwendigen Prozesse zum Schutz personenbezogener Daten und zum Schutz vor Missbrauch (Spam, Betrug usw.) sicherzustellen. Zus\u00e4tzlich zu den oben genannten Funktionen bietet das SMS-Gateway auch die Verwaltung einzelner Gateway-Benutzer, Verkehrsstatistiken und viele andere Funktionen.<\/p>\n<!-- \/wp:paragraph -->\t\t\t\t\t\t<\/div>\n\t\t\t\t<\/div>\n\t\t\t\t\t<\/div>\n\t\t<\/div>\n\t\t\t\t\t\t\t<\/div>\n\t\t<\/section>\n\t\t\t\t\t\t\t<\/div>","protected":false},"excerpt":{"rendered":"<p>The source of data for communication with customers, partners or clients are mostly corporate systems, whether business, marketing or operational. Data for customer communication are generated synchronously or asynchronously from these systems. They are than processed and sent via various application interfaces and protocols. In some cases, it makes sense to use a graphical user [&hellip;]<\/p>","protected":false},"author":1,"featured_media":228,"parent":155,"menu_order":0,"comment_status":"closed","ping_status":"closed","template":"","meta":{"footnotes":""},"_links":{"self":[{"href":"https:\/\/new.comverga.com\/int\/de\/wp-json\/wp\/v2\/pages\/488"}],"collection":[{"href":"https:\/\/new.comverga.com\/int\/de\/wp-json\/wp\/v2\/pages"}],"about":[{"href":"https:\/\/new.comverga.com\/int\/de\/wp-json\/wp\/v2\/types\/page"}],"author":[{"embeddable":true,"href":"https:\/\/new.comverga.com\/int\/de\/wp-json\/wp\/v2\/users\/1"}],"replies":[{"embeddable":true,"href":"https:\/\/new.comverga.com\/int\/de\/wp-json\/wp\/v2\/comments?post=488"}],"version-history":[{"count":0,"href":"https:\/\/new.comverga.com\/int\/de\/wp-json\/wp\/v2\/pages\/488\/revisions"}],"up":[{"embeddable":true,"href":"https:\/\/new.comverga.com\/int\/de\/wp-json\/wp\/v2\/pages\/155"}],"wp:featuredmedia":[{"embeddable":true,"href":"https:\/\/new.comverga.com\/int\/de\/wp-json\/wp\/v2\/media\/228"}],"wp:attachment":[{"href":"https:\/\/new.comverga.com\/int\/de\/wp-json\/wp\/v2\/media?parent=488"}],"curies":[{"name":"wp","href":"https:\/\/api.w.org\/{rel}","templated":true}]}}