{"id":414,"date":"2020-11-25T15:33:29","date_gmt":"2020-11-25T14:33:29","guid":{"rendered":"https:\/\/www.comverga.com\/?page_id=414"},"modified":"2023-09-11T09:51:19","modified_gmt":"2023-09-11T09:51:19","slug":"team","status":"publish","type":"page","link":"https:\/\/new.comverga.com\/int\/de\/team\/","title":{"rendered":"Management"},"content":{"rendered":"<div data-elementor-type=\"wp-page\" data-elementor-id=\"414\" class=\"elementor elementor-414\">\n\t\t\t\t\t\t\t\t\t<section class=\"elementor-section elementor-top-section elementor-element elementor-element-22221344 elementor-section-boxed elementor-section-height-default elementor-section-height-default\" data-id=\"22221344\" data-element_type=\"section\">\n\t\t\t\t\t\t<div class=\"elementor-container elementor-column-gap-default\">\n\t\t\t\t\t<div class=\"elementor-column elementor-col-100 elementor-top-column elementor-element elementor-element-48a56647\" data-id=\"48a56647\" data-element_type=\"column\">\n\t\t\t<div class=\"elementor-widget-wrap elementor-element-populated\">\n\t\t\t\t\t\t\t\t<div class=\"elementor-element elementor-element-16f5da19 elementor-widget elementor-widget-text-editor\" data-id=\"16f5da19\" data-element_type=\"widget\" data-widget_type=\"text-editor.default\">\n\t\t\t\t<div class=\"elementor-widget-container\">\n\t\t\t<style>\/*! elementor - v3.18.0 - 20-12-2023 *\/\n.elementor-widget-text-editor.elementor-drop-cap-view-stacked .elementor-drop-cap{background-color:#69727d;color:#fff}.elementor-widget-text-editor.elementor-drop-cap-view-framed .elementor-drop-cap{color:#69727d;border:3px solid;background-color:transparent}.elementor-widget-text-editor:not(.elementor-drop-cap-view-default) .elementor-drop-cap{margin-top:8px}.elementor-widget-text-editor:not(.elementor-drop-cap-view-default) .elementor-drop-cap-letter{width:1em;height:1em}.elementor-widget-text-editor .elementor-drop-cap{float:left;text-align:center;line-height:1;font-size:50px}.elementor-widget-text-editor .elementor-drop-cap-letter{display:inline-block}<\/style>\t\t\t\t<!-- wp:heading -->\n<h2><strong>Der Vorstand<\/strong><\/h2>\n<!-- \/wp:heading --><!-- wp:heading {\"level\":3,\"className\":\"margin-bottom-1rem\"} -->\n<h3 class=\"margin-bottom-1rem\">Martin Ko\u0161ut \u2013 Gr\u00fcnder, Vorstandsvorsitzender und CEO<\/h3>\n<!-- \/wp:heading --><!-- wp:columns {\"verticalAlignment\":\"center\",\"className\":\"nomargin\"} -->\n<div class=\"wp-block-columns are-vertically-aligned-center nomargin\"><!-- wp:column {\"verticalAlignment\":\"center\",\"width\":\"33.34%\"} -->\n<div class=\"wp-block-column is-vertically-aligned-center\" style=\"flex-basis: 33.34%;\"><!-- wp:image {\"align\":\"left\",\"id\":880,\"width\":200,\"height\":200,\"sizeSlug\":\"medium\",\"linkDestination\":\"none\",\"className\":\"nomargin\"} -->\n<div class=\"wp-block-image nomargin\">\n<figure class=\"alignleft size-medium is-resized\"><img decoding=\"async\" class=\"alignnone wp-image-5291\" src=\"https:\/\/www.comverga.com\/int\/wp-content\/uploads\/sites\/5\/2023\/09\/Martin-298x300-1.png\" alt=\"\" width=\"200\" height=\"201\" srcset=\"https:\/\/new.comverga.com\/int\/wp-content\/uploads\/sites\/5\/2023\/09\/Martin-298x300-1.png 298w, https:\/\/new.comverga.com\/int\/wp-content\/uploads\/sites\/5\/2023\/09\/Martin-298x300-1-150x150.png 150w, https:\/\/new.comverga.com\/int\/wp-content\/uploads\/sites\/5\/2023\/09\/Martin-298x300-1-12x12.png 12w\" sizes=\"(max-width: 200px) 100vw, 200px\" \/><\/figure>\n<\/div>\n<!-- \/wp:image --><\/div>\n<!-- \/wp:column --><!-- wp:column {\"verticalAlignment\":\"center\",\"width\":\"66.66%\",\"className\":\"has-padding-right-20\"} -->\n<div class=\"wp-block-column is-vertically-aligned-center has-padding-right-20\" style=\"flex-basis: 66.66%;\"><!-- wp:paragraph -->\n<p class=\"translation-block\">Martin Ko\u0161ut war Mitbegr\u00fcnder des Unternehmens und ist seit 2000 Vorstandsvorsitzender und CEO. Zuvor war er f\u00fcr das E-Commerce-Gesch\u00e4ft von Compaq Computer in Europa, dem Nahen Osten und Afrika verantwortlich und entwickelte das Gesch\u00e4ft f\u00fcr Tulip Computer in Mittel- und Osteuropa. Er hat einen Master-Abschluss in Informatik von der Fakult\u00e4t f\u00fcr Mathematik und Physik und in Theologie von der Katholischen Theologischen Fakult\u00e4t der Karlsuniversit\u00e4t in Prag.<\/p>\n<!-- \/wp:paragraph --><\/div>\n<!-- \/wp:column --><\/div>\n<!-- \/wp:columns --><!-- wp:heading {\"level\":3,\"className\":\"margin-bottom-1rem\"} -->\n<h3 class=\"margin-bottom-1rem\">Piotr Herman \u2013 Gr\u00fcnder, Vorstandsmitglied und Gesch\u00e4ftsf\u00fchrer Polen<\/h3>\n<!-- \/wp:heading --><!-- wp:columns {\"verticalAlignment\":\"center\",\"className\":\"nomargin\"} -->\n<div class=\"wp-block-columns are-vertically-aligned-center nomargin\"><!-- wp:column {\"verticalAlignment\":\"center\",\"width\":\"33.33%\"} -->\n<div class=\"wp-block-column is-vertically-aligned-center\" style=\"flex-basis: 33.33%;\"><!-- wp:image {\"align\":\"left\",\"id\":882,\"width\":200,\"height\":200,\"sizeSlug\":\"full\",\"linkDestination\":\"none\",\"className\":\"nomargin\"} -->\n<div class=\"wp-block-image nomargin\">\n<figure class=\"alignleft size-full is-resized\"><img decoding=\"async\" class=\"alignnone wp-image-5290\" src=\"https:\/\/www.comverga.com\/int\/wp-content\/uploads\/sites\/5\/2023\/09\/Piotr.png\" alt=\"\" width=\"200\" height=\"200\" srcset=\"https:\/\/new.comverga.com\/int\/wp-content\/uploads\/sites\/5\/2023\/09\/Piotr.png 250w, https:\/\/new.comverga.com\/int\/wp-content\/uploads\/sites\/5\/2023\/09\/Piotr-150x150.png 150w, https:\/\/new.comverga.com\/int\/wp-content\/uploads\/sites\/5\/2023\/09\/Piotr-12x12.png 12w\" sizes=\"(max-width: 200px) 100vw, 200px\" \/><\/figure>\n<\/div>\n<!-- \/wp:image --><\/div>\n<!-- \/wp:column --><!-- wp:column {\"verticalAlignment\":\"center\",\"width\":\"66.66%\",\"className\":\"has-padding-right-20\"} -->\n<div class=\"wp-block-column is-vertically-aligned-center has-padding-right-20\" style=\"flex-basis: 66.66%;\"><!-- wp:paragraph -->\n<p class=\"translation-block\">Piotr Herman trat im Jahr 2001 unserem Team bei und war Mitbegr\u00fcnder unserer polnischen Tochtergesellschaft. Seit 2004 ist er Mitglied des Vorstand. Vor dieser Mission arbeitete er f\u00fcr T-Mobile, Airtel und CT Creative Team. Piotr hat einen Master-Abschluss in Telekommunikation von der Technischen Universit\u00e4t Warschau und einen Executive MBA von der Warsaw Management University.<\/p>\n<!-- \/wp:paragraph --><\/div>\n<!-- \/wp:column --><\/div>\n<!-- \/wp:columns --><!-- wp:heading {\"level\":3,\"className\":\"margin-bottom-1rem\"} -->\n<h3 class=\"margin-bottom-1rem\">Petr Mike\u0161 \u2013 Vorstandsmitglied und CTO<\/h3>\n<!-- \/wp:heading --><!-- wp:columns {\"verticalAlignment\":\"center\",\"className\":\"nomargin\"} -->\n<div class=\"wp-block-columns are-vertically-aligned-center nomargin\"><!-- wp:column {\"verticalAlignment\":\"center\",\"width\":\"33.33%\"} -->\n<div class=\"wp-block-column is-vertically-aligned-center\" style=\"flex-basis: 33.33%;\"><!-- wp:image {\"align\":\"left\",\"id\":881,\"width\":200,\"height\":200,\"sizeSlug\":\"medium\",\"linkDestination\":\"none\",\"className\":\"nomargin\"} -->\n<div class=\"wp-block-image nomargin\">\n<figure class=\"alignleft size-medium is-resized\"><img decoding=\"async\" class=\"alignnone wp-image-5289\" src=\"https:\/\/www.comverga.com\/int\/wp-content\/uploads\/sites\/5\/2023\/09\/Petr-300x300-1.png\" alt=\"\" width=\"200\" height=\"200\" srcset=\"https:\/\/new.comverga.com\/int\/wp-content\/uploads\/sites\/5\/2023\/09\/Petr-300x300-1.png 300w, https:\/\/new.comverga.com\/int\/wp-content\/uploads\/sites\/5\/2023\/09\/Petr-300x300-1-150x150.png 150w, https:\/\/new.comverga.com\/int\/wp-content\/uploads\/sites\/5\/2023\/09\/Petr-300x300-1-12x12.png 12w\" sizes=\"(max-width: 200px) 100vw, 200px\" \/><\/figure>\n<\/div>\n<!-- \/wp:image --><\/div>\n<!-- \/wp:column --><!-- wp:column {\"verticalAlignment\":\"center\",\"width\":\"66.66%\",\"className\":\"has-padding-right-20\"} -->\n<div class=\"wp-block-column is-vertically-aligned-center has-padding-right-20\" style=\"flex-basis: 66.66%;\"><!-- wp:paragraph -->\n<p class=\"translation-block\">Petr Mike\u0161 war seit seinem Start im Jahr 2012 in verschiedenen Managementpositionen in unserem Projektabwicklungteam t\u00e4tig. Er \u00fcbernahm seit 2017 die Gesamtverantwortung f\u00fcr unsere Projektabwicklung und den Betrieb und trat im Jahr 2019 in den Vorstand ein. Petr hat einen Master-Abschluss in Elektronik von der Technischen Universit\u00e4t Brno.<\/p>\n<!-- \/wp:paragraph --><\/div>\n<!-- \/wp:column --><\/div>\n<!-- \/wp:columns --><!-- wp:heading {\"level\":3,\"className\":\"margin-bottom-1rem\"} -->\n<h3 class=\"margin-bottom-1rem\">David Ko\u0161ut \u2013 Vorstandsmitglied<\/h3>\n<!-- \/wp:heading --><!-- wp:columns {\"verticalAlignment\":\"center\",\"className\":\"nomargin\"} -->\n<div class=\"wp-block-columns are-vertically-aligned-center nomargin\"><!-- wp:column {\"verticalAlignment\":\"center\",\"width\":\"33.33%\"} -->\n<div class=\"wp-block-column is-vertically-aligned-center\" style=\"flex-basis: 33.33%;\"><!-- wp:image {\"align\":\"left\",\"id\":878,\"width\":200,\"height\":200,\"sizeSlug\":\"medium\",\"linkDestination\":\"none\",\"className\":\"nomargin\"} -->\n<div class=\"wp-block-image nomargin\">\n<figure class=\"alignleft size-medium is-resized\"><img loading=\"lazy\" decoding=\"async\" class=\"alignnone wp-image-5287\" src=\"https:\/\/www.comverga.com\/int\/wp-content\/uploads\/sites\/5\/2023\/09\/David-300x300-1.png\" alt=\"\" width=\"200\" height=\"200\" srcset=\"https:\/\/new.comverga.com\/int\/wp-content\/uploads\/sites\/5\/2023\/09\/David-300x300-1.png 300w, https:\/\/new.comverga.com\/int\/wp-content\/uploads\/sites\/5\/2023\/09\/David-300x300-1-150x150.png 150w, https:\/\/new.comverga.com\/int\/wp-content\/uploads\/sites\/5\/2023\/09\/David-300x300-1-12x12.png 12w\" sizes=\"(max-width: 200px) 100vw, 200px\" \/><\/figure>\n<\/div>\n<!-- \/wp:image --><\/div>\n<!-- \/wp:column --><!-- wp:column {\"verticalAlignment\":\"center\",\"width\":\"66.66%\",\"className\":\"has-padding-right-20\"} -->\n<div class=\"wp-block-column is-vertically-aligned-center has-padding-right-20\" style=\"flex-basis: 66.66%;\"><!-- wp:paragraph -->\n<p class=\"translation-block\">David Ko\u0161ut trat im Jahr 2017 unserem Produktentwicklungsteam und seit 2019 ist Vorstandsmitglied. Er hat einen Master-Abschluss in Energiewirtschaft und Management von der Tschechischen Technischen Universit\u00e4t in Prag.<\/p>\n<!-- \/wp:paragraph --><\/div>\n<!-- \/wp:column --><\/div>\n<!-- \/wp:columns --><!-- wp:heading -->\n<h2><strong>Aufsichtsrat<\/strong><\/h2>\n<!-- \/wp:heading --><!-- wp:heading {\"level\":3,\"className\":\"margin-bottom-1rem\"} -->\n<h3 class=\"margin-bottom-1rem\">Martin Ko\u0161ut jr. \u2013 Mitglied des Aufsichtsrats<\/h3>\n<!-- \/wp:heading --><!-- wp:columns {\"verticalAlignment\":\"center\",\"className\":\"nomargin\"} -->\n<div class=\"wp-block-columns are-vertically-aligned-center nomargin\"><!-- wp:column {\"verticalAlignment\":\"center\",\"width\":\"33.33%\"} -->\n<div class=\"wp-block-column is-vertically-aligned-center\" style=\"flex-basis: 33.33%;\"><!-- wp:image {\"align\":\"left\",\"id\":818,\"width\":200,\"height\":200,\"sizeSlug\":\"medium\",\"linkDestination\":\"none\",\"className\":\"nomargin\"} -->\n<div class=\"wp-block-image nomargin\">\n<figure class=\"alignleft size-medium is-resized\"><img loading=\"lazy\" decoding=\"async\" class=\"wp-image-818\" src=\"https:\/\/www.comverga.com\/wp-content\/uploads\/2020\/12\/Marta-300x300.png\" alt=\"\" width=\"200\" height=\"200\" srcset=\"https:\/\/new.comverga.com\/int\/wp-content\/uploads\/sites\/5\/2020\/12\/Marta-300x300.png 300w, https:\/\/new.comverga.com\/int\/wp-content\/uploads\/sites\/5\/2020\/12\/Marta-150x150.png 150w, https:\/\/new.comverga.com\/int\/wp-content\/uploads\/sites\/5\/2020\/12\/Marta-768x770.png 768w, https:\/\/new.comverga.com\/int\/wp-content\/uploads\/sites\/5\/2020\/12\/Marta-12x12.png 12w, https:\/\/new.comverga.com\/int\/wp-content\/uploads\/sites\/5\/2020\/12\/Marta.png 787w\" sizes=\"(max-width: 200px) 100vw, 200px\" \/><\/figure>\n<\/div>\n<!-- \/wp:image --><\/div>\n<!-- \/wp:column --><!-- wp:column {\"verticalAlignment\":\"center\",\"width\":\"66.66%\",\"className\":\"has-padding-right-20\"} -->\n<div class=\"wp-block-column is-vertically-aligned-center has-padding-right-20\" style=\"flex-basis: 66.66%;\"><!-- wp:paragraph -->\n<p class=\"translation-block\">Martin Ko\u0161ut jr. ist seit 2011 Mitglied des Aufsichtsrats des Familienholdings. Er hat einen Master-Abschluss in Ekonomie und Wirtschaftswissenschaften von der Prager Wirtschaftsuniversit\u00e4t und der Tschechischen Universit\u00e4t f\u00fcr Lebenswissenschaften.<\/p>\n<!-- \/wp:paragraph --><\/div>\n<!-- \/wp:column --><\/div>\n<!-- \/wp:columns -->\t\t\t\t\t\t<\/div>\n\t\t\t\t<\/div>\n\t\t\t\t\t<\/div>\n\t\t<\/div>\n\t\t\t\t\t\t\t<\/div>\n\t\t<\/section>\n\t\t\t\t\t\t\t<\/div>","protected":false},"excerpt":{"rendered":"<p>Board of Directors Martin Ko\u0161ut &#8211; Founder, Chairman of the Board &amp; CEO Martin Ko\u0161ut co-founded the company and serves it as chairman and CEO since 2000. Prior that he was responsible for eCommerce business of Compaq Computer in Europe, Middle East and Africa, and developed business for Tulip Computer in Central and Easter Europe. [&hellip;]<\/p>","protected":false},"author":1,"featured_media":139,"parent":0,"menu_order":0,"comment_status":"closed","ping_status":"closed","template":"","meta":{"footnotes":""},"_links":{"self":[{"href":"https:\/\/new.comverga.com\/int\/de\/wp-json\/wp\/v2\/pages\/414"}],"collection":[{"href":"https:\/\/new.comverga.com\/int\/de\/wp-json\/wp\/v2\/pages"}],"about":[{"href":"https:\/\/new.comverga.com\/int\/de\/wp-json\/wp\/v2\/types\/page"}],"author":[{"embeddable":true,"href":"https:\/\/new.comverga.com\/int\/de\/wp-json\/wp\/v2\/users\/1"}],"replies":[{"embeddable":true,"href":"https:\/\/new.comverga.com\/int\/de\/wp-json\/wp\/v2\/comments?post=414"}],"version-history":[{"count":0,"href":"https:\/\/new.comverga.com\/int\/de\/wp-json\/wp\/v2\/pages\/414\/revisions"}],"wp:featuredmedia":[{"embeddable":true,"href":"https:\/\/new.comverga.com\/int\/de\/wp-json\/wp\/v2\/media\/139"}],"wp:attachment":[{"href":"https:\/\/new.comverga.com\/int\/de\/wp-json\/wp\/v2\/media?parent=414"}],"curies":[{"name":"wp","href":"https:\/\/api.w.org\/{rel}","templated":true}]}}