{"id":386,"date":"2020-11-25T15:26:39","date_gmt":"2020-11-25T14:26:39","guid":{"rendered":"https:\/\/www.comverga.com\/?page_id=386"},"modified":"2020-11-25T15:26:39","modified_gmt":"2020-11-25T14:26:39","slug":"mission","status":"publish","type":"page","link":"https:\/\/new.comverga.com\/int\/de\/mission\/","title":{"rendered":"Mission"},"content":{"rendered":"<div data-elementor-type=\"wp-page\" data-elementor-id=\"386\" class=\"elementor elementor-386\">\n\t\t\t\t\t\t\t\t\t<section class=\"elementor-section elementor-top-section elementor-element elementor-element-4b3b3aa9 elementor-section-boxed elementor-section-height-default elementor-section-height-default\" data-id=\"4b3b3aa9\" data-element_type=\"section\">\n\t\t\t\t\t\t<div class=\"elementor-container elementor-column-gap-default\">\n\t\t\t\t\t<div class=\"elementor-column elementor-col-100 elementor-top-column elementor-element elementor-element-6a73f768\" data-id=\"6a73f768\" data-element_type=\"column\">\n\t\t\t<div class=\"elementor-widget-wrap elementor-element-populated\">\n\t\t\t\t\t\t\t\t<div class=\"elementor-element elementor-element-69957a49 elementor-widget elementor-widget-text-editor\" data-id=\"69957a49\" data-element_type=\"widget\" data-widget_type=\"text-editor.default\">\n\t\t\t\t<div class=\"elementor-widget-container\">\n\t\t\t<style>\/*! elementor - v3.18.0 - 20-12-2023 *\/\n.elementor-widget-text-editor.elementor-drop-cap-view-stacked .elementor-drop-cap{background-color:#69727d;color:#fff}.elementor-widget-text-editor.elementor-drop-cap-view-framed .elementor-drop-cap{color:#69727d;border:3px solid;background-color:transparent}.elementor-widget-text-editor:not(.elementor-drop-cap-view-default) .elementor-drop-cap{margin-top:8px}.elementor-widget-text-editor:not(.elementor-drop-cap-view-default) .elementor-drop-cap-letter{width:1em;height:1em}.elementor-widget-text-editor .elementor-drop-cap{float:left;text-align:center;line-height:1;font-size:50px}.elementor-widget-text-editor .elementor-drop-cap-letter{display:inline-block}<\/style>\t\t\t\t<!-- wp:paragraph -->\n<p class=\"translation-block\">Wir sind ein stabiles Familienunternehmen, entwickeln uns st\u00e4ndig weiter und folgen neuen Trends, um ein f\u00fchrender Anbieter moderner Telekommunikationsdienste zu werden. Unser Ziel ist es, der bevorzugte Kommunikationspartner des Kunden zu sein. Durch die Qualit\u00e4t der Dienstleistungen und die Suche nach gemeinsamen L\u00f6sungen wollen wir eine f\u00fchrende Position unter europ\u00e4ischen Unternehmen im Kommunikations- und IT-Markt mit globaler Reichweite aufbauen.<\/p>\n<!-- \/wp:paragraph -->\n\n<!-- wp:paragraph -->\n<p class=\"translation-block\">Wir reagieren flexibel auf die Bed\u00fcrfnisse unserer Kunden und bieten ihnen kosteng\u00fcnstige und funktional optimale L\u00f6sungen. Wir m\u00f6chten ein Partner sein, der die Arbeit vereinfacht, den Betrieb des Unternehmens verbessert und die Entwicklung neuer Gesch\u00e4ftsmodelle mit modernen und fortschrittlichen Kommunikationstechnologien erm\u00f6glicht. Wir legen gro\u00dfen Wert auf den ethischen Aspekt des Gesch\u00e4fts, mit besonderem Augenmerk auf den Respekt gegen\u00fcber der anderen Person \u2013 dem Kunden, Partner und Lieferanten.<\/p>\n<!-- \/wp:paragraph -->\t\t\t\t\t\t<\/div>\n\t\t\t\t<\/div>\n\t\t\t\t\t<\/div>\n\t\t<\/div>\n\t\t\t\t\t\t\t<\/div>\n\t\t<\/section>\n\t\t\t\t\t\t\t<\/div>","protected":false},"excerpt":{"rendered":"<p>We are a stable family-owned company, we are constantly evolving and following new trends to be a leading supplier of modern telecommunications services. Our goal is to be the customer&#8217;s preferred partner in communications. Through the quality of services and the search for common solutions, we want to build a leading position among European companies [&hellip;]<\/p>","protected":false},"author":1,"featured_media":145,"parent":0,"menu_order":0,"comment_status":"closed","ping_status":"closed","template":"","meta":{"footnotes":""},"_links":{"self":[{"href":"https:\/\/new.comverga.com\/int\/de\/wp-json\/wp\/v2\/pages\/386"}],"collection":[{"href":"https:\/\/new.comverga.com\/int\/de\/wp-json\/wp\/v2\/pages"}],"about":[{"href":"https:\/\/new.comverga.com\/int\/de\/wp-json\/wp\/v2\/types\/page"}],"author":[{"embeddable":true,"href":"https:\/\/new.comverga.com\/int\/de\/wp-json\/wp\/v2\/users\/1"}],"replies":[{"embeddable":true,"href":"https:\/\/new.comverga.com\/int\/de\/wp-json\/wp\/v2\/comments?post=386"}],"version-history":[{"count":0,"href":"https:\/\/new.comverga.com\/int\/de\/wp-json\/wp\/v2\/pages\/386\/revisions"}],"wp:featuredmedia":[{"embeddable":true,"href":"https:\/\/new.comverga.com\/int\/de\/wp-json\/wp\/v2\/media\/145"}],"wp:attachment":[{"href":"https:\/\/new.comverga.com\/int\/de\/wp-json\/wp\/v2\/media?parent=386"}],"curies":[{"name":"wp","href":"https:\/\/api.w.org\/{rel}","templated":true}]}}