{"id":2614,"date":"2023-04-03T11:29:33","date_gmt":"2023-04-03T09:29:33","guid":{"rendered":"https:\/\/www.comverga.com\/?page_id=2614"},"modified":"2023-12-14T13:11:21","modified_gmt":"2023-12-14T13:11:21","slug":"what-we-do","status":"publish","type":"page","link":"https:\/\/new.comverga.com\/int\/de\/what-we-do\/","title":{"rendered":"Was machen wir"},"content":{"rendered":"<div data-elementor-type=\"wp-page\" data-elementor-id=\"2614\" class=\"elementor elementor-2614\">\n\t\t\t\t\t\t\t\t\t<section class=\"elementor-section elementor-top-section elementor-element elementor-element-14a1b51c elementor-section-boxed elementor-section-height-default elementor-section-height-default\" data-id=\"14a1b51c\" data-element_type=\"section\">\n\t\t\t\t\t\t<div class=\"elementor-container elementor-column-gap-default\">\n\t\t\t\t\t<div class=\"elementor-column elementor-col-100 elementor-top-column elementor-element elementor-element-7c21cd0e\" data-id=\"7c21cd0e\" data-element_type=\"column\">\n\t\t\t<div class=\"elementor-widget-wrap elementor-element-populated\">\n\t\t\t\t\t\t\t\t<div class=\"elementor-element elementor-element-5b72e1bb elementor-widget elementor-widget-text-editor\" data-id=\"5b72e1bb\" data-element_type=\"widget\" data-widget_type=\"text-editor.default\">\n\t\t\t\t<div class=\"elementor-widget-container\">\n\t\t\t<style>\/*! elementor - v3.18.0 - 20-12-2023 *\/\n.elementor-widget-text-editor.elementor-drop-cap-view-stacked .elementor-drop-cap{background-color:#69727d;color:#fff}.elementor-widget-text-editor.elementor-drop-cap-view-framed .elementor-drop-cap{color:#69727d;border:3px solid;background-color:transparent}.elementor-widget-text-editor:not(.elementor-drop-cap-view-default) .elementor-drop-cap{margin-top:8px}.elementor-widget-text-editor:not(.elementor-drop-cap-view-default) .elementor-drop-cap-letter{width:1em;height:1em}.elementor-widget-text-editor .elementor-drop-cap{float:left;text-align:center;line-height:1;font-size:50px}.elementor-widget-text-editor .elementor-drop-cap-letter{display:inline-block}<\/style>\t\t\t\t<p>Wir sind ein stabiles Familienunternehmen, das sich st\u00e4ndig weiterentwickelt und neuen Trends folgt. Wir blicken auf eine zwanzigj\u00e4hrige erfolgreiche Geschichte in der Telekommunikationsbranche zur\u00fcck. Durch die Qualit\u00e4t unserer Dienstleistungen und die Suche nach gemeinsamen L\u00f6sungen bauen wir eine f\u00fchrende Position unter den europ\u00e4ischen Unternehmen auf dem Kommunikations- und IT-Markt auf.<\/p>\t\t\t\t\t\t<\/div>\n\t\t\t\t<\/div>\n\t\t\t\t\t<\/div>\n\t\t<\/div>\n\t\t\t\t\t\t\t<\/div>\n\t\t<\/section>\n\t\t\t\t<section class=\"elementor-section elementor-top-section elementor-element elementor-element-c069f2f elementor-section-boxed elementor-section-height-default elementor-section-height-default\" data-id=\"c069f2f\" data-element_type=\"section\" data-no-translation=\"\">\n\t\t\t\t\t\t<div class=\"elementor-container elementor-column-gap-default\">\n\t\t\t\t\t<div class=\"elementor-column elementor-col-100 elementor-top-column elementor-element elementor-element-a2421a6\" data-id=\"a2421a6\" data-element_type=\"column\">\n\t\t\t<div class=\"elementor-widget-wrap elementor-element-populated\">\n\t\t\t\t\t\t\t\t<div class=\"elementor-element elementor-element-268ac72 elementor-hidden-mobile elementor-widget elementor-widget-html\" data-id=\"268ac72\" data-element_type=\"widget\" data-widget_type=\"html.default\">\n\t\t\t\t<div class=\"elementor-widget-container\">\n\t\t\t<style>\n      #wrap {\n        width: 100%;\n        height: 500px;\n        padding: 0;\n      }\n      #scaled-frame {\n        width: 100%;\n        height: 500px;\n        border: 0px;\n      }\n    <\/style>\n\n<div id=\"wrap\">\n\n<iframe id=\"scaled-frame\" src=\"https:\/\/www.comverga.com\/deu\/cibule-nahled\/\" scrolling=\"no\"><\/iframe>\n\n<\/div>\t\t<\/div>\n\t\t\t\t<\/div>\n\t\t\t\t<div class=\"elementor-element elementor-element-0b46291 elementor-hidden-desktop elementor-hidden-tablet elementor-widget elementor-widget-image\" data-id=\"0b46291\" data-element_type=\"widget\" data-no-translation=\"\" data-widget_type=\"image.default\">\n\t\t\t\t<div class=\"elementor-widget-container\">\n\t\t\t\t\t\t\t\t\t\t\t\t\t\t\t<img fetchpriority=\"high\" decoding=\"async\" width=\"580\" height=\"420\" src=\"https:\/\/new.comverga.com\/int\/wp-content\/uploads\/sites\/5\/2023\/12\/Sni\u0301mek-obrazovky-2023-12-14-v-14.10.35.png\" class=\"attachment-large size-large wp-image-5868\" alt=\"\" srcset=\"https:\/\/new.comverga.com\/int\/wp-content\/uploads\/sites\/5\/2023\/12\/Sni\u0301mek-obrazovky-2023-12-14-v-14.10.35.png 636w, https:\/\/new.comverga.com\/int\/wp-content\/uploads\/sites\/5\/2023\/12\/Sni\u0301mek-obrazovky-2023-12-14-v-14.10.35-300x217.png 300w, https:\/\/new.comverga.com\/int\/wp-content\/uploads\/sites\/5\/2023\/12\/Sni\u0301mek-obrazovky-2023-12-14-v-14.10.35-18x12.png 18w\" sizes=\"(max-width: 580px) 100vw, 580px\" \/>\t\t\t\t\t\t\t\t\t\t\t\t\t\t\t<\/div>\n\t\t\t\t<\/div>\n\t\t\t\t\t<\/div>\n\t\t<\/div>\n\t\t\t\t\t\t\t<\/div>\n\t\t<\/section>\n\t\t\t\t<section class=\"elementor-section elementor-top-section elementor-element elementor-element-d70d3da elementor-section-boxed elementor-section-height-default elementor-section-height-default\" data-id=\"d70d3da\" data-element_type=\"section\">\n\t\t\t\t\t\t<div class=\"elementor-container elementor-column-gap-default\">\n\t\t\t\t\t<div class=\"elementor-column elementor-col-100 elementor-top-column elementor-element elementor-element-37b703a\" data-id=\"37b703a\" data-element_type=\"column\">\n\t\t\t<div class=\"elementor-widget-wrap elementor-element-populated\">\n\t\t\t\t\t\t\t\t<div class=\"elementor-element elementor-element-b2459d6 elementor-widget elementor-widget-text-editor\" data-id=\"b2459d6\" data-element_type=\"widget\" data-widget_type=\"text-editor.default\">\n\t\t\t\t<div class=\"elementor-widget-container\">\n\t\t\t\t\t\t\t<p>Wir entwickeln und betreiben unsere eigene Infrastruktur, um Dienste unabh\u00e4ngig von Technologien, Anbietern und Netzen anbieten zu k\u00f6nnen. Wir verbinden verschiedene Netze und Host-Provider mit unserer Infrastruktur, um unseren Partnern und Kunden eine Reihe von konvergenten Diensten anzubieten.<\/p>\t\t\t\t\t\t<\/div>\n\t\t\t\t<\/div>\n\t\t\t\t\t<\/div>\n\t\t<\/div>\n\t\t\t\t\t\t\t<\/div>\n\t\t<\/section>\n\t\t\t\t\t\t\t<\/div>","protected":false},"excerpt":{"rendered":"<p>We are a stable family company, we are constantly developing and following new trends. We have a twenty-year successful history in the telecommunications industry. Through the quality of our services and the search for common solutions we are building a leading position among European companies in the communications and IT market. We develop and operate [&hellip;]<\/p>","protected":false},"author":1,"featured_media":147,"parent":0,"menu_order":0,"comment_status":"closed","ping_status":"closed","template":"","meta":{"footnotes":""},"_links":{"self":[{"href":"https:\/\/new.comverga.com\/int\/de\/wp-json\/wp\/v2\/pages\/2614"}],"collection":[{"href":"https:\/\/new.comverga.com\/int\/de\/wp-json\/wp\/v2\/pages"}],"about":[{"href":"https:\/\/new.comverga.com\/int\/de\/wp-json\/wp\/v2\/types\/page"}],"author":[{"embeddable":true,"href":"https:\/\/new.comverga.com\/int\/de\/wp-json\/wp\/v2\/users\/1"}],"replies":[{"embeddable":true,"href":"https:\/\/new.comverga.com\/int\/de\/wp-json\/wp\/v2\/comments?post=2614"}],"version-history":[{"count":0,"href":"https:\/\/new.comverga.com\/int\/de\/wp-json\/wp\/v2\/pages\/2614\/revisions"}],"wp:featuredmedia":[{"embeddable":true,"href":"https:\/\/new.comverga.com\/int\/de\/wp-json\/wp\/v2\/media\/147"}],"wp:attachment":[{"href":"https:\/\/new.comverga.com\/int\/de\/wp-json\/wp\/v2\/media?parent=2614"}],"curies":[{"name":"wp","href":"https:\/\/api.w.org\/{rel}","templated":true}]}}