{"id":173,"date":"2020-11-25T12:41:48","date_gmt":"2020-11-25T11:41:48","guid":{"rendered":"https:\/\/www.comverga.com\/?page_id=173"},"modified":"2020-11-25T12:41:48","modified_gmt":"2020-11-25T11:41:48","slug":"business-process-outsourcing-bpo-in-telecommunications","status":"publish","type":"page","link":"https:\/\/new.comverga.com\/int\/de\/services\/business-process-outsourcing-bpo-in-telecommunications\/","title":{"rendered":"Business Process Outsourcing (BPO) in der Telekommunikation"},"content":{"rendered":"<div data-elementor-type=\"wp-page\" data-elementor-id=\"173\" class=\"elementor elementor-173\">\n\t\t\t\t\t\t\t\t\t<section class=\"elementor-section elementor-top-section elementor-element elementor-element-5652723b elementor-section-boxed elementor-section-height-default elementor-section-height-default\" data-id=\"5652723b\" data-element_type=\"section\">\n\t\t\t\t\t\t<div class=\"elementor-container elementor-column-gap-default\">\n\t\t\t\t\t<div class=\"elementor-column elementor-col-100 elementor-top-column elementor-element elementor-element-6caa6d87\" data-id=\"6caa6d87\" data-element_type=\"column\">\n\t\t\t<div class=\"elementor-widget-wrap elementor-element-populated\">\n\t\t\t\t\t\t\t\t<div class=\"elementor-element elementor-element-6155b9e9 elementor-widget elementor-widget-text-editor\" data-id=\"6155b9e9\" data-element_type=\"widget\" data-widget_type=\"text-editor.default\">\n\t\t\t\t<div class=\"elementor-widget-container\">\n\t\t\t<style>\/*! elementor - v3.18.0 - 20-12-2023 *\/\n.elementor-widget-text-editor.elementor-drop-cap-view-stacked .elementor-drop-cap{background-color:#69727d;color:#fff}.elementor-widget-text-editor.elementor-drop-cap-view-framed .elementor-drop-cap{color:#69727d;border:3px solid;background-color:transparent}.elementor-widget-text-editor:not(.elementor-drop-cap-view-default) .elementor-drop-cap{margin-top:8px}.elementor-widget-text-editor:not(.elementor-drop-cap-view-default) .elementor-drop-cap-letter{width:1em;height:1em}.elementor-widget-text-editor .elementor-drop-cap{float:left;text-align:center;line-height:1;font-size:50px}.elementor-widget-text-editor .elementor-drop-cap-letter{display:inline-block}<\/style>\t\t\t\t<!-- wp:paragraph -->\n<p class=\"translation-block\">M\u00f6chten Sie Ihr eigenes Telekommunikationsunternehmen betreiben? M\u00f6chten Sie die elektronische Kommunikation nutzen, um Ihre Gesch\u00e4fts- oder Marketingprozesse zu rationalisieren? Haben Sie keine eigenen Ressourcen oder wollen Sie diese nicht aufbauen? Kontaktieren Sie uns, wir werden Ihnen helfen.<\/p>\n<!-- \/wp:paragraph -->\n\n<!-- wp:paragraph -->\n<p class=\"translation-block\">Wir haben jahrzehntelange Erfahrung im Betrieb von Telekommunikationsdiensten und -anwendungen. Wir bieten Ihnen Gesch\u00e4ftsplanung, Produktmanagement, Marketingkampagnenmanagement, Vertriebsmanagement, Serviceabrechnung, Zahlungsmanagement und Kundensupport-Prozesse.<\/p>\n<!-- \/wp:paragraph -->\t\t\t\t\t\t<\/div>\n\t\t\t\t<\/div>\n\t\t\t\t\t<\/div>\n\t\t<\/div>\n\t\t\t\t\t\t\t<\/div>\n\t\t<\/section>\n\t\t\t\t\t\t\t<\/div>","protected":false},"excerpt":{"rendered":"<p>M\u00f6chten Sie Ihren eigenen Telekommunikationsanbieter leiten? M\u00f6chten Sie elektronische Kommunikation nutzen, um Ihre Gesch\u00e4fts- oder Marketingprozesse zu optimieren? Sie verf\u00fcgen nicht \u00fcber eigene Ressourcen oder m\u00f6chten diese nicht aufbauen? Kontaktieren Sie uns, wir helfen Ihnen weiter. Wir verf\u00fcgen \u00fcber jahrzehntelange Erfahrung im Betrieb von Telekommunikationsdiensten und -anwendungen. Wir werden [\u2026]<\/p>","protected":false},"author":1,"featured_media":1189,"parent":153,"menu_order":100,"comment_status":"closed","ping_status":"closed","template":"","meta":{"footnotes":""},"_links":{"self":[{"href":"https:\/\/new.comverga.com\/int\/de\/wp-json\/wp\/v2\/pages\/173"}],"collection":[{"href":"https:\/\/new.comverga.com\/int\/de\/wp-json\/wp\/v2\/pages"}],"about":[{"href":"https:\/\/new.comverga.com\/int\/de\/wp-json\/wp\/v2\/types\/page"}],"author":[{"embeddable":true,"href":"https:\/\/new.comverga.com\/int\/de\/wp-json\/wp\/v2\/users\/1"}],"replies":[{"embeddable":true,"href":"https:\/\/new.comverga.com\/int\/de\/wp-json\/wp\/v2\/comments?post=173"}],"version-history":[{"count":0,"href":"https:\/\/new.comverga.com\/int\/de\/wp-json\/wp\/v2\/pages\/173\/revisions"}],"up":[{"embeddable":true,"href":"https:\/\/new.comverga.com\/int\/de\/wp-json\/wp\/v2\/pages\/153"}],"wp:featuredmedia":[{"embeddable":true,"href":"https:\/\/new.comverga.com\/int\/de\/wp-json\/wp\/v2\/media\/1189"}],"wp:attachment":[{"href":"https:\/\/new.comverga.com\/int\/de\/wp-json\/wp\/v2\/media?parent=173"}],"curies":[{"name":"wp","href":"https:\/\/api.w.org\/{rel}","templated":true}]}}