{"id":688,"date":"2020-12-15T13:00:27","date_gmt":"2020-12-15T12:00:27","guid":{"rendered":"https:\/\/www.comverga.com\/?page_id=688"},"modified":"2023-09-11T09:28:29","modified_gmt":"2023-09-11T09:28:29","slug":"transportation","status":"publish","type":"page","link":"https:\/\/new.comverga.com\/int\/cs\/industries\/transportation\/","title":{"rendered":"Doprava"},"content":{"rendered":"<div data-elementor-type=\"wp-page\" data-elementor-id=\"688\" class=\"elementor elementor-688\">\n\t\t\t\t\t\t\t\t\t<section class=\"elementor-section elementor-top-section elementor-element elementor-element-71515c75 elementor-section-boxed elementor-section-height-default elementor-section-height-default\" data-id=\"71515c75\" data-element_type=\"section\">\n\t\t\t\t\t\t<div class=\"elementor-container elementor-column-gap-default\">\n\t\t\t\t\t<div class=\"elementor-column elementor-col-100 elementor-top-column elementor-element elementor-element-4b6cdcf9\" data-id=\"4b6cdcf9\" data-element_type=\"column\">\n\t\t\t<div class=\"elementor-widget-wrap elementor-element-populated\">\n\t\t\t\t\t\t\t\t<div class=\"elementor-element elementor-element-7eb7fb2 elementor-widget elementor-widget-text-editor\" data-id=\"7eb7fb2\" data-element_type=\"widget\" data-widget_type=\"text-editor.default\">\n\t\t\t\t<div class=\"elementor-widget-container\">\n\t\t\t<style>\/*! elementor - v3.18.0 - 20-12-2023 *\/\n.elementor-widget-text-editor.elementor-drop-cap-view-stacked .elementor-drop-cap{background-color:#69727d;color:#fff}.elementor-widget-text-editor.elementor-drop-cap-view-framed .elementor-drop-cap{color:#69727d;border:3px solid;background-color:transparent}.elementor-widget-text-editor:not(.elementor-drop-cap-view-default) .elementor-drop-cap{margin-top:8px}.elementor-widget-text-editor:not(.elementor-drop-cap-view-default) .elementor-drop-cap-letter{width:1em;height:1em}.elementor-widget-text-editor .elementor-drop-cap{float:left;text-align:center;line-height:1;font-size:50px}.elementor-widget-text-editor .elementor-drop-cap-letter{display:inline-block}<\/style>\t\t\t\t<!-- wp:paragraph -->\n<p class=\"translation-block\">Na\u0161e zam\u011b\u0159en\u00ed v dopravn\u00edm pr\u016fmyslu je na prodej j\u00edzdenek a notifika\u010dn\u00ed slu\u017eby pro cestuj\u00edc\u00ed. Zpr\u00e1vy, mobiln\u00ed aplikace a mobiln\u00ed platby jsou zde z\u00e1sadn\u00ed ji\u017e po v\u00edce ne\u017e deset let. V posledn\u00ed dob\u011b vstupuj\u00ed na sc\u00e9nu inteligentn\u00ed za\u0159\u00edzen\u00ed, senzory a infrastruktura IoT a st\u00e1vaj\u00ed se ned\u00edlnou sou\u010d\u00e1st\u00ed slu\u017eeb a z\u00e1kaznick\u00e9 zku\u0161enosti.<\/p>\n<!-- \/wp:paragraph -->\n\n<!-- wp:paragraph -->\n<p class=\"translation-block\">Nab\u00edz\u00edme celou \u0159adu slu\u017eeb:<\/p>\n<!-- \/wp:paragraph -->\n\n<!-- wp:list -->\n<ul><li>SMS \/ On-line j\u00edzdenky \u2013 parkov\u00e1n\u00ed a ve\u0159ejn\u00e1 doprava<\/li><li>Mobiln\u00ed aplikace<\/li><li>Notifika\u010dn\u00ed slu\u017eby<\/li><li>Mobiln\u00ed platby a platebn\u00ed slu\u017eby<\/li><li>Outsourcing podnikov\u00fdch proces\u016f (BPO \u2013 Business Process Outsourcing)<\/li><li>Provoz telekomunika\u010dn\u00ed infrastruktury<\/li><li>Profesion\u00e1ln\u00ed slu\u017eby<\/li><li>V\u00fdvoj aplikac\u00ed<\/li><li>Chytr\u00e9 parkov\u00e1n\u00ed<\/li><\/ul>\n<!-- \/wp:list -->\n\n<!-- wp:paragraph -->\n<p><strong>Vybran\u00ed partne\u0159i<\/strong> Dopravn\u00ed podniky v Ostrav\u011b, Hradci Kr\u00e1lov\u00e9, Karlov\u00fdch Varech<\/p>\n<!-- \/wp:paragraph -->\n\n<!-- wp:paragraph -->\n<p><\/p>\n<!-- \/wp:paragraph -->\t\t\t\t\t\t<\/div>\n\t\t\t\t<\/div>\n\t\t\t\t\t<\/div>\n\t\t<\/div>\n\t\t\t\t\t\t\t<\/div>\n\t\t<\/section>\n\t\t\t\t\t\t\t<\/div>","protected":false},"excerpt":{"rendered":"<p>Na\u0161e zam\u011b\u0159en\u00ed v dopravn\u00edm pr\u016fmyslu je na slu\u017eby prodeje j\u00edzdenek a upozorn\u011bn\u00ed pro cestuj\u00edc\u00ed. Zas\u00edl\u00e1n\u00ed zpr\u00e1v, mobiln\u00ed aplikace a mobiln\u00ed platby jsou z\u00e1sadn\u00ed\u2026<\/p>","protected":false},"author":1,"featured_media":5270,"parent":342,"menu_order":6,"comment_status":"closed","ping_status":"closed","template":"","meta":{"footnotes":""},"_links":{"self":[{"href":"https:\/\/new.comverga.com\/int\/cs\/wp-json\/wp\/v2\/pages\/688"}],"collection":[{"href":"https:\/\/new.comverga.com\/int\/cs\/wp-json\/wp\/v2\/pages"}],"about":[{"href":"https:\/\/new.comverga.com\/int\/cs\/wp-json\/wp\/v2\/types\/page"}],"author":[{"embeddable":true,"href":"https:\/\/new.comverga.com\/int\/cs\/wp-json\/wp\/v2\/users\/1"}],"replies":[{"embeddable":true,"href":"https:\/\/new.comverga.com\/int\/cs\/wp-json\/wp\/v2\/comments?post=688"}],"version-history":[{"count":0,"href":"https:\/\/new.comverga.com\/int\/cs\/wp-json\/wp\/v2\/pages\/688\/revisions"}],"up":[{"embeddable":true,"href":"https:\/\/new.comverga.com\/int\/cs\/wp-json\/wp\/v2\/pages\/342"}],"wp:featuredmedia":[{"embeddable":true,"href":"https:\/\/new.comverga.com\/int\/cs\/wp-json\/wp\/v2\/media\/5270"}],"wp:attachment":[{"href":"https:\/\/new.comverga.com\/int\/cs\/wp-json\/wp\/v2\/media?parent=688"}],"curies":[{"name":"wp","href":"https:\/\/api.w.org\/{rel}","templated":true}]}}