{"id":664,"date":"2020-12-15T12:52:42","date_gmt":"2020-12-15T11:52:42","guid":{"rendered":"https:\/\/www.comverga.com\/?page_id=664"},"modified":"2023-09-11T09:23:49","modified_gmt":"2023-09-11T09:23:49","slug":"banking-finance","status":"publish","type":"page","link":"https:\/\/new.comverga.com\/int\/cs\/industries\/banking-finance\/","title":{"rendered":"Bankovnictv\u00ed a finance"},"content":{"rendered":"<div data-elementor-type=\"wp-page\" data-elementor-id=\"664\" class=\"elementor elementor-664\">\n\t\t\t\t\t\t\t\t\t<section class=\"elementor-section elementor-top-section elementor-element elementor-element-4ca892f9 elementor-section-boxed elementor-section-height-default elementor-section-height-default\" data-id=\"4ca892f9\" data-element_type=\"section\">\n\t\t\t\t\t\t<div class=\"elementor-container elementor-column-gap-default\">\n\t\t\t\t\t<div class=\"elementor-column elementor-col-100 elementor-top-column elementor-element elementor-element-4ff29033\" data-id=\"4ff29033\" data-element_type=\"column\">\n\t\t\t<div class=\"elementor-widget-wrap elementor-element-populated\">\n\t\t\t\t\t\t\t\t<div class=\"elementor-element elementor-element-23ce8c84 elementor-widget elementor-widget-text-editor\" data-id=\"23ce8c84\" data-element_type=\"widget\" data-widget_type=\"text-editor.default\">\n\t\t\t\t<div class=\"elementor-widget-container\">\n\t\t\t<style>\/*! elementor - v3.18.0 - 20-12-2023 *\/\n.elementor-widget-text-editor.elementor-drop-cap-view-stacked .elementor-drop-cap{background-color:#69727d;color:#fff}.elementor-widget-text-editor.elementor-drop-cap-view-framed .elementor-drop-cap{color:#69727d;border:3px solid;background-color:transparent}.elementor-widget-text-editor:not(.elementor-drop-cap-view-default) .elementor-drop-cap{margin-top:8px}.elementor-widget-text-editor:not(.elementor-drop-cap-view-default) .elementor-drop-cap-letter{width:1em;height:1em}.elementor-widget-text-editor .elementor-drop-cap{float:left;text-align:center;line-height:1;font-size:50px}.elementor-widget-text-editor .elementor-drop-cap-letter{display:inline-block}<\/style>\t\t\t\t<!-- wp:paragraph -->\n<p class=\"translation-block\">Messagingov\u00e9 dialogy a konverzace s klienty jsou dnes kl\u00ed\u010dov\u00fdmi prvky \u00fasp\u011b\u0161n\u00e9ho \u0159\u00edzen\u00ed vztah\u016f. Jsou rychl\u00e9, c\u00edlen\u00e9 a neru\u0161iv\u00e9. V\u00edce kan\u00e1l\u016f pro zas\u00edl\u00e1n\u00ed zpr\u00e1v (e-maily, SMS, hlasov\u00e9 zpr\u00e1vy, RCS, instant messenger) je kombinov\u00e1no na z\u00e1klad\u011b preferenc\u00ed klienta.<\/p>\n<!-- \/wp:paragraph -->\n\n<!-- wp:paragraph -->\n<p class=\"translation-block\">V t\u00e9to oblasti nab\u00edz\u00edme n\u00e1sleduj\u00edc\u00ed slu\u017eby:<\/p>\n<!-- \/wp:paragraph -->\n\n<!-- wp:list -->\n<ul><li>Slu\u017eby pro messagingovou konverzaci z\u00e1kazn\u00edk\u016f pro CRM<\/li><li>Mobiln\u00ed marketing<\/li><li>Notifika\u010dn\u00ed slu\u017eby<\/li><li>Pr\u016fzkumy spokojenosti z\u00e1kazn\u00edk\u016f<\/li><li>Mobiln\u00ed aplikace<\/li><li>Jednor\u00e1zov\u00e1 hesla<\/li><li>Profesion\u00e1ln\u00ed slu\u017eby<\/li><li>V\u00fdvoj aplikac\u00ed<\/li><\/ul>\n<!-- \/wp:list -->\n\n<!-- wp:paragraph -->\n<p class=\"translation-block\">Technologie je st\u00e1le v\u00edce spojov\u00e1na s finan\u010dn\u00edmi a poji\u0161\u0165ovac\u00edmi slu\u017ebami. Nejen v platebn\u00edch slu\u017eb\u00e1ch (bezkontaktn\u00ed a mobiln\u00ed platby, sch\u00e9mata plateb za pou\u017eit\u00ed \u2013 pay per use), ale tak\u00e9 jako kl\u00ed\u010dov\u00e1 p\u0159idan\u00e1 hodnota ke smlouv\u00e1m o poji\u0161t\u011bn\u00ed dom\u00e1cnosti, leasingov\u00fdm smlouv\u00e1m atd. Smlouvy o poji\u0161t\u011bn\u00ed dom\u00e1cnosti mohou b\u00fdt pro spot\u0159ebitele levn\u011bj\u0161\u00ed v p\u0159\u00edpad\u011b, \u017ee instaluj\u00ed inteligentn\u00ed dom\u00e1c\u00ed spot\u0159ebi\u010de a slu\u017eby, omezuj\u00edc\u00ed \u0161kody v p\u0159\u00edpad\u011b hav\u00e1rie.<\/p>\n<!-- \/wp:paragraph -->\n\n<!-- wp:paragraph -->\n<p class=\"translation-block\">Jsme p\u0159ipraveni pln\u011b provozovat pot\u0159ebnou infrastrukturu i souvisej\u00edc\u00ed obchodn\u00ed procesy:<\/p>\n<!-- \/wp:paragraph -->\n\n<!-- wp:list -->\n<ul><li>Outsourcing podnikov\u00fdch proces\u016f (BPO \u2013 Business Process Outsourcing)<\/li><li>Platforma pro poskytov\u00e1n\u00ed slu\u017eeb SDP jako slu\u017eba<\/li><li>Provoz telekomunika\u010dn\u00ed infrastruktury<\/li><li>Profesion\u00e1ln\u00ed slu\u017eby<\/li><li>V\u00fdvoj aplikac\u00ed<\/li><li>Smart Home infrastruktura a aplikace<\/li><\/ul>\n<!-- \/wp:list -->\n\n<!-- wp:paragraph -->\n<p><\/p>\n<!-- \/wp:paragraph -->\t\t\t\t\t\t<\/div>\n\t\t\t\t<\/div>\n\t\t\t\t\t<\/div>\n\t\t<\/div>\n\t\t\t\t\t\t\t<\/div>\n\t\t<\/section>\n\t\t\t\t\t\t\t<\/div>","protected":false},"excerpt":{"rendered":"<p>Dialogy zpr\u00e1v a konverzace s klienty jsou dnes kl\u00ed\u010dov\u00fdmi prvky \u00fasp\u011b\u0161n\u00e9ho \u0159\u00edzen\u00ed vztah\u016f. Jsou rychl\u00e9, c\u00edlen\u00e9 a neru\u0161\u00ed\u2026<\/p>","protected":false},"author":1,"featured_media":5263,"parent":342,"menu_order":3,"comment_status":"closed","ping_status":"closed","template":"","meta":{"footnotes":""},"_links":{"self":[{"href":"https:\/\/new.comverga.com\/int\/cs\/wp-json\/wp\/v2\/pages\/664"}],"collection":[{"href":"https:\/\/new.comverga.com\/int\/cs\/wp-json\/wp\/v2\/pages"}],"about":[{"href":"https:\/\/new.comverga.com\/int\/cs\/wp-json\/wp\/v2\/types\/page"}],"author":[{"embeddable":true,"href":"https:\/\/new.comverga.com\/int\/cs\/wp-json\/wp\/v2\/users\/1"}],"replies":[{"embeddable":true,"href":"https:\/\/new.comverga.com\/int\/cs\/wp-json\/wp\/v2\/comments?post=664"}],"version-history":[{"count":0,"href":"https:\/\/new.comverga.com\/int\/cs\/wp-json\/wp\/v2\/pages\/664\/revisions"}],"up":[{"embeddable":true,"href":"https:\/\/new.comverga.com\/int\/cs\/wp-json\/wp\/v2\/pages\/342"}],"wp:featuredmedia":[{"embeddable":true,"href":"https:\/\/new.comverga.com\/int\/cs\/wp-json\/wp\/v2\/media\/5263"}],"wp:attachment":[{"href":"https:\/\/new.comverga.com\/int\/cs\/wp-json\/wp\/v2\/media?parent=664"}],"curies":[{"name":"wp","href":"https:\/\/api.w.org\/{rel}","templated":true}]}}