{"id":656,"date":"2020-12-15T12:49:20","date_gmt":"2020-12-15T11:49:20","guid":{"rendered":"https:\/\/www.comverga.com\/?page_id=656"},"modified":"2023-09-11T09:22:08","modified_gmt":"2023-09-11T09:22:08","slug":"virtual-network-operators-and-service-providers","status":"publish","type":"page","link":"https:\/\/new.comverga.com\/int\/cs\/industries\/virtual-network-operators-and-service-providers\/","title":{"rendered":"Virtu\u00e1ln\u00ed s\u00ed\u0165ov\u00ed oper\u00e1to\u0159i a poskytovatel\u00e9 slu\u017eeb"},"content":{"rendered":"<div data-elementor-type=\"wp-page\" data-elementor-id=\"656\" class=\"elementor elementor-656\">\n\t\t\t\t\t\t\t\t\t<section class=\"elementor-section elementor-top-section elementor-element elementor-element-8523ef elementor-section-boxed elementor-section-height-default elementor-section-height-default\" data-id=\"8523ef\" data-element_type=\"section\">\n\t\t\t\t\t\t<div class=\"elementor-container elementor-column-gap-default\">\n\t\t\t\t\t<div class=\"elementor-column elementor-col-100 elementor-top-column elementor-element elementor-element-15ba5cda\" data-id=\"15ba5cda\" data-element_type=\"column\">\n\t\t\t<div class=\"elementor-widget-wrap elementor-element-populated\">\n\t\t\t\t\t\t\t\t<div class=\"elementor-element elementor-element-21b7a851 elementor-widget elementor-widget-text-editor\" data-id=\"21b7a851\" data-element_type=\"widget\" data-widget_type=\"text-editor.default\">\n\t\t\t\t<div class=\"elementor-widget-container\">\n\t\t\t<style>\/*! elementor - v3.18.0 - 20-12-2023 *\/\n.elementor-widget-text-editor.elementor-drop-cap-view-stacked .elementor-drop-cap{background-color:#69727d;color:#fff}.elementor-widget-text-editor.elementor-drop-cap-view-framed .elementor-drop-cap{color:#69727d;border:3px solid;background-color:transparent}.elementor-widget-text-editor:not(.elementor-drop-cap-view-default) .elementor-drop-cap{margin-top:8px}.elementor-widget-text-editor:not(.elementor-drop-cap-view-default) .elementor-drop-cap-letter{width:1em;height:1em}.elementor-widget-text-editor .elementor-drop-cap{float:left;text-align:center;line-height:1;font-size:50px}.elementor-widget-text-editor .elementor-drop-cap-letter{display:inline-block}<\/style>\t\t\t\t<!-- wp:paragraph -->\n<p class=\"translation-block\">Vyv\u00edj\u00edme a provozujeme vlastn\u00ed infrastrukturu s c\u00edlem poskytovat slu\u017eby nez\u00e1visl\u00e9 na technologi\u00edch, dodavatel\u00edch a s\u00edt\u00edch. Propojujeme r\u016fzn\u00e9 s\u00edt\u011b a poskytovatele hostitelsk\u00fdch slu\u017eeb s na\u0161\u00ed infrastrukturou, abychom mohli virtu\u00e1ln\u00edm oper\u00e1tor\u016fm a poskytovatel\u016fm slu\u017eeb nab\u00eddnout celou \u0159adu konvergovan\u00fdch slu\u017eeb.<\/p>\n<!-- \/wp:paragraph -->\n\n<!-- wp:paragraph -->\n<p class=\"translation-block\">Spolu s na\u0161\u00edm partnerem vytv\u00e1\u0159\u00edme pro z\u00e1kazn\u00edky jedine\u010dnou p\u0159idanou hodnotu na trhu. S\u00a0pln\u00fdm nasazen\u00edm pracujeme na \u00fasp\u011bchu spole\u010dn\u00e9ho projektu.<\/p>\n<!-- \/wp:paragraph -->\n\n<!-- wp:list -->\n<ul><li>Outsourcing podnikov\u00fdch proces\u016f (BPO \u2013 Business Process Outsourcing)<\/li><li>Platforma pro poskytov\u00e1n\u00ed slu\u017eeb SDP jako slu\u017eba<\/li><li>Provoz telekomunika\u010dn\u00ed infrastruktury<\/li><li>Agregace provozu (SMS, hlas, data)<\/li><li>Platebn\u00ed slu\u017eby (platforma a platebn\u00ed kan\u00e1ly)<\/li><li>Profesion\u00e1ln\u00ed slu\u017eby<\/li><li>V\u00fdvoj aplikac\u00ed<\/li><\/ul>\n<!-- \/wp:list -->\n\n<!-- wp:paragraph -->\n<p><strong>Vybran\u00ed partne\u0159i<\/strong> COOP Mobil, Fayn Telecommunications, Quadruple, Klokan Mobil, Eri Mobile<\/p>\n<!-- \/wp:paragraph -->\t\t\t\t\t\t<\/div>\n\t\t\t\t<\/div>\n\t\t\t\t\t<\/div>\n\t\t<\/div>\n\t\t\t\t\t\t\t<\/div>\n\t\t<\/section>\n\t\t\t\t\t\t\t<\/div>","protected":false},"excerpt":{"rendered":"<p>Vyv\u00edj\u00edme a provozujeme vlastn\u00ed infrastrukturu pro poskytov\u00e1n\u00ed slu\u017eeb nez\u00e1visl\u00fdch na technologi\u00edch, dodavatel\u00edch a s\u00edt\u00edch. Spojujeme r\u016fzn\u00e9\u2026<\/p>","protected":false},"author":1,"featured_media":5261,"parent":342,"menu_order":1,"comment_status":"closed","ping_status":"closed","template":"","meta":{"footnotes":""},"_links":{"self":[{"href":"https:\/\/new.comverga.com\/int\/cs\/wp-json\/wp\/v2\/pages\/656"}],"collection":[{"href":"https:\/\/new.comverga.com\/int\/cs\/wp-json\/wp\/v2\/pages"}],"about":[{"href":"https:\/\/new.comverga.com\/int\/cs\/wp-json\/wp\/v2\/types\/page"}],"author":[{"embeddable":true,"href":"https:\/\/new.comverga.com\/int\/cs\/wp-json\/wp\/v2\/users\/1"}],"replies":[{"embeddable":true,"href":"https:\/\/new.comverga.com\/int\/cs\/wp-json\/wp\/v2\/comments?post=656"}],"version-history":[{"count":0,"href":"https:\/\/new.comverga.com\/int\/cs\/wp-json\/wp\/v2\/pages\/656\/revisions"}],"up":[{"embeddable":true,"href":"https:\/\/new.comverga.com\/int\/cs\/wp-json\/wp\/v2\/pages\/342"}],"wp:featuredmedia":[{"embeddable":true,"href":"https:\/\/new.comverga.com\/int\/cs\/wp-json\/wp\/v2\/media\/5261"}],"wp:attachment":[{"href":"https:\/\/new.comverga.com\/int\/cs\/wp-json\/wp\/v2\/media?parent=656"}],"curies":[{"name":"wp","href":"https:\/\/api.w.org\/{rel}","templated":true}]}}