{"id":648,"date":"2020-12-15T12:44:05","date_gmt":"2020-12-15T11:44:05","guid":{"rendered":"https:\/\/www.comverga.com\/?page_id=648"},"modified":"2023-10-25T14:43:12","modified_gmt":"2023-10-25T14:43:12","slug":"network-operators","status":"publish","type":"page","link":"https:\/\/new.comverga.com\/int\/cs\/industries\/network-operators\/","title":{"rendered":"S\u00ed\u0165ov\u00ed oper\u00e1to\u0159i"},"content":{"rendered":"<div data-elementor-type=\"wp-page\" data-elementor-id=\"648\" class=\"elementor elementor-648\">\n\t\t\t\t\t\t\t\t\t<section class=\"elementor-section elementor-top-section elementor-element elementor-element-19a9fac8 elementor-section-boxed elementor-section-height-default elementor-section-height-default\" data-id=\"19a9fac8\" data-element_type=\"section\">\n\t\t\t\t\t\t<div class=\"elementor-container elementor-column-gap-default\">\n\t\t\t\t\t<div class=\"elementor-column elementor-col-100 elementor-top-column elementor-element elementor-element-48ca0cda\" data-id=\"48ca0cda\" data-element_type=\"column\">\n\t\t\t<div class=\"elementor-widget-wrap elementor-element-populated\">\n\t\t\t\t\t\t\t\t<div class=\"elementor-element elementor-element-4f4cb7a elementor-widget elementor-widget-text-editor\" data-id=\"4f4cb7a\" data-element_type=\"widget\" data-widget_type=\"text-editor.default\">\n\t\t\t\t<div class=\"elementor-widget-container\">\n\t\t\t<style>\/*! elementor - v3.18.0 - 20-12-2023 *\/\n.elementor-widget-text-editor.elementor-drop-cap-view-stacked .elementor-drop-cap{background-color:#69727d;color:#fff}.elementor-widget-text-editor.elementor-drop-cap-view-framed .elementor-drop-cap{color:#69727d;border:3px solid;background-color:transparent}.elementor-widget-text-editor:not(.elementor-drop-cap-view-default) .elementor-drop-cap{margin-top:8px}.elementor-widget-text-editor:not(.elementor-drop-cap-view-default) .elementor-drop-cap-letter{width:1em;height:1em}.elementor-widget-text-editor .elementor-drop-cap{float:left;text-align:center;line-height:1;font-size:50px}.elementor-widget-text-editor .elementor-drop-cap-letter{display:inline-block}<\/style>\t\t\t\t<!-- wp:paragraph -->\n<p class=\"translation-block\">S\u00ed\u0165ov\u00ed oper\u00e1to\u0159i jsou na\u0161imi kl\u00ed\u010dov\u00fdmi obchodn\u00edmi partnery. Budujeme spole\u010dn\u011b \u0159e\u0161en\u00ed \u0161it\u00e1 na m\u00edru jejich kl\u00ed\u010dov\u00fdm firemn\u00edm z\u00e1kazn\u00edk\u016fm a tak\u00e9 maloobchodn\u00ed slu\u017eby pro jejich maloobchodn\u00ed koncov\u00e9 u\u017eivatele. Na\u0161e dod\u00e1vka zahrnuje cel\u00fd \u017eivotn\u00ed cyklus slu\u017eby od poradenstv\u00ed p\u0159es implementaci a\u017e po provoz slu\u017eby.<\/p>\n<!-- \/wp:paragraph -->\n\n<!-- wp:paragraph -->\n<p class=\"translation-block\">Zam\u011b\u0159ujeme se na n\u00e1sleduj\u00edc\u00ed oblasti:<\/p>\n<!-- \/wp:paragraph -->\n\n<!-- wp:list -->\n<ul><li>Messagingov\u00e1 infrastruktura (SMS, RCS)<\/li><li>Platforma pro poskytov\u00e1n\u00ed slu\u017eeb (SDP \u2013 Service Delivery Platform)<\/li><li>Z\u00e1kaznick\u00e1 \u0159e\u0161en\u00ed pro firemn\u00ed klienty<\/li><li>SIM Management pro M2M \/ IoT \/ Cloud<\/li><li>MVNO \/ MVNE platforma a slu\u017eby<\/li><li>Velkoobchodn\u00ed agregace pro FTTx \/ Cable \/ 5G<\/li><li>Poradensk\u00e9 slu\u017eby<\/li><\/ul>\n<!-- \/wp:list -->\n\n<!-- wp:paragraph -->\n<p><strong>Vybran\u00ed partne\u0159i<\/strong> \u2013 O2, Vodafone, T-Mobile, Nordic Telecom<\/p>\n<!-- \/wp:paragraph -->\n\n<!-- wp:spacer {\"height\":33} -->\n<div style=\"height:33px\" aria-hidden=\"true\" class=\"wp-block-spacer\"><\/div>\n<!-- \/wp:spacer -->\n\n<!-- wp:paragraph -->\n<p><\/p>\n<!-- \/wp:paragraph -->\n\n<!-- wp:paragraph -->\n<p class=\"translation-block\">Nab\u00edz\u00edme tak\u00e9 na\u0161e \u0159e\u0161en\u00ed pro provozovatele soukrom\u00fdch s\u00edt\u00ed, jako jsou oper\u00e1to\u0159i GSM-R pro \u017eeleznice a provozovatel\u00e9 technologick\u00fdch s\u00edt\u00ed. Zde se soust\u0159ed\u00edme na n\u00e1sleduj\u00edc\u00ed \u0159e\u0161en\u00ed:<\/p>\n<!-- \/wp:paragraph -->\n\n<!-- wp:list -->\n<ul><li>Messagingov\u00e1 infrastruktura (SMSC, USSD, SS7)<\/li><li>SIM Management platforma<\/li><li>SDP \u2013 Platforma pro poskytov\u00e1n\u00ed slu\u017eeb<\/li><\/ul>\n<!-- \/wp:list -->\n\n<!-- wp:paragraph -->\n<p><strong>Vybran\u00ed partne\u0159i<\/strong> \u2013 \u010cesk\u00e9 dr\u00e1hy<\/p>\n<!-- \/wp:paragraph -->\t\t\t\t\t\t<\/div>\n\t\t\t\t<\/div>\n\t\t\t\t\t<\/div>\n\t\t<\/div>\n\t\t\t\t\t\t\t<\/div>\n\t\t<\/section>\n\t\t\t\t\t\t\t<\/div>","protected":false},"excerpt":{"rendered":"<p>S\u00ed\u0165ov\u00ed oper\u00e1to\u0159i jsou na\u0161imi kl\u00ed\u010dov\u00fdmi obchodn\u00edmi partnery. Spole\u010dn\u011b budujeme \u0159e\u0161en\u00ed na m\u00edru pro jejich kl\u00ed\u010dov\u00e9 firemn\u00ed z\u00e1kazn\u00edky i maloobchodn\u00ed slu\u017eby\u2026<\/p>","protected":false},"author":1,"featured_media":5256,"parent":342,"menu_order":0,"comment_status":"closed","ping_status":"closed","template":"","meta":{"footnotes":""},"_links":{"self":[{"href":"https:\/\/new.comverga.com\/int\/cs\/wp-json\/wp\/v2\/pages\/648"}],"collection":[{"href":"https:\/\/new.comverga.com\/int\/cs\/wp-json\/wp\/v2\/pages"}],"about":[{"href":"https:\/\/new.comverga.com\/int\/cs\/wp-json\/wp\/v2\/types\/page"}],"author":[{"embeddable":true,"href":"https:\/\/new.comverga.com\/int\/cs\/wp-json\/wp\/v2\/users\/1"}],"replies":[{"embeddable":true,"href":"https:\/\/new.comverga.com\/int\/cs\/wp-json\/wp\/v2\/comments?post=648"}],"version-history":[{"count":0,"href":"https:\/\/new.comverga.com\/int\/cs\/wp-json\/wp\/v2\/pages\/648\/revisions"}],"up":[{"embeddable":true,"href":"https:\/\/new.comverga.com\/int\/cs\/wp-json\/wp\/v2\/pages\/342"}],"wp:featuredmedia":[{"embeddable":true,"href":"https:\/\/new.comverga.com\/int\/cs\/wp-json\/wp\/v2\/media\/5256"}],"wp:attachment":[{"href":"https:\/\/new.comverga.com\/int\/cs\/wp-json\/wp\/v2\/media?parent=648"}],"curies":[{"name":"wp","href":"https:\/\/api.w.org\/{rel}","templated":true}]}}