{"id":386,"date":"2020-11-25T15:26:39","date_gmt":"2020-11-25T14:26:39","guid":{"rendered":"https:\/\/www.comverga.com\/?page_id=386"},"modified":"2020-11-25T15:26:39","modified_gmt":"2020-11-25T14:26:39","slug":"mission","status":"publish","type":"page","link":"https:\/\/new.comverga.com\/int\/cs\/mission\/","title":{"rendered":"Mise"},"content":{"rendered":"<div data-elementor-type=\"wp-page\" data-elementor-id=\"386\" class=\"elementor elementor-386\">\n\t\t\t\t\t\t\t\t\t<section class=\"elementor-section elementor-top-section elementor-element elementor-element-4b3b3aa9 elementor-section-boxed elementor-section-height-default elementor-section-height-default\" data-id=\"4b3b3aa9\" data-element_type=\"section\">\n\t\t\t\t\t\t<div class=\"elementor-container elementor-column-gap-default\">\n\t\t\t\t\t<div class=\"elementor-column elementor-col-100 elementor-top-column elementor-element elementor-element-6a73f768\" data-id=\"6a73f768\" data-element_type=\"column\">\n\t\t\t<div class=\"elementor-widget-wrap elementor-element-populated\">\n\t\t\t\t\t\t\t\t<div class=\"elementor-element elementor-element-69957a49 elementor-widget elementor-widget-text-editor\" data-id=\"69957a49\" data-element_type=\"widget\" data-widget_type=\"text-editor.default\">\n\t\t\t\t<div class=\"elementor-widget-container\">\n\t\t\t<style>\/*! elementor - v3.18.0 - 20-12-2023 *\/\n.elementor-widget-text-editor.elementor-drop-cap-view-stacked .elementor-drop-cap{background-color:#69727d;color:#fff}.elementor-widget-text-editor.elementor-drop-cap-view-framed .elementor-drop-cap{color:#69727d;border:3px solid;background-color:transparent}.elementor-widget-text-editor:not(.elementor-drop-cap-view-default) .elementor-drop-cap{margin-top:8px}.elementor-widget-text-editor:not(.elementor-drop-cap-view-default) .elementor-drop-cap-letter{width:1em;height:1em}.elementor-widget-text-editor .elementor-drop-cap{float:left;text-align:center;line-height:1;font-size:50px}.elementor-widget-text-editor .elementor-drop-cap-letter{display:inline-block}<\/style>\t\t\t\t<!-- wp:paragraph -->\n<p class=\"translation-block\">Jsme stabiln\u00ed rodinn\u00e1 spole\u010dnost, st\u00e1le se rozv\u00edj\u00edme a sledujeme nov\u00e9 trendy, abychom byli vedouc\u00edm dodavatelem modern\u00edch telekomunika\u010dn\u00edch slu\u017eeb. Na\u0161\u00edm c\u00edlem je b\u00fdt pro z\u00e1kazn\u00edka preferovan\u00fdm partnerem v komunikac\u00edch. Skrze kvalitu slu\u017eeb a hled\u00e1n\u00ed spole\u010dn\u00fdch \u0159e\u0161en\u00ed chceme budovat vedouc\u00ed pozici mezi evropsk\u00fdmi spole\u010dnostmi na komunika\u010dn\u00edm a IT trhu s glob\u00e1ln\u00edm z\u00e1sahem.<\/p>\n<!-- \/wp:paragraph -->\n\n<!-- wp:paragraph -->\n<p class=\"translation-block\">Reagujeme pru\u017en\u011b na pot\u0159eby na\u0161ich klient\u016f a nab\u00edz\u00edme jim n\u00e1kladov\u011b i funk\u010dn\u011b optim\u00e1ln\u00ed \u0159e\u0161en\u00ed. Chceme b\u00fdt partnerem, kter\u00fd usnad\u0148uje pr\u00e1ci, zlep\u0161uje chod spole\u010dnosti a umo\u017e\u0148uje rozvoj nov\u00fdch obchodn\u00edch model\u016f pomoc\u00ed modern\u00edch a pokro\u010dil\u00fdch komunika\u010dn\u00edch technologi\u00ed. Klademe vysok\u00fd d\u016fraz na etick\u00fd aspekt podnik\u00e1n\u00ed se zvl\u00e1\u0161tn\u00ed pozornost\u00ed k respektu k druh\u00e9 osob\u011b \u2013 z\u00e1kazn\u00edkovi, partnerovi i dodavateli.<\/p>\n<!-- \/wp:paragraph -->\t\t\t\t\t\t<\/div>\n\t\t\t\t<\/div>\n\t\t\t\t\t<\/div>\n\t\t<\/div>\n\t\t\t\t\t\t\t<\/div>\n\t\t<\/section>\n\t\t\t\t\t\t\t<\/div>","protected":false},"excerpt":{"rendered":"<p>We are a stable family-owned company, we are constantly evolving and following new trends to be a leading supplier of modern telecommunications services. Our goal is to be the customer&#8217;s preferred partner in communications. Through the quality of services and the search for common solutions, we want to build a leading position among European companies [&hellip;]<\/p>","protected":false},"author":1,"featured_media":145,"parent":0,"menu_order":0,"comment_status":"closed","ping_status":"closed","template":"","meta":{"footnotes":""},"_links":{"self":[{"href":"https:\/\/new.comverga.com\/int\/cs\/wp-json\/wp\/v2\/pages\/386"}],"collection":[{"href":"https:\/\/new.comverga.com\/int\/cs\/wp-json\/wp\/v2\/pages"}],"about":[{"href":"https:\/\/new.comverga.com\/int\/cs\/wp-json\/wp\/v2\/types\/page"}],"author":[{"embeddable":true,"href":"https:\/\/new.comverga.com\/int\/cs\/wp-json\/wp\/v2\/users\/1"}],"replies":[{"embeddable":true,"href":"https:\/\/new.comverga.com\/int\/cs\/wp-json\/wp\/v2\/comments?post=386"}],"version-history":[{"count":0,"href":"https:\/\/new.comverga.com\/int\/cs\/wp-json\/wp\/v2\/pages\/386\/revisions"}],"wp:featuredmedia":[{"embeddable":true,"href":"https:\/\/new.comverga.com\/int\/cs\/wp-json\/wp\/v2\/media\/145"}],"wp:attachment":[{"href":"https:\/\/new.comverga.com\/int\/cs\/wp-json\/wp\/v2\/media?parent=386"}],"curies":[{"name":"wp","href":"https:\/\/api.w.org\/{rel}","templated":true}]}}