{"id":3239,"date":"2023-04-21T12:01:07","date_gmt":"2023-04-21T10:01:07","guid":{"rendered":"https:\/\/www.comverga.com\/?page_id=3239"},"modified":"2023-12-13T10:58:00","modified_gmt":"2023-12-13T10:58:00","slug":"detail-of-rcs","status":"publish","type":"page","link":"https:\/\/new.comverga.com\/int\/cs\/services\/sms-messaging-services\/rcs-business-messaging\/detail-of-rcs\/","title":{"rendered":"Detail RCS"},"content":{"rendered":"<div data-elementor-type=\"wp-page\" data-elementor-id=\"3239\" class=\"elementor elementor-3239\">\n\t\t\t\t\t\t\t\t\t<section class=\"elementor-section elementor-top-section elementor-element elementor-element-4bb399f elementor-section-boxed elementor-section-height-default elementor-section-height-default\" data-id=\"4bb399f\" data-element_type=\"section\">\n\t\t\t\t\t\t<div class=\"elementor-container elementor-column-gap-default\">\n\t\t\t\t\t<div class=\"elementor-column elementor-col-100 elementor-top-column elementor-element elementor-element-5fc5d37f\" data-id=\"5fc5d37f\" data-element_type=\"column\">\n\t\t\t<div class=\"elementor-widget-wrap elementor-element-populated\">\n\t\t\t\t\t\t\t\t<div class=\"elementor-element elementor-element-3971f0e1 detail-heading elementor-widget elementor-widget-heading\" data-id=\"3971f0e1\" data-element_type=\"widget\" data-widget_type=\"heading.default\">\n\t\t\t\t<div class=\"elementor-widget-container\">\n\t\t\t<style>\/*! elementor - v3.18.0 - 20-12-2023 *\/\n.elementor-heading-title{padding:0;margin:0;line-height:1}.elementor-widget-heading .elementor-heading-title[class*=elementor-size-]>a{color:inherit;font-size:inherit;line-height:inherit}.elementor-widget-heading .elementor-heading-title.elementor-size-small{font-size:15px}.elementor-widget-heading .elementor-heading-title.elementor-size-medium{font-size:19px}.elementor-widget-heading .elementor-heading-title.elementor-size-large{font-size:29px}.elementor-widget-heading .elementor-heading-title.elementor-size-xl{font-size:39px}.elementor-widget-heading .elementor-heading-title.elementor-size-xxl{font-size:59px}<\/style><h1 class=\"elementor-heading-title elementor-size-default\">RCS &amp; Business Messaging<\/h1>\t\t<\/div>\n\t\t\t\t<\/div>\n\t\t\t\t<div class=\"elementor-element elementor-element-75f6e845 detail-heading elementor-widget elementor-widget-heading\" data-id=\"75f6e845\" data-element_type=\"widget\" data-widget_type=\"heading.default\">\n\t\t\t\t<div class=\"elementor-widget-container\">\n\t\t\t<h3 class=\"elementor-heading-title elementor-size-default\">Detail slu\u017eby<\/h3>\t\t<\/div>\n\t\t\t\t<\/div>\n\t\t\t\t\t<\/div>\n\t\t<\/div>\n\t\t\t\t\t\t\t<\/div>\n\t\t<\/section>\n\t\t\t\t<section class=\"elementor-section elementor-top-section elementor-element elementor-element-2ac89ac3 elementor-section-boxed elementor-section-height-default elementor-section-height-default\" data-id=\"2ac89ac3\" data-element_type=\"section\">\n\t\t\t\t\t\t<div class=\"elementor-container elementor-column-gap-default\">\n\t\t\t\t\t<div class=\"elementor-column elementor-col-50 elementor-top-column elementor-element elementor-element-7bece64d\" data-id=\"7bece64d\" data-element_type=\"column\">\n\t\t\t<div class=\"elementor-widget-wrap elementor-element-populated\">\n\t\t\t\t\t\t\t\t<div class=\"elementor-element elementor-element-7557da78 elementor-widget elementor-widget-text-editor\" data-id=\"7557da78\" data-element_type=\"widget\" data-widget_type=\"text-editor.default\">\n\t\t\t\t<div class=\"elementor-widget-container\">\n\t\t\t<style>\/*! elementor - v3.18.0 - 20-12-2023 *\/\n.elementor-widget-text-editor.elementor-drop-cap-view-stacked .elementor-drop-cap{background-color:#69727d;color:#fff}.elementor-widget-text-editor.elementor-drop-cap-view-framed .elementor-drop-cap{color:#69727d;border:3px solid;background-color:transparent}.elementor-widget-text-editor:not(.elementor-drop-cap-view-default) .elementor-drop-cap{margin-top:8px}.elementor-widget-text-editor:not(.elementor-drop-cap-view-default) .elementor-drop-cap-letter{width:1em;height:1em}.elementor-widget-text-editor .elementor-drop-cap{float:left;text-align:center;line-height:1;font-size:50px}.elementor-widget-text-editor .elementor-drop-cap-letter{display:inline-block}<\/style>\t\t\t\t<h3 style=\"margin-top: 0;\"><strong>Z\u00e1kladn\u00ed principy<\/strong><\/h3><p class=\"s19 translation-block\">RCS umo\u017e\u0148uje multimedi\u00e1ln\u00ed obousm\u011brnou komunikaci mezi za\u0159\u00edzen\u00edmi, kter\u00e9 maj\u00ed slu\u017ebu RCS aktivn\u00ed. Nen\u00ed t\u0159eba instalovat \u017e\u00e1dnou speci\u00e1ln\u00ed aplikaci, RCS je nativn\u00ed sou\u010d\u00e1st\u00ed Android OS. Z\u00e1kazn\u00edk tak vid\u00ed konverzaci p\u0159\u00edmo v\u00a0aplikaci zpr\u00e1vy spole\u010dn\u011b s\u00a0SMS. RCS podporuje funkce jako jsou skupinov\u00e9 konverzace, indikace psan\u00ed, p\u0159e\u010dten\u00ed zpr\u00e1vy a hlasov\u00e9 hovory, stejn\u011b jako p\u0159enos soubor\u016f a\u017e do velikosti 100 MB. RCS tak\u00e9 umo\u017e\u0148uje u\u017eivatel\u016fm vid\u011bt, kdy jsou jejich kontakty online, podobn\u011b jako u instant messaging aplikac\u00ed.<\/p>\t\t\t\t\t\t<\/div>\n\t\t\t\t<\/div>\n\t\t\t\t\t<\/div>\n\t\t<\/div>\n\t\t\t\t<div class=\"elementor-column elementor-col-50 elementor-top-column elementor-element elementor-element-aea6d25\" data-id=\"aea6d25\" data-element_type=\"column\" data-settings=\"{&quot;background_background&quot;:&quot;classic&quot;}\">\n\t\t\t<div class=\"elementor-widget-wrap elementor-element-populated\">\n\t\t\t\t\t\t\t\t<div class=\"elementor-element elementor-element-666ee358 elementor-widget elementor-widget-image\" data-id=\"666ee358\" data-element_type=\"widget\" data-widget_type=\"image.default\">\n\t\t\t\t<div class=\"elementor-widget-container\">\n\t\t\t<style>\/*! elementor - v3.18.0 - 20-12-2023 *\/\n.elementor-widget-image{text-align:center}.elementor-widget-image a{display:inline-block}.elementor-widget-image a img[src$=\".svg\"]{width:48px}.elementor-widget-image img{vertical-align:middle;display:inline-block}<\/style>\t\t\t\t\t\t\t\t\t\t\t\t<img fetchpriority=\"high\" decoding=\"async\" width=\"580\" height=\"387\" src=\"https:\/\/new.comverga.com\/int\/wp-content\/uploads\/sites\/5\/2023\/04\/principles-768x513.jpg\" class=\"attachment-medium_large size-medium_large wp-image-3241\" alt=\"\" srcset=\"https:\/\/new.comverga.com\/int\/wp-content\/uploads\/sites\/5\/2023\/04\/principles-768x513.jpg 768w, https:\/\/new.comverga.com\/int\/wp-content\/uploads\/sites\/5\/2023\/04\/principles-300x200.jpg 300w, https:\/\/new.comverga.com\/int\/wp-content\/uploads\/sites\/5\/2023\/04\/principles-18x12.jpg 18w, https:\/\/new.comverga.com\/int\/wp-content\/uploads\/sites\/5\/2023\/04\/principles.jpg 1000w\" sizes=\"(max-width: 580px) 100vw, 580px\" \/>\t\t\t\t\t\t\t\t\t\t\t\t\t\t\t<\/div>\n\t\t\t\t<\/div>\n\t\t\t\t\t<\/div>\n\t\t<\/div>\n\t\t\t\t\t\t\t<\/div>\n\t\t<\/section>\n\t\t\t\t<section class=\"elementor-section elementor-top-section elementor-element elementor-element-45abc7d9 elementor-section-boxed elementor-section-height-default elementor-section-height-default\" data-id=\"45abc7d9\" data-element_type=\"section\">\n\t\t\t\t\t\t<div class=\"elementor-container elementor-column-gap-default\">\n\t\t\t\t\t<div class=\"elementor-column elementor-col-100 elementor-top-column elementor-element elementor-element-7e210319\" data-id=\"7e210319\" data-element_type=\"column\">\n\t\t\t<div class=\"elementor-widget-wrap elementor-element-populated\">\n\t\t\t\t\t\t\t\t<div class=\"elementor-element elementor-element-7c96ff5c elementor-widget-divider--view-line elementor-widget elementor-widget-divider\" data-id=\"7c96ff5c\" data-element_type=\"widget\" data-widget_type=\"divider.default\">\n\t\t\t\t<div class=\"elementor-widget-container\">\n\t\t\t<style>\/*! elementor - v3.18.0 - 20-12-2023 *\/\n.elementor-widget-divider{--divider-border-style:none;--divider-border-width:1px;--divider-color:#0c0d0e;--divider-icon-size:20px;--divider-element-spacing:10px;--divider-pattern-height:24px;--divider-pattern-size:20px;--divider-pattern-url:none;--divider-pattern-repeat:repeat-x}.elementor-widget-divider .elementor-divider{display:flex}.elementor-widget-divider .elementor-divider__text{font-size:15px;line-height:1;max-width:95%}.elementor-widget-divider .elementor-divider__element{margin:0 var(--divider-element-spacing);flex-shrink:0}.elementor-widget-divider .elementor-icon{font-size:var(--divider-icon-size)}.elementor-widget-divider .elementor-divider-separator{display:flex;margin:0;direction:ltr}.elementor-widget-divider--view-line_icon .elementor-divider-separator,.elementor-widget-divider--view-line_text .elementor-divider-separator{align-items:center}.elementor-widget-divider--view-line_icon .elementor-divider-separator:after,.elementor-widget-divider--view-line_icon .elementor-divider-separator:before,.elementor-widget-divider--view-line_text .elementor-divider-separator:after,.elementor-widget-divider--view-line_text .elementor-divider-separator:before{display:block;content:\"\";border-bottom:0;flex-grow:1;border-top:var(--divider-border-width) var(--divider-border-style) var(--divider-color)}.elementor-widget-divider--element-align-left .elementor-divider .elementor-divider-separator>.elementor-divider__svg:first-of-type{flex-grow:0;flex-shrink:100}.elementor-widget-divider--element-align-left .elementor-divider-separator:before{content:none}.elementor-widget-divider--element-align-left .elementor-divider__element{margin-left:0}.elementor-widget-divider--element-align-right .elementor-divider .elementor-divider-separator>.elementor-divider__svg:last-of-type{flex-grow:0;flex-shrink:100}.elementor-widget-divider--element-align-right .elementor-divider-separator:after{content:none}.elementor-widget-divider--element-align-right .elementor-divider__element{margin-right:0}.elementor-widget-divider:not(.elementor-widget-divider--view-line_text):not(.elementor-widget-divider--view-line_icon) .elementor-divider-separator{border-top:var(--divider-border-width) var(--divider-border-style) var(--divider-color)}.elementor-widget-divider--separator-type-pattern{--divider-border-style:none}.elementor-widget-divider--separator-type-pattern.elementor-widget-divider--view-line .elementor-divider-separator,.elementor-widget-divider--separator-type-pattern:not(.elementor-widget-divider--view-line) .elementor-divider-separator:after,.elementor-widget-divider--separator-type-pattern:not(.elementor-widget-divider--view-line) .elementor-divider-separator:before,.elementor-widget-divider--separator-type-pattern:not([class*=elementor-widget-divider--view]) .elementor-divider-separator{width:100%;min-height:var(--divider-pattern-height);-webkit-mask-size:var(--divider-pattern-size) 100%;mask-size:var(--divider-pattern-size) 100%;-webkit-mask-repeat:var(--divider-pattern-repeat);mask-repeat:var(--divider-pattern-repeat);background-color:var(--divider-color);-webkit-mask-image:var(--divider-pattern-url);mask-image:var(--divider-pattern-url)}.elementor-widget-divider--no-spacing{--divider-pattern-size:auto}.elementor-widget-divider--bg-round{--divider-pattern-repeat:round}.rtl .elementor-widget-divider .elementor-divider__text{direction:rtl}.e-con-inner>.elementor-widget-divider,.e-con>.elementor-widget-divider{width:var(--container-widget-width,100%);--flex-grow:var(--container-widget-flex-grow)}<\/style>\t\t<div class=\"elementor-divider\">\n\t\t\t<span class=\"elementor-divider-separator\">\n\t\t\t\t\t\t<\/span>\n\t\t<\/div>\n\t\t\t\t<\/div>\n\t\t\t\t<\/div>\n\t\t\t\t\t<\/div>\n\t\t<\/div>\n\t\t\t\t\t\t\t<\/div>\n\t\t<\/section>\n\t\t\t\t<section class=\"elementor-section elementor-top-section elementor-element elementor-element-5121ac5f elementor-section-boxed elementor-section-height-default elementor-section-height-default\" data-id=\"5121ac5f\" data-element_type=\"section\">\n\t\t\t\t\t\t<div class=\"elementor-container elementor-column-gap-default\">\n\t\t\t\t\t<div class=\"elementor-column elementor-col-50 elementor-top-column elementor-element elementor-element-181586eb\" data-id=\"181586eb\" data-element_type=\"column\">\n\t\t\t<div class=\"elementor-widget-wrap elementor-element-populated\">\n\t\t\t\t\t\t\t\t<div class=\"elementor-element elementor-element-4d7d4c4 elementor-widget elementor-widget-image\" data-id=\"4d7d4c4\" data-element_type=\"widget\" data-widget_type=\"image.default\">\n\t\t\t\t<div class=\"elementor-widget-container\">\n\t\t\t\t\t\t\t\t\t\t\t\t\t\t\t<img decoding=\"async\" width=\"500\" height=\"333\" src=\"https:\/\/new.comverga.com\/int\/wp-content\/uploads\/sites\/5\/2023\/04\/communications.png\" class=\"attachment-medium_large size-medium_large wp-image-3242\" alt=\"\" srcset=\"https:\/\/new.comverga.com\/int\/wp-content\/uploads\/sites\/5\/2023\/04\/communications.png 500w, https:\/\/new.comverga.com\/int\/wp-content\/uploads\/sites\/5\/2023\/04\/communications-300x200.png 300w, https:\/\/new.comverga.com\/int\/wp-content\/uploads\/sites\/5\/2023\/04\/communications-18x12.png 18w\" sizes=\"(max-width: 500px) 100vw, 500px\" \/>\t\t\t\t\t\t\t\t\t\t\t\t\t\t\t<\/div>\n\t\t\t\t<\/div>\n\t\t\t\t\t<\/div>\n\t\t<\/div>\n\t\t\t\t<div class=\"elementor-column elementor-col-50 elementor-top-column elementor-element elementor-element-7986873e\" data-id=\"7986873e\" data-element_type=\"column\">\n\t\t\t<div class=\"elementor-widget-wrap elementor-element-populated\">\n\t\t\t\t\t\t\t\t<div class=\"elementor-element elementor-element-63d5e40a elementor-widget elementor-widget-text-editor\" data-id=\"63d5e40a\" data-element_type=\"widget\" data-widget_type=\"text-editor.default\">\n\t\t\t\t<div class=\"elementor-widget-container\">\n\t\t\t\t\t\t\t<h3 style=\"margin-top: 0px; text-align: left;\"><strong>Mo\u017enosti komunikace<\/strong><\/h3><ul><li>Zas\u00edl\u00e1n\u00ed k\u00f3d\u016f, hlasov\u00e1n\u00ed<\/li><li>Media (videa, obr\u00e1zky, nahr\u00e1vky, mapy, soubory)<\/li><li>Nab\u00eddka produkt\u016f<\/li><li>Skupinov\u00fd chat, adres\u00e1\u0159e, skupiny<\/li><li>Zad\u00e1n\u00ed polohy, telefonn\u00edho \u010d\u00edsla<\/li><li>Platby a dal\u0161\u00ed<\/li><\/ul>\t\t\t\t\t\t<\/div>\n\t\t\t\t<\/div>\n\t\t\t\t\t<\/div>\n\t\t<\/div>\n\t\t\t\t\t\t\t<\/div>\n\t\t<\/section>\n\t\t\t\t<section class=\"elementor-section elementor-top-section elementor-element elementor-element-2c379591 elementor-section-boxed elementor-section-height-default elementor-section-height-default\" data-id=\"2c379591\" data-element_type=\"section\">\n\t\t\t\t\t\t<div class=\"elementor-container elementor-column-gap-default\">\n\t\t\t\t\t<div class=\"elementor-column elementor-col-50 elementor-top-column elementor-element elementor-element-556be510\" data-id=\"556be510\" data-element_type=\"column\">\n\t\t\t<div class=\"elementor-widget-wrap elementor-element-populated\">\n\t\t\t\t\t\t\t\t<div class=\"elementor-element elementor-element-ae35926 elementor-widget elementor-widget-text-editor\" data-id=\"ae35926\" data-element_type=\"widget\" data-widget_type=\"text-editor.default\">\n\t\t\t\t<div class=\"elementor-widget-container\">\n\t\t\t\t\t\t\t<h3 style=\"margin-top: 0;\"><strong>RCS Business Messaging<\/strong><\/h3>\n<p class=\"translation-block\">COMVERGA RBM \u0159e\u0161en\u00ed poskytuje firm\u00e1m bezpe\u010dn\u011bj\u0161\u00ed a cenov\u011b efektivn\u011bj\u0161\u00ed zp\u016fsob komunikace. Pom\u00e1h\u00e1 budovat siln\u011bj\u0161\u00ed pov\u011bdom\u00ed o zna\u010dce a z\u00e1kaznickou loajalitu. N\u011bkter\u00e9 z v\u00fdhod COMVERGA RBM zahrnuj\u00ed:<\/p>\n<ul>\n<li>Vyu\u017eit\u00ed standardu pro business komunikaci<\/li>\n<li>Atraktivn\u00ed zp\u016fsob komunikace se z\u00e1kazn\u00edkem<\/li>\n<li>Propojen\u00ed s intern\u00edmi syst\u00e9my (CRM, ERP a dal\u0161\u00ed)<\/li>\n<li>Budov\u00e1n\u00ed z\u00e1kaznick\u00e9 b\u00e1ze a targeting kampan\u00ed<\/li>\n<li>N\u00e1stroj pro podporu v\u011brnosti z\u00e1kazn\u00edka<\/li>\n<li>Rychl\u00e1 a efektivn\u00ed z\u00e1kaznick\u00e1 p\u00e9\u010de<\/li>\n<\/ul>\t\t\t\t\t\t<\/div>\n\t\t\t\t<\/div>\n\t\t\t\t\t<\/div>\n\t\t<\/div>\n\t\t\t\t<div class=\"elementor-column elementor-col-50 elementor-top-column elementor-element elementor-element-661f72dc\" data-id=\"661f72dc\" data-element_type=\"column\">\n\t\t\t<div class=\"elementor-widget-wrap elementor-element-populated\">\n\t\t\t\t\t\t\t\t<div class=\"elementor-element elementor-element-3c685c70 elementor-widget elementor-widget-image\" data-id=\"3c685c70\" data-element_type=\"widget\" data-widget_type=\"image.default\">\n\t\t\t\t<div class=\"elementor-widget-container\">\n\t\t\t\t\t\t\t\t\t\t\t\t\t\t\t<img decoding=\"async\" width=\"580\" height=\"377\" src=\"https:\/\/new.comverga.com\/int\/wp-content\/uploads\/sites\/5\/2023\/04\/rcs-message-768x499.png\" class=\"attachment-medium_large size-medium_large wp-image-3243\" alt=\"\" srcset=\"https:\/\/new.comverga.com\/int\/wp-content\/uploads\/sites\/5\/2023\/04\/rcs-message-768x499.png 768w, https:\/\/new.comverga.com\/int\/wp-content\/uploads\/sites\/5\/2023\/04\/rcs-message-300x195.png 300w, https:\/\/new.comverga.com\/int\/wp-content\/uploads\/sites\/5\/2023\/04\/rcs-message-1024x666.png 1024w, https:\/\/new.comverga.com\/int\/wp-content\/uploads\/sites\/5\/2023\/04\/rcs-message-18x12.png 18w, https:\/\/new.comverga.com\/int\/wp-content\/uploads\/sites\/5\/2023\/04\/rcs-message-1200x780.png 1200w, https:\/\/new.comverga.com\/int\/wp-content\/uploads\/sites\/5\/2023\/04\/rcs-message.png 1280w\" sizes=\"(max-width: 580px) 100vw, 580px\" \/>\t\t\t\t\t\t\t\t\t\t\t\t\t\t\t<\/div>\n\t\t\t\t<\/div>\n\t\t\t\t\t<\/div>\n\t\t<\/div>\n\t\t\t\t\t\t\t<\/div>\n\t\t<\/section>\n\t\t\t\t<section class=\"elementor-section elementor-top-section elementor-element elementor-element-5b7ac7a4 elementor-section-boxed elementor-section-height-default elementor-section-height-default\" data-id=\"5b7ac7a4\" data-element_type=\"section\">\n\t\t\t\t\t\t<div class=\"elementor-container elementor-column-gap-default\">\n\t\t\t\t\t<div class=\"elementor-column elementor-col-50 elementor-top-column elementor-element elementor-element-408bc411\" data-id=\"408bc411\" data-element_type=\"column\">\n\t\t\t<div class=\"elementor-widget-wrap elementor-element-populated\">\n\t\t\t\t\t\t\t\t<div class=\"elementor-element elementor-element-502663ad elementor-widget elementor-widget-image\" data-id=\"502663ad\" data-element_type=\"widget\" data-widget_type=\"image.default\">\n\t\t\t\t<div class=\"elementor-widget-container\">\n\t\t\t\t\t\t\t\t\t\t\t\t\t\t\t<img loading=\"lazy\" decoding=\"async\" width=\"580\" height=\"326\" src=\"https:\/\/new.comverga.com\/int\/wp-content\/uploads\/sites\/5\/2023\/04\/functionalities-768x432.jpg\" class=\"attachment-medium_large size-medium_large wp-image-3244\" alt=\"\" srcset=\"https:\/\/new.comverga.com\/int\/wp-content\/uploads\/sites\/5\/2023\/04\/functionalities-768x432.jpg 768w, https:\/\/new.comverga.com\/int\/wp-content\/uploads\/sites\/5\/2023\/04\/functionalities-300x169.jpg 300w, https:\/\/new.comverga.com\/int\/wp-content\/uploads\/sites\/5\/2023\/04\/functionalities-1024x576.jpg 1024w, https:\/\/new.comverga.com\/int\/wp-content\/uploads\/sites\/5\/2023\/04\/functionalities-18x10.jpg 18w, https:\/\/new.comverga.com\/int\/wp-content\/uploads\/sites\/5\/2023\/04\/functionalities-1200x675.jpg 1200w, https:\/\/new.comverga.com\/int\/wp-content\/uploads\/sites\/5\/2023\/04\/functionalities.jpg 1400w\" sizes=\"(max-width: 580px) 100vw, 580px\" \/>\t\t\t\t\t\t\t\t\t\t\t\t\t\t\t<\/div>\n\t\t\t\t<\/div>\n\t\t\t\t\t<\/div>\n\t\t<\/div>\n\t\t\t\t<div class=\"elementor-column elementor-col-50 elementor-top-column elementor-element elementor-element-1ae355a1\" data-id=\"1ae355a1\" data-element_type=\"column\">\n\t\t\t<div class=\"elementor-widget-wrap elementor-element-populated\">\n\t\t\t\t\t\t\t\t<div class=\"elementor-element elementor-element-471f6a32 elementor-widget elementor-widget-text-editor\" data-id=\"471f6a32\" data-element_type=\"widget\" data-widget_type=\"text-editor.default\">\n\t\t\t\t<div class=\"elementor-widget-container\">\n\t\t\t\t\t\t\t<h3 style=\"margin-top: 0;\"><strong>Z\u00e1kladn\u00ed funkcionality<\/strong><\/h3><p class=\"translation-block\">COMVERGA RCS je pln\u011b integrov\u00e1no do SDP platformy a nab\u00edz\u00ed jak u\u017eivatelsky jednoduch\u00fd p\u0159\u00edstup, tak tak\u00e9 pokro\u010dilou spr\u00e1vu s mo\u017enost\u00ed dialog\u016f a napojen\u00ed na DialogFlow. Mezi z\u00e1kladn\u00ed funkcionality pat\u0159\u00ed:<\/p><ul><li>Ov\u011b\u0159en\u00fd odes\u00edlatel \u2013 zv\u00fd\u0161en\u00ed bezpe\u010dnosti<\/li><li>Mo\u017enost brandingu slu\u017eby<\/li><li>V\u00fdhoda multimedi\u00e1ln\u00edho obsahu<\/li><li>QR k\u00f3d pro objedn\u00e1vky, \u010derp\u00e1n\u00ed, trackov\u00e1n\u00ed a dal\u0161\u00ed<\/li><li>Informace o doru\u010den\u00ed a p\u0159e\u010dten\u00ed<\/li><li>Reak\u010dn\u00ed tla\u010d\u00edtka (kalend\u00e1\u0159, mapa, URL a dal\u0161\u00ed)<\/li><\/ul>\t\t\t\t\t\t<\/div>\n\t\t\t\t<\/div>\n\t\t\t\t\t<\/div>\n\t\t<\/div>\n\t\t\t\t\t\t\t<\/div>\n\t\t<\/section>\n\t\t\t\t<section class=\"elementor-section elementor-top-section elementor-element elementor-element-369788c elementor-section-boxed elementor-section-height-default elementor-section-height-default\" data-id=\"369788c\" data-element_type=\"section\">\n\t\t\t\t\t\t<div class=\"elementor-container elementor-column-gap-default\">\n\t\t\t\t\t<div class=\"elementor-column elementor-col-50 elementor-top-column elementor-element elementor-element-c0be58e\" data-id=\"c0be58e\" data-element_type=\"column\">\n\t\t\t<div class=\"elementor-widget-wrap elementor-element-populated\">\n\t\t\t\t\t\t\t\t<div class=\"elementor-element elementor-element-687a2bee elementor-widget elementor-widget-text-editor\" data-id=\"687a2bee\" data-element_type=\"widget\" data-widget_type=\"text-editor.default\">\n\t\t\t\t<div class=\"elementor-widget-container\">\n\t\t\t\t\t\t\t<h3 style=\"margin-top: 0;\"><strong>Mo\u017enosti vyu\u017eit\u00ed<\/strong><\/h3><p class=\"translation-block\">COMVERGA RCS je vyu\u017e\u00edv\u00e1no Premium partnery\nk n\u00e1sleduj\u00edc\u00edm akc\u00edm:<\/p><ul><li>Marketingov\u00e9 kampan\u011b<\/li><li>Prodej<\/li><li>Kompletn\u00ed objedn\u00e1vkov\u00fd proces<\/li><li>Akvizice<\/li><li>Autorizace<\/li><li>Z\u00e1kaznick\u00e1 p\u00e9\u010de<\/li><li>P\u0159ipom\u00ednky a upozorn\u011bn\u00ed<\/li><li>Ticketing<\/li><\/ul>\t\t\t\t\t\t<\/div>\n\t\t\t\t<\/div>\n\t\t\t\t\t<\/div>\n\t\t<\/div>\n\t\t\t\t<div class=\"elementor-column elementor-col-50 elementor-top-column elementor-element elementor-element-3856fb85\" data-id=\"3856fb85\" data-element_type=\"column\">\n\t\t\t<div class=\"elementor-widget-wrap elementor-element-populated\">\n\t\t\t\t\t\t\t\t<div class=\"elementor-element elementor-element-6edea3b0 elementor-widget elementor-widget-image\" data-id=\"6edea3b0\" data-element_type=\"widget\" data-widget_type=\"image.default\">\n\t\t\t\t<div class=\"elementor-widget-container\">\n\t\t\t\t\t\t\t\t\t\t\t\t\t\t\t<img loading=\"lazy\" decoding=\"async\" width=\"580\" height=\"422\" src=\"https:\/\/new.comverga.com\/int\/wp-content\/uploads\/sites\/5\/2023\/04\/usage.png\" class=\"attachment-medium_large size-medium_large wp-image-3245\" alt=\"\" srcset=\"https:\/\/new.comverga.com\/int\/wp-content\/uploads\/sites\/5\/2023\/04\/usage.png 681w, https:\/\/new.comverga.com\/int\/wp-content\/uploads\/sites\/5\/2023\/04\/usage-300x218.png 300w, https:\/\/new.comverga.com\/int\/wp-content\/uploads\/sites\/5\/2023\/04\/usage-18x12.png 18w\" sizes=\"(max-width: 580px) 100vw, 580px\" \/>\t\t\t\t\t\t\t\t\t\t\t\t\t\t\t<\/div>\n\t\t\t\t<\/div>\n\t\t\t\t\t<\/div>\n\t\t<\/div>\n\t\t\t\t\t\t\t<\/div>\n\t\t<\/section>\n\t\t\t\t\t\t\t<\/div>","protected":false},"excerpt":{"rendered":"<p>RCS &amp; Business Messaging Detail slu\u017eby Z\u00e1kladn\u00ed principy RCS umo\u017e\u0148uje multimedi\u00e1ln\u00ed obousm\u011brnou komunikaci mezi za\u0159\u00edzen\u00edmi, kter\u00e1 maj\u00ed aktivn\u00ed slu\u017ebu RCS. Nen\u00ed t\u0159eba instalovat \u017e\u00e1dnou speci\u00e1ln\u00ed aplikaci \u2013 RCS je nativn\u00ed sou\u010d\u00e1st\u00ed OS Android. Z\u00e1kazn\u00edk tak vid\u00ed konverzaci p\u0159\u00edmo v aplikaci pro zas\u00edl\u00e1n\u00ed zpr\u00e1v spolu se SMS. RCS podporuje [\u2026]<\/p>","protected":false},"author":1,"featured_media":3178,"parent":3177,"menu_order":4,"comment_status":"closed","ping_status":"closed","template":"","meta":{"footnotes":""},"_links":{"self":[{"href":"https:\/\/new.comverga.com\/int\/cs\/wp-json\/wp\/v2\/pages\/3239"}],"collection":[{"href":"https:\/\/new.comverga.com\/int\/cs\/wp-json\/wp\/v2\/pages"}],"about":[{"href":"https:\/\/new.comverga.com\/int\/cs\/wp-json\/wp\/v2\/types\/page"}],"author":[{"embeddable":true,"href":"https:\/\/new.comverga.com\/int\/cs\/wp-json\/wp\/v2\/users\/1"}],"replies":[{"embeddable":true,"href":"https:\/\/new.comverga.com\/int\/cs\/wp-json\/wp\/v2\/comments?post=3239"}],"version-history":[{"count":0,"href":"https:\/\/new.comverga.com\/int\/cs\/wp-json\/wp\/v2\/pages\/3239\/revisions"}],"up":[{"embeddable":true,"href":"https:\/\/new.comverga.com\/int\/cs\/wp-json\/wp\/v2\/pages\/3177"}],"wp:featuredmedia":[{"embeddable":true,"href":"https:\/\/new.comverga.com\/int\/cs\/wp-json\/wp\/v2\/media\/3178"}],"wp:attachment":[{"href":"https:\/\/new.comverga.com\/int\/cs\/wp-json\/wp\/v2\/media?parent=3239"}],"curies":[{"name":"wp","href":"https:\/\/api.w.org\/{rel}","templated":true}]}}