{"id":2961,"date":"2023-04-11T11:48:19","date_gmt":"2023-04-11T11:48:19","guid":{"rendered":"https:\/\/www.comverga.com\/?page_id=2961"},"modified":"2023-12-13T11:05:42","modified_gmt":"2023-12-13T11:05:42","slug":"system-application-manager","status":"publish","type":"page","link":"https:\/\/new.comverga.com\/int\/cs\/system-application-manager\/","title":{"rendered":"Syst\u00e9mov\u00fd\/Aplika\u010dn\u00ed spr\u00e1vce"},"content":{"rendered":"<div data-elementor-type=\"wp-page\" data-elementor-id=\"2961\" class=\"elementor elementor-2961\">\n\t\t\t\t\t\t\t\t\t<section class=\"elementor-section elementor-top-section elementor-element elementor-element-7a7a2752 elementor-section-boxed elementor-section-height-default elementor-section-height-default\" data-id=\"7a7a2752\" data-element_type=\"section\">\n\t\t\t\t\t\t<div class=\"elementor-container elementor-column-gap-default\">\n\t\t\t\t\t<div class=\"elementor-column elementor-col-50 elementor-top-column elementor-element elementor-element-71314a79\" data-id=\"71314a79\" data-element_type=\"column\">\n\t\t\t<div class=\"elementor-widget-wrap elementor-element-populated\">\n\t\t\t\t\t\t\t\t<div class=\"elementor-element elementor-element-4222c77c elementor-widget elementor-widget-stratum-image-accordion\" data-id=\"4222c77c\" data-element_type=\"widget\" data-widget_type=\"stratum-image-accordion.default\">\n\t\t\t\t<div class=\"elementor-widget-container\">\n\t\t\t<div class=\"stratum-image-accordion image-accordion-horizontal activate-on-click\">\n    <div class=\"stratum-image-accordion__container\">        <div class=\"stratum-image-accordion__item elementor-repeater-item-accc356\">\n            <div class=\"stratum-image-accordion__background\"><\/div>\n            <div class=\"stratum-image-accordion__overlay\">\n\t\t\t\t            <\/div>\n        <\/div>\n        <\/div>\n<\/div>\n\t\t<\/div>\n\t\t\t\t<\/div>\n\t\t\t\t\t<\/div>\n\t\t<\/div>\n\t\t\t\t<div class=\"elementor-column elementor-col-50 elementor-top-column elementor-element elementor-element-7a033ad4\" data-id=\"7a033ad4\" data-element_type=\"column\">\n\t\t\t<div class=\"elementor-widget-wrap elementor-element-populated\">\n\t\t\t\t\t\t\t\t<div class=\"elementor-element elementor-element-60ea26d2 elementor-widget elementor-widget-heading\" data-id=\"60ea26d2\" data-element_type=\"widget\" id=\"career-header\" data-widget_type=\"heading.default\">\n\t\t\t\t<div class=\"elementor-widget-container\">\n\t\t\t<style>\/*! elementor - v3.18.0 - 20-12-2023 *\/\n.elementor-heading-title{padding:0;margin:0;line-height:1}.elementor-widget-heading .elementor-heading-title[class*=elementor-size-]>a{color:inherit;font-size:inherit;line-height:inherit}.elementor-widget-heading .elementor-heading-title.elementor-size-small{font-size:15px}.elementor-widget-heading .elementor-heading-title.elementor-size-medium{font-size:19px}.elementor-widget-heading .elementor-heading-title.elementor-size-large{font-size:29px}.elementor-widget-heading .elementor-heading-title.elementor-size-xl{font-size:39px}.elementor-widget-heading .elementor-heading-title.elementor-size-xxl{font-size:59px}<\/style><h2 class=\"elementor-heading-title elementor-size-default\">Co u n\u00e1s bude\u0161 d\u011blat<\/h2>\t\t<\/div>\n\t\t\t\t<\/div>\n\t\t\t\t<div class=\"elementor-element elementor-element-3c2f487c elementor-widget elementor-widget-text-editor\" data-id=\"3c2f487c\" data-element_type=\"widget\" data-widget_type=\"text-editor.default\">\n\t\t\t\t<div class=\"elementor-widget-container\">\n\t\t\t<style>\/*! elementor - v3.18.0 - 20-12-2023 *\/\n.elementor-widget-text-editor.elementor-drop-cap-view-stacked .elementor-drop-cap{background-color:#69727d;color:#fff}.elementor-widget-text-editor.elementor-drop-cap-view-framed .elementor-drop-cap{color:#69727d;border:3px solid;background-color:transparent}.elementor-widget-text-editor:not(.elementor-drop-cap-view-default) .elementor-drop-cap{margin-top:8px}.elementor-widget-text-editor:not(.elementor-drop-cap-view-default) .elementor-drop-cap-letter{width:1em;height:1em}.elementor-widget-text-editor .elementor-drop-cap{float:left;text-align:center;line-height:1;font-size:50px}.elementor-widget-text-editor .elementor-drop-cap-letter{display:inline-block}<\/style>\t\t\t\t<p class=\"translation-block\">Bude\u0161 poskytovat podporu st\u00e1vaj\u00edc\u00edm z\u00e1kazn\u00edk\u016fm a prov\u00e1d\u011bt asistovan\u00e9 zm\u011bny pro partnery. Tvou starost\u00ed bude pe\u010dovat o datab\u00e1ze a aplikace v telekomunika\u010dn\u00edch a platebn\u00edch slu\u017eb\u00e1ch. D\u00e1le bude\u0161 spravovat kontejnerov\u00fd stack, kde b\u011b\u017e\u00ed v\u00edce jak 90% na\u0161ich syst\u00e9m\u016f. Zhruba t\u0159etinu \u010dasu se bude\u0161 v\u011bnovat operativ\u011b, aby sv\u011b\u0159en\u00e9 syst\u00e9my a n\u00e1stroje fungovaly tak, jak maj\u00ed. Cokoliv bude\u0161 pova\u017eovat za d\u016fle\u017eit\u00e9, dostane\u0161 prostor pro vlastn\u00ed n\u00e1vrh \u0159e\u0161en\u00ed a realizaci.<\/p><p class=\"translation-block\">Ve zbytku \u010dasu pro\u0161lap\u00e1v\u00e1me nov\u00e9 cesty: \u0159e\u0161\u00edme automatizace, vylep\u0161ujeme st\u00e1vaj\u00edc\u00ed n\u00e1stroje, hled\u00e1me nov\u00e9 postupy a vzd\u011bl\u00e1v\u00e1me se.<\/p>\t\t\t\t\t\t<\/div>\n\t\t\t\t<\/div>\n\t\t\t\t<div class=\"elementor-element elementor-element-1e3dde2a elementor-widget elementor-widget-heading\" data-id=\"1e3dde2a\" data-element_type=\"widget\" id=\"career-header\" data-widget_type=\"heading.default\">\n\t\t\t\t<div class=\"elementor-widget-container\">\n\t\t\t<h2 class=\"elementor-heading-title elementor-size-default\">Co bys m\u011bl zn\u00e1t, m\u00edt, um\u011bt<\/h2>\t\t<\/div>\n\t\t\t\t<\/div>\n\t\t\t\t<div class=\"elementor-element elementor-element-507e7b95 elementor-widget elementor-widget-text-editor\" data-id=\"507e7b95\" data-element_type=\"widget\" data-widget_type=\"text-editor.default\">\n\t\t\t\t<div class=\"elementor-widget-container\">\n\t\t\t\t\t\t\t<p class=\"translation-block\">O\u010dek\u00e1v\u00e1me, \u017ee bude\u0161 v\u017edy myslet na to, jak zoptimalizovat svou pr\u00e1ci a zautomatizovat ji. Nerad se nech\u00e1v\u00e1\u0161 vodit za ru\u010di\u010dku \u2013 uv\u00edt\u00e1\u0161 v pr\u00e1ci volnou ruku? R\u00e1d se ka\u017ed\u00fd den nau\u010d\u00ed\u0161 n\u011bco nov\u00e9ho? Pot\u0159ebujeme komunikativn\u00ed a pozitivn\u00ed osobnost, kter\u00e1 se neboj\u00ed zeptat a chce se hodn\u011b nau\u010dit od zku\u0161en\u00fdch koleg\u016f.<\/p>\n<p class=\"translation-block\">Pokud jsi absolvent, kter\u00fd chce za\u010d\u00edt od za\u010d\u00e1tku \u2013 i tebe bereme.<\/p>\t\t\t\t\t\t<\/div>\n\t\t\t\t<\/div>\n\t\t\t\t\t<\/div>\n\t\t<\/div>\n\t\t\t\t\t\t\t<\/div>\n\t\t<\/section>\n\t\t\t\t<section class=\"elementor-section elementor-top-section elementor-element elementor-element-4e138eba elementor-section-boxed elementor-section-height-default elementor-section-height-default\" data-id=\"4e138eba\" data-element_type=\"section\" id=\"career-about\">\n\t\t\t\t\t\t<div class=\"elementor-container elementor-column-gap-default\">\n\t\t\t\t\t<div class=\"elementor-column elementor-col-50 elementor-top-column elementor-element elementor-element-31bdf460\" data-id=\"31bdf460\" data-element_type=\"column\" data-settings=\"{&quot;background_background&quot;:&quot;classic&quot;}\">\n\t\t\t<div class=\"elementor-widget-wrap elementor-element-populated\">\n\t\t\t\t\t\t\t\t<div class=\"elementor-element elementor-element-6b9b47a1 elementor-widget elementor-widget-heading\" data-id=\"6b9b47a1\" data-element_type=\"widget\" data-widget_type=\"heading.default\">\n\t\t\t\t<div class=\"elementor-widget-container\">\n\t\t\t<h2 class=\"elementor-heading-title elementor-size-default\">Nab\u00edz\u00edme<\/h2>\t\t<\/div>\n\t\t\t\t<\/div>\n\t\t\t\t<div class=\"elementor-element elementor-element-2443e0f7 elementor-widget elementor-widget-text-editor\" data-id=\"2443e0f7\" data-element_type=\"widget\" data-widget_type=\"text-editor.default\">\n\t\t\t\t<div class=\"elementor-widget-container\">\n\t\t\t\t\t\t\t<p><span style=\"color: #8a8a8a;\"><strong>\u00davazek <\/strong><\/span>Full-time<\/p><p><strong><span style=\"color: #8a8a8a;\">Forma spolupr\u00e1ce:\u00a0<\/span><\/strong>Pracovn\u00ed smlouva<\/p><p><strong><span style=\"color: #8a8a8a;\">Pracovi\u0161t\u011b:<\/span><\/strong> Kombinace Remote\/Kancel\u00e1\u0159<br \/><br \/><\/p>\t\t\t\t\t\t<\/div>\n\t\t\t\t<\/div>\n\t\t\t\t\t<\/div>\n\t\t<\/div>\n\t\t\t\t<div class=\"elementor-column elementor-col-50 elementor-top-column elementor-element elementor-element-1459974e\" data-id=\"1459974e\" data-element_type=\"column\" data-settings=\"{&quot;background_background&quot;:&quot;classic&quot;}\">\n\t\t\t<div class=\"elementor-widget-wrap elementor-element-populated\">\n\t\t\t\t\t\t\t\t<div class=\"elementor-element elementor-element-3426b12f elementor-widget elementor-widget-heading\" data-id=\"3426b12f\" data-element_type=\"widget\" data-widget_type=\"heading.default\">\n\t\t\t\t<div class=\"elementor-widget-container\">\n\t\t\t<h2 class=\"elementor-heading-title elementor-size-default\">Po\u017eadujeme<\/h2>\t\t<\/div>\n\t\t\t\t<\/div>\n\t\t\t\t<div class=\"elementor-element elementor-element-7f71d6f9 elementor-widget elementor-widget-text-editor\" data-id=\"7f71d6f9\" data-element_type=\"widget\" data-widget_type=\"text-editor.default\">\n\t\t\t\t<div class=\"elementor-widget-container\">\n\t\t\t\t\t\t\t<p><strong><span style=\"color: #8a8a8a;\">Kl\u00ed\u010dov\u00e9 dovednosti: <\/span><\/strong>Linux, Bash, Docker<\/p><p><span style=\"color: #8a8a8a;\"><strong>Dal\u0161\u00ed dovednosti:\u00a0<\/strong><\/span>Komunika\u010dn\u00ed schopnosti<\/p><p><strong><span style=\"color: #8a8a8a;\">Technologie pou\u017eit\u00e9 na pozici: <\/span><\/strong>Docker, Git, Grafana, InfluxDB, MySQL, Nagios, SQL<\/p><p><strong><span style=\"color: #8a8a8a;\">Jazyky:<\/span><\/strong> angli\u010dtina, \u010de\u0161tina<br \/><br \/><\/p>\t\t\t\t\t\t<\/div>\n\t\t\t\t<\/div>\n\t\t\t\t\t<\/div>\n\t\t<\/div>\n\t\t\t\t\t\t\t<\/div>\n\t\t<\/section>\n\t\t\t\t<section class=\"elementor-section elementor-top-section elementor-element elementor-element-315859da elementor-section-boxed elementor-section-height-default elementor-section-height-default\" data-id=\"315859da\" data-element_type=\"section\">\n\t\t\t\t\t\t<div class=\"elementor-container elementor-column-gap-default\">\n\t\t\t\t\t<div class=\"elementor-column elementor-col-100 elementor-top-column elementor-element elementor-element-7b972329\" data-id=\"7b972329\" data-element_type=\"column\">\n\t\t\t<div class=\"elementor-widget-wrap elementor-element-populated\">\n\t\t\t\t\t\t\t\t<div class=\"elementor-element elementor-element-295e3b2 elementor-widget elementor-widget-text-editor\" data-id=\"295e3b2\" data-element_type=\"widget\" data-widget_type=\"text-editor.default\">\n\t\t\t\t<div class=\"elementor-widget-container\">\n\t\t\t\t\t\t\t<p style=\"text-align: center;\">M\u00e1te z\u00e1jem nebo jak\u00fdkoliv dotaz.<br \/>Napi\u0161te n\u00e1m na <a href=\"mailto:career@comverga.com\">career@comverga.com<\/a><\/p>\t\t\t\t\t\t<\/div>\n\t\t\t\t<\/div>\n\t\t\t\t\t<\/div>\n\t\t<\/div>\n\t\t\t\t\t\t\t<\/div>\n\t\t<\/section>\n\t\t\t\t\t\t\t<\/div>","protected":false},"excerpt":{"rendered":"<p>What you will do with us You will provide support to existing customers and assisted changes for partners. Your responsibility will be to look after databases and applications in Telecommunications and Payment services. You will also manage the container stack where over 90% of our systems run. About a third of your time will be [&hellip;]<\/p>","protected":false},"author":1,"featured_media":5332,"parent":0,"menu_order":0,"comment_status":"closed","ping_status":"closed","template":"","meta":{"footnotes":""},"_links":{"self":[{"href":"https:\/\/new.comverga.com\/int\/cs\/wp-json\/wp\/v2\/pages\/2961"}],"collection":[{"href":"https:\/\/new.comverga.com\/int\/cs\/wp-json\/wp\/v2\/pages"}],"about":[{"href":"https:\/\/new.comverga.com\/int\/cs\/wp-json\/wp\/v2\/types\/page"}],"author":[{"embeddable":true,"href":"https:\/\/new.comverga.com\/int\/cs\/wp-json\/wp\/v2\/users\/1"}],"replies":[{"embeddable":true,"href":"https:\/\/new.comverga.com\/int\/cs\/wp-json\/wp\/v2\/comments?post=2961"}],"version-history":[{"count":0,"href":"https:\/\/new.comverga.com\/int\/cs\/wp-json\/wp\/v2\/pages\/2961\/revisions"}],"wp:featuredmedia":[{"embeddable":true,"href":"https:\/\/new.comverga.com\/int\/cs\/wp-json\/wp\/v2\/media\/5332"}],"wp:attachment":[{"href":"https:\/\/new.comverga.com\/int\/cs\/wp-json\/wp\/v2\/media?parent=2961"}],"curies":[{"name":"wp","href":"https:\/\/api.w.org\/{rel}","templated":true}]}}