{"id":2945,"date":"2023-04-11T11:37:16","date_gmt":"2023-04-11T09:37:16","guid":{"rendered":"https:\/\/www.comverga.com\/?page_id=2945"},"modified":"2023-12-13T11:05:22","modified_gmt":"2023-12-13T11:05:22","slug":"developer-of-payment-and-telecommunication-system","status":"publish","type":"page","link":"https:\/\/new.comverga.com\/int\/cs\/developer-of-payment-and-telecommunication-system\/","title":{"rendered":"Developer platebn\u00edho a telekomunika\u010dn\u00edho syst\u00e9mu"},"content":{"rendered":"<div data-elementor-type=\"wp-page\" data-elementor-id=\"2945\" class=\"elementor elementor-2945\">\n\t\t\t\t\t\t\t\t\t<section class=\"elementor-section elementor-top-section elementor-element elementor-element-118d1222 elementor-section-boxed elementor-section-height-default elementor-section-height-default\" data-id=\"118d1222\" data-element_type=\"section\">\n\t\t\t\t\t\t<div class=\"elementor-container elementor-column-gap-default\">\n\t\t\t\t\t<div class=\"elementor-column elementor-col-50 elementor-top-column elementor-element elementor-element-3584b1f5\" data-id=\"3584b1f5\" data-element_type=\"column\">\n\t\t\t<div class=\"elementor-widget-wrap elementor-element-populated\">\n\t\t\t\t\t\t\t\t<div class=\"elementor-element elementor-element-f6a0506 elementor-widget elementor-widget-stratum-image-accordion\" data-id=\"f6a0506\" data-element_type=\"widget\" data-widget_type=\"stratum-image-accordion.default\">\n\t\t\t\t<div class=\"elementor-widget-container\">\n\t\t\t<div class=\"stratum-image-accordion image-accordion-horizontal activate-on-click\">\n    <div class=\"stratum-image-accordion__container\">        <div class=\"stratum-image-accordion__item elementor-repeater-item-accc356\">\n            <div class=\"stratum-image-accordion__background\"><\/div>\n            <div class=\"stratum-image-accordion__overlay\">\n\t\t\t\t            <\/div>\n        <\/div>\n        <\/div>\n<\/div>\n\t\t<\/div>\n\t\t\t\t<\/div>\n\t\t\t\t\t<\/div>\n\t\t<\/div>\n\t\t\t\t<div class=\"elementor-column elementor-col-50 elementor-top-column elementor-element elementor-element-1325bfb3\" data-id=\"1325bfb3\" data-element_type=\"column\">\n\t\t\t<div class=\"elementor-widget-wrap elementor-element-populated\">\n\t\t\t\t\t\t\t\t<div class=\"elementor-element elementor-element-5dc67b68 elementor-widget elementor-widget-heading\" data-id=\"5dc67b68\" data-element_type=\"widget\" id=\"career-header\" data-widget_type=\"heading.default\">\n\t\t\t\t<div class=\"elementor-widget-container\">\n\t\t\t<style>\/*! elementor - v3.18.0 - 20-12-2023 *\/\n.elementor-heading-title{padding:0;margin:0;line-height:1}.elementor-widget-heading .elementor-heading-title[class*=elementor-size-]>a{color:inherit;font-size:inherit;line-height:inherit}.elementor-widget-heading .elementor-heading-title.elementor-size-small{font-size:15px}.elementor-widget-heading .elementor-heading-title.elementor-size-medium{font-size:19px}.elementor-widget-heading .elementor-heading-title.elementor-size-large{font-size:29px}.elementor-widget-heading .elementor-heading-title.elementor-size-xl{font-size:39px}.elementor-widget-heading .elementor-heading-title.elementor-size-xxl{font-size:59px}<\/style><h2 class=\"elementor-heading-title elementor-size-default\">Co u n\u00e1s bude\u0161 d\u011blat<\/h2>\t\t<\/div>\n\t\t\t\t<\/div>\n\t\t\t\t<div class=\"elementor-element elementor-element-584459a6 elementor-widget elementor-widget-text-editor\" data-id=\"584459a6\" data-element_type=\"widget\" data-widget_type=\"text-editor.default\">\n\t\t\t\t<div class=\"elementor-widget-container\">\n\t\t\t<style>\/*! elementor - v3.18.0 - 20-12-2023 *\/\n.elementor-widget-text-editor.elementor-drop-cap-view-stacked .elementor-drop-cap{background-color:#69727d;color:#fff}.elementor-widget-text-editor.elementor-drop-cap-view-framed .elementor-drop-cap{color:#69727d;border:3px solid;background-color:transparent}.elementor-widget-text-editor:not(.elementor-drop-cap-view-default) .elementor-drop-cap{margin-top:8px}.elementor-widget-text-editor:not(.elementor-drop-cap-view-default) .elementor-drop-cap-letter{width:1em;height:1em}.elementor-widget-text-editor .elementor-drop-cap{float:left;text-align:center;line-height:1;font-size:50px}.elementor-widget-text-editor .elementor-drop-cap-letter{display:inline-block}<\/style>\t\t\t\t<p class=\"translation-block\">Bude\u0161 se pohybovat v prost\u0159ed\u00ed agiln\u00edho v\u00fdvoje a \u00fazce spolupracovat s DevOps t\u00fdmem. Bude\u0161 se pod\u00edlet na anal\u00fdze, navrhov\u00e1n\u00ed a vyv\u00edjen\u00ed nov\u00fdch funkcionalit a syst\u00e9m\u016f. Bav\u00ed t\u011b \u0159e\u0161it technologick\u00e9 v\u00fdzvy? Bude\u0161 vyv\u00edjet robustn\u00ed a v\u00fdkonn\u00e9 syst\u00e9my a vytv\u00e1\u0159et zaj\u00edmav\u00e1 a komplexn\u00ed back-end \u00a0i front-end \u0159e\u0161en\u00ed pro telco a platebn\u00ed slu\u017eby. Je to tak\u00e9 o pr\u00e1ci s datab\u00e1zov\u00fdmi strukturami. Jedn\u00edm projektem to nekon\u010d\u00ed \u2013 pracujeme na dlouhodob\u00fdch projektech v banking, telco a automotive sf\u00e9\u0159e a nad\u00e1le o n\u011b pe\u010dujeme.<\/p>\t\t\t\t\t\t<\/div>\n\t\t\t\t<\/div>\n\t\t\t\t<div class=\"elementor-element elementor-element-4f807699 elementor-widget elementor-widget-heading\" data-id=\"4f807699\" data-element_type=\"widget\" id=\"career-header\" data-widget_type=\"heading.default\">\n\t\t\t\t<div class=\"elementor-widget-container\">\n\t\t\t<h2 class=\"elementor-heading-title elementor-size-default\">Co bys m\u011bl zn\u00e1t, m\u00edt, um\u011bt<\/h2>\t\t<\/div>\n\t\t\t\t<\/div>\n\t\t\t\t<div class=\"elementor-element elementor-element-4b2ca9f3 elementor-widget elementor-widget-text-editor\" data-id=\"4b2ca9f3\" data-element_type=\"widget\" data-widget_type=\"text-editor.default\">\n\t\t\t\t<div class=\"elementor-widget-container\">\n\t\t\t\t\t\t\t<p class=\"translation-block\">P\u0159edpokladem je snaha u\u010dit se nov\u00fdm v\u011bcem, komunikovat a spolupracovat s dal\u0161\u00edmi \u010dleny t\u00fdm\u016f. M\u011bl by ses orientovat a b\u00fdt schopen pracovat v \u0161irok\u00e9m spektru projekt\u016f. Bude\u0161 pracovat s datab\u00e1zemi (MySQL \u010di jin\u00e9 SQL) a vytv\u00e1\u0159et objektov\u011b orientovan\u00e9 n\u00e1vrhy aplikac\u00ed. \u010cek\u00e1me, \u017ee se postav\u00ed\u0161 \u010delem \u00a0technologick\u00fdm v\u00fdzv\u00e1m i k \u0159e\u0161en\u00ed technick\u00fdch probl\u00e9m\u016f.<\/p>\t\t\t\t\t\t<\/div>\n\t\t\t\t<\/div>\n\t\t\t\t\t<\/div>\n\t\t<\/div>\n\t\t\t\t\t\t\t<\/div>\n\t\t<\/section>\n\t\t\t\t<section class=\"elementor-section elementor-top-section elementor-element elementor-element-40be725b elementor-section-boxed elementor-section-height-default elementor-section-height-default\" data-id=\"40be725b\" data-element_type=\"section\" id=\"career-about\">\n\t\t\t\t\t\t<div class=\"elementor-container elementor-column-gap-default\">\n\t\t\t\t\t<div class=\"elementor-column elementor-col-50 elementor-top-column elementor-element elementor-element-5f5ffcf5\" data-id=\"5f5ffcf5\" data-element_type=\"column\" data-settings=\"{&quot;background_background&quot;:&quot;classic&quot;}\">\n\t\t\t<div class=\"elementor-widget-wrap elementor-element-populated\">\n\t\t\t\t\t\t\t\t<div class=\"elementor-element elementor-element-51966403 elementor-widget elementor-widget-heading\" data-id=\"51966403\" data-element_type=\"widget\" data-widget_type=\"heading.default\">\n\t\t\t\t<div class=\"elementor-widget-container\">\n\t\t\t<h2 class=\"elementor-heading-title elementor-size-default\">Nab\u00edz\u00edme<\/h2>\t\t<\/div>\n\t\t\t\t<\/div>\n\t\t\t\t<div class=\"elementor-element elementor-element-53b23bdb elementor-widget elementor-widget-text-editor\" data-id=\"53b23bdb\" data-element_type=\"widget\" data-widget_type=\"text-editor.default\">\n\t\t\t\t<div class=\"elementor-widget-container\">\n\t\t\t\t\t\t\t<p><span style=\"color: #8a8a8a;\"><strong>\u00davazek <\/strong><\/span>Part-time, Full-time<\/p><p><strong><span style=\"color: #8a8a8a;\">Forma spolupr\u00e1ce:\u00a0<\/span><\/strong>Pracovn\u00ed smlouva<\/p><p><strong><span style=\"color: #8a8a8a;\">Pracovi\u0161t\u011b:<\/span><\/strong> Kombinace Remote\/Kancel\u00e1\u0159<br \/><br \/><\/p>\t\t\t\t\t\t<\/div>\n\t\t\t\t<\/div>\n\t\t\t\t\t<\/div>\n\t\t<\/div>\n\t\t\t\t<div class=\"elementor-column elementor-col-50 elementor-top-column elementor-element elementor-element-659eb1df\" data-id=\"659eb1df\" data-element_type=\"column\" data-settings=\"{&quot;background_background&quot;:&quot;classic&quot;}\">\n\t\t\t<div class=\"elementor-widget-wrap elementor-element-populated\">\n\t\t\t\t\t\t\t\t<div class=\"elementor-element elementor-element-7ec24df5 elementor-widget elementor-widget-heading\" data-id=\"7ec24df5\" data-element_type=\"widget\" data-widget_type=\"heading.default\">\n\t\t\t\t<div class=\"elementor-widget-container\">\n\t\t\t<h2 class=\"elementor-heading-title elementor-size-default\">Po\u017eadujeme<\/h2>\t\t<\/div>\n\t\t\t\t<\/div>\n\t\t\t\t<div class=\"elementor-element elementor-element-7a7db53c elementor-widget elementor-widget-text-editor\" data-id=\"7a7db53c\" data-element_type=\"widget\" data-widget_type=\"text-editor.default\">\n\t\t\t\t<div class=\"elementor-widget-container\">\n\t\t\t\t\t\t\t<p><strong><span style=\"color: #8a8a8a;\">Kl\u00ed\u010dov\u00e9 dovednosti: <\/span><\/strong>SQL, Node.js, Git, Docker<\/p><p><span style=\"color: #8a8a8a;\"><strong>Dal\u0161\u00ed dovednosti: <\/strong><\/span>PHP, TypeScript, HTML, CSS, REST API, Nette Framework, Java, Perl, Android Development<\/p><p><strong><span style=\"color: #8a8a8a;\">Technologie pou\u017eit\u00e9 na pozici:<\/span><\/strong> Docker, ElasticSearch, Git, MySQL, Node.js, Redis<\/p><p><strong><span style=\"color: #8a8a8a;\">Jazyky:<\/span><\/strong> angli\u010dtina, \u010de\u0161tina<\/p>\t\t\t\t\t\t<\/div>\n\t\t\t\t<\/div>\n\t\t\t\t\t<\/div>\n\t\t<\/div>\n\t\t\t\t\t\t\t<\/div>\n\t\t<\/section>\n\t\t\t\t<section class=\"elementor-section elementor-top-section elementor-element elementor-element-3d575e76 elementor-section-boxed elementor-section-height-default elementor-section-height-default\" data-id=\"3d575e76\" data-element_type=\"section\">\n\t\t\t\t\t\t<div class=\"elementor-container elementor-column-gap-default\">\n\t\t\t\t\t<div class=\"elementor-column elementor-col-100 elementor-top-column elementor-element elementor-element-6da80ec9\" data-id=\"6da80ec9\" data-element_type=\"column\">\n\t\t\t<div class=\"elementor-widget-wrap elementor-element-populated\">\n\t\t\t\t\t\t\t\t<div class=\"elementor-element elementor-element-74247bda elementor-widget elementor-widget-text-editor\" data-id=\"74247bda\" data-element_type=\"widget\" data-widget_type=\"text-editor.default\">\n\t\t\t\t<div class=\"elementor-widget-container\">\n\t\t\t\t\t\t\t<p style=\"text-align: center;\">M\u00e1te z\u00e1jem nebo jak\u00fdkoliv dotaz.<br \/>Napi\u0161te n\u00e1m na <a href=\"mailto:career@comverga.com\">career@comverga.com<\/a><\/p>\t\t\t\t\t\t<\/div>\n\t\t\t\t<\/div>\n\t\t\t\t\t<\/div>\n\t\t<\/div>\n\t\t\t\t\t\t\t<\/div>\n\t\t<\/section>\n\t\t\t\t\t\t\t<\/div>","protected":false},"excerpt":{"rendered":"<p>What you will do with us You will be moving in an Agile Development environment and working closely with the DevOps team. You will be involved in analysing, designing and developing new functionalities and systems. Do you enjoy solving technology challenges? You will develop robust and powerful systems and create interesting and complex back-end and [&hellip;]<\/p>","protected":false},"author":1,"featured_media":5298,"parent":0,"menu_order":0,"comment_status":"closed","ping_status":"closed","template":"","meta":{"footnotes":""},"_links":{"self":[{"href":"https:\/\/new.comverga.com\/int\/cs\/wp-json\/wp\/v2\/pages\/2945"}],"collection":[{"href":"https:\/\/new.comverga.com\/int\/cs\/wp-json\/wp\/v2\/pages"}],"about":[{"href":"https:\/\/new.comverga.com\/int\/cs\/wp-json\/wp\/v2\/types\/page"}],"author":[{"embeddable":true,"href":"https:\/\/new.comverga.com\/int\/cs\/wp-json\/wp\/v2\/users\/1"}],"replies":[{"embeddable":true,"href":"https:\/\/new.comverga.com\/int\/cs\/wp-json\/wp\/v2\/comments?post=2945"}],"version-history":[{"count":0,"href":"https:\/\/new.comverga.com\/int\/cs\/wp-json\/wp\/v2\/pages\/2945\/revisions"}],"wp:featuredmedia":[{"embeddable":true,"href":"https:\/\/new.comverga.com\/int\/cs\/wp-json\/wp\/v2\/media\/5298"}],"wp:attachment":[{"href":"https:\/\/new.comverga.com\/int\/cs\/wp-json\/wp\/v2\/media?parent=2945"}],"curies":[{"name":"wp","href":"https:\/\/api.w.org\/{rel}","templated":true}]}}