{"id":2806,"date":"2023-04-05T09:03:32","date_gmt":"2023-04-05T07:03:32","guid":{"rendered":"https:\/\/www.comverga.com\/?page_id=2806"},"modified":"2024-01-05T09:20:28","modified_gmt":"2024-01-05T09:20:28","slug":"news","status":"publish","type":"page","link":"https:\/\/new.comverga.com\/int\/cs\/news\/","title":{"rendered":"Aktuality"},"content":{"rendered":"<div data-elementor-type=\"wp-page\" data-elementor-id=\"2806\" class=\"elementor elementor-2806\">\n\t\t\t\t\t\t\t\t\t<section class=\"elementor-section elementor-top-section elementor-element elementor-element-66799f31 elementor-section-boxed elementor-section-height-default elementor-section-height-default\" data-id=\"66799f31\" data-element_type=\"section\">\n\t\t\t\t\t\t<div class=\"elementor-container elementor-column-gap-default\">\n\t\t\t\t\t<div class=\"elementor-column elementor-col-100 elementor-top-column elementor-element elementor-element-5f840b91\" data-id=\"5f840b91\" data-element_type=\"column\">\n\t\t\t<div class=\"elementor-widget-wrap elementor-element-populated\">\n\t\t\t\t\t\t\t\t<div class=\"elementor-element elementor-element-12e7b8a1 premium-blog-cta-full-yes premium-blog-align-justify elementor-widget elementor-widget-premium-addon-blog\" data-id=\"12e7b8a1\" data-element_type=\"widget\" data-settings=\"{&quot;scroll_to_offset&quot;:&quot;yes&quot;}\" data-widget_type=\"premium-addon-blog.default\">\n\t\t\t\t<div class=\"elementor-widget-container\">\n\t\t\t\r\n\t\t\t\t<div class=\"premium-blog-wrap  premium-blog-list\" data-page=\"2806\" data-pagination=\"true\">\r\n\t\t\t\t\t<article class=\"premium-blog-post-outer-container\" data-total=\"3\">\r\n\t\t\t<div class=\"premium-blog-post-container premium-blog-skin-classic\">\r\n\t\t\t\t\t\t\t\t\t\t\t\t<div class=\"premium-blog-content-wrapper empty-thumb\">\r\n\r\n\t\t\t\t\t<div class=\"premium-blog-inner-container\">\r\n\r\n\t\t\t\t\t\t\t\t\t\t\t\t\t\t<h2 class=\"premium-blog-entry-title\">\r\n\t\t\t<a href=\"https:\/\/new.comverga.com\/int\/cs\/klokanmobil-from-january-2024-part-of-the-comverga-group\/\" target=\"_blank\">\r\n\t\t\t\tKlokanMobil od ledna 2024 sou\u010d\u00e1st\u00ed skupiny COMVERGA\t\t\t<\/a>\r\n\t\t<\/h2>\r\n\t\t\t\t<div class=\"premium-blog-entry-meta\">\r\n\t\t\t\r\n\t\t\t\t\t\t\t<span class=\"premium-blog-meta-separator\">\u2022<\/span>\r\n\t\t\t\t<div class=\"premium-blog-post-time premium-blog-meta-data\">\r\n\t\t\t\t\t<i class=\"fa fa-calendar-alt\" aria-hidden=\"true\"><\/i>\r\n\t\t\t\t\t<span>1 ledna, 2024<\/span>\r\n\t\t\t\t<\/div>\r\n\t\t\t\r\n\t\t\t\r\n\t\t\t\t\t<\/div>\r\n\t\t\r\n\t\t\t\t\t<\/div>\r\n\r\n\t\t\t\t\t\t\t<div class=\"premium-blog-content-inner-wrapper\">\r\n\t\t<p class=\"premium-blog-post-content\">Spole\u010dnost Quadruple jako spole\u010dn\u00fd podnik COMVERGA z\u00edskala 100% pod\u00edl ve virtu\u00e1ln\u00edm mobiln\u00edm oper\u00e1torovi KlokanMobil. Tato akvizice posiluje pozici COMVERGA na trhu a d\u00e1le zvy\u0161uje jej\u00ed tr\u017en\u00ed pod\u00edl.<\/p><div class=\"premium-blog-excerpt-link-wrap\"><a href=\"https:\/\/new.comverga.com\/int\/cs\/klokanmobil-from-january-2024-part-of-the-comverga-group\/\" target=\"_blank\" class=\"premium-blog-excerpt-link elementor-button\">V\u00edce<\/a><\/div>\t\t<\/div>\r\n\t\t\t\t\t\t\t\t\t\t\t\t\t<div class=\"premium-blog-post-tags-container\">\r\n\t\t\t\t\t\t\t\t<i class=\"fa fa-tags fa-fw\" aria-hidden=\"true\"><\/i>\r\n\t\t\t\t\t\t\t\t <a href=\"https:\/\/new.comverga.com\/int\/cs\/tag\/prague\/\" rel=\"tag\">Praha<\/a>\t\t\t\t\t\t<\/div>\r\n\t\t\t\t\t\r\n\t\t\t\t<\/div>\r\n\t\t\t<\/div>\r\n\t\t<\/article>\r\n\r\n\t\t\t\t<article class=\"premium-blog-post-outer-container\" data-total=\"3\">\r\n\t\t\t<div class=\"premium-blog-post-container premium-blog-skin-classic\">\r\n\t\t\t\t\t\t\t\t\t\t\t\t<div class=\"premium-blog-content-wrapper empty-thumb\">\r\n\r\n\t\t\t\t\t<div class=\"premium-blog-inner-container\">\r\n\r\n\t\t\t\t\t\t\t\t\t\t\t\t\t\t<h2 class=\"premium-blog-entry-title\">\r\n\t\t\t<a href=\"https:\/\/new.comverga.com\/int\/cs\/iso-iec-27001-information-security-management-isms-2\/\" target=\"_blank\">\r\n\t\t\t\tISO\/IEC 27001 \u2013 Recertifikace ISMS\t\t\t<\/a>\r\n\t\t<\/h2>\r\n\t\t\t\t<div class=\"premium-blog-entry-meta\">\r\n\t\t\t\r\n\t\t\t\t\t\t\t<span class=\"premium-blog-meta-separator\">\u2022<\/span>\r\n\t\t\t\t<div class=\"premium-blog-post-time premium-blog-meta-data\">\r\n\t\t\t\t\t<i class=\"fa fa-calendar-alt\" aria-hidden=\"true\"><\/i>\r\n\t\t\t\t\t<span>7 prosince, 2023<\/span>\r\n\t\t\t\t<\/div>\r\n\t\t\t\r\n\t\t\t\r\n\t\t\t\t\t<\/div>\r\n\t\t\r\n\t\t\t\t\t<\/div>\r\n\r\n\t\t\t\t\t\t\t<div class=\"premium-blog-content-inner-wrapper\">\r\n\t\t<p class=\"premium-blog-post-content\">COMVERGA na konci roku 2023 pro\u0161la \u00fasp\u011b\u0161n\u011b recertifikac\u00ed ISO\/IEC 27001 v oblasti \u0159\u00edzen\u00ed managementu informac\u00ed v telekomunika\u010dn\u00edch a platebn\u00edch slu\u017eb\u00e1ch.<\/p><div class=\"premium-blog-excerpt-link-wrap\"><a href=\"https:\/\/new.comverga.com\/int\/cs\/iso-iec-27001-information-security-management-isms-2\/\" target=\"_blank\" class=\"premium-blog-excerpt-link elementor-button\">V\u00edce<\/a><\/div>\t\t<\/div>\r\n\t\t\t\t\t\t\t\t\t\t\t\t\t<div class=\"premium-blog-post-tags-container\">\r\n\t\t\t\t\t\t\t\t<i class=\"fa fa-tags fa-fw\" aria-hidden=\"true\"><\/i>\r\n\t\t\t\t\t\t\t\t <a href=\"https:\/\/new.comverga.com\/int\/cs\/tag\/worldwide\/\" rel=\"tag\">Celosv\u011btov\u011b<\/a>\t\t\t\t\t\t<\/div>\r\n\t\t\t\t\t\r\n\t\t\t\t<\/div>\r\n\t\t\t<\/div>\r\n\t\t<\/article>\r\n\r\n\t\t\t\t<article class=\"premium-blog-post-outer-container\" data-total=\"3\">\r\n\t\t\t<div class=\"premium-blog-post-container premium-blog-skin-classic\">\r\n\t\t\t\t\t\t\t\t\t\t\t\t<div class=\"premium-blog-content-wrapper empty-thumb\">\r\n\r\n\t\t\t\t\t<div class=\"premium-blog-inner-container\">\r\n\r\n\t\t\t\t\t\t\t\t\t\t\t\t\t\t<h2 class=\"premium-blog-entry-title\">\r\n\t\t\t<a href=\"https:\/\/new.comverga.com\/int\/cs\/campersim-opens-up-unlimited-internet-possibilities-on-the-goalso-thanks-to-the-comverga-solution\/\" target=\"_blank\">\r\n\t\t\t\tCAMPERSIM otev\u00edr\u00e1 neomezen\u00e9 mo\u017enosti internetu na cest\u00e1ch<br><div class=\"invisible\">(i d\u00edky \u0159e\u0161en\u00ed COMVERGA)<\/div>\t\t\t<\/a>\r\n\t\t<\/h2>\r\n\t\t\t\t<div class=\"premium-blog-entry-meta\">\r\n\t\t\t\r\n\t\t\t\t\t\t\t<span class=\"premium-blog-meta-separator\">\u2022<\/span>\r\n\t\t\t\t<div class=\"premium-blog-post-time premium-blog-meta-data\">\r\n\t\t\t\t\t<i class=\"fa fa-calendar-alt\" aria-hidden=\"true\"><\/i>\r\n\t\t\t\t\t<span>1 z\u00e1\u0159\u00ed, 2023<\/span>\r\n\t\t\t\t<\/div>\r\n\t\t\t\r\n\t\t\t\r\n\t\t\t\t\t<\/div>\r\n\t\t\r\n\t\t\t\t\t<\/div>\r\n\r\n\t\t\t\t\t\t\t<div class=\"premium-blog-content-inner-wrapper\">\r\n\t\t<p class=\"premium-blog-post-content\">CAMPERSIM by ProVerDa GmbH je dal\u0161\u00ed projekt b\u011b\u017e\u00edc\u00ed na platform\u011b COMVERGA.<\/p><div class=\"premium-blog-excerpt-link-wrap\"><a href=\"https:\/\/new.comverga.com\/int\/cs\/campersim-opens-up-unlimited-internet-possibilities-on-the-goalso-thanks-to-the-comverga-solution\/\" target=\"_blank\" class=\"premium-blog-excerpt-link elementor-button\">V\u00edce<\/a><\/div>\t\t<\/div>\r\n\t\t\t\t\t\t\t\t\t\t\t\t\t<div class=\"premium-blog-post-tags-container\">\r\n\t\t\t\t\t\t\t\t<i class=\"fa fa-tags fa-fw\" aria-hidden=\"true\"><\/i>\r\n\t\t\t\t\t\t\t\t <a href=\"https:\/\/new.comverga.com\/int\/cs\/tag\/germany\/\" rel=\"tag\">N\u011bmecko<\/a>\t\t\t\t\t\t<\/div>\r\n\t\t\t\t\t\r\n\t\t\t\t<\/div>\r\n\t\t\t<\/div>\r\n\t\t<\/article>\r\n\r\n\t\t\t\t<article class=\"premium-blog-post-outer-container\" data-total=\"3\">\r\n\t\t\t<div class=\"premium-blog-post-container premium-blog-skin-classic\">\r\n\t\t\t\t\t\t\t\t\t\t\t\t<div class=\"premium-blog-content-wrapper empty-thumb\">\r\n\r\n\t\t\t\t\t<div class=\"premium-blog-inner-container\">\r\n\r\n\t\t\t\t\t\t\t\t\t\t\t\t\t\t<h2 class=\"premium-blog-entry-title\">\r\n\t\t\t<a href=\"https:\/\/new.comverga.com\/int\/cs\/service-delivery-platform-sdp-certification-for-germany-duplicate-3568\/\" target=\"_blank\">\r\n\t\t\t\tCOMVERGA spustila prvn\u00ed pilotn\u00ed RBM kampa\u0148\t\t\t<\/a>\r\n\t\t<\/h2>\r\n\t\t\t\t<div class=\"premium-blog-entry-meta\">\r\n\t\t\t\r\n\t\t\t\t\t\t\t<span class=\"premium-blog-meta-separator\">\u2022<\/span>\r\n\t\t\t\t<div class=\"premium-blog-post-time premium-blog-meta-data\">\r\n\t\t\t\t\t<i class=\"fa fa-calendar-alt\" aria-hidden=\"true\"><\/i>\r\n\t\t\t\t\t<span>29 srpna, 2023<\/span>\r\n\t\t\t\t<\/div>\r\n\t\t\t\r\n\t\t\t\r\n\t\t\t\t\t<\/div>\r\n\t\t\r\n\t\t\t\t\t<\/div>\r\n\r\n\t\t\t\t\t\t\t<div class=\"premium-blog-content-inner-wrapper\">\r\n\t\t<p class=\"premium-blog-post-content\">COMVERGA se jako jeden z prvn\u00edch komer\u010dn\u011b p\u0159ipojil do s\u00edt\u00ed \u010desk\u00fdch oper\u00e1tor\u016f prost\u0159ednictv\u00edm standardu RCS. Z\u00edsk\u00e1v\u00e1 tak mo\u017enost poskytovat sv\u00e9 slu\u017eby a komunika\u010dn\u00ed platformu pro firmy, kter\u00e9 cht\u011bj\u00ed vyu\u017e\u00edvat RCS pro sv\u00e9 marketingov\u00e9 a komunika\u010dn\u00ed pot\u0159eby.<\/p><div class=\"premium-blog-excerpt-link-wrap\"><a href=\"https:\/\/new.comverga.com\/int\/cs\/service-delivery-platform-sdp-certification-for-germany-duplicate-3568\/\" target=\"_blank\" class=\"premium-blog-excerpt-link elementor-button\">V\u00edce<\/a><\/div>\t\t<\/div>\r\n\t\t\t\t\t\t\t\t\t\t\t\t\t<div class=\"premium-blog-post-tags-container\">\r\n\t\t\t\t\t\t\t\t<i class=\"fa fa-tags fa-fw\" aria-hidden=\"true\"><\/i>\r\n\t\t\t\t\t\t\t\t <a href=\"https:\/\/new.comverga.com\/int\/cs\/tag\/czech-republic\/\" rel=\"tag\">\u010cesk\u00e1 republika<\/a>\t\t\t\t\t\t<\/div>\r\n\t\t\t\t\t\r\n\t\t\t\t<\/div>\r\n\t\t\t<\/div>\r\n\t\t<\/article>\r\n\r\n\t\t\t\t<\/div>\r\n\r\n\t\t\t\t<div class=\"premium-blog-footer\">\r\n\t\t\t\t\t\t<nav class=\"premium-blog-pagination-container\" role=\"navigation\" aria-label=\"Pagination\">\r\n\t\t\t\t<span aria-current=\"page\" class=\"page-numbers current\">1<\/span>\n<a class=\"page-numbers\" href=\"https:\/\/new.comverga.com\/int\/cs\/wp-json\/wp\/v2\/pages\/2806\/page\/2\/\">2<\/a>\n<a class=\"page-numbers\" href=\"https:\/\/new.comverga.com\/int\/cs\/wp-json\/wp\/v2\/pages\/2806\/page\/3\/\">3<\/a>\n<a class=\"next page-numbers\" href=\"https:\/\/new.comverga.com\/int\/cs\/wp-json\/wp\/v2\/pages\/2806\/page\/2\/\">Dal\u0161\u00ed \u00bb<\/a>\t\t\t<\/nav>\r\n\t\t\t\t\t<\/div>\r\n\t\t\t\t\t<\/div>\n\t\t\t\t<\/div>\n\t\t\t\t\t<\/div>\n\t\t<\/div>\n\t\t\t\t\t\t\t<\/div>\n\t\t<\/section>\n\t\t\t\t\t\t\t<\/div>","protected":false},"excerpt":{"rendered":"<p>CAMPERSIM otev\u00edr\u00e1 neomezen\u00e9 mo\u017enosti internetu na cest\u00e1ch(tak\u00e9 d\u00edky \u0159e\u0161en\u00ed COMVERGA) - 1. z\u00e1\u0159\u00ed 2023 CAMPERSIM by ProVerDa GmbH je dal\u0161\u00ed projekt b\u011b\u017e\u00edc\u00ed na platform\u011b COMVERGA. V\u00edce \" N\u011bmecko COMVERGA spou\u0161t\u00ed prvn\u00ed pilotn\u00ed kampa\u0148 RBM - 29. srpna 2023 COMVERGA se jako jeden z prvn\u00edch komer\u010dn\u011b p\u0159ipojil k s\u00edt\u00edm [...]<\/p>","protected":false},"author":1,"featured_media":230,"parent":0,"menu_order":0,"comment_status":"closed","ping_status":"closed","template":"","meta":{"footnotes":""},"_links":{"self":[{"href":"https:\/\/new.comverga.com\/int\/cs\/wp-json\/wp\/v2\/pages\/2806"}],"collection":[{"href":"https:\/\/new.comverga.com\/int\/cs\/wp-json\/wp\/v2\/pages"}],"about":[{"href":"https:\/\/new.comverga.com\/int\/cs\/wp-json\/wp\/v2\/types\/page"}],"author":[{"embeddable":true,"href":"https:\/\/new.comverga.com\/int\/cs\/wp-json\/wp\/v2\/users\/1"}],"replies":[{"embeddable":true,"href":"https:\/\/new.comverga.com\/int\/cs\/wp-json\/wp\/v2\/comments?post=2806"}],"version-history":[{"count":0,"href":"https:\/\/new.comverga.com\/int\/cs\/wp-json\/wp\/v2\/pages\/2806\/revisions"}],"wp:featuredmedia":[{"embeddable":true,"href":"https:\/\/new.comverga.com\/int\/cs\/wp-json\/wp\/v2\/media\/230"}],"wp:attachment":[{"href":"https:\/\/new.comverga.com\/int\/cs\/wp-json\/wp\/v2\/media?parent=2806"}],"curies":[{"name":"wp","href":"https:\/\/api.w.org\/{rel}","templated":true}]}}