{"id":171,"date":"2020-11-25T12:40:38","date_gmt":"2020-11-25T11:40:38","guid":{"rendered":"https:\/\/www.comverga.com\/?page_id=171"},"modified":"2020-11-25T12:40:38","modified_gmt":"2020-11-25T11:40:38","slug":"payment-services","status":"publish","type":"page","link":"https:\/\/new.comverga.com\/int\/cs\/services\/payment-services\/","title":{"rendered":"Platebn\u00ed slu\u017eby"},"content":{"rendered":"<div data-elementor-type=\"wp-page\" data-elementor-id=\"171\" class=\"elementor elementor-171\">\n\t\t\t\t\t\t\t\t\t<section class=\"elementor-section elementor-top-section elementor-element elementor-element-244a0fbb elementor-section-boxed elementor-section-height-default elementor-section-height-default\" data-id=\"244a0fbb\" data-element_type=\"section\">\n\t\t\t\t\t\t<div class=\"elementor-container elementor-column-gap-default\">\n\t\t\t\t\t<div class=\"elementor-column elementor-col-100 elementor-top-column elementor-element elementor-element-2b88c115\" data-id=\"2b88c115\" data-element_type=\"column\">\n\t\t\t<div class=\"elementor-widget-wrap elementor-element-populated\">\n\t\t\t\t\t\t\t\t<div class=\"elementor-element elementor-element-6c375508 elementor-widget elementor-widget-text-editor\" data-id=\"6c375508\" data-element_type=\"widget\" data-widget_type=\"text-editor.default\">\n\t\t\t\t<div class=\"elementor-widget-container\">\n\t\t\t<style>\/*! elementor - v3.18.0 - 20-12-2023 *\/\n.elementor-widget-text-editor.elementor-drop-cap-view-stacked .elementor-drop-cap{background-color:#69727d;color:#fff}.elementor-widget-text-editor.elementor-drop-cap-view-framed .elementor-drop-cap{color:#69727d;border:3px solid;background-color:transparent}.elementor-widget-text-editor:not(.elementor-drop-cap-view-default) .elementor-drop-cap{margin-top:8px}.elementor-widget-text-editor:not(.elementor-drop-cap-view-default) .elementor-drop-cap-letter{width:1em;height:1em}.elementor-widget-text-editor .elementor-drop-cap{float:left;text-align:center;line-height:1;font-size:50px}.elementor-widget-text-editor .elementor-drop-cap-letter{display:inline-block}<\/style>\t\t\t\t<!-- wp:paragraph -->\n<p class=\"translation-block\">Na\u0161im partner\u016fm nab\u00edz\u00edme modern\u00ed platebn\u00ed syst\u00e9m, pomoc\u00ed kter\u00e9ho mohou jejich z\u00e1kazn\u00edci hradit r\u016fzn\u00e9 slu\u017eby bez hotovosti pomoc\u00ed sv\u00e9ho mobiln\u00edho telefonu, platebn\u00ed karty \u010di bankovn\u00edch p\u0159evod\u016f. Je mo\u017en\u00e9 vyu\u017e\u00edt r\u016fzn\u00fdch model\u016f \u00fa\u010dtov\u00e1n\u00ed \u2013 \u00fahrady na z\u00e1klad\u011b vy\u00fa\u010dtov\u00e1n\u00ed \u010derpan\u00fdch slu\u017eeb, p\u0159edplacen\u00fdch slu\u017eeb, subskripce nebo okam\u017eit\u00e9ho z\u00fa\u010dtov\u00e1n\u00ed (Hot Billing).<\/p>\n<!-- \/wp:paragraph -->\t\t\t\t\t\t<\/div>\n\t\t\t\t<\/div>\n\t\t\t\t\t<\/div>\n\t\t<\/div>\n\t\t\t\t\t\t\t<\/div>\n\t\t<\/section>\n\t\t\t\t\t\t\t<\/div>","protected":false},"excerpt":{"rendered":"<p class=\"translation-block\">Na\u0161im partner\u016fm nab\u00edz\u00edme modern\u00ed platebn\u00ed syst\u00e9m, pomoc\u00ed kter\u00e9ho mohou jejich z\u00e1kazn\u00edci hradit r\u016fzn\u00e9 slu\u017eby bez hotovosti pomoc\u00ed sv\u00e9ho mobiln\u00edho telefonu, platebn\u00ed karty \u010di bankovn\u00edch p\u0159evod\u016f. Je mo\u017en\u00e9 vyu\u017e\u00edt r\u016fzn\u00fdch model\u016f \u00fa\u010dtov\u00e1n\u00ed \u2013 \u00fahrady na z\u00e1klad\u011b vy\u00fa\u010dtov\u00e1n\u00ed \u010derpan\u00fdch slu\u017eeb, p\u0159edplacen\u00fdch slu\u017eeb, subskripce nebo okam\u017eit\u00e9ho z\u00fa\u010dtov\u00e1n\u00ed (Hot Billing).<\/p>","protected":false},"author":1,"featured_media":1192,"parent":153,"menu_order":104,"comment_status":"closed","ping_status":"closed","template":"","meta":{"footnotes":""},"_links":{"self":[{"href":"https:\/\/new.comverga.com\/int\/cs\/wp-json\/wp\/v2\/pages\/171"}],"collection":[{"href":"https:\/\/new.comverga.com\/int\/cs\/wp-json\/wp\/v2\/pages"}],"about":[{"href":"https:\/\/new.comverga.com\/int\/cs\/wp-json\/wp\/v2\/types\/page"}],"author":[{"embeddable":true,"href":"https:\/\/new.comverga.com\/int\/cs\/wp-json\/wp\/v2\/users\/1"}],"replies":[{"embeddable":true,"href":"https:\/\/new.comverga.com\/int\/cs\/wp-json\/wp\/v2\/comments?post=171"}],"version-history":[{"count":0,"href":"https:\/\/new.comverga.com\/int\/cs\/wp-json\/wp\/v2\/pages\/171\/revisions"}],"up":[{"embeddable":true,"href":"https:\/\/new.comverga.com\/int\/cs\/wp-json\/wp\/v2\/pages\/153"}],"wp:featuredmedia":[{"embeddable":true,"href":"https:\/\/new.comverga.com\/int\/cs\/wp-json\/wp\/v2\/media\/1192"}],"wp:attachment":[{"href":"https:\/\/new.comverga.com\/int\/cs\/wp-json\/wp\/v2\/media?parent=171"}],"curies":[{"name":"wp","href":"https:\/\/api.w.org\/{rel}","templated":true}]}}