{"id":167,"date":"2020-11-25T12:39:11","date_gmt":"2020-11-25T11:39:11","guid":{"rendered":"https:\/\/www.comverga.com\/?page_id=167"},"modified":"2020-11-25T12:39:11","modified_gmt":"2020-11-25T11:39:11","slug":"solutions","status":"publish","type":"page","link":"https:\/\/new.comverga.com\/int\/cs\/services\/solutions\/","title":{"rendered":"\u0158e\u0161en\u00ed"},"content":{"rendered":"<div data-elementor-type=\"wp-page\" data-elementor-id=\"167\" class=\"elementor elementor-167\">\n\t\t\t\t\t\t\t\t\t<section class=\"elementor-section elementor-top-section elementor-element elementor-element-8cb5818 elementor-section-boxed elementor-section-height-default elementor-section-height-default\" data-id=\"8cb5818\" data-element_type=\"section\">\n\t\t\t\t\t\t<div class=\"elementor-container elementor-column-gap-default\">\n\t\t\t\t\t<div class=\"elementor-column elementor-col-100 elementor-top-column elementor-element elementor-element-417b41a8\" data-id=\"417b41a8\" data-element_type=\"column\">\n\t\t\t<div class=\"elementor-widget-wrap elementor-element-populated\">\n\t\t\t\t\t\t\t\t<div class=\"elementor-element elementor-element-11f0c84c elementor-widget elementor-widget-text-editor\" data-id=\"11f0c84c\" data-element_type=\"widget\" data-widget_type=\"text-editor.default\">\n\t\t\t\t<div class=\"elementor-widget-container\">\n\t\t\t<style>\/*! elementor - v3.18.0 - 20-12-2023 *\/\n.elementor-widget-text-editor.elementor-drop-cap-view-stacked .elementor-drop-cap{background-color:#69727d;color:#fff}.elementor-widget-text-editor.elementor-drop-cap-view-framed .elementor-drop-cap{color:#69727d;border:3px solid;background-color:transparent}.elementor-widget-text-editor:not(.elementor-drop-cap-view-default) .elementor-drop-cap{margin-top:8px}.elementor-widget-text-editor:not(.elementor-drop-cap-view-default) .elementor-drop-cap-letter{width:1em;height:1em}.elementor-widget-text-editor .elementor-drop-cap{float:left;text-align:center;line-height:1;font-size:50px}.elementor-widget-text-editor .elementor-drop-cap-letter{display:inline-block}<\/style>\t\t\t\t<!-- wp:paragraph -->\n<p class=\"translation-block\">Tvorba z\u00e1kaznick\u00fdch aplikac\u00ed a port\u00e1l\u016f, zejm\u00e9na zalo\u017een\u00fdch na na\u0161\u00ed komunika\u010dn\u00ed platform\u011b, je dal\u0161\u00ed na\u0161\u00ed dom\u00e9nou. \u0158e\u0161en\u00ed od n\u00e1s zahrnuje zpracov\u00e1n\u00ed zad\u00e1n\u00ed, anal\u00fdzu, n\u00e1vrh \u0159e\u0161en\u00ed a pokra\u010duje p\u0159es samotn\u00e9 programov\u00e1n\u00ed, testov\u00e1n\u00ed a kon\u010d\u00ed implementac\u00ed do re\u00e1ln\u00e9ho provozu. Pokud z\u00e1kazn\u00edk po\u017eaduje, zaji\u0161\u0165ujeme pro na\u0161e aplikace i provoz, dohled a podporu p\u0159i \u0159e\u0161en\u00ed probl\u00e9m\u016f nebo p\u0159\u00edpadn\u00fdch zm\u011bn a aktualizac\u00ed.<\/p>\n<!-- \/wp:paragraph -->\t\t\t\t\t\t<\/div>\n\t\t\t\t<\/div>\n\t\t\t\t\t<\/div>\n\t\t<\/div>\n\t\t\t\t\t\t\t<\/div>\n\t\t<\/section>\n\t\t\t\t\t\t\t<\/div>","protected":false},"excerpt":{"rendered":"<p>Dal\u0161\u00ed z na\u0161ich dom\u00e9n je tvorba z\u00e1kaznick\u00fdch aplikac\u00ed a port\u00e1l\u016f, zejm\u00e9na na b\u00e1zi na\u0161\u00ed komunika\u010dn\u00ed platformy. \u0158e\u0161en\u00ed od n\u00e1s zahrnuje zpracov\u00e1n\u00ed zad\u00e1n\u00ed, anal\u00fdzu, n\u00e1vrh \u0159e\u0161en\u00ed a pokra\u010duje p\u0159es samotn\u00e9 programov\u00e1n\u00ed, testov\u00e1n\u00ed a kon\u010d\u00ed implementac\u00ed do re\u00e1ln\u00e9ho provozu. V p\u0159\u00edpad\u011b po\u017eadavku z\u00e1kazn\u00edka zajist\u00edme i obsluhu, dohled [\u2026]<\/p>","protected":false},"author":1,"featured_media":1194,"parent":153,"menu_order":106,"comment_status":"closed","ping_status":"closed","template":"","meta":{"footnotes":""},"_links":{"self":[{"href":"https:\/\/new.comverga.com\/int\/cs\/wp-json\/wp\/v2\/pages\/167"}],"collection":[{"href":"https:\/\/new.comverga.com\/int\/cs\/wp-json\/wp\/v2\/pages"}],"about":[{"href":"https:\/\/new.comverga.com\/int\/cs\/wp-json\/wp\/v2\/types\/page"}],"author":[{"embeddable":true,"href":"https:\/\/new.comverga.com\/int\/cs\/wp-json\/wp\/v2\/users\/1"}],"replies":[{"embeddable":true,"href":"https:\/\/new.comverga.com\/int\/cs\/wp-json\/wp\/v2\/comments?post=167"}],"version-history":[{"count":0,"href":"https:\/\/new.comverga.com\/int\/cs\/wp-json\/wp\/v2\/pages\/167\/revisions"}],"up":[{"embeddable":true,"href":"https:\/\/new.comverga.com\/int\/cs\/wp-json\/wp\/v2\/pages\/153"}],"wp:featuredmedia":[{"embeddable":true,"href":"https:\/\/new.comverga.com\/int\/cs\/wp-json\/wp\/v2\/media\/1194"}],"wp:attachment":[{"href":"https:\/\/new.comverga.com\/int\/cs\/wp-json\/wp\/v2\/media?parent=167"}],"curies":[{"name":"wp","href":"https:\/\/api.w.org\/{rel}","templated":true}]}}