{"id":165,"date":"2020-11-25T12:18:18","date_gmt":"2020-11-25T11:18:18","guid":{"rendered":"https:\/\/www.comverga.com\/?page_id=165"},"modified":"2020-11-25T12:18:18","modified_gmt":"2020-11-25T11:18:18","slug":"sdp-for-m2m-iot","status":"publish","type":"page","link":"https:\/\/new.comverga.com\/int\/cs\/services\/software-as-a-service-platform-as-a-service\/sdp-for-m2m-iot\/","title":{"rendered":"SDP pro M2M \/ IoT"},"content":{"rendered":"<div data-elementor-type=\"wp-page\" data-elementor-id=\"165\" class=\"elementor elementor-165\">\n\t\t\t\t\t\t\t\t\t<section class=\"elementor-section elementor-top-section elementor-element elementor-element-282e3e1b elementor-section-boxed elementor-section-height-default elementor-section-height-default\" data-id=\"282e3e1b\" data-element_type=\"section\">\n\t\t\t\t\t\t<div class=\"elementor-container elementor-column-gap-default\">\n\t\t\t\t\t<div class=\"elementor-column elementor-col-100 elementor-top-column elementor-element elementor-element-19087757\" data-id=\"19087757\" data-element_type=\"column\">\n\t\t\t<div class=\"elementor-widget-wrap elementor-element-populated\">\n\t\t\t\t\t\t\t\t<div class=\"elementor-element elementor-element-6fffadbd elementor-widget elementor-widget-text-editor\" data-id=\"6fffadbd\" data-element_type=\"widget\" data-widget_type=\"text-editor.default\">\n\t\t\t\t<div class=\"elementor-widget-container\">\n\t\t\t<style>\/*! elementor - v3.18.0 - 20-12-2023 *\/\n.elementor-widget-text-editor.elementor-drop-cap-view-stacked .elementor-drop-cap{background-color:#69727d;color:#fff}.elementor-widget-text-editor.elementor-drop-cap-view-framed .elementor-drop-cap{color:#69727d;border:3px solid;background-color:transparent}.elementor-widget-text-editor:not(.elementor-drop-cap-view-default) .elementor-drop-cap{margin-top:8px}.elementor-widget-text-editor:not(.elementor-drop-cap-view-default) .elementor-drop-cap-letter{width:1em;height:1em}.elementor-widget-text-editor .elementor-drop-cap{float:left;text-align:center;line-height:1;font-size:50px}.elementor-widget-text-editor .elementor-drop-cap-letter{display:inline-block}<\/style>\t\t\t\t<!-- wp:paragraph -->\n<p class=\"translation-block\">Chytr\u00e1 za\u0159\u00edzen\u00ed a aplikace vy\u017eaduj\u00ed krom\u011b datov\u00e9 konektivity celou \u0159adu dal\u0161\u00edch podp\u016frn\u00fdch proces\u016f, kter\u00e9 umo\u017en\u00ed jejich efektivn\u00ed distribuci r\u016fzn\u00fdmi distribu\u010dn\u00edmi kan\u00e1ly tak, aby se staly p\u0159\u00edstupn\u00fdmi co nej\u0161ir\u0161\u00edmu spektru koncov\u00fdch u\u017eivatel\u016f. Sou\u010dasn\u011b je pot\u0159eba zajistit jejich instalaci a podporu prost\u0159ednictv\u00edm lok\u00e1ln\u00edch partner\u016f.<\/p>\n<!-- \/wp:paragraph -->\n\n<!-- wp:paragraph -->\n<p class=\"translation-block\">SDP platforma umo\u017e\u0148uje kompletn\u00ed spr\u00e1vu prodejn\u00edho kan\u00e1lu na v\u0161ech \u00farovn\u00edch, tj. velkoobchodn\u00edch poskytovatel\u016f konektivity, distributor\u016f za\u0159\u00edzen\u00ed a bal\u00ed\u010dk\u016f, lok\u00e1ln\u00edch prodejc\u016f \u010di servisn\u00edch partner\u016f a koncov\u00fdch u\u017eivatel\u016f. Zaji\u0161\u0165uje cel\u00fd \u017eivotn\u00ed cyklus produkt\u016f, aktivaci a deaktivaci slu\u017eeb, \u00fa\u010dtov\u00e1n\u00ed slu\u017eeb a platby.<\/p>\n<!-- \/wp:paragraph -->\t\t\t\t\t\t<\/div>\n\t\t\t\t<\/div>\n\t\t\t\t\t<\/div>\n\t\t<\/div>\n\t\t\t\t\t\t\t<\/div>\n\t\t<\/section>\n\t\t\t\t\t\t\t<\/div>","protected":false},"excerpt":{"rendered":"<p>Chytr\u00e1 za\u0159\u00edzen\u00ed a aplikace vy\u017eaduj\u00ed krom\u011b datov\u00e9 konektivity celou \u0159adu dal\u0161\u00edch podp\u016frn\u00fdch proces\u016f, kter\u00e9 umo\u017en\u00ed jejich efektivn\u00ed distribuci r\u016fzn\u00fdmi distribu\u010dn\u00edmi kan\u00e1ly tak, aby se staly p\u0159\u00edstupn\u00fdmi co nej\u0161ir\u0161\u00edmu spektru koncov\u00fdch u\u017eivatel\u016f. Sou\u010dasn\u011b je pot\u0159eba zajistit jejich instalaci a podporu prost\u0159ednictv\u00edm lok\u00e1ln\u00edch partner\u016f.<\/p>","protected":false},"author":1,"featured_media":1245,"parent":159,"menu_order":0,"comment_status":"closed","ping_status":"closed","template":"","meta":{"footnotes":""},"_links":{"self":[{"href":"https:\/\/new.comverga.com\/int\/cs\/wp-json\/wp\/v2\/pages\/165"}],"collection":[{"href":"https:\/\/new.comverga.com\/int\/cs\/wp-json\/wp\/v2\/pages"}],"about":[{"href":"https:\/\/new.comverga.com\/int\/cs\/wp-json\/wp\/v2\/types\/page"}],"author":[{"embeddable":true,"href":"https:\/\/new.comverga.com\/int\/cs\/wp-json\/wp\/v2\/users\/1"}],"replies":[{"embeddable":true,"href":"https:\/\/new.comverga.com\/int\/cs\/wp-json\/wp\/v2\/comments?post=165"}],"version-history":[{"count":0,"href":"https:\/\/new.comverga.com\/int\/cs\/wp-json\/wp\/v2\/pages\/165\/revisions"}],"up":[{"embeddable":true,"href":"https:\/\/new.comverga.com\/int\/cs\/wp-json\/wp\/v2\/pages\/159"}],"wp:featuredmedia":[{"embeddable":true,"href":"https:\/\/new.comverga.com\/int\/cs\/wp-json\/wp\/v2\/media\/1245"}],"wp:attachment":[{"href":"https:\/\/new.comverga.com\/int\/cs\/wp-json\/wp\/v2\/media?parent=165"}],"curies":[{"name":"wp","href":"https:\/\/api.w.org\/{rel}","templated":true}]}}