{"id":161,"date":"2020-11-25T12:16:03","date_gmt":"2020-11-25T11:16:03","guid":{"rendered":"https:\/\/www.comverga.com\/?page_id=161"},"modified":"2020-11-25T12:16:03","modified_gmt":"2020-11-25T11:16:03","slug":"sdp-for-messaging-communication","status":"publish","type":"page","link":"https:\/\/new.comverga.com\/int\/cs\/services\/software-as-a-service-platform-as-a-service\/sdp-for-messaging-communication\/","title":{"rendered":"SDP pro messagingovou komunikaci"},"content":{"rendered":"<div data-elementor-type=\"wp-page\" data-elementor-id=\"161\" class=\"elementor elementor-161\">\n\t\t\t\t\t\t\t\t\t<section class=\"elementor-section elementor-top-section elementor-element elementor-element-6b3bfd6a elementor-section-boxed elementor-section-height-default elementor-section-height-default\" data-id=\"6b3bfd6a\" data-element_type=\"section\">\n\t\t\t\t\t\t<div class=\"elementor-container elementor-column-gap-default\">\n\t\t\t\t\t<div class=\"elementor-column elementor-col-100 elementor-top-column elementor-element elementor-element-3c24fff5\" data-id=\"3c24fff5\" data-element_type=\"column\">\n\t\t\t<div class=\"elementor-widget-wrap elementor-element-populated\">\n\t\t\t\t\t\t\t\t<div class=\"elementor-element elementor-element-2a6f3ab8 elementor-widget elementor-widget-text-editor\" data-id=\"2a6f3ab8\" data-element_type=\"widget\" data-widget_type=\"text-editor.default\">\n\t\t\t\t<div class=\"elementor-widget-container\">\n\t\t\t<style>\/*! elementor - v3.18.0 - 20-12-2023 *\/\n.elementor-widget-text-editor.elementor-drop-cap-view-stacked .elementor-drop-cap{background-color:#69727d;color:#fff}.elementor-widget-text-editor.elementor-drop-cap-view-framed .elementor-drop-cap{color:#69727d;border:3px solid;background-color:transparent}.elementor-widget-text-editor:not(.elementor-drop-cap-view-default) .elementor-drop-cap{margin-top:8px}.elementor-widget-text-editor:not(.elementor-drop-cap-view-default) .elementor-drop-cap-letter{width:1em;height:1em}.elementor-widget-text-editor .elementor-drop-cap{float:left;text-align:center;line-height:1;font-size:50px}.elementor-widget-text-editor .elementor-drop-cap-letter{display:inline-block}<\/style>\t\t\t\t<!-- wp:paragraph -->\n<p class=\"translation-block\">Umo\u017e\u0148uje vyu\u017e\u00edvat r\u016fzn\u00e9 kan\u00e1ly pro doru\u010dov\u00e1n\u00ed zpr\u00e1v \u2013 SMS, email, hlasov\u00e9 zpr\u00e1vy a komunika\u010dn\u00ed aplikace v\u010detn\u011b priv\u00e1tn\u00edch. Poskytuje moduly a funkce pro \u00fadr\u017ebu b\u00e1z\u00ed kontakt\u016f, skupin, kampan\u00ed a rozes\u00edlek. Nab\u00edz\u00ed \u0161irok\u00e9 mo\u017enosti pro tvorbu report\u016f, statistik a dashboard\u016f.<\/p>\n<!-- \/wp:paragraph -->\n\n<!-- wp:paragraph -->\n<p class=\"translation-block\">Tato platforma nach\u00e1z\u00ed \u0161irok\u00e9 pou\u017eit\u00ed ve firemn\u00ed komunikaci s klienty, partnery a zam\u011bstnanci, v marketingov\u00fdch agentur\u00e1ch, klientsk\u00fdch centrech a ve st\u00e1tn\u00ed spr\u00e1v\u011b a samospr\u00e1v\u011b p\u0159i komunikaci s ob\u010dany.<\/p>\n<!-- \/wp:paragraph -->\t\t\t\t\t\t<\/div>\n\t\t\t\t<\/div>\n\t\t\t\t\t<\/div>\n\t\t<\/div>\n\t\t\t\t\t\t\t<\/div>\n\t\t<\/section>\n\t\t\t\t\t\t\t<\/div>","protected":false},"excerpt":{"rendered":"<p>It allows you to use various channels for message delivery &#8211; SMS, email, voice messages and communication applications, including private ones. Provides modules and functions for maintaining databases of contacts, groups, campaigns and mailings. It offers a wide range of options for creating reports, statistics and dashboards. This platform is widely used in corporate communication [&hellip;]<\/p>","protected":false},"author":1,"featured_media":1244,"parent":159,"menu_order":0,"comment_status":"closed","ping_status":"closed","template":"","meta":{"footnotes":""},"_links":{"self":[{"href":"https:\/\/new.comverga.com\/int\/cs\/wp-json\/wp\/v2\/pages\/161"}],"collection":[{"href":"https:\/\/new.comverga.com\/int\/cs\/wp-json\/wp\/v2\/pages"}],"about":[{"href":"https:\/\/new.comverga.com\/int\/cs\/wp-json\/wp\/v2\/types\/page"}],"author":[{"embeddable":true,"href":"https:\/\/new.comverga.com\/int\/cs\/wp-json\/wp\/v2\/users\/1"}],"replies":[{"embeddable":true,"href":"https:\/\/new.comverga.com\/int\/cs\/wp-json\/wp\/v2\/comments?post=161"}],"version-history":[{"count":0,"href":"https:\/\/new.comverga.com\/int\/cs\/wp-json\/wp\/v2\/pages\/161\/revisions"}],"up":[{"embeddable":true,"href":"https:\/\/new.comverga.com\/int\/cs\/wp-json\/wp\/v2\/pages\/159"}],"wp:featuredmedia":[{"embeddable":true,"href":"https:\/\/new.comverga.com\/int\/cs\/wp-json\/wp\/v2\/media\/1244"}],"wp:attachment":[{"href":"https:\/\/new.comverga.com\/int\/cs\/wp-json\/wp\/v2\/media?parent=161"}],"curies":[{"name":"wp","href":"https:\/\/api.w.org\/{rel}","templated":true}]}}