{"id":159,"date":"2020-11-25T12:14:32","date_gmt":"2020-11-25T11:14:32","guid":{"rendered":"https:\/\/www.comverga.com\/?page_id=159"},"modified":"2020-11-25T12:14:32","modified_gmt":"2020-11-25T11:14:32","slug":"software-as-a-service-platform-as-a-service","status":"publish","type":"page","link":"https:\/\/new.comverga.com\/int\/cs\/services\/software-as-a-service-platform-as-a-service\/","title":{"rendered":"Software jako slu\u017eba \/ Platforma jako slu\u017eba"},"content":{"rendered":"<div data-elementor-type=\"wp-page\" data-elementor-id=\"159\" class=\"elementor elementor-159\">\n\t\t\t\t\t\t\t\t\t<section class=\"elementor-section elementor-top-section elementor-element elementor-element-227ecf60 elementor-section-boxed elementor-section-height-default elementor-section-height-default\" data-id=\"227ecf60\" data-element_type=\"section\">\n\t\t\t\t\t\t<div class=\"elementor-container elementor-column-gap-default\">\n\t\t\t\t\t<div class=\"elementor-column elementor-col-100 elementor-top-column elementor-element elementor-element-b09a60e\" data-id=\"b09a60e\" data-element_type=\"column\">\n\t\t\t<div class=\"elementor-widget-wrap elementor-element-populated\">\n\t\t\t\t\t\t\t\t<div class=\"elementor-element elementor-element-4e40e9d5 elementor-widget elementor-widget-text-editor\" data-id=\"4e40e9d5\" data-element_type=\"widget\" data-widget_type=\"text-editor.default\">\n\t\t\t\t<div class=\"elementor-widget-container\">\n\t\t\t<style>\/*! elementor - v3.18.0 - 20-12-2023 *\/\n.elementor-widget-text-editor.elementor-drop-cap-view-stacked .elementor-drop-cap{background-color:#69727d;color:#fff}.elementor-widget-text-editor.elementor-drop-cap-view-framed .elementor-drop-cap{color:#69727d;border:3px solid;background-color:transparent}.elementor-widget-text-editor:not(.elementor-drop-cap-view-default) .elementor-drop-cap{margin-top:8px}.elementor-widget-text-editor:not(.elementor-drop-cap-view-default) .elementor-drop-cap-letter{width:1em;height:1em}.elementor-widget-text-editor .elementor-drop-cap{float:left;text-align:center;line-height:1;font-size:50px}.elementor-widget-text-editor .elementor-drop-cap-letter{display:inline-block}<\/style>\t\t\t\t<p><!-- wp:paragraph --><\/p>\n<p class=\"translation-block\">Vyv\u00edj\u00edme a provozujeme vlastn\u00ed komunika\u010dn\u00ed platformy a aplikace. Sledujeme nejnov\u011bj\u0161\u00ed technologick\u00e9 trendy a upravujeme na\u0161e \u0159e\u0161en\u00ed p\u0159\u00edmo na m\u00edru jednotliv\u00fdm partner\u016fm a projekt\u016fm. Na\u0161\u00edm c\u00edlem je poskytnout tato \u0159e\u0161en\u00ed v optim\u00e1ln\u00edch n\u00e1kladech a v co nejkrat\u0161\u00edm \u010dase. Pou\u017e\u00edv\u00e1me nejmodern\u011bj\u0161\u00ed postupy agiln\u00edho v\u00fdvoje.<\/p><p>The COMVERGA Service Delivery Platform (SDP) provides a full range of modules and features for creating, deploying, activating, billing, and managing telecommunications and non-telecommunications services. Emphasis is placed on the easy implementation of converged services, where the customer uses different types of telecommunications services in conjunction with various devices and other services &#8211; business, financial, insurance, etc.<\/p>\n<p><!-- \/wp:paragraph --><\/p>\t\t\t\t\t\t<\/div>\n\t\t\t\t<\/div>\n\t\t\t\t\t<\/div>\n\t\t<\/div>\n\t\t\t\t\t\t\t<\/div>\n\t\t<\/section>\n\t\t\t\t\t\t\t<\/div>","protected":false},"excerpt":{"rendered":"<p>Vyv\u00edj\u00edme a provozujeme vlastn\u00ed komunika\u010dn\u00ed platformy a aplikace. Sledujeme nejnov\u011bj\u0161\u00ed technologick\u00e9 trendy a na\u0161e \u0159e\u0161en\u00ed p\u0159izp\u016fsobujeme jednotliv\u00fdm partner\u016fm a projekt\u016fm. Na\u0161\u00edm c\u00edlem je poskytovat tato \u0159e\u0161en\u00ed za optim\u00e1ln\u00ed n\u00e1klady a v co nejkrat\u0161\u00edm \u010dase. Pou\u017e\u00edv\u00e1me nejmodern\u011bj\u0161\u00ed agiln\u00ed v\u00fdvojov\u00e9 postupy. Platforma COMVERGA Service Delivery Platform (SDP) [\u2026]<\/p>","protected":false},"author":1,"featured_media":1190,"parent":153,"menu_order":101,"comment_status":"closed","ping_status":"closed","template":"","meta":{"footnotes":""},"_links":{"self":[{"href":"https:\/\/new.comverga.com\/int\/cs\/wp-json\/wp\/v2\/pages\/159"}],"collection":[{"href":"https:\/\/new.comverga.com\/int\/cs\/wp-json\/wp\/v2\/pages"}],"about":[{"href":"https:\/\/new.comverga.com\/int\/cs\/wp-json\/wp\/v2\/types\/page"}],"author":[{"embeddable":true,"href":"https:\/\/new.comverga.com\/int\/cs\/wp-json\/wp\/v2\/users\/1"}],"replies":[{"embeddable":true,"href":"https:\/\/new.comverga.com\/int\/cs\/wp-json\/wp\/v2\/comments?post=159"}],"version-history":[{"count":0,"href":"https:\/\/new.comverga.com\/int\/cs\/wp-json\/wp\/v2\/pages\/159\/revisions"}],"up":[{"embeddable":true,"href":"https:\/\/new.comverga.com\/int\/cs\/wp-json\/wp\/v2\/pages\/153"}],"wp:featuredmedia":[{"embeddable":true,"href":"https:\/\/new.comverga.com\/int\/cs\/wp-json\/wp\/v2\/media\/1190"}],"wp:attachment":[{"href":"https:\/\/new.comverga.com\/int\/cs\/wp-json\/wp\/v2\/media?parent=159"}],"curies":[{"name":"wp","href":"https:\/\/api.w.org\/{rel}","templated":true}]}}