{"id":157,"date":"2020-11-25T12:12:55","date_gmt":"2020-11-25T11:12:55","guid":{"rendered":"https:\/\/www.comverga.com\/?page_id=157"},"modified":"2020-11-25T12:12:55","modified_gmt":"2020-11-25T11:12:55","slug":"operation-of-telecommunications-infrastructure","status":"publish","type":"page","link":"https:\/\/new.comverga.com\/int\/cs\/services\/operation-of-telecommunications-infrastructure\/","title":{"rendered":"Provoz telekomunika\u010dn\u00ed infrastruktury"},"content":{"rendered":"<div data-elementor-type=\"wp-page\" data-elementor-id=\"157\" class=\"elementor elementor-157\">\n\t\t\t\t\t\t\t\t\t<section class=\"elementor-section elementor-top-section elementor-element elementor-element-6eb41a3c elementor-section-boxed elementor-section-height-default elementor-section-height-default\" data-id=\"6eb41a3c\" data-element_type=\"section\">\n\t\t\t\t\t\t<div class=\"elementor-container elementor-column-gap-default\">\n\t\t\t\t\t<div class=\"elementor-column elementor-col-100 elementor-top-column elementor-element elementor-element-24891f56\" data-id=\"24891f56\" data-element_type=\"column\">\n\t\t\t<div class=\"elementor-widget-wrap elementor-element-populated\">\n\t\t\t\t\t\t\t\t<div class=\"elementor-element elementor-element-4f661b55 elementor-widget elementor-widget-text-editor\" data-id=\"4f661b55\" data-element_type=\"widget\" data-widget_type=\"text-editor.default\">\n\t\t\t\t<div class=\"elementor-widget-container\">\n\t\t\t<style>\/*! elementor - v3.18.0 - 20-12-2023 *\/\n.elementor-widget-text-editor.elementor-drop-cap-view-stacked .elementor-drop-cap{background-color:#69727d;color:#fff}.elementor-widget-text-editor.elementor-drop-cap-view-framed .elementor-drop-cap{color:#69727d;border:3px solid;background-color:transparent}.elementor-widget-text-editor:not(.elementor-drop-cap-view-default) .elementor-drop-cap{margin-top:8px}.elementor-widget-text-editor:not(.elementor-drop-cap-view-default) .elementor-drop-cap-letter{width:1em;height:1em}.elementor-widget-text-editor .elementor-drop-cap{float:left;text-align:center;line-height:1;font-size:50px}.elementor-widget-text-editor .elementor-drop-cap-letter{display:inline-block}<\/style>\t\t\t\t<!-- wp:paragraph -->\n<p>Vyv\u00edj\u00edme a provozujeme vlastn\u00ed telekomunika\u010dn\u00ed infrastrukturu. To n\u00e1m umo\u017enuje poskytovat kvalitn\u00ed slu\u017eby nez\u00e1visl\u00e9 na technologii, dodavatel\u00edch a s\u00edt\u00edch.<br>Na na\u0161\u00ed infrastruktu\u0159e propojujeme oper\u00e1tory a poskytovatele slu\u017eeb tak, abychom byli schopni nab\u00eddnout plnou \u0161k\u00e1lu konvergovan\u00fdch su\u017eeb na\u0161im partner\u016fm a z\u00e1kazn\u00edk\u016fm.<\/p>\n<!-- \/wp:paragraph -->\t\t\t\t\t\t<\/div>\n\t\t\t\t<\/div>\n\t\t\t\t\t<\/div>\n\t\t<\/div>\n\t\t\t\t\t\t\t<\/div>\n\t\t<\/section>\n\t\t\t\t\t\t\t<\/div>","protected":false},"excerpt":{"rendered":"<p>Vyv\u00edj\u00edme a provozujeme vlastn\u00ed telekomunika\u010dn\u00ed infrastrukturu. To n\u00e1m umo\u017e\u0148uje poskytovat kvalitn\u00ed slu\u017eby nez\u00e1visl\u00e9 na technologi\u00edch, dodavatel\u00edch a s\u00edt\u00edch. Propojujeme oper\u00e1tory a poskytovatele slu\u017eeb na na\u0161\u00ed infrastruktu\u0159e, abychom na\u0161im partner\u016fm a z\u00e1kazn\u00edk\u016fm mohli nab\u00eddnout celou \u0159adu konvergovan\u00fdch slu\u017eeb.<\/p>","protected":false},"author":1,"featured_media":143,"parent":153,"menu_order":102,"comment_status":"closed","ping_status":"closed","template":"","meta":{"footnotes":""},"_links":{"self":[{"href":"https:\/\/new.comverga.com\/int\/cs\/wp-json\/wp\/v2\/pages\/157"}],"collection":[{"href":"https:\/\/new.comverga.com\/int\/cs\/wp-json\/wp\/v2\/pages"}],"about":[{"href":"https:\/\/new.comverga.com\/int\/cs\/wp-json\/wp\/v2\/types\/page"}],"author":[{"embeddable":true,"href":"https:\/\/new.comverga.com\/int\/cs\/wp-json\/wp\/v2\/users\/1"}],"replies":[{"embeddable":true,"href":"https:\/\/new.comverga.com\/int\/cs\/wp-json\/wp\/v2\/comments?post=157"}],"version-history":[{"count":0,"href":"https:\/\/new.comverga.com\/int\/cs\/wp-json\/wp\/v2\/pages\/157\/revisions"}],"up":[{"embeddable":true,"href":"https:\/\/new.comverga.com\/int\/cs\/wp-json\/wp\/v2\/pages\/153"}],"wp:featuredmedia":[{"embeddable":true,"href":"https:\/\/new.comverga.com\/int\/cs\/wp-json\/wp\/v2\/media\/143"}],"wp:attachment":[{"href":"https:\/\/new.comverga.com\/int\/cs\/wp-json\/wp\/v2\/media?parent=157"}],"curies":[{"name":"wp","href":"https:\/\/api.w.org\/{rel}","templated":true}]}}